{"id":3862,"date":"2022-09-23T10:10:36","date_gmt":"2022-09-23T08:10:36","guid":{"rendered":"https:\/\/blogsaverroes.juntadeandalucia.es\/ceperdionisiomontero\/?page_id=3862"},"modified":"2022-10-08T20:08:13","modified_gmt":"2022-10-08T18:08:13","slug":"planes-2","status":"publish","type":"page","link":"https:\/\/blogsaverroes.juntadeandalucia.es\/ceperdionisiomontero\/planes-educativos\/planes-2\/","title":{"rendered":"Planes"},"content":{"rendered":"<p>&nbsp;<\/p>\n<table style=\"width: 100%;border-collapse: collapse;border-style: hidden\">\n<tbody>\n<tr>\n<td style=\"width: 25.8904%;border-style: hidden\">&nbsp;<\/td>\n<td style=\"width: 74.1096%;border-style: hidden\"><a href=\"https:\/\/blogsaverroes.juntadeandalucia.es\/ceperdionisiomontero\/planes-educativos\/planes-2\/formacion-basica\/\">Formaci\u00f3n b\u00e1sica<\/a><\/p>\n<p><a href=\"https:\/\/blogsaverroes.juntadeandalucia.es\/ceperdionisiomontero\/planes-educativos\/planes-2\/planes\/\">Ense\u00f1anza Secundaria para Adultos<\/a><\/p>\n<p><a href=\"https:\/\/blogsaverroes.juntadeandalucia.es\/ceperdionisiomontero\/planes-educativos\/planes-2\/pruebas-de-acceso-a-la-universidad-mayores-de-25-y-45-anos\/\">Pruebas de Acceso a la Universidad para mayores de 25 y 45 a\u00f1os<\/a><\/p>\n<p><a href=\"https:\/\/blogsaverroes.juntadeandalucia.es\/ceperdionisiomontero\/planes-educativos\/planes-2\/habitos-de-vida-saludables-y-prevencion-de-riesgos-laborales\/\">H\u00e1bitos de vida saludable<\/a><\/p>\n<p><a href=\"https:\/\/blogsaverroes.juntadeandalucia.es\/ceperdionisiomontero\/planes-educativos\/planes-2\/informatica\/\">Inform\u00e1tica<\/a><\/p>\n<p><a href=\"https:\/\/blogsaverroes.juntadeandalucia.es\/ceperdionisiomontero\/planes-educativos\/planes-2\/interculturalidad\/\">Interculturalidad<\/a><\/p>\n<p><a href=\"https:\/\/blogsaverroes.juntadeandalucia.es\/ceperdionisiomontero\/planes-educativos\/planes-2\/conocimiento-y-conservacion-del-patrimonio-natural-y-cultural-de-andalucia\/\">Patrimonio<\/a><\/p>\n<p><a href=\"https:\/\/blogsaverroes.juntadeandalucia.es\/ceperdionisiomontero\/planes-educativos\/planes-2\/uso-basico-del-idioma-extranjero\/\">Uso B\u00e1sico del Idioma Extranjero<\/a><\/td>\n<\/tr>\n<tr>\n<td style=\"width: 25.8904%;border-style: hidden\">&nbsp;<\/td>\n<td style=\"width: 74.1096%;border-style: hidden\">&nbsp;<\/td>\n<\/tr>\n<\/tbody>\n<\/table>\n","protected":false},"excerpt":{"rendered":"<p>&nbsp; &nbsp; Formaci\u00f3n b\u00e1sica Ense\u00f1anza Secundaria para Adultos Pruebas de Acceso a la Universidad para mayores de 25 y 45 a\u00f1os H\u00e1bitos de vida saludable Inform\u00e1tica Interculturalidad Patrimonio Uso B\u00e1sico del Idioma Extranjero &nbsp; &nbsp;<\/p>\n","protected":false},"author":11252,"featured_media":0,"parent":2799,"menu_order":0,"comment_status":"closed","ping_status":"closed","template":"","meta":{"ngg_post_thumbnail":0,"footnotes":"","_mc_calendar":[]},"aioseo_notices":[],"_links":{"self":[{"href":"https:\/\/blogsaverroes.juntadeandalucia.es\/ceperdionisiomontero\/wp-json\/wp\/v2\/pages\/3862"}],"collection":[{"href":"https:\/\/blogsaverroes.juntadeandalucia.es\/ceperdionisiomontero\/wp-json\/wp\/v2\/pages"}],"about":[{"href":"https:\/\/blogsaverroes.juntadeandalucia.es\/ceperdionisiomontero\/wp-json\/wp\/v2\/types\/page"}],"author":[{"embeddable":true,"href":"https:\/\/blogsaverroes.juntadeandalucia.es\/ceperdionisiomontero\/wp-json\/wp\/v2\/users\/11252"}],"replies":[{"embeddable":true,"href":"https:\/\/blogsaverroes.juntadeandalucia.es\/ceperdionisiomontero\/wp-json\/wp\/v2\/comments?post=3862"}],"version-history":[{"count":16,"href":"https:\/\/blogsaverroes.juntadeandalucia.es\/ceperdionisiomontero\/wp-json\/wp\/v2\/pages\/3862\/revisions"}],"predecessor-version":[{"id":3932,"href":"https:\/\/blogsaverroes.juntadeandalucia.es\/ceperdionisiomontero\/wp-json\/wp\/v2\/pages\/3862\/revisions\/3932"}],"up":[{"embeddable":true,"href":"https:\/\/blogsaverroes.juntadeandalucia.es\/ceperdionisiomontero\/wp-json\/wp\/v2\/pages\/2799"}],"wp:attachment":[{"href":"https:\/\/blogsaverroes.juntadeandalucia.es\/ceperdionisiomontero\/wp-json\/wp\/v2\/media?parent=3862"}],"curies":[{"name":"wp","href":"https:\/\/api.w.org\/{rel}","templated":true}]}}