{"id":49,"date":"2015-03-13T08:47:05","date_gmt":"2015-03-13T08:47:05","guid":{"rendered":"http:\/\/blogsaverroes.juntadeandalucia.es\/pre\/ceip\/?page_id=49"},"modified":"2023-01-30T12:51:41","modified_gmt":"2023-01-30T10:51:41","slug":"proyecto-educativo","status":"publish","type":"page","link":"https:\/\/blogsaverroes.juntadeandalucia.es\/ceperdionisiomontero\/centro\/documentos\/proyecto-educativo\/","title":{"rendered":"Documentos del Centro"},"content":{"rendered":"<p>&nbsp;<\/p>\n<table style=\"width: 100%;border-collapse: collapse;border-style: hidden\">\n<tbody>\n<tr>\n<td style=\"width: 50%;text-align: left;vertical-align: top;border-style: hidden\">\n<ul>\n<li><a href=\"https:\/\/blogsaverroes.juntadeandalucia.es\/ceperdionisiomontero\/files\/2022\/09\/PLAN-DE-CENTRO-2022.pdf\" target=\"_blank\" rel=\"noopener noreferrer\">PLAN DE CENTRO<\/a><\/li>\n<li><a href=\"https:\/\/blogsaverroes.juntadeandalucia.es\/ceperdionisiomontero\/files\/2022\/09\/Plan-de-gesti\u00f3n.pdf\" target=\"_blank\" rel=\"noopener noreferrer\">PLAN DE GESTI\u00d3N<\/a><\/li>\n<li><a href=\"https:\/\/blogsaverroes.juntadeandalucia.es\/ceperdionisiomontero\/files\/2023\/01\/PLAN-DE-AUTOPROTECCI\u00d3N-2022-23.pdf\" target=\"_blank\" rel=\"noopener noreferrer\">PLAN DE AUTOPROTECCI\u00d3N<\/a><\/li>\n<li><a href=\"https:\/\/blogsaverroes.juntadeandalucia.es\/ceperdionisiomontero\/files\/2023\/01\/PROYECTO-DE-EDUCACION-PERMANENTE-COLE.pdf\" target=\"_blank\" rel=\"noopener noreferrer\">PROYECTO DE EDUCACI\u00d3N PERMANENTE<\/a><\/li>\n<li><a href=\"https:\/\/blogsaverroes.juntadeandalucia.es\/ceperdionisiomontero\/files\/2023\/01\/ROF-2022-23.pdf\" target=\"_blank\" rel=\"noopener noreferrer\">ROF 22-23<\/a><\/li>\n<li><a href=\"https:\/\/blogsaverroes.juntadeandalucia.es\/ceperdionisiomontero\/files\/2022\/09\/PROTOCOLO-COLE-21-22.pdf\" target=\"_blank\" rel=\"noopener noreferrer\">PROTOCOLO 21-22<\/a><\/li>\n<li><a href=\"https:\/\/blogsaverroes.juntadeandalucia.es\/ceperdionisiomontero\/files\/2022\/09\/MEMORIA-cento-2021-22.pdf\" target=\"_blank\" rel=\"noopener noreferrer\">MEMORIA 2021-2022<\/a><\/li>\n<li><a href=\"https:\/\/blogsaverroes.juntadeandalucia.es\/ceperdionisiomontero\/files\/2023\/01\/PLAN-DE-CONVIVENCIA.pdf\" target=\"_blank\" rel=\"noopener noreferrer\">PLAN DE CONVIVENCIA 22-23<\/a><\/li>\n<li><a href=\"https:\/\/blogsaverroes.juntadeandalucia.es\/ceperdionisiomontero\/files\/2023\/01\/PLAN-DE-TDE-22-23.pdf\" target=\"_blank\" rel=\"noopener noreferrer\">PLAN DE TDE 22-23<\/a><\/li>\n<li><a href=\"https:\/\/blogsaverroes.juntadeandalucia.es\/ceperdionisiomontero\/files\/2023\/01\/PROYECTO-EDUCATIVO-DE-CENTRO-2022-2023.pdf\" target=\"_blank\" rel=\"noopener noreferrer\">PROYECTO EDUCATIVO DE CENTRO 22-23<\/a><\/li>\n<li><a href=\"https:\/\/blogsaverroes.juntadeandalucia.es\/ceperdionisiomontero\/files\/2023\/01\/PLAN-DE-ATENCI\u00d3N-A-LA-DIVERSIDAD-2022-23.pdf\" target=\"_blank\" rel=\"noopener noreferrer\">PLAN DE ATENCI\u00d3N A LA DIVERSIDAD<\/a><\/li>\n<li><a href=\"https:\/\/blogsaverroes.juntadeandalucia.es\/ceperdionisiomontero\/files\/2023\/01\/PLAN-DE-FORMACI\u00d3N-DEL-PROFESORADO.pdf\" target=\"_blank\" rel=\"noopener noreferrer\">PLAN DE FORMACI\u00d3N DEL PROFESORADO<\/a>&nbsp;<\/li>\n<\/ul>\n<\/td>\n<td style=\"width: 50%;text-align: left;vertical-align: top;border-style: hidden\">&nbsp;<\/td>\n<\/tr>\n<\/tbody>\n<\/table>\n","protected":false},"excerpt":{"rendered":"<p>&nbsp; PLAN DE CENTRO PLAN DE GESTI\u00d3N PLAN DE AUTOPROTECCI\u00d3N PROYECTO DE EDUCACI\u00d3N PERMANENTE ROF 22-23 PROTOCOLO 21-22 MEMORIA 2021-2022 PLAN DE CONVIVENCIA 22-23 PLAN DE TDE 22-23 PROYECTO EDUCATIVO DE CENTRO 22-23 PLAN DE ATENCI\u00d3N A LA DIVERSIDAD PLAN DE FORMACI\u00d3N DEL PROFESORADO&nbsp; &nbsp;<\/p>\n","protected":false},"author":1,"featured_media":2335,"parent":3297,"menu_order":0,"comment_status":"closed","ping_status":"open","template":"page-scs.php","meta":{"ngg_post_thumbnail":0,"footnotes":"","_mc_calendar":[]},"aioseo_notices":[],"_links":{"self":[{"href":"https:\/\/blogsaverroes.juntadeandalucia.es\/ceperdionisiomontero\/wp-json\/wp\/v2\/pages\/49"}],"collection":[{"href":"https:\/\/blogsaverroes.juntadeandalucia.es\/ceperdionisiomontero\/wp-json\/wp\/v2\/pages"}],"about":[{"href":"https:\/\/blogsaverroes.juntadeandalucia.es\/ceperdionisiomontero\/wp-json\/wp\/v2\/types\/page"}],"author":[{"embeddable":true,"href":"https:\/\/blogsaverroes.juntadeandalucia.es\/ceperdionisiomontero\/wp-json\/wp\/v2\/users\/1"}],"replies":[{"embeddable":true,"href":"https:\/\/blogsaverroes.juntadeandalucia.es\/ceperdionisiomontero\/wp-json\/wp\/v2\/comments?post=49"}],"version-history":[{"count":18,"href":"https:\/\/blogsaverroes.juntadeandalucia.es\/ceperdionisiomontero\/wp-json\/wp\/v2\/pages\/49\/revisions"}],"predecessor-version":[{"id":4409,"href":"https:\/\/blogsaverroes.juntadeandalucia.es\/ceperdionisiomontero\/wp-json\/wp\/v2\/pages\/49\/revisions\/4409"}],"up":[{"embeddable":true,"href":"https:\/\/blogsaverroes.juntadeandalucia.es\/ceperdionisiomontero\/wp-json\/wp\/v2\/pages\/3297"}],"wp:featuredmedia":[{"embeddable":true,"href":"https:\/\/blogsaverroes.juntadeandalucia.es\/ceperdionisiomontero\/wp-json\/wp\/v2\/media\/2335"}],"wp:attachment":[{"href":"https:\/\/blogsaverroes.juntadeandalucia.es\/ceperdionisiomontero\/wp-json\/wp\/v2\/media?parent=49"}],"curies":[{"name":"wp","href":"https:\/\/api.w.org\/{rel}","templated":true}]}}