{"id":701,"date":"2023-05-26T08:37:23","date_gmt":"2023-05-26T07:37:23","guid":{"rendered":"https:\/\/blogsaverroes.juntadeandalucia.es\/ceperdoloresbernalmartinez\/?page_id=701"},"modified":"2023-06-08T17:06:18","modified_gmt":"2023-06-08T16:06:18","slug":"formacion-basica","status":"publish","type":"page","link":"https:\/\/blogsaverroes.juntadeandalucia.es\/ceperdoloresbernalmartinez\/formacion-basica\/","title":{"rendered":"Formaci\u00f3n b\u00e1sica"},"content":{"rendered":"<p>[et_pb_section fb_built=&#8221;1&#8243; admin_label=&#8221;section&#8221; _builder_version=&#8221;3.22&#8243; global_colors_info=&#8221;{}&#8221;][et_pb_row admin_label=&#8221;row&#8221; _builder_version=&#8221;3.25&#8243; background_size=&#8221;initial&#8221; background_position=&#8221;top_left&#8221; background_repeat=&#8221;repeat&#8221; global_colors_info=&#8221;{}&#8221;][et_pb_column type=&#8221;4_4&#8243; _builder_version=&#8221;3.25&#8243; custom_padding=&#8221;|||&#8221; global_colors_info=&#8221;{}&#8221; custom_padding__hover=&#8221;|||&#8221;][et_pb_image src=&#8221;https:\/\/blogsaverroes.juntadeandalucia.es\/ceperdoloresbernalmartinez\/files\/2023\/05\/formacion-basica-1.png&#8221; title_text=&#8221;formacion basica&#8221; _builder_version=&#8221;4.14.5&#8243; _module_preset=&#8221;default&#8221; global_colors_info=&#8221;{}&#8221;][\/et_pb_image][\/et_pb_column][\/et_pb_row][et_pb_row _builder_version=&#8221;4.14.5&#8243; _module_preset=&#8221;default&#8221; global_colors_info=&#8221;{}&#8221;][et_pb_column type=&#8221;4_4&#8243; _builder_version=&#8221;4.14.5&#8243; _module_preset=&#8221;default&#8221; global_colors_info=&#8221;{}&#8221;][et_pb_divider _builder_version=&#8221;4.14.5&#8243; _module_preset=&#8221;default&#8221; global_colors_info=&#8221;{}&#8221;][\/et_pb_divider][\/et_pb_column][\/et_pb_row][et_pb_row _builder_version=&#8221;4.14.5&#8243; _module_preset=&#8221;default&#8221; global_colors_info=&#8221;{}&#8221;][et_pb_column type=&#8221;4_4&#8243; _builder_version=&#8221;4.14.5&#8243; _module_preset=&#8221;default&#8221; global_colors_info=&#8221;{}&#8221;][et_pb_text _builder_version=&#8221;4.14.5&#8243; _module_preset=&#8221;default&#8221; text_font_size=&#8221;20px&#8221; global_colors_info=&#8221;{}&#8221;]<\/p>\n<p style=\"text-align: justify\">Est\u00e1 dirigido a las personas personas que quieren acceder a la Educaci\u00f3n Secundaria Obligatoria y no tienen el nivel de estudios necesario. Est\u00e1 organizado en dos niveles de un curso de duraci\u00f3n cada uno. Las \u00e1reas de conocimientos que se trabajan en cada nivel son:<\/p>\n<ul>\n<li style=\"text-align: justify\"><span style=\"text-decoration: underline\"><strong>\u00c1mbito comunicativo<\/strong><\/span>: aqu\u00ed se trabajan aspectos relacionados con la lengua castellana y un segundo idioma a elegir (ingl\u00e9s o franc\u00e9s).<\/li>\n<li style=\"text-align: justify\"><strong><span style=\"text-decoration: underline\">\u00c1mbito cient\u00edfico-tecnol\u00f3gico<\/span><\/strong>: contenidos relacionados con las matem\u00e1ticas, la f\u00edsica, la qu\u00edmica, la tecnolog\u00eda&#8230;<\/li>\n<li style=\"text-align: justify\"><strong><span style=\"text-decoration: underline\">\u00c1mbito Social<\/span><\/strong>: conoce c\u00f3mo se organiza el mundo social y pol\u00edticamente, adem\u00e1s de conocer su Historia.<\/li>\n<\/ul>\n<p>&nbsp;<\/p>\n<h1><span style=\"text-decoration: underline\"><strong>Nivel I<\/strong><\/span><\/h1>\n<p style=\"text-align: justify\">En este nivel se inscriben los alumnos y alumnas que no tienen las herramientas b\u00e1sicas de lecto-escritura y c\u00e1lculo necesarias para adquirir un aprendizaje aut\u00f3nomo. Puedes permanecer en este nivel durante un curso acad\u00e9mico.<\/p>\n<p>&nbsp;<\/p>\n<h1><span style=\"text-decoration: underline\"><strong>Nivel II<\/strong><\/span><\/h1>\n<p style=\"text-align: justify\">En el segundo nivel se inscriben las personas adultas que quieren mejorar sus conocimientos y adquirir los contenidos m\u00ednimos para acceder a la Educaci\u00f3n Secundaria y conseguir una titulaci\u00f3n. En este nivel los alumnos y alumnas tambi\u00e9n pueden permanecer durante un curso acad\u00e9mico.<\/p>\n<p style=\"text-align: justify\">\n<p style=\"text-align: justify\">\n<p style=\"text-align: justify\">Cuando una persona se matricula en nuestro Centro porque quiere conseguir el T\u00edtulo de Graduado Escolar en Educaci\u00f3n Secundaria, puede realizar una peque\u00f1a prueba de valoraci\u00f3n inicial que determinar\u00e1 en que Plan educativo es en el que deber\u00eda inscribirse.<\/p>\n<p>[\/et_pb_text][\/et_pb_column][\/et_pb_row][\/et_pb_section][et_pb_section fb_built=&#8221;1&#8243; _builder_version=&#8221;4.14.5&#8243; _module_preset=&#8221;default&#8221; min_height=&#8221;491px&#8221; custom_padding=&#8221;0px|||||&#8221; hover_enabled=&#8221;0&#8243; global_colors_info=&#8221;{}&#8221; background_color=&#8221;#EDF000&#8243; sticky_enabled=&#8221;0&#8243;][et_pb_row _builder_version=&#8221;4.14.5&#8243; _module_preset=&#8221;default&#8221; min_height=&#8221;422px&#8221; global_colors_info=&#8221;{}&#8221;][et_pb_column type=&#8221;4_4&#8243; _builder_version=&#8221;4.14.5&#8243; _module_preset=&#8221;default&#8221; global_colors_info=&#8221;{}&#8221;][et_pb_blurb title=&#8221;\u00bfQuieres conocer los contenidos que se trabajan?&#8221; url=&#8221;https:\/\/www.juntadeandalucia.es\/educacion\/permanente\/materiales\/index.php?formacionbasica&#8221; url_new_window=&#8221;on&#8221; use_icon=&#8221;on&#8221; font_icon=&#8221;&#xf518;||fa||900&#8243; _builder_version=&#8221;4.14.5&#8243; _module_preset=&#8221;default&#8221; header_text_align=&#8221;center&#8221; header_font_size=&#8221;30px&#8221; body_text_align=&#8221;center&#8221; animation=&#8221;off&#8221; link_option_url_new_window=&#8221;on&#8221; header_text_shadow_style=&#8221;preset1&#8243; global_colors_info=&#8221;{}&#8221;]<\/p>\n<p>Aqu\u00ed podr\u00e1s acceder a los contenidos b\u00e1sicos de este Plan establecidos por la Junta de Andaluc\u00eda.<\/p>\n<p>[\/et_pb_blurb][\/et_pb_column][\/et_pb_row][\/et_pb_section]<\/p>\n","protected":false},"excerpt":{"rendered":"<p>Est\u00e1 dirigido a las personas personas que quieren acceder a la Educaci\u00f3n Secundaria Obligatoria y no tienen el nivel de estudios necesario. Est\u00e1 organizado en dos niveles de un curso de duraci\u00f3n cada uno. Las \u00e1reas de conocimientos que se trabajan en cada nivel son: \u00c1mbito comunicativo: aqu\u00ed se trabajan aspectos relacionados con la lengua [&hellip;]<\/p>\n","protected":false},"author":10822,"featured_media":0,"parent":0,"menu_order":0,"comment_status":"closed","ping_status":"closed","template":"","meta":{"_et_pb_use_builder":"on","_et_pb_old_content":"","_et_gb_content_width":"","ngg_post_thumbnail":0,"footnotes":""},"aioseo_notices":[],"_links":{"self":[{"href":"https:\/\/blogsaverroes.juntadeandalucia.es\/ceperdoloresbernalmartinez\/wp-json\/wp\/v2\/pages\/701"}],"collection":[{"href":"https:\/\/blogsaverroes.juntadeandalucia.es\/ceperdoloresbernalmartinez\/wp-json\/wp\/v2\/pages"}],"about":[{"href":"https:\/\/blogsaverroes.juntadeandalucia.es\/ceperdoloresbernalmartinez\/wp-json\/wp\/v2\/types\/page"}],"author":[{"embeddable":true,"href":"https:\/\/blogsaverroes.juntadeandalucia.es\/ceperdoloresbernalmartinez\/wp-json\/wp\/v2\/users\/10822"}],"replies":[{"embeddable":true,"href":"https:\/\/blogsaverroes.juntadeandalucia.es\/ceperdoloresbernalmartinez\/wp-json\/wp\/v2\/comments?post=701"}],"version-history":[{"count":10,"href":"https:\/\/blogsaverroes.juntadeandalucia.es\/ceperdoloresbernalmartinez\/wp-json\/wp\/v2\/pages\/701\/revisions"}],"predecessor-version":[{"id":872,"href":"https:\/\/blogsaverroes.juntadeandalucia.es\/ceperdoloresbernalmartinez\/wp-json\/wp\/v2\/pages\/701\/revisions\/872"}],"wp:attachment":[{"href":"https:\/\/blogsaverroes.juntadeandalucia.es\/ceperdoloresbernalmartinez\/wp-json\/wp\/v2\/media?parent=701"}],"curies":[{"name":"wp","href":"https:\/\/api.w.org\/{rel}","templated":true}]}}