{"id":715,"date":"2023-05-26T09:25:18","date_gmt":"2023-05-26T08:25:18","guid":{"rendered":"https:\/\/blogsaverroes.juntadeandalucia.es\/ceperdoloresbernalmartinez\/?page_id=715"},"modified":"2023-06-08T17:11:26","modified_gmt":"2023-06-08T16:11:26","slug":"espa-2","status":"publish","type":"page","link":"https:\/\/blogsaverroes.juntadeandalucia.es\/ceperdoloresbernalmartinez\/espa-2\/","title":{"rendered":"Educaci\u00f3n Secundaria Para Adultos"},"content":{"rendered":"<p>[et_pb_section fb_built=&#8221;1&#8243; admin_label=&#8221;section&#8221; _builder_version=&#8221;3.22&#8243; global_colors_info=&#8221;{}&#8221;][et_pb_row admin_label=&#8221;row&#8221; _builder_version=&#8221;3.25&#8243; background_size=&#8221;initial&#8221; background_position=&#8221;top_left&#8221; background_repeat=&#8221;repeat&#8221; global_colors_info=&#8221;{}&#8221;][et_pb_column type=&#8221;4_4&#8243; _builder_version=&#8221;3.25&#8243; custom_padding=&#8221;|||&#8221; global_colors_info=&#8221;{}&#8221; custom_padding__hover=&#8221;|||&#8221;][et_pb_image src=&#8221;https:\/\/blogsaverroes.juntadeandalucia.es\/ceperdoloresbernalmartinez\/files\/2023\/05\/ESPA.png&#8221; title_text=&#8221;ESPA&#8221; _builder_version=&#8221;4.14.5&#8243; _module_preset=&#8221;default&#8221; border_width_all=&#8221;5px&#8221; global_colors_info=&#8221;{}&#8221;][\/et_pb_image][\/et_pb_column][\/et_pb_row][et_pb_row _builder_version=&#8221;4.14.5&#8243; _module_preset=&#8221;default&#8221; global_colors_info=&#8221;{}&#8221;][et_pb_column type=&#8221;4_4&#8243; _builder_version=&#8221;4.14.5&#8243; _module_preset=&#8221;default&#8221; global_colors_info=&#8221;{}&#8221;][et_pb_divider _builder_version=&#8221;4.14.5&#8243; _module_preset=&#8221;default&#8221; global_colors_info=&#8221;{}&#8221;][\/et_pb_divider][\/et_pb_column][\/et_pb_row][et_pb_row _builder_version=&#8221;4.14.5&#8243; _module_preset=&#8221;default&#8221; global_colors_info=&#8221;{}&#8221;][et_pb_column type=&#8221;4_4&#8243; _builder_version=&#8221;4.14.5&#8243; _module_preset=&#8221;default&#8221; global_colors_info=&#8221;{}&#8221;][et_pb_text _builder_version=&#8221;4.14.5&#8243; _module_preset=&#8221;default&#8221; text_font_size=&#8221;20px&#8221; global_colors_info=&#8221;{}&#8221;]<\/p>\n<p style=\"text-align: justify\">Las personas que no tienen esta titulaci\u00f3n m\u00ednima tan necesaria para acceder al mundo laboral tienen dos formas de conseguirla en nuestro Centro. Ambas se organizan en dos niveles y las \u00e1reas de conocimientos que se trabajan en cada nivel son:<\/p>\n<ul>\n<li style=\"text-align: justify\"><span style=\"text-decoration: underline\"><strong>\u00c1mbito comunicativo<\/strong><\/span>: aqu\u00ed se trabajan aspectos relacionados con la lengua castellana y un segundo idioma a elegir (ingl\u00e9s o franc\u00e9s).<\/li>\n<li style=\"text-align: justify\"><strong><span style=\"text-decoration: underline\">\u00c1mbito cient\u00edfico-tecnol\u00f3gico<\/span><\/strong>: contenidos relacionados con las matem\u00e1ticas, la f\u00edsica, la qu\u00edmica, la tecnolog\u00eda&#8230;<\/li>\n<li style=\"text-align: justify\"><strong><span style=\"text-decoration: underline\">\u00c1mbito Social<\/span><\/strong>: conoce c\u00f3mo se organiza el mundo social y pol\u00edticamente, adem\u00e1s de conocer su Historia.<\/li>\n<\/ul>\n<p>&nbsp;<\/p>\n<h1><span style=\"text-decoration: underline\"><strong>Preparaci\u00f3n de la prueba libre para mayores de 18 a\u00f1os<\/strong><\/span><\/h1>\n<p style=\"text-align: justify\">Cada a\u00f1o se convocan dos pruebas libres, una en abril y otra en junio. Puedes venir a nuestro Centro a prepararte para superarlas con los materiales y las orientaciones que te proporcionar\u00e1n tus profesores. Si la superas conseguir\u00e1s el t\u00edtulo de Graduado Escolar en un solo curso. En abril ya puedes conseguirlo.<\/p>\n<p>&nbsp;<\/p>\n<h1><span style=\"text-decoration: underline\"><strong>Tutor\u00eda de apoyo al estudio<\/strong><\/span><\/h1>\n<p style=\"text-align: justify\">Para obtener tu t\u00edtulo de Graduado en ESO tambi\u00e9n puedes elegir <span style=\"text-decoration: underline\">otro sistema<\/span> de estudio basado en la asistencia a clase, la realizaci\u00f3n de tareas peri\u00f3dicas y pruebas de evaluaci\u00f3n cada trimestre. Si eres constante, puedes conseguir la titulaci\u00f3n en un o dos cursos (dependiendo de tu nivel inicial) y lo mejor es que los \u00e1mbitos que vayas aprobando lo tendr\u00e1s aprobado para siempre.<\/p>\n<p>[\/et_pb_text][\/et_pb_column][\/et_pb_row][\/et_pb_section][et_pb_section fb_built=&#8221;1&#8243; _builder_version=&#8221;4.14.5&#8243; _module_preset=&#8221;default&#8221; background_color=&#8221;#EDF000&#8243; min_height=&#8221;491px&#8221; custom_padding=&#8221;0px|||||&#8221; global_colors_info=&#8221;{}&#8221;][et_pb_row _builder_version=&#8221;4.14.5&#8243; _module_preset=&#8221;default&#8221; min_height=&#8221;422px&#8221; hover_enabled=&#8221;0&#8243; global_colors_info=&#8221;{}&#8221; sticky_enabled=&#8221;0&#8243;][et_pb_column type=&#8221;4_4&#8243; _builder_version=&#8221;4.14.5&#8243; _module_preset=&#8221;default&#8221; global_colors_info=&#8221;{}&#8221;][et_pb_blurb title=&#8221;\u00bfQuieres conocer los contenidos que se trabajan?&#8221; url_new_window=&#8221;on&#8221; use_icon=&#8221;on&#8221; font_icon=&#8221;&#xf518;||fa||900&#8243; _builder_version=&#8221;4.14.5&#8243; _module_preset=&#8221;default&#8221; header_text_align=&#8221;center&#8221; header_font_size=&#8221;30px&#8221; body_text_align=&#8221;center&#8221; animation=&#8221;off&#8221; link_option_url_new_window=&#8221;on&#8221; hover_enabled=&#8221;0&#8243; header_text_shadow_style=&#8221;preset1&#8243; global_colors_info=&#8221;{}&#8221; sticky_enabled=&#8221;0&#8243;]<\/p>\n<p>Aqu\u00ed podr\u00e1s acceder a los contenidos b\u00e1sicos de este Plan establecidos por la Junta de Andaluc\u00eda.<\/p>\n<p>&nbsp;<\/p>\n<table border=\"3\" style=\"width: 100%;border-collapse: collapse;border-style: solid\">\n<tbody>\n<tr>\n<td style=\"width: 50%;text-align: center\">\n<h2><a href=\"https:\/\/www.juntadeandalucia.es\/educacion\/permanente\/materiales\/index.php?etapa=1\" target=\"_blank\" rel=\"noopener noreferrer\">Pincha aqu\u00ed para ver los contenidos del nivel 1<\/a><\/h2>\n<\/td>\n<td style=\"width: 50%;text-align: center\">\n<h2><a href=\"https:\/\/www.juntadeandalucia.es\/educacion\/permanente\/materiales\/index.php?etapa=2\" target=\"_blank\" rel=\"noopener noreferrer\">Pincha aqu\u00ed para ver los contenidos del nivel 2<\/a><\/h2>\n<\/td>\n<\/tr>\n<\/tbody>\n<\/table>\n<p>[\/et_pb_blurb][\/et_pb_column][\/et_pb_row][\/et_pb_section]<\/p>\n","protected":false},"excerpt":{"rendered":"<p>Las personas que no tienen esta titulaci\u00f3n m\u00ednima tan necesaria para acceder al mundo laboral tienen dos formas de conseguirla en nuestro Centro. Ambas se organizan en dos niveles y las \u00e1reas de conocimientos que se trabajan en cada nivel son: \u00c1mbito comunicativo: aqu\u00ed se trabajan aspectos relacionados con la lengua castellana y un segundo [&hellip;]<\/p>\n","protected":false},"author":10822,"featured_media":0,"parent":0,"menu_order":0,"comment_status":"closed","ping_status":"closed","template":"","meta":{"_et_pb_use_builder":"on","_et_pb_old_content":"","_et_gb_content_width":"","ngg_post_thumbnail":0,"footnotes":""},"aioseo_notices":[],"_links":{"self":[{"href":"https:\/\/blogsaverroes.juntadeandalucia.es\/ceperdoloresbernalmartinez\/wp-json\/wp\/v2\/pages\/715"}],"collection":[{"href":"https:\/\/blogsaverroes.juntadeandalucia.es\/ceperdoloresbernalmartinez\/wp-json\/wp\/v2\/pages"}],"about":[{"href":"https:\/\/blogsaverroes.juntadeandalucia.es\/ceperdoloresbernalmartinez\/wp-json\/wp\/v2\/types\/page"}],"author":[{"embeddable":true,"href":"https:\/\/blogsaverroes.juntadeandalucia.es\/ceperdoloresbernalmartinez\/wp-json\/wp\/v2\/users\/10822"}],"replies":[{"embeddable":true,"href":"https:\/\/blogsaverroes.juntadeandalucia.es\/ceperdoloresbernalmartinez\/wp-json\/wp\/v2\/comments?post=715"}],"version-history":[{"count":8,"href":"https:\/\/blogsaverroes.juntadeandalucia.es\/ceperdoloresbernalmartinez\/wp-json\/wp\/v2\/pages\/715\/revisions"}],"predecessor-version":[{"id":874,"href":"https:\/\/blogsaverroes.juntadeandalucia.es\/ceperdoloresbernalmartinez\/wp-json\/wp\/v2\/pages\/715\/revisions\/874"}],"wp:attachment":[{"href":"https:\/\/blogsaverroes.juntadeandalucia.es\/ceperdoloresbernalmartinez\/wp-json\/wp\/v2\/media?parent=715"}],"curies":[{"name":"wp","href":"https:\/\/api.w.org\/{rel}","templated":true}]}}