{"id":829,"date":"2023-05-30T18:23:49","date_gmt":"2023-05-30T17:23:49","guid":{"rendered":"https:\/\/blogsaverroes.juntadeandalucia.es\/ceperdoloresbernalmartinez\/?page_id=829"},"modified":"2023-06-08T17:29:37","modified_gmt":"2023-06-08T16:29:37","slug":"idiomas-2","status":"publish","type":"page","link":"https:\/\/blogsaverroes.juntadeandalucia.es\/ceperdoloresbernalmartinez\/idiomas-2\/","title":{"rendered":"idiomas"},"content":{"rendered":"<p>[et_pb_section fb_built=&#8221;1&#8243; admin_label=&#8221;section&#8221; _builder_version=&#8221;3.22&#8243; global_colors_info=&#8221;{}&#8221;][et_pb_row admin_label=&#8221;row&#8221; _builder_version=&#8221;3.25&#8243; background_size=&#8221;initial&#8221; background_position=&#8221;top_left&#8221; background_repeat=&#8221;repeat&#8221; global_colors_info=&#8221;{}&#8221;][et_pb_column type=&#8221;4_4&#8243; _builder_version=&#8221;3.25&#8243; custom_padding=&#8221;|||&#8221; global_colors_info=&#8221;{}&#8221; custom_padding__hover=&#8221;|||&#8221;][et_pb_image src=&#8221;https:\/\/blogsaverroes.juntadeandalucia.es\/ceperdoloresbernalmartinez\/files\/2023\/05\/idiomas.png&#8221; title_text=&#8221;idiomas&#8221; _builder_version=&#8221;4.14.5&#8243; _module_preset=&#8221;default&#8221; global_colors_info=&#8221;{}&#8221;][\/et_pb_image][\/et_pb_column][\/et_pb_row][et_pb_row _builder_version=&#8221;4.14.5&#8243; _module_preset=&#8221;default&#8221; global_colors_info=&#8221;{}&#8221;][et_pb_column type=&#8221;4_4&#8243; _builder_version=&#8221;4.14.5&#8243; _module_preset=&#8221;default&#8221; global_colors_info=&#8221;{}&#8221;][et_pb_divider _builder_version=&#8221;4.14.5&#8243; _module_preset=&#8221;default&#8221; global_colors_info=&#8221;{}&#8221;][\/et_pb_divider][\/et_pb_column][\/et_pb_row][et_pb_row _builder_version=&#8221;4.14.5&#8243; _module_preset=&#8221;default&#8221; global_colors_info=&#8221;{}&#8221;][et_pb_column type=&#8221;4_4&#8243; _builder_version=&#8221;4.14.5&#8243; _module_preset=&#8221;default&#8221; global_colors_info=&#8221;{}&#8221;][et_pb_text _builder_version=&#8221;4.14.5&#8243; _module_preset=&#8221;default&#8221; text_font_size=&#8221;20px&#8221; global_colors_info=&#8221;{}&#8221;]<\/p>\n<p>El objetivo de este plan educativo es que aprendas a desenvolverte en diferentes situaciones cotidianas con otra lengua y tambi\u00e9n que puedas conseguir una certificaci\u00f3n oficial si la necesitas. En nuestro Centro, tenemos diferentes cursos que ofrecerte:<\/p>\n<p>&nbsp;<\/p>\n<ul>\n<li><span style=\"text-decoration: underline\"><strong>Iniciaci\u00f3n al ingl\u00e9s<\/strong><\/span>: Para dar los primeros pasos con esta lengua, tan necesaria hoy para trabajar y relacionarnos en nuestro pueblo. Dependiendo del curso, se establecer\u00e1n uno o dos niveles en este grupo. (correspondiente a un <span style=\"text-decoration: underline\">nivel A1<\/span>).<\/li>\n<\/ul>\n<p>&nbsp;<\/p>\n<ul>\n<li><span style=\"text-decoration: underline\"><strong>Ingl\u00e9s continuaci\u00f3n<\/strong><\/span>: Si ya has venido a clase durante un curso o ya tienes conocimientos previos, puedes venir a esta clase para seguir aprendiendo. (Correspondiente a un <span style=\"text-decoration: underline\">nivel A2<\/span>).<\/li>\n<\/ul>\n<p>[\/et_pb_text][\/et_pb_column][\/et_pb_row][\/et_pb_section][et_pb_section fb_built=&#8221;1&#8243; _builder_version=&#8221;4.14.5&#8243; _module_preset=&#8221;default&#8221; min_height=&#8221;491px&#8221; custom_padding=&#8221;0px|||||&#8221; hover_enabled=&#8221;0&#8243; global_colors_info=&#8221;{}&#8221; background_color=&#8221;#EDF000&#8243; sticky_enabled=&#8221;0&#8243;][et_pb_row _builder_version=&#8221;4.14.5&#8243; _module_preset=&#8221;default&#8221; min_height=&#8221;422px&#8221; global_colors_info=&#8221;{}&#8221;][et_pb_column type=&#8221;4_4&#8243; _builder_version=&#8221;4.14.5&#8243; _module_preset=&#8221;default&#8221; global_colors_info=&#8221;{}&#8221;][et_pb_blurb title=&#8221;\u00bfQuieres conocer los contenidos que se trabajan?&#8221; url=&#8221;https:\/\/www.juntadeandalucia.es\/educacion\/permanente\/materiales\/index.php?etapa=7&#8243; url_new_window=&#8221;on&#8221; use_icon=&#8221;on&#8221; font_icon=&#8221;&#xf518;||fa||900&#8243; _builder_version=&#8221;4.14.5&#8243; _module_preset=&#8221;default&#8221; header_text_align=&#8221;center&#8221; header_font_size=&#8221;30px&#8221; body_text_align=&#8221;center&#8221; animation=&#8221;off&#8221; link_option_url_new_window=&#8221;on&#8221; header_text_shadow_style=&#8221;preset1&#8243; global_colors_info=&#8221;{}&#8221;]<\/p>\n<p>Aqu\u00ed podr\u00e1s acceder a los contenidos b\u00e1sicos de este Plan establecidos por la Junta de Andaluc\u00eda.<\/p>\n<p>[\/et_pb_blurb][\/et_pb_column][\/et_pb_row][\/et_pb_section]<\/p>\n","protected":false},"excerpt":{"rendered":"<p>El objetivo de este plan educativo es que aprendas a desenvolverte en diferentes situaciones cotidianas con otra lengua y tambi\u00e9n que puedas conseguir una certificaci\u00f3n oficial si la necesitas. En nuestro Centro, tenemos diferentes cursos que ofrecerte: &nbsp; Iniciaci\u00f3n al ingl\u00e9s: Para dar los primeros pasos con esta lengua, tan necesaria hoy para trabajar y [&hellip;]<\/p>\n","protected":false},"author":10822,"featured_media":0,"parent":0,"menu_order":0,"comment_status":"closed","ping_status":"closed","template":"","meta":{"_et_pb_use_builder":"on","_et_pb_old_content":"","_et_gb_content_width":"","ngg_post_thumbnail":0,"footnotes":""},"aioseo_notices":[],"_links":{"self":[{"href":"https:\/\/blogsaverroes.juntadeandalucia.es\/ceperdoloresbernalmartinez\/wp-json\/wp\/v2\/pages\/829"}],"collection":[{"href":"https:\/\/blogsaverroes.juntadeandalucia.es\/ceperdoloresbernalmartinez\/wp-json\/wp\/v2\/pages"}],"about":[{"href":"https:\/\/blogsaverroes.juntadeandalucia.es\/ceperdoloresbernalmartinez\/wp-json\/wp\/v2\/types\/page"}],"author":[{"embeddable":true,"href":"https:\/\/blogsaverroes.juntadeandalucia.es\/ceperdoloresbernalmartinez\/wp-json\/wp\/v2\/users\/10822"}],"replies":[{"embeddable":true,"href":"https:\/\/blogsaverroes.juntadeandalucia.es\/ceperdoloresbernalmartinez\/wp-json\/wp\/v2\/comments?post=829"}],"version-history":[{"count":4,"href":"https:\/\/blogsaverroes.juntadeandalucia.es\/ceperdoloresbernalmartinez\/wp-json\/wp\/v2\/pages\/829\/revisions"}],"predecessor-version":[{"id":877,"href":"https:\/\/blogsaverroes.juntadeandalucia.es\/ceperdoloresbernalmartinez\/wp-json\/wp\/v2\/pages\/829\/revisions\/877"}],"wp:attachment":[{"href":"https:\/\/blogsaverroes.juntadeandalucia.es\/ceperdoloresbernalmartinez\/wp-json\/wp\/v2\/media?parent=829"}],"curies":[{"name":"wp","href":"https:\/\/api.w.org\/{rel}","templated":true}]}}