{"id":835,"date":"2023-05-30T18:33:51","date_gmt":"2023-05-30T17:33:51","guid":{"rendered":"https:\/\/blogsaverroes.juntadeandalucia.es\/ceperdoloresbernalmartinez\/?page_id=835"},"modified":"2023-06-08T17:33:27","modified_gmt":"2023-06-08T16:33:27","slug":"interculturalidad","status":"publish","type":"page","link":"https:\/\/blogsaverroes.juntadeandalucia.es\/ceperdoloresbernalmartinez\/interculturalidad\/","title":{"rendered":"interculturalidad"},"content":{"rendered":"<p>[et_pb_section fb_built=&#8221;1&#8243; admin_label=&#8221;section&#8221; _builder_version=&#8221;3.22&#8243; global_colors_info=&#8221;{}&#8221;][et_pb_row admin_label=&#8221;row&#8221; _builder_version=&#8221;3.25&#8243; background_size=&#8221;initial&#8221; background_position=&#8221;top_left&#8221; background_repeat=&#8221;repeat&#8221; global_colors_info=&#8221;{}&#8221;][et_pb_column type=&#8221;4_4&#8243; _builder_version=&#8221;3.25&#8243; custom_padding=&#8221;|||&#8221; global_colors_info=&#8221;{}&#8221; custom_padding__hover=&#8221;|||&#8221;][et_pb_image src=&#8221;https:\/\/blogsaverroes.juntadeandalucia.es\/ceperdoloresbernalmartinez\/files\/2023\/05\/inter.png&#8221; title_text=&#8221;inter&#8221; _builder_version=&#8221;4.14.5&#8243; _module_preset=&#8221;default&#8221; global_colors_info=&#8221;{}&#8221;][\/et_pb_image][\/et_pb_column][\/et_pb_row][et_pb_row _builder_version=&#8221;4.14.5&#8243; _module_preset=&#8221;default&#8221; global_colors_info=&#8221;{}&#8221;][et_pb_column type=&#8221;4_4&#8243; _builder_version=&#8221;4.14.5&#8243; _module_preset=&#8221;default&#8221; global_colors_info=&#8221;{}&#8221;][et_pb_divider _builder_version=&#8221;4.14.5&#8243; _module_preset=&#8221;default&#8221; global_colors_info=&#8221;{}&#8221;][\/et_pb_divider][\/et_pb_column][\/et_pb_row][et_pb_row _builder_version=&#8221;4.14.5&#8243; _module_preset=&#8221;default&#8221; global_colors_info=&#8221;{}&#8221;][et_pb_column type=&#8221;4_4&#8243; _builder_version=&#8221;4.14.5&#8243; _module_preset=&#8221;default&#8221; global_colors_info=&#8221;{}&#8221;][et_pb_text _builder_version=&#8221;4.14.5&#8243; _module_preset=&#8221;default&#8221; text_font_size=&#8221;20px&#8221; global_colors_info=&#8221;{}&#8221;]<\/p>\n<p style=\"text-align: justify\">Estas ense\u00f1anzas est\u00e1n dirigidas a personas extranjeras que no hablan Espa\u00f1ol. En las clases adquieren las t\u00e9cnicas b\u00e1sicas de comunicaci\u00f3n al tiempo que aprenden aspectos b\u00e1sicos de la cultura y la sociedad espa\u00f1ola necesarios para integrarse en la comunidad. Durante este curso hay varios niveles en funci\u00f3n de los conocimientos previos de los alumnos y alumnas:<\/p>\n<p style=\"text-align: justify\">\n<ul>\n<li style=\"text-align: justify\"><span style=\"text-decoration: underline\"><strong>B\u00e1sico:<\/strong><\/span> Para personas que se inician en el conocimiento de nuestra lengua.<\/li>\n<li style=\"text-align: justify\"><span style=\"text-decoration: underline\"><strong>Intermedio:<\/strong><\/span> Para los alumnos que ya tienen algunos conocimientos b\u00e1sicos del Espa\u00f1ol y quieren afianzarlos y seguir avanzando.<\/li>\n<li style=\"text-align: justify\"><strong><span style=\"text-decoration: underline\">Avanzado:<\/span><\/strong> Para aquellas personas que quieren profundizar en el conocimiento de nuestra lengua y nuestra cultura.<\/li>\n<\/ul>\n<p>[\/et_pb_text][\/et_pb_column][\/et_pb_row][\/et_pb_section][et_pb_section fb_built=&#8221;1&#8243; _builder_version=&#8221;4.14.5&#8243; _module_preset=&#8221;default&#8221; min_height=&#8221;491px&#8221; custom_padding=&#8221;0px|||||&#8221; hover_enabled=&#8221;0&#8243; global_colors_info=&#8221;{}&#8221; background_color=&#8221;#EDF000&#8243; sticky_enabled=&#8221;0&#8243;][et_pb_row _builder_version=&#8221;4.14.5&#8243; _module_preset=&#8221;default&#8221; min_height=&#8221;422px&#8221; global_colors_info=&#8221;{}&#8221;][et_pb_column type=&#8221;4_4&#8243; _builder_version=&#8221;4.14.5&#8243; _module_preset=&#8221;default&#8221; global_colors_info=&#8221;{}&#8221;][et_pb_blurb title=&#8221;\u00bfQuieres conocer los contenidos que se trabajan?&#8221; url=&#8221;https:\/\/www.juntadeandalucia.es\/educacion\/permanente\/materiales\/index.php?espanol#space&#8221; url_new_window=&#8221;on&#8221; use_icon=&#8221;on&#8221; font_icon=&#8221;&#xf518;||fa||900&#8243; _builder_version=&#8221;4.14.5&#8243; _module_preset=&#8221;default&#8221; header_text_align=&#8221;center&#8221; header_font_size=&#8221;30px&#8221; body_text_align=&#8221;center&#8221; animation=&#8221;off&#8221; link_option_url_new_window=&#8221;on&#8221; header_text_shadow_style=&#8221;preset1&#8243; global_colors_info=&#8221;{}&#8221;]<\/p>\n<p>Aqu\u00ed podr\u00e1s acceder a los contenidos b\u00e1sicos de este Plan establecidos por la Junta de Andaluc\u00eda.<\/p>\n<p>[\/et_pb_blurb][\/et_pb_column][\/et_pb_row][\/et_pb_section]<\/p>\n","protected":false},"excerpt":{"rendered":"<p>Estas ense\u00f1anzas est\u00e1n dirigidas a personas extranjeras que no hablan Espa\u00f1ol. En las clases adquieren las t\u00e9cnicas b\u00e1sicas de comunicaci\u00f3n al tiempo que aprenden aspectos b\u00e1sicos de la cultura y la sociedad espa\u00f1ola necesarios para integrarse en la comunidad. Durante este curso hay varios niveles en funci\u00f3n de los conocimientos previos de los alumnos y [&hellip;]<\/p>\n","protected":false},"author":10822,"featured_media":0,"parent":0,"menu_order":0,"comment_status":"closed","ping_status":"closed","template":"","meta":{"_et_pb_use_builder":"on","_et_pb_old_content":"Estas ense\u00f1anzas est\u00e1n dirigidas a personas extranjeras que no hablan Espa\u00f1ol. En las clases adquieren las t\u00e9cnicas b\u00e1sicas de comunicaci\u00f3n al tiempo que aprenden aspectos b\u00e1sicos de la cultura y la sociedad espa\u00f1ola necesarios para integrarse en la comunidad. Durante este curso hay varios niveles en funci\u00f3n de los conocimientos previos de los alumnos y alumnas:\r\n\u2022 B\u00e1sico: Para personas que se inician en el conocimiento de nuestra lengua.\r\n\u2022 Intermedio: Para los alumnos que ya tienen algunos conocimientos b\u00e1sicos del Espa\u00f1ol y quieren afianzarlos y seguir avanzando.\r\n\u2022 Avanzado: Para aquellas personas que quieren profundizar en el conocimiento de nuestra lengua y nuestra cultura.","_et_gb_content_width":"","ngg_post_thumbnail":0,"footnotes":""},"aioseo_notices":[],"_links":{"self":[{"href":"https:\/\/blogsaverroes.juntadeandalucia.es\/ceperdoloresbernalmartinez\/wp-json\/wp\/v2\/pages\/835"}],"collection":[{"href":"https:\/\/blogsaverroes.juntadeandalucia.es\/ceperdoloresbernalmartinez\/wp-json\/wp\/v2\/pages"}],"about":[{"href":"https:\/\/blogsaverroes.juntadeandalucia.es\/ceperdoloresbernalmartinez\/wp-json\/wp\/v2\/types\/page"}],"author":[{"embeddable":true,"href":"https:\/\/blogsaverroes.juntadeandalucia.es\/ceperdoloresbernalmartinez\/wp-json\/wp\/v2\/users\/10822"}],"replies":[{"embeddable":true,"href":"https:\/\/blogsaverroes.juntadeandalucia.es\/ceperdoloresbernalmartinez\/wp-json\/wp\/v2\/comments?post=835"}],"version-history":[{"count":4,"href":"https:\/\/blogsaverroes.juntadeandalucia.es\/ceperdoloresbernalmartinez\/wp-json\/wp\/v2\/pages\/835\/revisions"}],"predecessor-version":[{"id":880,"href":"https:\/\/blogsaverroes.juntadeandalucia.es\/ceperdoloresbernalmartinez\/wp-json\/wp\/v2\/pages\/835\/revisions\/880"}],"wp:attachment":[{"href":"https:\/\/blogsaverroes.juntadeandalucia.es\/ceperdoloresbernalmartinez\/wp-json\/wp\/v2\/media?parent=835"}],"curies":[{"name":"wp","href":"https:\/\/api.w.org\/{rel}","templated":true}]}}