{"id":141,"date":"2015-03-17T07:13:24","date_gmt":"2015-03-17T07:13:24","guid":{"rendered":"http:\/\/blogsaverroes.juntadeandalucia.es\/pre\/ceip\/?page_id=141"},"modified":"2016-09-16T13:08:28","modified_gmt":"2016-09-16T11:08:28","slug":"escolarizacion","status":"publish","type":"page","link":"https:\/\/blogsaverroes.juntadeandalucia.es\/ceperelarache\/escolarizacion\/","title":{"rendered":"Escolarizaci\u00f3n"},"content":{"rendered":"<p><a href=\"http:\/\/blogsaverroes.juntadeandalucia.es\/ceperelarache\/files\/2016\/09\/escolariza_2016_17.png\"><img loading=\"lazy\" decoding=\"async\" class=\" size-medium wp-image-2297 aligncenter\" src=\"http:\/\/blogsaverroes.juntadeandalucia.es\/ceperelarache\/files\/2016\/09\/escolariza_2016_17.png\" alt=\"escolariza_2016_17\" width=\"300\" height=\"57\" \/><\/a><\/p>\n<p>Esta secci\u00f3n puede contener cuanta informaci\u00f3n sea de utilidad para las familias a la hora de de iniciar el proceso de escolarizaci\u00f3n: plazos, documentos, normativa, enlaces, etc.<\/p>\n<p><a title=\"Portal escolarizaci\u00f3n\" href=\"http:\/\/www.juntadeandalucia.es\/educacion\/portals\/web\/escolarizacion\" target=\"_blank\">Enlace al portal de escolarizaci\u00f3n<\/a><\/p>\n<p><a title=\"Procedimiento\" href=\"http:\/\/www.adideandalucia.es\/disposicion.php?cat=40\" target=\"_blank\">Normativa<\/a>\u00a0sobre el proceso de escolarizaci\u00f3n<\/p>\n","protected":false},"excerpt":{"rendered":"<p>Esta secci\u00f3n puede contener cuanta informaci\u00f3n sea de utilidad para las familias a la hora de de iniciar el proceso de escolarizaci\u00f3n: plazos, documentos, normativa, enlaces, etc. Enlace al portal de escolarizaci\u00f3n Normativa\u00a0sobre el&#46;&#46;&#46;<\/p>\n","protected":false},"author":1,"featured_media":0,"parent":0,"menu_order":0,"comment_status":"closed","ping_status":"open","template":"","meta":{"ngg_post_thumbnail":0,"footnotes":"","_mc_calendar":[]},"aioseo_notices":[],"_links":{"self":[{"href":"https:\/\/blogsaverroes.juntadeandalucia.es\/ceperelarache\/wp-json\/wp\/v2\/pages\/141"}],"collection":[{"href":"https:\/\/blogsaverroes.juntadeandalucia.es\/ceperelarache\/wp-json\/wp\/v2\/pages"}],"about":[{"href":"https:\/\/blogsaverroes.juntadeandalucia.es\/ceperelarache\/wp-json\/wp\/v2\/types\/page"}],"author":[{"embeddable":true,"href":"https:\/\/blogsaverroes.juntadeandalucia.es\/ceperelarache\/wp-json\/wp\/v2\/users\/1"}],"replies":[{"embeddable":true,"href":"https:\/\/blogsaverroes.juntadeandalucia.es\/ceperelarache\/wp-json\/wp\/v2\/comments?post=141"}],"version-history":[{"count":11,"href":"https:\/\/blogsaverroes.juntadeandalucia.es\/ceperelarache\/wp-json\/wp\/v2\/pages\/141\/revisions"}],"predecessor-version":[{"id":2371,"href":"https:\/\/blogsaverroes.juntadeandalucia.es\/ceperelarache\/wp-json\/wp\/v2\/pages\/141\/revisions\/2371"}],"wp:attachment":[{"href":"https:\/\/blogsaverroes.juntadeandalucia.es\/ceperelarache\/wp-json\/wp\/v2\/media?parent=141"}],"curies":[{"name":"wp","href":"https:\/\/api.w.org\/{rel}","templated":true}]}}