{"id":2269,"date":"2015-10-29T17:07:28","date_gmt":"2015-10-29T16:07:28","guid":{"rendered":"http:\/\/blogsaverroes.juntadeandalucia.es\/ceperelarache\/?page_id=2269"},"modified":"2015-10-29T17:12:23","modified_gmt":"2015-10-29T16:12:23","slug":"materiales","status":"publish","type":"page","link":"https:\/\/blogsaverroes.juntadeandalucia.es\/ceperelarache\/espa\/materiales\/","title":{"rendered":"Materiales"},"content":{"rendered":"<p><strong>PARA PREPARAR LAS PRUEBAS LIBRES DE GRADUADO EN SECUNDARIA<\/strong><\/p>\n<hr \/>\n<p>Nivel 2 \u2013 \u00c1MBITO CIENT\u00cdFICO-TECNOL\u00d3GICO<\/p>\n<p>&#8211; <a href=\"http:\/\/ceperzaidin.com\/pdf\/C-T%20NII\/Bloque%207-CIENCIAS.pdf\" target=\"_blank\">Bloque 7<\/a><br \/>\n&#8211; <a href=\"http:\/\/ceperzaidin.com\/pdf\/C-T%20NII\/Bloque%208-CIENCIAS.pdf\" target=\"_blank\">Bloque 8<\/a><br \/>\n&#8211; <a href=\"http:\/\/ceperzaidin.com\/pdf\/C-T%20NII\/Bloque%209-CIENCIAS.pdf\" target=\"_blank\">Bloque 9<\/a><br \/>\n&#8211; <a href=\"http:\/\/ceperzaidin.com\/pdf\/C-T%20NII\/Bloque%2010-CIENCIAS.pdf\" target=\"_blank\">Bloque 10<\/a><br \/>\n&#8211; <a href=\"http:\/\/ceperzaidin.com\/pdf\/C-T%20NII\/Bloque%2011-CIENCIAS.pdf\" target=\"_blank\">Bloque 11<\/a><br \/>\n&#8211; <a href=\"http:\/\/ceperzaidin.com\/pdf\/C-T%20NII\/Bloque%2012-CIENCIAS.pdf\" target=\"_blank\">Bloque 12<\/a><\/p>\n<p>Nivel 2 \u2013 \u00c1MBITO SOCIAL<\/p>\n<p>&#8211; <a href=\"http:\/\/ceperzaidin.com\/pdf\/S-NII\/BLOQUE%207-SOCIALES.pdf\" target=\"_blank\">Bloque 7<\/a><br \/>\n&#8211; <a href=\"http:\/\/ceperzaidin.com\/pdf\/S-NII\/BLOQUE%208-SOCIALES.pdf\" target=\"_blank\">Bloque 8<\/a><br \/>\n&#8211; <a href=\"http:\/\/ceperzaidin.com\/pdf\/S-NII\/BLOQUE%209-SOCIALES.pdf\" target=\"_blank\">Bloque 9<\/a><br \/>\n&#8211; <a href=\"http:\/\/ceperzaidin.com\/pdf\/S-NII\/BLOQUE%2010-SOCIALES.pdf\" target=\"_blank\">Bloque 10<\/a><br \/>\n&#8211; <a href=\"http:\/\/ceperzaidin.com\/pdf\/S-NII\/BLOQUE%2011-SOCIALES.pdf\" target=\"_blank\">Bloque 11<\/a><br \/>\n&#8211; <a href=\"http:\/\/ceperzaidin.com\/pdf\/S-NII\/BLOQUE%2012-SOCIALES.pdf\" target=\"_blank\">Bloque 12<\/a><\/p>\n<p>Nivel 2 \u2013 \u00c1MBITO DE COMUNICACI\u00d3N<\/p>\n<p>&#8211; <a href=\"http:\/\/ceperzaidin.com\/pdf\/C-NII\/BLOQUE%207-COMUNICACION.pdf\" target=\"_blank\">Bloque 7<\/a><br \/>\n&#8211; <a href=\"http:\/\/ceperzaidin.com\/pdf\/C-NII\/BLOQUE%208-COMUNICACION.pdf\" target=\"_blank\">Bloque 8<\/a><br \/>\n&#8211; <a href=\"http:\/\/ceperzaidin.com\/pdf\/C-NII\/BLOQUE%209-COMUNICACION.pdf\" target=\"_blank\">Bloque 9<\/a><br \/>\n&#8211; <a href=\"http:\/\/ceperzaidin.com\/pdf\/C-NII\/BLOQUE%2010-COMUNICACION.pdf\" target=\"_blank\">Bloque 10<\/a><br \/>\n&#8211; <a href=\"http:\/\/ceperzaidin.com\/pdf\/C-NII\/BLOQUE%2011-COMUNICACION.pdf\" target=\"_blank\">Bloque 11<\/a><br \/>\n&#8211; <a href=\"http:\/\/ceperzaidin.com\/pdf\/C-NII\/BLOQUE%2012-COMUNICACION.pdf\" target=\"_blank\">Bloque 12<\/a><\/p>\n<hr \/>\n<p>&nbsp;<\/p>\n","protected":false},"excerpt":{"rendered":"<p>PARA PREPARAR LAS PRUEBAS LIBRES DE GRADUADO EN SECUNDARIA Nivel 2 \u2013 \u00c1MBITO CIENT\u00cdFICO-TECNOL\u00d3GICO &#8211; Bloque 7 &#8211; Bloque 8 &#8211; Bloque 9 &#8211; Bloque 10 &#8211; Bloque 11 &#8211; Bloque 12 Nivel 2&#46;&#46;&#46;<\/p>\n","protected":false},"author":1992,"featured_media":0,"parent":2103,"menu_order":0,"comment_status":"closed","ping_status":"open","template":"","meta":{"ngg_post_thumbnail":0,"footnotes":"","_mc_calendar":[]},"aioseo_notices":[],"_links":{"self":[{"href":"https:\/\/blogsaverroes.juntadeandalucia.es\/ceperelarache\/wp-json\/wp\/v2\/pages\/2269"}],"collection":[{"href":"https:\/\/blogsaverroes.juntadeandalucia.es\/ceperelarache\/wp-json\/wp\/v2\/pages"}],"about":[{"href":"https:\/\/blogsaverroes.juntadeandalucia.es\/ceperelarache\/wp-json\/wp\/v2\/types\/page"}],"author":[{"embeddable":true,"href":"https:\/\/blogsaverroes.juntadeandalucia.es\/ceperelarache\/wp-json\/wp\/v2\/users\/1992"}],"replies":[{"embeddable":true,"href":"https:\/\/blogsaverroes.juntadeandalucia.es\/ceperelarache\/wp-json\/wp\/v2\/comments?post=2269"}],"version-history":[{"count":2,"href":"https:\/\/blogsaverroes.juntadeandalucia.es\/ceperelarache\/wp-json\/wp\/v2\/pages\/2269\/revisions"}],"predecessor-version":[{"id":2272,"href":"https:\/\/blogsaverroes.juntadeandalucia.es\/ceperelarache\/wp-json\/wp\/v2\/pages\/2269\/revisions\/2272"}],"up":[{"embeddable":true,"href":"https:\/\/blogsaverroes.juntadeandalucia.es\/ceperelarache\/wp-json\/wp\/v2\/pages\/2103"}],"wp:attachment":[{"href":"https:\/\/blogsaverroes.juntadeandalucia.es\/ceperelarache\/wp-json\/wp\/v2\/media?parent=2269"}],"curies":[{"name":"wp","href":"https:\/\/api.w.org\/{rel}","templated":true}]}}