{"id":2350,"date":"2016-09-11T13:16:48","date_gmt":"2016-09-11T11:16:48","guid":{"rendered":"http:\/\/blogsaverroes.juntadeandalucia.es\/ceperelarache\/?page_id=2350"},"modified":"2016-09-17T13:50:02","modified_gmt":"2016-09-17T11:50:02","slug":"profesorado","status":"publish","type":"page","link":"https:\/\/blogsaverroes.juntadeandalucia.es\/ceperelarache\/profesorado\/","title":{"rendered":"Profesorado"},"content":{"rendered":"<ul>\n<li><strong>Maestro 1:<\/strong> Lengua, Geograf\u00eda, Historia, Cultura general<\/li>\n<li><strong>Maestro 2:<\/strong> Matem\u00e1ticas, Ciencias Naturales, Econom\u00eda, Inform\u00e1tica<\/li>\n<li><strong>Maestro 3:<\/strong> Ingl\u00e9s<\/li>\n<\/ul>\n","protected":false},"excerpt":{"rendered":"<p>Maestro 1: Lengua, Geograf\u00eda, Historia, Cultura general Maestro 2: Matem\u00e1ticas, Ciencias Naturales, Econom\u00eda, Inform\u00e1tica Maestro 3: Ingl\u00e9s<\/p>\n","protected":false},"author":1992,"featured_media":0,"parent":0,"menu_order":0,"comment_status":"closed","ping_status":"open","template":"","meta":{"ngg_post_thumbnail":0,"footnotes":"","_mc_calendar":[]},"aioseo_notices":[],"_links":{"self":[{"href":"https:\/\/blogsaverroes.juntadeandalucia.es\/ceperelarache\/wp-json\/wp\/v2\/pages\/2350"}],"collection":[{"href":"https:\/\/blogsaverroes.juntadeandalucia.es\/ceperelarache\/wp-json\/wp\/v2\/pages"}],"about":[{"href":"https:\/\/blogsaverroes.juntadeandalucia.es\/ceperelarache\/wp-json\/wp\/v2\/types\/page"}],"author":[{"embeddable":true,"href":"https:\/\/blogsaverroes.juntadeandalucia.es\/ceperelarache\/wp-json\/wp\/v2\/users\/1992"}],"replies":[{"embeddable":true,"href":"https:\/\/blogsaverroes.juntadeandalucia.es\/ceperelarache\/wp-json\/wp\/v2\/comments?post=2350"}],"version-history":[{"count":1,"href":"https:\/\/blogsaverroes.juntadeandalucia.es\/ceperelarache\/wp-json\/wp\/v2\/pages\/2350\/revisions"}],"predecessor-version":[{"id":2351,"href":"https:\/\/blogsaverroes.juntadeandalucia.es\/ceperelarache\/wp-json\/wp\/v2\/pages\/2350\/revisions\/2351"}],"wp:attachment":[{"href":"https:\/\/blogsaverroes.juntadeandalucia.es\/ceperelarache\/wp-json\/wp\/v2\/media?parent=2350"}],"curies":[{"name":"wp","href":"https:\/\/api.w.org\/{rel}","templated":true}]}}