{"id":2357,"date":"2016-09-11T14:28:29","date_gmt":"2016-09-11T12:28:29","guid":{"rendered":"http:\/\/blogsaverroes.juntadeandalucia.es\/ceperelarache\/?page_id=2357"},"modified":"2018-06-01T18:53:44","modified_gmt":"2018-06-01T16:53:44","slug":"enlaces","status":"publish","type":"page","link":"https:\/\/blogsaverroes.juntadeandalucia.es\/ceperelarache\/enlaces\/","title":{"rendered":"Enlaces"},"content":{"rendered":"<p>Relaci\u00f3n de enlaces de inter\u00e9s:<\/p>\n<ul>\n<li><a href=\"https:\/\/blogsaverroes.juntadeandalucia.es\/sepmcastejon\/\" target=\"_blank\" rel=\"noopener\">SEP Maestro Castej\u00f3n<\/a><\/li>\n<li><a href=\"http:\/\/www.juntadeandalucia.es\/educacion\/portals\/web\/educacion-permanente\" target=\"_blank\" rel=\"noopener\">Educaci\u00f3n Permanente<\/a><\/li>\n<li><a href=\"https:\/\/educacionadistancia.juntadeandalucia.es\/semi\/\" target=\"_blank\" rel=\"noopener\">Educaci\u00f3n Semipresencial<\/a><\/li>\n<li><a href=\"http:\/\/www.juntadeandalucia.es\/educacion\/permanente\/materiales\/\" target=\"_blank\" rel=\"noopener\">Crea \/ Mogea<\/a><\/li>\n<li><a href=\"https:\/\/www.juntadeandalucia.es\/educacion\/secretariavirtual\/\" target=\"_blank\" rel=\"noopener\">Secretar\u00eda Virtual<\/a><\/li>\n<li><a href=\"http:\/\/www.adideandalucia.es\/normativa.php\" target=\"_blank\" rel=\"noopener\">Normativa (ADIDE)<\/a><\/li>\n<li><a href=\"http:\/\/www.juntadeandalucia.es\/educacion\/\">Consejer\u00eda de Educaci\u00f3n<\/a><\/li>\n<\/ul>\n","protected":false},"excerpt":{"rendered":"<p>Relaci\u00f3n de enlaces de inter\u00e9s: SEP Maestro Castej\u00f3n Educaci\u00f3n Permanente Educaci\u00f3n Semipresencial Crea \/ Mogea Secretar\u00eda Virtual Normativa (ADIDE) Consejer\u00eda de Educaci\u00f3n<\/p>\n","protected":false},"author":1992,"featured_media":0,"parent":0,"menu_order":0,"comment_status":"closed","ping_status":"open","template":"","meta":{"ngg_post_thumbnail":0,"footnotes":"","_mc_calendar":[]},"aioseo_notices":[],"_links":{"self":[{"href":"https:\/\/blogsaverroes.juntadeandalucia.es\/ceperelarache\/wp-json\/wp\/v2\/pages\/2357"}],"collection":[{"href":"https:\/\/blogsaverroes.juntadeandalucia.es\/ceperelarache\/wp-json\/wp\/v2\/pages"}],"about":[{"href":"https:\/\/blogsaverroes.juntadeandalucia.es\/ceperelarache\/wp-json\/wp\/v2\/types\/page"}],"author":[{"embeddable":true,"href":"https:\/\/blogsaverroes.juntadeandalucia.es\/ceperelarache\/wp-json\/wp\/v2\/users\/1992"}],"replies":[{"embeddable":true,"href":"https:\/\/blogsaverroes.juntadeandalucia.es\/ceperelarache\/wp-json\/wp\/v2\/comments?post=2357"}],"version-history":[{"count":6,"href":"https:\/\/blogsaverroes.juntadeandalucia.es\/ceperelarache\/wp-json\/wp\/v2\/pages\/2357\/revisions"}],"predecessor-version":[{"id":2399,"href":"https:\/\/blogsaverroes.juntadeandalucia.es\/ceperelarache\/wp-json\/wp\/v2\/pages\/2357\/revisions\/2399"}],"wp:attachment":[{"href":"https:\/\/blogsaverroes.juntadeandalucia.es\/ceperelarache\/wp-json\/wp\/v2\/media?parent=2357"}],"curies":[{"name":"wp","href":"https:\/\/api.w.org\/{rel}","templated":true}]}}