{"id":82,"date":"2015-03-16T06:59:55","date_gmt":"2015-03-16T06:59:55","guid":{"rendered":"http:\/\/blogsaverroes.juntadeandalucia.es\/pre\/ceip\/?page_id=82"},"modified":"2023-11-30T19:33:03","modified_gmt":"2023-11-30T19:33:03","slug":"horarios","status":"publish","type":"page","link":"https:\/\/blogsaverroes.juntadeandalucia.es\/ceperelcastillo\/horarios\/","title":{"rendered":"Horarios"},"content":{"rendered":"<p><img loading=\"lazy\" decoding=\"async\" class=\"alignnone size-medium wp-image-1675\" src=\"http:\/\/blogsaverroes.juntadeandalucia.es\/temafrontieries\/files\/2015\/03\/horario2-300x211.jpg\" alt=\"horario2\" width=\"300\" height=\"211\" srcset=\"https:\/\/blogsaverroes.juntadeandalucia.es\/ceperelcastillo\/files\/2015\/03\/horario2-300x211.jpg 300w, https:\/\/blogsaverroes.juntadeandalucia.es\/ceperelcastillo\/files\/2015\/03\/horario2.jpg 640w\" sizes=\"(max-width: 300px) 100vw, 300px\" \/><\/p>\n<p>Los podemos encontrar en el Plan de Centro 2023\/24<\/p>\n<h2>JUAN ANTONIO BERRIO IGLESIAS<\/h2>\n<p><strong>&nbsp;<\/strong>El lugar donde imparte su actividad docente es en las aulas de \u00cdllora en los niveles educativos de<\/p>\n<p>T.A.E.(\u00c1mbitodeComunicaci\u00f3n)delosdosgruposdema\u00f1ana y tarde,PlandePatrimonioCulturalAndaluz BarrocoyPlandeIdiomasdeFranc\u00e9s.<\/p>\n<p>&nbsp;<\/p>\n<table>\n<tbody>\n<tr>\n<td width=\"68\">&nbsp;<\/td>\n<td width=\"188\">LUNES<\/td>\n<td width=\"138\">MARTES<\/td>\n<td width=\"170\">MIERCOLES<\/td>\n<td width=\"138\">JUEVES<\/td>\n<td width=\"171\">VIERNES<\/td>\n<\/tr>\n<tr>\n<td width=\"68\">9-11<\/td>\n<td width=\"188\">TAE1 ILLORA LENGUA<\/td>\n<td width=\"138\">&nbsp;<\/td>\n<td width=\"170\">COORDINACION<\/td>\n<td width=\"138\">&nbsp;<\/td>\n<td width=\"171\">FUNCION DIREC<\/td>\n<\/tr>\n<tr>\n<td width=\"68\">11-1<\/td>\n<td width=\"188\">TAE2 ILLORA LENGUA<\/td>\n<td width=\"138\">&nbsp;<\/td>\n<td width=\"170\">REUNIONES EQUIPO DOCENTE<\/td>\n<td width=\"138\">&nbsp;<\/td>\n<td width=\"171\">FUNCION DIREC<\/td>\n<\/tr>\n<tr>\n<td width=\"68\">1-2<\/td>\n<td width=\"188\">TUTORIA TAE2<\/td>\n<td width=\"138\">&nbsp;<\/td>\n<td width=\"170\">TUTORIA TAE\/PLANES ED.<\/td>\n<td width=\"138\">&nbsp;<\/td>\n<td width=\"171\">FUNCION DIREC<\/td>\n<\/tr>\n<tr>\n<td width=\"68\">4-5:30<\/td>\n<td width=\"188\">&nbsp;<\/td>\n<td width=\"138\">TAE 1 ILLORA LENG<\/td>\n<td width=\"170\">PATRIM BARROC ILLORA<\/td>\n<td width=\"138\">PATRIM BARROC ILLORA<\/td>\n<td width=\"171\">&nbsp;<\/td>\n<\/tr>\n<tr>\n<td width=\"68\">5:30-6<\/td>\n<td width=\"188\">&nbsp;<\/td>\n<td width=\"138\">TAE 1 ILLORA LENG<\/td>\n<td width=\"170\">PATRIM BARROC ILLORA<\/td>\n<td width=\"138\">PATRIM BARROC ILLORA<\/td>\n<td width=\"171\">&nbsp;<\/td>\n<\/tr>\n<tr>\n<td width=\"68\">6-8<\/td>\n<td width=\"188\">&nbsp;<\/td>\n<td width=\"138\">TAE 2 ILLORA LENG<\/td>\n<td width=\"170\">FRANCES<\/td>\n<td width=\"138\">FRANCES<\/td>\n<td width=\"171\">&nbsp;<\/td>\n<\/tr>\n<tr>\n<td width=\"68\">8-9<\/td>\n<td width=\"188\">&nbsp;<\/td>\n<td width=\"138\">TUTORIA TAE<\/td>\n<td width=\"170\">REDUCCION 55<\/td>\n<td width=\"138\">REDUCCION 55<\/td>\n<td width=\"171\">&nbsp;<\/td>\n<\/tr>\n<\/tbody>\n<\/table>\n<p><strong>&nbsp;&nbsp;&nbsp;&nbsp;&nbsp;&nbsp;&nbsp;&nbsp;&nbsp;&nbsp;&nbsp;&nbsp;&nbsp;&nbsp;&nbsp;&nbsp;&nbsp;&nbsp;&nbsp;&nbsp;&nbsp;&nbsp;&nbsp; MANUEL ANGEL BERRIO GUTIERREZ<\/strong><\/p>\n<p><strong>&nbsp;<\/strong>Imparte docencia en Ob\u00e9ilar y Esc\u00f3znar para el Plan de Patrimonio Cultural Andaluz y TIC. Tambi\u00e9n imparte TAE ingl\u00e9s en \u00cdllora en los cuatro grupos y TIC en \u00cdllora e Interculturalidad.<\/p>\n<table>\n<tbody>\n<tr>\n<td width=\"68\">&nbsp;<\/td>\n<td width=\"188\">LUNES<\/td>\n<td width=\"138\">MARTES<\/td>\n<td width=\"170\">MIERCOLES<\/td>\n<td width=\"138\">JUEVES<\/td>\n<td width=\"171\">VIERNES<\/td>\n<\/tr>\n<tr>\n<td width=\"68\">9-11<\/td>\n<td width=\"188\">&nbsp;<\/td>\n<td width=\"138\">TAE1 ILLORA ING<\/td>\n<td width=\"170\">COORDINACION<\/td>\n<td width=\"138\">&nbsp;<\/td>\n<td width=\"171\">TIC1 ILLORA<\/td>\n<\/tr>\n<tr>\n<td width=\"68\">11-13<\/td>\n<td width=\"188\">&nbsp;<\/td>\n<td width=\"138\">TAE2 ILLORA ING<\/td>\n<td width=\"170\">REUNIONES EQUIPO DOCENTE<\/td>\n<td width=\"138\">&nbsp;<\/td>\n<td width=\"171\">INTERCULTURAL ILLORA<\/td>\n<\/tr>\n<tr>\n<td width=\"68\">13-14<\/td>\n<td width=\"188\">&nbsp;<\/td>\n<td width=\"138\">TUTORIA TAE2<\/td>\n<td width=\"170\">TUTORIA TAE\/PLANES ED.<\/td>\n<td width=\"138\">&nbsp;<\/td>\n<td width=\"171\">TIC 2 ILLORA<\/td>\n<\/tr>\n<tr>\n<td width=\"68\">16-17:30<\/td>\n<td width=\"188\">PATRIMONIO OBEILAR<\/td>\n<td width=\"138\">&nbsp;<\/td>\n<td width=\"170\">PATRIMONIO OBEILAR<\/td>\n<td width=\"138\">TAE1 ILLORA ING<\/td>\n<td width=\"171\">&nbsp;<\/td>\n<\/tr>\n<tr>\n<td width=\"68\">17:30-18<\/td>\n<td width=\"188\">Itinerancia<\/td>\n<td width=\"138\">&nbsp;<\/td>\n<td width=\"170\">Itinerancia<\/td>\n<td width=\"138\">TAE1 ILLORA ING<\/td>\n<td width=\"171\">&nbsp;<\/td>\n<\/tr>\n<tr>\n<td width=\"68\">18-20<\/td>\n<td width=\"188\">PATRIMONIO ESCOZNAR<\/td>\n<td width=\"138\">&nbsp;<\/td>\n<td width=\"170\">PATRIMONIO ESCOZNAR<\/td>\n<td width=\"138\">TAE 2 ILLORA ING<\/td>\n<td width=\"171\">&nbsp;<\/td>\n<\/tr>\n<tr>\n<td width=\"68\">20-21<\/td>\n<td width=\"188\">TIC ESCOZNAR<\/td>\n<td width=\"138\">&nbsp;<\/td>\n<td width=\"170\">TIC ESCOZNAR<\/td>\n<td width=\"138\">TUTORIA TAE<\/td>\n<td width=\"171\">&nbsp;<\/td>\n<\/tr>\n<\/tbody>\n<\/table>\n<h2>J. JAVIER PE\u00d1A MADRID<\/h2>\n<p><strong>&nbsp;<\/strong><\/p>\n<table>\n<tbody>\n<tr>\n<td width=\"68\">&nbsp;<\/td>\n<td width=\"188\">LUNES<\/td>\n<td width=\"138\">MARTES<\/td>\n<td width=\"170\">MIERCOLES<\/td>\n<td width=\"138\">JUEVES<\/td>\n<td width=\"171\">VIERNES<\/td>\n<\/tr>\n<tr>\n<td width=\"68\">9-11<\/td>\n<td width=\"188\">&nbsp;<\/td>\n<td width=\"138\">&nbsp;<\/td>\n<td width=\"170\">COORDINACION<\/td>\n<td width=\"138\">TIC TOCON<\/td>\n<td width=\"171\">COORD. TDD<\/td>\n<\/tr>\n<tr>\n<td width=\"68\">11-1<\/td>\n<td width=\"188\">&nbsp;<\/td>\n<td width=\"138\">&nbsp;<\/td>\n<td width=\"170\">REUNIONES EQUIPO DOCENTE<\/td>\n<td width=\"138\">TICTAE2 TOCON<\/td>\n<td width=\"171\">FUNCION DIRECTIVA<\/td>\n<\/tr>\n<tr>\n<td width=\"68\">1-2<\/td>\n<td width=\"188\">&nbsp;<\/td>\n<td width=\"138\">&nbsp;<\/td>\n<td width=\"170\">TUTORIA TAE\/PLANES ED.<\/td>\n<td width=\"138\">TICTAE2 TOCON<\/td>\n<td width=\"171\">FUNCION DIRECTIVA<\/td>\n<\/tr>\n<tr>\n<td width=\"68\">4-5:30<\/td>\n<td width=\"188\">PATRIMONIO TOCON<\/td>\n<td width=\"138\">PATRIMONIO TOCON<\/td>\n<td width=\"170\">FUNCION DIRECTIVA<\/td>\n<td width=\"138\">&nbsp;<\/td>\n<td width=\"171\">&nbsp;<\/td>\n<\/tr>\n<tr>\n<td width=\"68\">5:30-6<\/td>\n<td width=\"188\">PATRIMONIO TOCON<\/td>\n<td width=\"138\">PATRIMONIO TOCON<\/td>\n<td width=\"170\">TUTORIA TAE2 TOCON<\/td>\n<td width=\"138\">&nbsp;<\/td>\n<td width=\"171\">&nbsp;<\/td>\n<\/tr>\n<tr>\n<td width=\"68\">6-8<\/td>\n<td width=\"188\">TAE2 TOCON SOCIAL<\/td>\n<td width=\"138\">TIC TOCON<\/td>\n<td width=\"170\">TAE2 TOCON C. TECNOLOGICO<\/td>\n<td width=\"138\">&nbsp;<\/td>\n<td width=\"171\">&nbsp;<\/td>\n<\/tr>\n<tr>\n<td width=\"68\">8-9<\/td>\n<td width=\"188\">TUTORIA TAE2<\/td>\n<td width=\"138\">FUNCION DIRECT.<\/td>\n<td width=\"170\">TAE 2 TOCON C.TECNOLOGICO<\/td>\n<td width=\"138\">&nbsp;<\/td>\n<td width=\"171\">&nbsp;<\/td>\n<\/tr>\n<\/tbody>\n<\/table>\n<p>Imparte docencia especialmente en Toc\u00f3n en los planes Plan de Patrimonio Cultural Andaluz y TAE (\u00e1mbito Social y Cient\u00edfico tecnol\u00f3gico), completando el horario los viernes en \u00cdllora coordinador TIC y Jefatura de Estudios.<\/p>\n<h2>CRISTINA GUERRERO GARC\u00cdA<\/h2>\n<p>Imparte su actividad en la asignatura de T.A.E. (\u00c1mbito de Comunicaci\u00f3n, ingl\u00e9s en Alomartes y Toc\u00f3n), Plan de H\u00e1bitos de Vida Saludable en \u00cdllora y Br\u00e1cana , Plan de uso B\u00e1sico de Idioma Extranjero ingl\u00e9s. Adem\u00e1s de completar su horario con la coordinaci\u00f3n del Plan de Coeducaci\u00f3n, Plan de Biblioteca y Coordinaci\u00f3n con la Escuela Oficial de Idiomas de Loja.<\/p>\n<p>&nbsp;<\/p>\n<table>\n<tbody>\n<tr>\n<td width=\"68\">&nbsp;<\/td>\n<td width=\"184\">LUNES<\/td>\n<td width=\"170\">MARTES<\/td>\n<td width=\"168\">MIERCOLES<\/td>\n<td width=\"136\">JUEVES<\/td>\n<td width=\"177\">VIERNES<\/td>\n<\/tr>\n<tr>\n<td width=\"68\">9-11<\/td>\n<td width=\"184\">&nbsp;<\/td>\n<td width=\"170\">COORD.COEDUCAC<\/td>\n<td width=\"168\">COORDINACION<\/td>\n<td width=\"136\">&nbsp;<\/td>\n<td width=\"177\">COORD.BIBLIOTECA<\/td>\n<\/tr>\n<tr>\n<td width=\"68\">11-13<\/td>\n<td width=\"184\">&nbsp;<\/td>\n<td width=\"170\">H.V.S. ILLORA 2<\/td>\n<td width=\"168\">REUNIONES EQUIPO DOCENTE<\/td>\n<td width=\"136\">&nbsp;<\/td>\n<td width=\"177\">H.V.S. ILLORA<\/td>\n<\/tr>\n<tr>\n<td width=\"68\">13-14<\/td>\n<td width=\"184\">&nbsp;<\/td>\n<td width=\"170\">COORD. PEC EOI IDIOMAS<\/td>\n<td width=\"168\">TUTORIA TAE\/PLANES ED.<\/td>\n<td width=\"136\">&nbsp;<\/td>\n<td width=\"177\">H.V.S. BR\u00c1CANA<\/td>\n<\/tr>\n<tr>\n<td width=\"68\">16-17:30<\/td>\n<td width=\"184\">PATRIMONIO BR\u00c1CANA<\/td>\n<td width=\"170\">&nbsp;<\/td>\n<td width=\"168\">PATRIMONIO BR\u00c1CANA<\/td>\n<td width=\"136\">TAE1 ALOMARTE INGLES<\/td>\n<td width=\"177\">&nbsp;<\/td>\n<\/tr>\n<tr>\n<td width=\"68\">17:30-18<\/td>\n<td width=\"184\">Itinerancia<\/td>\n<td width=\"170\">&nbsp;<\/td>\n<td width=\"168\">Itinerancia<\/td>\n<td width=\"136\">TAE2 ALOMARTE ING<\/td>\n<td width=\"177\">&nbsp;<\/td>\n<\/tr>\n<tr>\n<td width=\"68\">18-20<\/td>\n<td width=\"184\">H.V.S. 1 ILLORA<\/td>\n<td width=\"170\">&nbsp;<\/td>\n<td width=\"168\">H.V.S. 1 ILLORA<\/td>\n<td width=\"136\">TAE 2 TOCON INGLES<\/td>\n<td width=\"177\">&nbsp;<\/td>\n<\/tr>\n<tr>\n<td width=\"68\">20-21<\/td>\n<td width=\"184\">INGLES ILLORA<\/td>\n<td width=\"170\">&nbsp;<\/td>\n<td width=\"168\">INGLES ILLORA<\/td>\n<td width=\"136\">TUTORIA TAE<\/td>\n<td width=\"177\">&nbsp;<\/td>\n<\/tr>\n<\/tbody>\n<\/table>\n<h2>JUAN MARIANO IB\u00c1\u00d1EZ SAMPELAYO<\/h2>\n<p><strong>&nbsp;<\/strong>Imparte docencia en el plan educativos de TAE.(\u00e1mbito social en \u00cdllora y Alomartes), Plan de Patrimonio Cultural Andaluz en Illora, y los martes TAE Lengua en Toc\u00f3n<\/p>\n<p>&nbsp;<\/p>\n<table>\n<tbody>\n<tr>\n<td width=\"68\">&nbsp;<\/td>\n<td width=\"188\">LUNES<\/td>\n<td width=\"138\">MARTES<\/td>\n<td width=\"170\">MIERCOLES<\/td>\n<td width=\"138\">JUEVES<\/td>\n<td width=\"171\">VIERNES<\/td>\n<\/tr>\n<tr>\n<td width=\"68\">9-11<\/td>\n<td width=\"188\">&nbsp;<\/td>\n<td width=\"138\">&nbsp;<\/td>\n<td width=\"170\">COORDINACION<\/td>\n<td width=\"138\">&nbsp;<\/td>\n<td width=\"171\">TAE1 ILLORA SOCIAL<\/td>\n<\/tr>\n<tr>\n<td width=\"68\">11-1<\/td>\n<td width=\"188\">&nbsp;<\/td>\n<td width=\"138\">&nbsp;<\/td>\n<td width=\"170\">REUNIONES EQUIPO DOCENTE<\/td>\n<td width=\"138\">&nbsp;<\/td>\n<td width=\"171\">TAE2 ILLORA SOCIAL<\/td>\n<\/tr>\n<tr>\n<td width=\"68\">1-2<\/td>\n<td width=\"188\">&nbsp;<\/td>\n<td width=\"138\">&nbsp;<\/td>\n<td width=\"170\">TUTORIA TAE\/PLANES ED.<\/td>\n<td width=\"138\">&nbsp;<\/td>\n<td width=\"171\">TUTORIA TAE ILLORA<\/td>\n<\/tr>\n<tr>\n<td width=\"68\">4-5:30<\/td>\n<td width=\"188\">TAE1 ALOMARTES SOCIAL<\/td>\n<td width=\"138\">PATRIMONIO ILLORA<\/td>\n<td width=\"170\">TAE1 ILLORA SOCIAL<\/td>\n<td width=\"138\">PATRIMONIO ILLORA<\/td>\n<td width=\"171\">&nbsp;<\/td>\n<\/tr>\n<tr>\n<td width=\"68\">5:30-6<\/td>\n<td width=\"188\">TAE1 ALOMARTES SOCIAL<\/td>\n<td width=\"138\">Itinerancia<\/td>\n<td width=\"170\">TAE1 ILLORA SOCIAL<\/td>\n<td width=\"138\">TAE 1 ILLORA SOCIAL<\/td>\n<td width=\"171\">&nbsp;<\/td>\n<\/tr>\n<tr>\n<td width=\"68\">6-8<\/td>\n<td width=\"188\">TAE2 ALOMARTES SOCIAL<\/td>\n<td width=\"138\">TAE 2 TOCON LENGUA<\/td>\n<td width=\"170\">TAE2 ILLORA SOCIAL<\/td>\n<td width=\"138\">TAE 2 ILLORA SOCIAL<\/td>\n<td width=\"171\">&nbsp;<\/td>\n<\/tr>\n<tr>\n<td width=\"68\">8-9<\/td>\n<td width=\"188\">TUTORIA TAE2<\/td>\n<td width=\"138\">TUTORIA TAE 2 TOCON<\/td>\n<td width=\"170\">TUTORIA TAE2<\/td>\n<td width=\"138\">TAE 1 ILLORA SOCIAL<\/td>\n<td width=\"171\">&nbsp;<\/td>\n<\/tr>\n<\/tbody>\n<\/table>\n<p><strong>&nbsp;&nbsp;&nbsp;&nbsp;&nbsp;&nbsp;&nbsp;&nbsp;&nbsp;&nbsp;&nbsp;&nbsp;&nbsp;&nbsp;&nbsp;&nbsp;&nbsp;&nbsp;&nbsp;&nbsp;&nbsp;&nbsp;&nbsp;&nbsp;&nbsp;&nbsp;&nbsp; MANUEL GARC\u00cdA CEREZO<\/strong><\/p>\n<p>Imparte sus clases principalmente en Alomartes grupo de TAE nivel 1 y 2 \u00e1mbito Cient\u00edfico Tecnol\u00f3gico&nbsp; y Lunes y Jueves TAE cient\u00edfico en \u00cdllora<\/p>\n<p><strong>&nbsp;<\/strong><\/p>\n<table>\n<tbody>\n<tr>\n<td width=\"68\">&nbsp;<\/td>\n<td width=\"188\">LUNES<\/td>\n<td width=\"150\">MARTES<\/td>\n<td width=\"170\">MIERCOLES<\/td>\n<td width=\"138\">JUEVES<\/td>\n<td width=\"171\">VIERNES<\/td>\n<\/tr>\n<tr>\n<td width=\"68\">9-11<\/td>\n<td width=\"188\">&nbsp;<\/td>\n<td width=\"150\">&nbsp;<\/td>\n<td width=\"170\">COORDINACION<\/td>\n<td width=\"138\">TAE1 ILLORA C. TECNOLO<\/td>\n<td width=\"171\">TIC ALOMARTES<\/td>\n<\/tr>\n<tr>\n<td width=\"68\">11-1<\/td>\n<td width=\"188\">&nbsp;<\/td>\n<td width=\"150\">&nbsp;<\/td>\n<td width=\"170\">REUNIONES EQUIPO DOCENTE<\/td>\n<td width=\"138\">TAE2 Illora C.TECNOLOG<\/td>\n<td width=\"171\">TICTAE 1 ALOMARTES<\/td>\n<\/tr>\n<tr>\n<td width=\"68\">1-2<\/td>\n<td width=\"188\">&nbsp;<\/td>\n<td width=\"150\">&nbsp;<\/td>\n<td width=\"170\">TUTORIA TAE\/PLANES ED.<\/td>\n<td width=\"138\">TUTORIA TAE2 ILLORA C.TECNOLO<\/td>\n<td width=\"171\">TICTAE 2 ALOMARTES<\/td>\n<\/tr>\n<tr>\n<td width=\"68\">4-5:30<\/td>\n<td width=\"188\">TAE1 ILLORA C. TECNOLO<\/td>\n<td width=\"150\">PATRIMONIO ALOMARTES<\/td>\n<td width=\"170\">PATRIMONIO ALOMARTES<\/td>\n<td width=\"138\">&nbsp;<\/td>\n<td width=\"171\">&nbsp;<\/td>\n<\/tr>\n<tr>\n<td width=\"68\">5:30-6<\/td>\n<td width=\"188\">TAE1 Illora C.TECNOLOG<\/td>\n<td width=\"150\">TAE 2 ALOMARTE C. TECNOLOGICO<\/td>\n<td width=\"170\">TAE 2 ALOMARTES<\/p>\n<p>C. TECNOLOGICO<\/td>\n<td width=\"138\">&nbsp;<\/td>\n<td width=\"171\">&nbsp;<\/td>\n<\/tr>\n<tr>\n<td width=\"68\">6-8<\/td>\n<td width=\"188\">TAE2 ILLORA C.TECNOLO<\/td>\n<td width=\"150\">TAE 1 ALOMARTE C.TECNOLOGICO<\/td>\n<td width=\"170\">TAE 1 ALOMARTES C.TECNOLOGICO<\/td>\n<td width=\"138\">&nbsp;<\/td>\n<td width=\"171\">&nbsp;<\/td>\n<\/tr>\n<tr>\n<td width=\"68\">8-9<\/td>\n<td width=\"188\">TUTORIA TAE2<\/td>\n<td width=\"150\">TAE 2 ALOMART<\/p>\n<p>C.TECNOLOGICO<\/td>\n<td width=\"170\">TAE 2 ALOMARTE C.TECNOLOGICO<\/td>\n<td width=\"138\">&nbsp;<\/td>\n<td width=\"171\">&nbsp;<\/td>\n<\/tr>\n<\/tbody>\n<\/table>\n<h2>MARIA LOURDES DIAZ SANCHEZ<\/h2>\n<table>\n<tbody>\n<tr>\n<td width=\"144\">&nbsp;<\/td>\n<td width=\"144\"><strong>LUNES<\/strong><\/td>\n<td width=\"144\"><strong>MARTES<\/strong><\/td>\n<td width=\"156\"><strong>MIERCOLES<\/strong><\/td>\n<td width=\"144\"><strong>JUEVES<\/strong><\/td>\n<td width=\"144\"><strong>VIERNES<\/strong><\/td>\n<\/tr>\n<tr>\n<td width=\"144\"><strong>9:00-10:00<\/strong><\/td>\n<td width=\"144\">GRM<\/td>\n<td width=\"144\">&nbsp;<\/td>\n<td width=\"156\">&nbsp;<\/td>\n<td width=\"144\">&nbsp;<\/td>\n<td width=\"144\">HVS T\u00f3zar<\/td>\n<\/tr>\n<tr>\n<td width=\"144\"><strong>10:00-11:00<\/strong><\/td>\n<td width=\"144\">GRM<\/td>\n<td width=\"144\">&nbsp;<\/td>\n<td width=\"156\">&nbsp;<\/td>\n<td width=\"144\">&nbsp;<\/td>\n<td width=\"144\">HVS T\u00f3zar<\/td>\n<\/tr>\n<tr>\n<td width=\"144\"><strong>11:00-12:00<\/strong><\/td>\n<td width=\"144\">GRM<\/td>\n<td width=\"144\">&nbsp;<\/td>\n<td width=\"156\">&nbsp;<\/td>\n<td width=\"144\">&nbsp;<\/td>\n<td width=\"144\">TIC T\u00f3zar<\/td>\n<\/tr>\n<tr>\n<td width=\"144\"><strong>12:00-13:00<\/strong><\/td>\n<td width=\"144\">GRM<\/td>\n<td width=\"144\">&nbsp;<\/td>\n<td width=\"156\">&nbsp;<\/td>\n<td width=\"144\">&nbsp;<\/td>\n<td width=\"144\">R.I.<\/td>\n<\/tr>\n<tr>\n<td width=\"144\"><strong>13:00-14:00<\/strong><\/td>\n<td width=\"144\">GRM<\/td>\n<td width=\"144\">&nbsp;<\/td>\n<td width=\"156\">&nbsp;<\/td>\n<td width=\"144\">&nbsp;<\/td>\n<td width=\"144\">R.I.<\/td>\n<\/tr>\n<tr>\n<td width=\"144\"><strong>16:00-17:00<\/strong><\/td>\n<td width=\"144\">&nbsp;<\/td>\n<td width=\"144\">Patri. T\u00f3zar<\/td>\n<td width=\"156\">Patri. T\u00f3zar<\/td>\n<td width=\"144\">Patri. Puerto<\/td>\n<td width=\"144\">&nbsp;<\/td>\n<\/tr>\n<tr>\n<td width=\"144\"><strong>17:00-17:30<\/strong><\/td>\n<td width=\"144\">&nbsp;<\/td>\n<td width=\"144\">Patri. T\u00f3zar<\/td>\n<td width=\"156\">Patri. T\u00f3zar<\/td>\n<td width=\"144\">Patri. Puerto<\/td>\n<td width=\"144\">&nbsp;<\/td>\n<\/tr>\n<tr>\n<td width=\"144\"><strong>17:30-18:00<\/strong><\/td>\n<td width=\"144\">&nbsp;<\/td>\n<td width=\"144\">Itinerancia<\/td>\n<td width=\"156\">Itinerancia<\/td>\n<td width=\"144\">&nbsp;Itinerancia<\/td>\n<td width=\"144\">&nbsp;<\/td>\n<\/tr>\n<tr>\n<td width=\"144\"><strong>18:00-18:30<\/strong><\/td>\n<td width=\"144\">&nbsp;<\/td>\n<td width=\"144\">TAE Puerto<\/td>\n<td width=\"156\">Patri. Puerto<\/td>\n<td width=\"144\">GRM<\/td>\n<td width=\"144\">&nbsp;<\/td>\n<\/tr>\n<tr>\n<td width=\"144\"><strong>18:30-19:00<\/strong><\/td>\n<td width=\"144\">&nbsp;<\/td>\n<td width=\"144\">TAE Puerto<\/td>\n<td width=\"156\">Patri. Puerto<\/td>\n<td width=\"144\">GRM<\/td>\n<td width=\"144\">&nbsp;<\/td>\n<\/tr>\n<tr>\n<td width=\"144\"><strong>19:00-21:00<\/strong><\/td>\n<td width=\"144\">&nbsp;<\/td>\n<td width=\"144\">TAE Puerto<\/td>\n<td width=\"156\">Extranjeros Puerto<\/td>\n<td width=\"144\">GRM<\/td>\n<td width=\"144\">&nbsp;<\/td>\n<\/tr>\n<\/tbody>\n<\/table>\n<p><strong>&nbsp;<\/strong>Imparte docencia en el Plan de Patrimonio en las localidades de T\u00f3zar y Puerto Lope. As\u00ed mismo, el Plan de Interculturalidad en las localidades de Puerto Lope. Adem\u00e1s, imparte el \u00e1mbito Social de la ESA y Grado Medio de Auxiliar de Enfermer\u00eda en Olivares.<\/p>\n<p>Esta docente se desplaza tres d\u00edas en semana para atender a dos planes en Puerto Lope y Tae y grado medio en Olivares.<\/p>\n<h2>CRISTINA SIERRA MARTIN<\/h2>\n<p><strong>&nbsp;<\/strong><\/p>\n<table>\n<tbody>\n<tr>\n<td width=\"144\">&nbsp;<\/td>\n<td width=\"144\"><strong>LUNES<\/strong><\/td>\n<td width=\"144\"><strong>MARTES<\/strong><\/td>\n<td width=\"156\"><strong>MIERCOLES<\/strong><\/td>\n<td width=\"144\"><strong>JUEVES<\/strong><\/td>\n<td width=\"144\"><strong>VIERNES<\/strong><\/td>\n<\/tr>\n<tr>\n<td width=\"144\"><strong>9:00-10:00<\/strong><\/td>\n<td width=\"144\">&nbsp;<\/td>\n<td width=\"144\">&nbsp;<\/td>\n<td width=\"156\">&nbsp;<\/td>\n<td width=\"144\">GRM<\/td>\n<td width=\"144\">HVS Olivares<\/td>\n<\/tr>\n<tr>\n<td width=\"144\"><strong>10:00-11:00<\/strong><\/td>\n<td width=\"144\">&nbsp;<\/td>\n<td width=\"144\">&nbsp;<\/td>\n<td width=\"156\">&nbsp;<\/td>\n<td width=\"144\">GRM<\/td>\n<td width=\"144\">HVS Olivares<\/td>\n<\/tr>\n<tr>\n<td width=\"144\"><strong>11:00-12:00<\/strong><\/td>\n<td width=\"144\">&nbsp;<\/td>\n<td width=\"144\">&nbsp;<\/td>\n<td width=\"156\">&nbsp;<\/td>\n<td width=\"144\">GRM<\/td>\n<td width=\"144\">F.D.<\/td>\n<\/tr>\n<tr>\n<td width=\"144\"><strong>12:00-13:00<\/strong><\/td>\n<td width=\"144\">&nbsp;<\/td>\n<td width=\"144\">&nbsp;<\/td>\n<td width=\"156\">&nbsp;<\/td>\n<td width=\"144\">GRM<\/td>\n<td width=\"144\">F.D<\/td>\n<\/tr>\n<tr>\n<td width=\"144\"><strong>13:00-14:00<\/strong><\/td>\n<td width=\"144\">&nbsp;<\/td>\n<td width=\"144\">&nbsp;<\/td>\n<td width=\"156\">&nbsp;<\/td>\n<td width=\"144\">GRM<\/td>\n<td width=\"144\">F.D.<\/td>\n<\/tr>\n<tr>\n<td width=\"144\"><strong>16:00-17:00<\/strong><\/td>\n<td width=\"144\">HVS Olivares<\/td>\n<td width=\"144\">Patri. Tiena<\/td>\n<td width=\"156\">Patri. Tiena<\/td>\n<td width=\"144\">&nbsp;<\/td>\n<td width=\"144\">&nbsp;<\/td>\n<\/tr>\n<tr>\n<td width=\"144\"><strong>17:00-17:30<\/strong><\/td>\n<td width=\"144\">HVS Olivares<\/td>\n<td width=\"144\">Itinerancia<\/td>\n<td width=\"156\">Patri. Tiena<\/td>\n<td width=\"144\">&nbsp;<\/td>\n<td width=\"144\">&nbsp;<\/td>\n<\/tr>\n<tr>\n<td width=\"144\"><strong>17:30-18:00<\/strong><\/td>\n<td width=\"144\">Itinerancia<\/td>\n<td width=\"144\">GRM<\/td>\n<td width=\"156\">Itinerancia<\/td>\n<td width=\"144\">&nbsp;<\/td>\n<td width=\"144\">&nbsp;<\/td>\n<\/tr>\n<tr>\n<td width=\"144\"><strong>18:00-18:30<\/strong><\/td>\n<td width=\"144\">Patri. Puerto<\/td>\n<td width=\"144\">GRM<\/td>\n<td width=\"156\">TAE Puerto<\/td>\n<td width=\"144\">&nbsp;<\/td>\n<td width=\"144\">&nbsp;<\/td>\n<\/tr>\n<tr>\n<td width=\"144\"><strong>18:30-19:00<\/strong><\/td>\n<td width=\"144\">Patri. Puerto<\/td>\n<td width=\"144\">GRM<\/td>\n<td width=\"156\">TAE Puerto<\/td>\n<td width=\"144\">&nbsp;<\/td>\n<td width=\"144\">&nbsp;<\/td>\n<\/tr>\n<tr>\n<td width=\"144\"><strong>19:00-21:00<\/strong><\/td>\n<td width=\"144\">Ingl\u00e9s Puerto<\/td>\n<td width=\"144\">GRM<\/td>\n<td width=\"156\">TAE Puerto<\/td>\n<td width=\"144\">&nbsp;<\/td>\n<td width=\"144\">&nbsp;<\/td>\n<\/tr>\n<\/tbody>\n<\/table>\n<p>Esta docente imparte el Plan de Patrimonio en Tiena. Dos asignaturas de Grado Medio y Tae de \u00e1mbito Comunicativo en Puerto Lope. El Plan de H\u00e1bitos de Vida Saludable en Olivares. Completa su horario con la coordinaci\u00f3n del Programa CIMA, h\u00e1bitos de vida saludable forma joven y la Funci\u00f3n de Jefatura. Realiza desplazamientos los lunes para atender al Patrimonio e Ingl\u00e9s de Puerto lope, Los martes y miercoles para ir a TAE en Puerto Lope y Grado medio en Olivares.<\/p>\n","protected":false},"excerpt":{"rendered":"<p>Los podemos encontrar en el Plan de Centro 2023\/24 JUAN ANTONIO BERRIO IGLESIAS &nbsp;El lugar donde imparte su actividad docente es en las aulas de \u00cdllora en los niveles educativos de T.A.E.(\u00c1mbitodeComunicaci\u00f3n)delosdosgruposdema\u00f1ana y tarde,PlandePatrimonioCulturalAndaluz BarrocoyPlandeIdiomasdeFranc\u00e9s. &nbsp; &nbsp; LUNES MARTES MIERCOLES JUEVES VIERNES 9-11 TAE1 ILLORA LENGUA &nbsp; COORDINACION &nbsp; FUNCION DIREC 11-1 TAE2 ILLORA LENGUA &hellip; <a href=\"https:\/\/blogsaverroes.juntadeandalucia.es\/ceperelcastillo\/horarios\/\" class=\"more-link\">Seguir leyendo <span class=\"screen-reader-text\">Horarios<\/span> <span class=\"meta-nav\">&rarr;<\/span><\/a><\/p>\n","protected":false},"author":1,"featured_media":0,"parent":0,"menu_order":0,"comment_status":"closed","ping_status":"open","template":"","meta":{"ngg_post_thumbnail":0,"footnotes":"","_mc_calendar":[]},"aioseo_notices":[],"_links":{"self":[{"href":"https:\/\/blogsaverroes.juntadeandalucia.es\/ceperelcastillo\/wp-json\/wp\/v2\/pages\/82"}],"collection":[{"href":"https:\/\/blogsaverroes.juntadeandalucia.es\/ceperelcastillo\/wp-json\/wp\/v2\/pages"}],"about":[{"href":"https:\/\/blogsaverroes.juntadeandalucia.es\/ceperelcastillo\/wp-json\/wp\/v2\/types\/page"}],"author":[{"embeddable":true,"href":"https:\/\/blogsaverroes.juntadeandalucia.es\/ceperelcastillo\/wp-json\/wp\/v2\/users\/1"}],"replies":[{"embeddable":true,"href":"https:\/\/blogsaverroes.juntadeandalucia.es\/ceperelcastillo\/wp-json\/wp\/v2\/comments?post=82"}],"version-history":[{"count":7,"href":"https:\/\/blogsaverroes.juntadeandalucia.es\/ceperelcastillo\/wp-json\/wp\/v2\/pages\/82\/revisions"}],"predecessor-version":[{"id":4102,"href":"https:\/\/blogsaverroes.juntadeandalucia.es\/ceperelcastillo\/wp-json\/wp\/v2\/pages\/82\/revisions\/4102"}],"wp:attachment":[{"href":"https:\/\/blogsaverroes.juntadeandalucia.es\/ceperelcastillo\/wp-json\/wp\/v2\/media?parent=82"}],"curies":[{"name":"wp","href":"https:\/\/api.w.org\/{rel}","templated":true}]}}