{"id":869,"date":"2015-03-16T07:03:52","date_gmt":"2015-03-16T07:03:52","guid":{"rendered":"http:\/\/blogsaverroes.juntadeandalucia.es\/pre\/ceip\/?page_id=84"},"modified":"2024-11-29T08:45:33","modified_gmt":"2024-11-29T08:45:33","slug":"calendario-escolar","status":"publish","type":"page","link":"https:\/\/blogsaverroes.juntadeandalucia.es\/ceperelcastillo\/calendario-escolar\/","title":{"rendered":"Calendario escolar"},"content":{"rendered":"<p style=\"text-align: center\">&nbsp;<\/p>\n<h2>&nbsp;<\/h2>\n<form name=\"s2form\" method=\"post\" action=\"\"><input type=\"hidden\" name=\"ip\" value=\"10.227.200.5\" \/><span style=\"display:none !important\"><label for=\"firstname\">Leave This Blank:<\/label><input type=\"text\" id=\"firstname\" name=\"firstname\" \/><label for=\"lastname\">Leave This Blank Too:<\/label><input type=\"text\" id=\"lastname\" name=\"lastname\" \/><label for=\"uri\">Do Not Change This:<\/label><input type=\"text\" id=\"uri\" name=\"uri\" value=\"http:\/\/\" \/><\/span><p><label for=\"s2email\">Tu correo electr\u00f3nico:<\/label><br><input type=\"email\" name=\"email\" id=\"s2email\" value=\"Introduce tu direcci\u00f3n de correo electr\u00f3nico...\" size=\"20\" onfocus=\"if (this.value === 'Introduce tu direcci\u00f3n de correo electr\u00f3nico...') {this.value = '';}\" onblur=\"if (this.value === '') {this.value = 'Introduce tu direcci\u00f3n de correo electr\u00f3nico...';}\" \/><\/p><p><input type=\"submit\" name=\"subscribe\" value=\"Suscribirme\" \/>&nbsp;<input type=\"submit\" name=\"unsubscribe\" value=\"Cancelar suscripci\u00f3n\" \/><\/p><\/form>\r\n\n<p><img loading=\"lazy\" decoding=\"async\" class=\"aligncenter size-medium wp-image-4252\" src=\"https:\/\/blogsaverroes.juntadeandalucia.es\/ceperelcastillo\/files\/2024\/11\/calendario_jpg-221x300.jpg\" alt=\"\" width=\"221\" height=\"300\" srcset=\"https:\/\/blogsaverroes.juntadeandalucia.es\/ceperelcastillo\/files\/2024\/11\/calendario_jpg-221x300.jpg 221w, https:\/\/blogsaverroes.juntadeandalucia.es\/ceperelcastillo\/files\/2024\/11\/calendario_jpg-755x1024.jpg 755w, https:\/\/blogsaverroes.juntadeandalucia.es\/ceperelcastillo\/files\/2024\/11\/calendario_jpg-768x1042.jpg 768w, https:\/\/blogsaverroes.juntadeandalucia.es\/ceperelcastillo\/files\/2024\/11\/calendario_jpg-1133x1536.jpg 1133w, https:\/\/blogsaverroes.juntadeandalucia.es\/ceperelcastillo\/files\/2024\/11\/calendario_jpg-700x949.jpg 700w, https:\/\/blogsaverroes.juntadeandalucia.es\/ceperelcastillo\/files\/2024\/11\/calendario_jpg.jpg 1180w\" sizes=\"(max-width: 221px) 100vw, 221px\" \/><\/p>\n<h2>La duraci\u00f3n del curso ser\u00e1 de 178 d\u00edas lectivos para los centros del Segundo Ciclo de Educaci\u00f3n Infantil, Educaci\u00f3n Primaria y Educaci\u00f3n Especial y de 175 para el resto de ense\u00f1anzas.<\/h2>\n","protected":false},"excerpt":{"rendered":"<p>&nbsp; &nbsp; La duraci\u00f3n del curso ser\u00e1 de 178 d\u00edas lectivos para los centros del Segundo Ciclo de Educaci\u00f3n Infantil, Educaci\u00f3n Primaria y Educaci\u00f3n Especial y de 175 para el resto de ense\u00f1anzas.<\/p>\n","protected":false},"author":1,"featured_media":0,"parent":0,"menu_order":0,"comment_status":"closed","ping_status":"open","template":"","meta":{"ngg_post_thumbnail":0,"footnotes":"","_mc_calendar":[]},"aioseo_notices":[],"_links":{"self":[{"href":"https:\/\/blogsaverroes.juntadeandalucia.es\/ceperelcastillo\/wp-json\/wp\/v2\/pages\/869"}],"collection":[{"href":"https:\/\/blogsaverroes.juntadeandalucia.es\/ceperelcastillo\/wp-json\/wp\/v2\/pages"}],"about":[{"href":"https:\/\/blogsaverroes.juntadeandalucia.es\/ceperelcastillo\/wp-json\/wp\/v2\/types\/page"}],"author":[{"embeddable":true,"href":"https:\/\/blogsaverroes.juntadeandalucia.es\/ceperelcastillo\/wp-json\/wp\/v2\/users\/1"}],"replies":[{"embeddable":true,"href":"https:\/\/blogsaverroes.juntadeandalucia.es\/ceperelcastillo\/wp-json\/wp\/v2\/comments?post=869"}],"version-history":[{"count":11,"href":"https:\/\/blogsaverroes.juntadeandalucia.es\/ceperelcastillo\/wp-json\/wp\/v2\/pages\/869\/revisions"}],"predecessor-version":[{"id":4253,"href":"https:\/\/blogsaverroes.juntadeandalucia.es\/ceperelcastillo\/wp-json\/wp\/v2\/pages\/869\/revisions\/4253"}],"wp:attachment":[{"href":"https:\/\/blogsaverroes.juntadeandalucia.es\/ceperelcastillo\/wp-json\/wp\/v2\/media?parent=869"}],"curies":[{"name":"wp","href":"https:\/\/api.w.org\/{rel}","templated":true}]}}