{"id":147,"date":"2015-03-17T07:46:52","date_gmt":"2015-03-17T07:46:52","guid":{"rendered":"http:\/\/blogsaverroes.juntadeandalucia.es\/pre\/ceip\/?page_id=147"},"modified":"2023-02-24T23:15:14","modified_gmt":"2023-02-24T23:15:14","slug":"clasicas","status":"publish","type":"page","link":"https:\/\/blogsaverroes.juntadeandalucia.es\/ceperelenamartinvivaldi\/clasicas\/","title":{"rendered":"Prueba de Acceso a Ciclos Formativos de Grado Superior"},"content":{"rendered":"<header class=\"entry-header\">\n<h1 class=\"entry-title\">Acceso a Ciclos Formativos de Grado Superior<\/h1>\n<\/header>\n<div class=\"entry-content\">\n<p>Las pruebas de acceso a los ciclos formativos de formaci\u00f3n profesional se destinan a la ciudadan\u00eda que desea cursar un ciclo formativo y no posee el requisito acad\u00e9mico necesario.<\/p>\n<p>La prueba de acceso a los&nbsp;<strong>ciclos formativos de grado superior&nbsp;<\/strong>tiene como finalidad permitir a las personas que no poseen el t\u00edtulo de Bachiller continuar su formaci\u00f3n accediendo a los ciclos formativos de grado superior. Para ello deber\u00e1 demostrar que poseen la madurez en relaci\u00f3n con los objetivos de Bachillerato y sus capacidades referentes al campo profesional de que se trate.<\/p>\n<ul>\n<li><strong>Contenidos y Recursos para la preparaci\u00f3n para las Pruebas de Acceso a Grado Superior<\/strong><\/li>\n<\/ul>\n<p style=\"text-align: center\"><span style=\"background-color: #00ffff\"><a style=\"background-color: #00ffff\" href=\"https:\/\/www.juntadeandalucia.es\/educacion\/permanente\/materiales\/index.php?etapa=5\"><em><strong>Pincha aqu\u00ed<\/strong><\/em><\/a><\/span><\/p>\n<\/div>\n","protected":false},"excerpt":{"rendered":"<p>Acceso a Ciclos Formativos de Grado Superior Las pruebas de acceso a los ciclos formativos de formaci\u00f3n profesional se destinan a la ciudadan\u00eda que desea cursar un ciclo formativo y no posee el requisito&#46;&#46;&#46;<\/p>\n","protected":false},"author":1,"featured_media":0,"parent":0,"menu_order":0,"comment_status":"open","ping_status":"open","template":"page-templates\/child-menu.php","meta":{"ngg_post_thumbnail":0,"footnotes":"","_mc_calendar":[]},"aioseo_notices":[],"_links":{"self":[{"href":"https:\/\/blogsaverroes.juntadeandalucia.es\/ceperelenamartinvivaldi\/wp-json\/wp\/v2\/pages\/147"}],"collection":[{"href":"https:\/\/blogsaverroes.juntadeandalucia.es\/ceperelenamartinvivaldi\/wp-json\/wp\/v2\/pages"}],"about":[{"href":"https:\/\/blogsaverroes.juntadeandalucia.es\/ceperelenamartinvivaldi\/wp-json\/wp\/v2\/types\/page"}],"author":[{"embeddable":true,"href":"https:\/\/blogsaverroes.juntadeandalucia.es\/ceperelenamartinvivaldi\/wp-json\/wp\/v2\/users\/1"}],"replies":[{"embeddable":true,"href":"https:\/\/blogsaverroes.juntadeandalucia.es\/ceperelenamartinvivaldi\/wp-json\/wp\/v2\/comments?post=147"}],"version-history":[{"count":18,"href":"https:\/\/blogsaverroes.juntadeandalucia.es\/ceperelenamartinvivaldi\/wp-json\/wp\/v2\/pages\/147\/revisions"}],"predecessor-version":[{"id":3068,"href":"https:\/\/blogsaverroes.juntadeandalucia.es\/ceperelenamartinvivaldi\/wp-json\/wp\/v2\/pages\/147\/revisions\/3068"}],"wp:attachment":[{"href":"https:\/\/blogsaverroes.juntadeandalucia.es\/ceperelenamartinvivaldi\/wp-json\/wp\/v2\/media?parent=147"}],"curies":[{"name":"wp","href":"https:\/\/api.w.org\/{rel}","templated":true}]}}