{"id":166,"date":"2015-03-17T07:53:12","date_gmt":"2015-03-17T07:53:12","guid":{"rendered":"http:\/\/blogsaverroes.juntadeandalucia.es\/pre\/ceip\/?page_id=166"},"modified":"2023-02-24T23:41:59","modified_gmt":"2023-02-24T23:41:59","slug":"clasicas-2","status":"publish","type":"page","link":"https:\/\/blogsaverroes.juntadeandalucia.es\/ceperelenamartinvivaldi\/clasicas-2\/","title":{"rendered":"Tutor\u00eda de Apoyo al Estudio &#8211; T\u00edtulo ESO"},"content":{"rendered":"<p class=\"p1\">Tutor\u00eda de apoyo al estudio para el seguimiento de la modalidad semipresencial en la ESO por medio de una plataforma online con clases presenciales en Santa Fe, C\u00fallar Vega, Belicena o Valderrubio. Tambi\u00e9n en las secciones de Chauchina, Cijuela, Fuente Vaqueros y L\u00e1char.<\/p>\n<p class=\"p1\">Se imparte exclusivamente en modalidad presencial y se requieren conocimientos a nivel de usuario de inform\u00e1tica. La finalidad de este plan es la preparaci\u00f3n <b>la obtenci\u00f3n del t\u00edtulo de la ESO.<\/b><\/p>\n<ul>\n<li>Los contenidos se agrupan por <strong>\u00e1mbitos,&nbsp;<\/strong>no por materias: \u00e1mbito de comunicaci\u00f3n, \u00e1mbito cient\u00edfico-tecnol\u00f3gico y \u00e1mbito social.<\/li>\n<li>Posibilidad de&nbsp;<strong>matr\u00edcula parcial<\/strong>&nbsp;por \u00e1mbitos en todas las modalidades.<\/li>\n<li>Reconocimiento y equivalencia de aprendizajes adquiridos, tanto si accedes a la ESO por primera vez como si provienes del r\u00e9gimen ordinario de estas ense\u00f1anzas. Adem\u00e1s se reconocer\u00e1n aquellos \u00e1mbitos superadas en las&nbsp; pruebas para la obtenci\u00f3n del T\u00edtulo de Graduado en ESO para mayores de 18 a\u00f1os. Estos \u00e1mbitos, una vez superados, no deben ser cursados de nuevo.<\/li>\n<\/ul>\n<ul>\n<li><strong>Contenidos y Recursos online de la Junta de Andaluc\u00eda para la preparaci\u00f3n:&nbsp; <\/strong><a href=\"https:\/\/www.juntadeandalucia.es\/educacion\/permanente\/materiales\/index.php?etapa=2\"><em style=\"text-align: center\"><strong>Pincha aqu\u00ed<\/strong><\/em><\/a><\/li>\n<\/ul>\n","protected":false},"excerpt":{"rendered":"<p>Tutor\u00eda de apoyo al estudio para el seguimiento de la modalidad semipresencial en la ESO por medio de una plataforma online con clases presenciales en Santa Fe, C\u00fallar Vega, Belicena o Valderrubio. Tambi\u00e9n en&#46;&#46;&#46;<\/p>\n","protected":false},"author":1,"featured_media":0,"parent":0,"menu_order":0,"comment_status":"open","ping_status":"open","template":"page-templates\/child-menu.php","meta":{"ngg_post_thumbnail":0,"footnotes":"","_mc_calendar":[]},"aioseo_notices":[],"_links":{"self":[{"href":"https:\/\/blogsaverroes.juntadeandalucia.es\/ceperelenamartinvivaldi\/wp-json\/wp\/v2\/pages\/166"}],"collection":[{"href":"https:\/\/blogsaverroes.juntadeandalucia.es\/ceperelenamartinvivaldi\/wp-json\/wp\/v2\/pages"}],"about":[{"href":"https:\/\/blogsaverroes.juntadeandalucia.es\/ceperelenamartinvivaldi\/wp-json\/wp\/v2\/types\/page"}],"author":[{"embeddable":true,"href":"https:\/\/blogsaverroes.juntadeandalucia.es\/ceperelenamartinvivaldi\/wp-json\/wp\/v2\/users\/1"}],"replies":[{"embeddable":true,"href":"https:\/\/blogsaverroes.juntadeandalucia.es\/ceperelenamartinvivaldi\/wp-json\/wp\/v2\/comments?post=166"}],"version-history":[{"count":8,"href":"https:\/\/blogsaverroes.juntadeandalucia.es\/ceperelenamartinvivaldi\/wp-json\/wp\/v2\/pages\/166\/revisions"}],"predecessor-version":[{"id":3073,"href":"https:\/\/blogsaverroes.juntadeandalucia.es\/ceperelenamartinvivaldi\/wp-json\/wp\/v2\/pages\/166\/revisions\/3073"}],"wp:attachment":[{"href":"https:\/\/blogsaverroes.juntadeandalucia.es\/ceperelenamartinvivaldi\/wp-json\/wp\/v2\/media?parent=166"}],"curies":[{"name":"wp","href":"https:\/\/api.w.org\/{rel}","templated":true}]}}