{"id":168,"date":"2015-03-17T07:54:01","date_gmt":"2015-03-17T07:54:01","guid":{"rendered":"http:\/\/blogsaverroes.juntadeandalucia.es\/pre\/ceip\/?page_id=168"},"modified":"2020-06-08T23:49:56","modified_gmt":"2020-06-08T23:49:56","slug":"tic-informatica","status":"publish","type":"page","link":"https:\/\/blogsaverroes.juntadeandalucia.es\/ceperelenamartinvivaldi\/oferta-educativa\/tic-informatica\/","title":{"rendered":"Tecnolog\u00edas de la Informaci\u00f3n y la Comunicaci\u00f3n"},"content":{"rendered":"<h2 id=\"consejeria\" class=\"TituloPlegable seccionDesplegada\"><em>Plan para la ciudadan\u00eda Activa: <\/em><\/h2>\n<h3 class=\"TituloPlegable seccionDesplegada\"><em>Uso b\u00e1sico de las Tecnolog\u00edas de Informaci\u00f3n y Comunicaci\u00f3n <\/em>permitir\u00e1 la incorporaci\u00f3n de las personas adultas de la sociedad del conocimiento. As\u00ed, podr\u00e1n tener acceso a la informaci\u00f3n digital y hacer uso adecuado de \u00e9sta.<\/h3>\n","protected":false},"excerpt":{"rendered":"<p>Plan para la ciudadan\u00eda Activa: Uso b\u00e1sico de las Tecnolog\u00edas de Informaci\u00f3n y Comunicaci\u00f3n permitir\u00e1 la incorporaci\u00f3n de las personas adultas de la sociedad del conocimiento. As\u00ed, podr\u00e1n tener acceso a la informaci\u00f3n digital&#46;&#46;&#46;<\/p>\n","protected":false},"author":1,"featured_media":0,"parent":2551,"menu_order":7,"comment_status":"closed","ping_status":"closed","template":"page-templates\/child-menu.php","meta":{"ngg_post_thumbnail":0,"footnotes":"","_mc_calendar":[]},"aioseo_notices":[],"_links":{"self":[{"href":"https:\/\/blogsaverroes.juntadeandalucia.es\/ceperelenamartinvivaldi\/wp-json\/wp\/v2\/pages\/168"}],"collection":[{"href":"https:\/\/blogsaverroes.juntadeandalucia.es\/ceperelenamartinvivaldi\/wp-json\/wp\/v2\/pages"}],"about":[{"href":"https:\/\/blogsaverroes.juntadeandalucia.es\/ceperelenamartinvivaldi\/wp-json\/wp\/v2\/types\/page"}],"author":[{"embeddable":true,"href":"https:\/\/blogsaverroes.juntadeandalucia.es\/ceperelenamartinvivaldi\/wp-json\/wp\/v2\/users\/1"}],"replies":[{"embeddable":true,"href":"https:\/\/blogsaverroes.juntadeandalucia.es\/ceperelenamartinvivaldi\/wp-json\/wp\/v2\/comments?post=168"}],"version-history":[{"count":6,"href":"https:\/\/blogsaverroes.juntadeandalucia.es\/ceperelenamartinvivaldi\/wp-json\/wp\/v2\/pages\/168\/revisions"}],"predecessor-version":[{"id":2636,"href":"https:\/\/blogsaverroes.juntadeandalucia.es\/ceperelenamartinvivaldi\/wp-json\/wp\/v2\/pages\/168\/revisions\/2636"}],"up":[{"embeddable":true,"href":"https:\/\/blogsaverroes.juntadeandalucia.es\/ceperelenamartinvivaldi\/wp-json\/wp\/v2\/pages\/2551"}],"wp:attachment":[{"href":"https:\/\/blogsaverroes.juntadeandalucia.es\/ceperelenamartinvivaldi\/wp-json\/wp\/v2\/media?parent=168"}],"curies":[{"name":"wp","href":"https:\/\/api.w.org\/{rel}","templated":true}]}}