{"id":176,"date":"2015-03-17T07:56:30","date_gmt":"2015-03-17T07:56:30","guid":{"rendered":"http:\/\/blogsaverroes.juntadeandalucia.es\/pre\/ceip\/?page_id=176"},"modified":"2020-06-08T18:00:01","modified_gmt":"2020-06-08T18:00:01","slug":"educacion-fisica","status":"publish","type":"page","link":"https:\/\/blogsaverroes.juntadeandalucia.es\/ceperelenamartinvivaldi\/educacion-fisica\/","title":{"rendered":"Ingl\u00e9s B\u00e1sico"},"content":{"rendered":"<header class=\"entry-header\">\n<h1 class=\"entry-title\">Uso B\u00e1sico de Idiomas (Ingl\u00e9s)<\/h1>\n<\/header>\n<div class=\"entry-content\">\n<p>Para aquellas personas que han tomado la decisi\u00f3n de aprender un idioma extranjero como el ingl\u00e9s se abren las puertas a un mundo nuevo. Adem\u00e1s de aprender la lengua, surgir\u00e1n ante&nbsp;ti nuevos horizontes culturales y personales. Comienza aqu\u00ed un viaje a otra realidad ling\u00fc\u00edstica, a otras costumbres y maneras de pensar. Durante el trayecto comenzar\u00e1s a entender la manera de actuar y de ser&nbsp;de otras personas que viven en pa\u00edses no tan lejanos.<\/p>\n<p>De forma mucho m\u00e1s pr\u00e1ctica, ser\u00e1s capaz de comunicarte con otras personas en ingl\u00e9s. Es un acercamiento a otras lenguas y culturas y tendr\u00e1s la confianza suficiente para establecer intercambios comunicativos con personas cuya lengua nativa es el ingl\u00e9s. Hemos dise\u00f1ado un curso que te ayudar\u00e1 a entender la lengua y a hablarla.<\/p>\n<p>Los grupos se organizan en 3 niveles, nivel 1, nivel 2 y B1.<\/p>\n<\/div>\n","protected":false},"excerpt":{"rendered":"<p>Uso B\u00e1sico de Idiomas (Ingl\u00e9s) Para aquellas personas que han tomado la decisi\u00f3n de aprender un idioma extranjero como el ingl\u00e9s se abren las puertas a un mundo nuevo. Adem\u00e1s de aprender la lengua,&#46;&#46;&#46;<\/p>\n","protected":false},"author":1,"featured_media":0,"parent":0,"menu_order":0,"comment_status":"open","ping_status":"open","template":"page-templates\/child-menu.php","meta":{"ngg_post_thumbnail":0,"footnotes":"","_mc_calendar":[]},"aioseo_notices":[],"_links":{"self":[{"href":"https:\/\/blogsaverroes.juntadeandalucia.es\/ceperelenamartinvivaldi\/wp-json\/wp\/v2\/pages\/176"}],"collection":[{"href":"https:\/\/blogsaverroes.juntadeandalucia.es\/ceperelenamartinvivaldi\/wp-json\/wp\/v2\/pages"}],"about":[{"href":"https:\/\/blogsaverroes.juntadeandalucia.es\/ceperelenamartinvivaldi\/wp-json\/wp\/v2\/types\/page"}],"author":[{"embeddable":true,"href":"https:\/\/blogsaverroes.juntadeandalucia.es\/ceperelenamartinvivaldi\/wp-json\/wp\/v2\/users\/1"}],"replies":[{"embeddable":true,"href":"https:\/\/blogsaverroes.juntadeandalucia.es\/ceperelenamartinvivaldi\/wp-json\/wp\/v2\/comments?post=176"}],"version-history":[{"count":6,"href":"https:\/\/blogsaverroes.juntadeandalucia.es\/ceperelenamartinvivaldi\/wp-json\/wp\/v2\/pages\/176\/revisions"}],"predecessor-version":[{"id":2634,"href":"https:\/\/blogsaverroes.juntadeandalucia.es\/ceperelenamartinvivaldi\/wp-json\/wp\/v2\/pages\/176\/revisions\/2634"}],"wp:attachment":[{"href":"https:\/\/blogsaverroes.juntadeandalucia.es\/ceperelenamartinvivaldi\/wp-json\/wp\/v2\/media?parent=176"}],"curies":[{"name":"wp","href":"https:\/\/api.w.org\/{rel}","templated":true}]}}