{"id":2652,"date":"2020-06-08T21:42:43","date_gmt":"2020-06-08T21:42:43","guid":{"rendered":"https:\/\/blogsaverroes.juntadeandalucia.es\/ceperelenamartinvivaldi\/?page_id=2652"},"modified":"2023-02-24T23:31:44","modified_gmt":"2023-02-24T23:31:44","slug":"tae-eoi-granada-a1-a2","status":"publish","type":"page","link":"https:\/\/blogsaverroes.juntadeandalucia.es\/ceperelenamartinvivaldi\/tae-eoi-granada-a1-a2\/","title":{"rendered":"TAE &#8211; EOI GRANADA (A1-A2)"},"content":{"rendered":"<p>Tutor\u00eda de Apoyo al Estudio de niveles b\u00e1sicos de idiomas (ingl\u00e9s A1-A2)&nbsp;<\/p>\n<ul>\n<li><strong>Semipresencial<\/strong>: la ense\u00f1anza semipresencial facilita al alumnado adulto la conciliaci\u00f3n del aprendizaje de idiomas con la vida laboral y personal. En esta modalidad, se combina la docencia telem\u00e1tica a trav\u00e9s de una plataforma online, con 2 sesiones presenciales a la semana en nuestro Ceper, destinadas a la pr\u00e1ctica de actividades de producci\u00f3n y coproducci\u00f3n de textos orales y mediaci\u00f3n oral.&nbsp;<\/li>\n<li>Se puede cursar el A1 o el A2 con la ESCUELA OFICIAL DE IDIOMAS DE GRANADA y con clases presenciales de tutorizaci\u00f3n en Santa Fe y C\u00fallar Vega (depender\u00e1 del n\u00famero de matr\u00edculas)<\/li>\n<li>Es importante tener conocimientos a nivel de usuario en el manejo de las nuevas tecnolog\u00edas ya que se estudia por medio de una plataforma online.<\/li>\n<\/ul>\n<p>Contenidos y Recursos Educativos online de la Junta de Andaluc\u00eda para A1: <span style=\"background-color: #ccffff\"><a style=\"background-color: #ccffff\" href=\"https:\/\/www.juntadeandalucia.es\/educacion\/permanente\/materiales\/index.php?etapa=7&amp;materia=291#space\">Pincha aqu\u00ed<\/a><\/span><\/p>\n<p>Contenidos y Recursos Educativos online de la Junta de Andaluc\u00eda para A2: <a href=\"https:\/\/www.juntadeandalucia.es\/educacion\/permanente\/materiales\/index.php?etapa=7&amp;materia=292#space\"><span style=\"text-decoration: underline\"><span style=\"background-color: #ccffff\">Pincha aqu\u00ed<\/span><\/span><\/a><\/p>\n<p>ENLACE A LA EOI GRANADA <a href=\"https:\/\/www.eoidegranada.org\/secretaria\/admision\/\">ADMISI\u00d3N PINCHA AQUI<\/a><\/p>\n<p>&nbsp;<\/p>\n","protected":false},"excerpt":{"rendered":"<p>Tutor\u00eda de Apoyo al Estudio de niveles b\u00e1sicos de idiomas (ingl\u00e9s A1-A2)&nbsp; Semipresencial: la ense\u00f1anza semipresencial facilita al alumnado adulto la conciliaci\u00f3n del aprendizaje de idiomas con la vida laboral y personal. En esta&#46;&#46;&#46;<\/p>\n","protected":false},"author":10168,"featured_media":0,"parent":0,"menu_order":0,"comment_status":"closed","ping_status":"closed","template":"","meta":{"ngg_post_thumbnail":0,"footnotes":"","_mc_calendar":[]},"aioseo_notices":[],"_links":{"self":[{"href":"https:\/\/blogsaverroes.juntadeandalucia.es\/ceperelenamartinvivaldi\/wp-json\/wp\/v2\/pages\/2652"}],"collection":[{"href":"https:\/\/blogsaverroes.juntadeandalucia.es\/ceperelenamartinvivaldi\/wp-json\/wp\/v2\/pages"}],"about":[{"href":"https:\/\/blogsaverroes.juntadeandalucia.es\/ceperelenamartinvivaldi\/wp-json\/wp\/v2\/types\/page"}],"author":[{"embeddable":true,"href":"https:\/\/blogsaverroes.juntadeandalucia.es\/ceperelenamartinvivaldi\/wp-json\/wp\/v2\/users\/10168"}],"replies":[{"embeddable":true,"href":"https:\/\/blogsaverroes.juntadeandalucia.es\/ceperelenamartinvivaldi\/wp-json\/wp\/v2\/comments?post=2652"}],"version-history":[{"count":7,"href":"https:\/\/blogsaverroes.juntadeandalucia.es\/ceperelenamartinvivaldi\/wp-json\/wp\/v2\/pages\/2652\/revisions"}],"predecessor-version":[{"id":2655,"href":"https:\/\/blogsaverroes.juntadeandalucia.es\/ceperelenamartinvivaldi\/wp-json\/wp\/v2\/pages\/2652\/revisions\/2655"}],"wp:attachment":[{"href":"https:\/\/blogsaverroes.juntadeandalucia.es\/ceperelenamartinvivaldi\/wp-json\/wp\/v2\/media?parent=2652"}],"curies":[{"name":"wp","href":"https:\/\/api.w.org\/{rel}","templated":true}]}}