{"id":2657,"date":"2020-06-08T21:46:25","date_gmt":"2020-06-08T21:46:25","guid":{"rendered":"https:\/\/blogsaverroes.juntadeandalucia.es\/ceperelenamartinvivaldi\/?page_id=2657"},"modified":"2023-02-24T23:24:57","modified_gmt":"2023-02-24T23:24:57","slug":"tae-eoi-loja-b1","status":"publish","type":"page","link":"https:\/\/blogsaverroes.juntadeandalucia.es\/ceperelenamartinvivaldi\/tae-eoi-loja-b1\/","title":{"rendered":"TAE &#8211; EOI LOJA (B1)"},"content":{"rendered":"<p>Tutor\u00eda de Apoyo a Estudio en nuestro Ceper para la Certificaci\u00f3n del B1 (ingl\u00e9s)<\/p>\n<ul>\n<li><strong>Semipresencial<\/strong>: la ense\u00f1anza semipresencial facilita al alumnado adulto la conciliaci\u00f3n del aprendizaje de idiomas con la vida laboral y personal. En esta modalidad, se combina la docencia telem\u00e1tica a trav\u00e9s de una plataforma online, con sesiones presenciales de dos sesiones a la semana en nuestro Ceper, destinadas a la pr\u00e1ctica de actividades de producci\u00f3n y coproducci\u00f3n de textos escritos, y haciendo especial \u00e9nfasis en los textos orales y mediaci\u00f3n oral.&nbsp;<\/li>\n<li>Se puede cursar el B1 con la ESCUELA OFICIAL DE IDIOMAS DE LOJA y con clases presenciales de tutor\u00eda de apoyo al estudio en Santa Fe. Es importante tener conocimientos a nivel de usuario en el manejo de las nuevas tecnolog\u00edas ya que se estudia por medio de una plataforma online.&nbsp;<\/li>\n<\/ul>\n<p>Enlace a la Informaci\u00f3n de Semipresencial de la EOI LOJA: <a href=\"https:\/\/portal.eoiloja.es\/index.php\/informacion\/secretaria\/matriculacion\/matriculacion-alumnado-semipresencial\">PINCHA AQU\u00cd<\/a><\/p>\n<p>Contenidos y Recursos Educativos online de la Junta de Andaluc\u00eda \/ ingl\u00e9s B1 : <a href=\"https:\/\/www.juntadeandalucia.es\/educacion\/permanente\/materiales\/index.php?etapa=7&amp;materia=293#space\"><span style=\"text-decoration: underline\">PINCHA AQU\u00cd<\/span><\/a><\/p>\n","protected":false},"excerpt":{"rendered":"<p>Tutor\u00eda de Apoyo a Estudio en nuestro Ceper para la Certificaci\u00f3n del B1 (ingl\u00e9s) Semipresencial: la ense\u00f1anza semipresencial facilita al alumnado adulto la conciliaci\u00f3n del aprendizaje de idiomas con la vida laboral y personal.&#46;&#46;&#46;<\/p>\n","protected":false},"author":10168,"featured_media":0,"parent":0,"menu_order":0,"comment_status":"closed","ping_status":"closed","template":"","meta":{"ngg_post_thumbnail":0,"footnotes":"","_mc_calendar":[]},"aioseo_notices":[],"_links":{"self":[{"href":"https:\/\/blogsaverroes.juntadeandalucia.es\/ceperelenamartinvivaldi\/wp-json\/wp\/v2\/pages\/2657"}],"collection":[{"href":"https:\/\/blogsaverroes.juntadeandalucia.es\/ceperelenamartinvivaldi\/wp-json\/wp\/v2\/pages"}],"about":[{"href":"https:\/\/blogsaverroes.juntadeandalucia.es\/ceperelenamartinvivaldi\/wp-json\/wp\/v2\/types\/page"}],"author":[{"embeddable":true,"href":"https:\/\/blogsaverroes.juntadeandalucia.es\/ceperelenamartinvivaldi\/wp-json\/wp\/v2\/users\/10168"}],"replies":[{"embeddable":true,"href":"https:\/\/blogsaverroes.juntadeandalucia.es\/ceperelenamartinvivaldi\/wp-json\/wp\/v2\/comments?post=2657"}],"version-history":[{"count":6,"href":"https:\/\/blogsaverroes.juntadeandalucia.es\/ceperelenamartinvivaldi\/wp-json\/wp\/v2\/pages\/2657\/revisions"}],"predecessor-version":[{"id":3070,"href":"https:\/\/blogsaverroes.juntadeandalucia.es\/ceperelenamartinvivaldi\/wp-json\/wp\/v2\/pages\/2657\/revisions\/3070"}],"wp:attachment":[{"href":"https:\/\/blogsaverroes.juntadeandalucia.es\/ceperelenamartinvivaldi\/wp-json\/wp\/v2\/media?parent=2657"}],"curies":[{"name":"wp","href":"https:\/\/api.w.org\/{rel}","templated":true}]}}