{"id":35,"date":"2015-03-13T08:21:43","date_gmt":"2015-03-13T08:21:43","guid":{"rendered":"http:\/\/blogsaverroes.juntadeandalucia.es\/pre\/ceip\/?page_id=35"},"modified":"2023-09-14T13:51:55","modified_gmt":"2023-09-14T13:51:55","slug":"el-centro-2","status":"publish","type":"page","link":"https:\/\/blogsaverroes.juntadeandalucia.es\/ceperelenamartinvivaldi\/el-centro-2\/","title":{"rendered":"Datos del centro"},"content":{"rendered":"<h3><span style=\"color: #008000\"><strong>Datos de contacto<\/strong><\/span><\/h3>\n<p>Centro de Educaci\u00f3n Permanente Elena Mart\u00edn Vivaldi<\/p>\n<p><strong>Direcci\u00f3n:<\/strong>&nbsp; Calle Santa Fe de Bogot\u00e1 s\/n, 18320 Santa Fe (Granada)<br \/>\n<strong>Tel\u00e9fono: 958 89 39 88<\/strong><br \/>\n<strong>Email: 18500693.edu@juntadeandaluc\u00eda.es<\/strong><\/p>\n<h3><span style=\"color: #008000\"><strong>Horarios&nbsp;<\/strong><\/span><\/h3>\n<p>Lunes: 16:00 a 21:00<\/p>\n<p>Martes y Jueves: 9:00 a 14:00 y 16:00 a 21:00<\/p>\n<p>Mi\u00e9rcoles de 10 a 1 y 16:00 a 21:00<\/p>\n<p>Viernes: 9:00 a 14:00 (Horario de Despacho 10:00-13:00)<\/p>\n<h3><span style=\"color: #008000\">Oferta educativa<\/span><\/h3>\n<p><strong>Planes Educativos:<\/strong><\/p>\n<ul>\n<li>Formaci\u00f3n B\u00e1sica (Nivel I y II).<\/li>\n<\/ul>\n<p><strong>Planes Educativos de Acceso a otros niveles del sistema educativo:<\/strong><\/p>\n<ul>\n<li>Preparaci\u00f3n de la Prueba de Acceso a Ciclos Formativos de Grado Medio de Formaci\u00f3n Profesional.<\/li>\n<li>Preparaci\u00f3n de la Prueba de Acceso a Ciclos Formativos de Grado Superior de Formaci\u00f3n Profesional.<\/li>\n<li>Preparaci\u00f3n de la Prueba de acceso a la Universidad para mayores de 25 a\u00f1os y 45 a\u00f1os.<\/li>\n<\/ul>\n<p><strong>Planes Educativos de Preparaci\u00f3n para la obtenci\u00f3n de titulaciones oficiales:<\/strong><\/p>\n<ul>\n<li>Preparaci\u00f3n de la prueba para la obtenci\u00f3n del T\u00edtulo de Graduado en ESO<br \/>\npara mayores de 18 a\u00f1os.<\/li>\n<li>Tutor\u00eda de apoyo al estudio ESO para personas adultas&nbsp;<\/li>\n<li>Tutor\u00eda de apoyo al estudio nivel b\u00e1sico de idiomas (EOI &#8211; Ingl\u00e9s).<\/li>\n<\/ul>\n<p><strong>Planes Educativos para el Fomento de la Ciudadan\u00eda Activa:<\/strong><\/p>\n<ul>\n<li>Uso b\u00e1sico de un idioma extranjero (ingl\u00e9s)\u2028.<\/li>\n<li>Uso b\u00e1sico de las Tecnolog\u00edas de Informaci\u00f3n y Comunicaci\u00f3n\u2028.<\/li>\n<li>Interculturalidad, cultura y lengua espa\u00f1ola para personas procedentes de otros pa\u00edses\u2028.<\/li>\n<li>Conocimiento y conservaci\u00f3n del Patrimonio cultural de Andaluc\u00eda y del Medioambiente\u2028.<\/li>\n<li>Adquisici\u00f3n de h\u00e1bitos de vida saludable y Prevenci\u00f3n de enfermedades y Riesgos profesionales.<\/li>\n<\/ul>\n<h4>Con aulas en: C\u00fallar Vega, Vegas del Genil (Belicena-Purchil-Ambroz) y Valderrubio.<\/h4>\n<p><strong>4 Secciones:<\/strong><\/p>\n<ul>\n<li>SEP CIJUELA<\/li>\n<li>SEP CHAUCHINA<\/li>\n<li>SEP FUENTE VAQUEROS<\/li>\n<li>SEP L\u00c1CHAR-PE\u00d1UELAS<\/li>\n<\/ul>\n<p>&nbsp;<\/p>\n","protected":false},"excerpt":{"rendered":"<p>Datos de contacto Centro de Educaci\u00f3n Permanente Elena Mart\u00edn Vivaldi Direcci\u00f3n:&nbsp; Calle Santa Fe de Bogot\u00e1 s\/n, 18320 Santa Fe (Granada) Tel\u00e9fono: 958 89 39 88 Email: 18500693.edu@juntadeandaluc\u00eda.es Horarios&nbsp; Lunes: 16:00 a 21:00 Martes&#46;&#46;&#46;<\/p>\n","protected":false},"author":1,"featured_media":2493,"parent":0,"menu_order":0,"comment_status":"open","ping_status":"open","template":"","meta":{"ngg_post_thumbnail":0,"footnotes":"","_mc_calendar":[]},"aioseo_notices":[],"_links":{"self":[{"href":"https:\/\/blogsaverroes.juntadeandalucia.es\/ceperelenamartinvivaldi\/wp-json\/wp\/v2\/pages\/35"}],"collection":[{"href":"https:\/\/blogsaverroes.juntadeandalucia.es\/ceperelenamartinvivaldi\/wp-json\/wp\/v2\/pages"}],"about":[{"href":"https:\/\/blogsaverroes.juntadeandalucia.es\/ceperelenamartinvivaldi\/wp-json\/wp\/v2\/types\/page"}],"author":[{"embeddable":true,"href":"https:\/\/blogsaverroes.juntadeandalucia.es\/ceperelenamartinvivaldi\/wp-json\/wp\/v2\/users\/1"}],"replies":[{"embeddable":true,"href":"https:\/\/blogsaverroes.juntadeandalucia.es\/ceperelenamartinvivaldi\/wp-json\/wp\/v2\/comments?post=35"}],"version-history":[{"count":26,"href":"https:\/\/blogsaverroes.juntadeandalucia.es\/ceperelenamartinvivaldi\/wp-json\/wp\/v2\/pages\/35\/revisions"}],"predecessor-version":[{"id":3198,"href":"https:\/\/blogsaverroes.juntadeandalucia.es\/ceperelenamartinvivaldi\/wp-json\/wp\/v2\/pages\/35\/revisions\/3198"}],"wp:featuredmedia":[{"embeddable":true,"href":"https:\/\/blogsaverroes.juntadeandalucia.es\/ceperelenamartinvivaldi\/wp-json\/wp\/v2\/media\/2493"}],"wp:attachment":[{"href":"https:\/\/blogsaverroes.juntadeandalucia.es\/ceperelenamartinvivaldi\/wp-json\/wp\/v2\/media?parent=35"}],"curies":[{"name":"wp","href":"https:\/\/api.w.org\/{rel}","templated":true}]}}