{"id":44,"date":"2015-03-13T08:42:15","date_gmt":"2015-03-13T08:42:15","guid":{"rendered":"http:\/\/blogsaverroes.juntadeandalucia.es\/pre\/ceip\/?page_id=44"},"modified":"2020-06-08T17:20:20","modified_gmt":"2020-06-08T17:20:20","slug":"planes-y-proyectos","status":"publish","type":"page","link":"https:\/\/blogsaverroes.juntadeandalucia.es\/ceperelenamartinvivaldi\/planes-y-proyectos\/","title":{"rendered":"Planes y Programas"},"content":{"rendered":"<p><a href=\"https:\/\/blogsaverroes.juntadeandalucia.es\/ceperelenamartinvivaldi\/files\/2020\/06\/igualda.png\"><img loading=\"lazy\" decoding=\"async\" class=\"alignnone size-medium wp-image-2497\" src=\"https:\/\/blogsaverroes.juntadeandalucia.es\/ceperelenamartinvivaldi\/files\/2020\/06\/igualda-300x300.png\" alt=\"\" width=\"300\" height=\"300\" srcset=\"https:\/\/blogsaverroes.juntadeandalucia.es\/ceperelenamartinvivaldi\/files\/2020\/06\/igualda-300x300.png 300w, https:\/\/blogsaverroes.juntadeandalucia.es\/ceperelenamartinvivaldi\/files\/2020\/06\/igualda-150x150.png 150w, https:\/\/blogsaverroes.juntadeandalucia.es\/ceperelenamartinvivaldi\/files\/2020\/06\/igualda-768x768.png 768w, https:\/\/blogsaverroes.juntadeandalucia.es\/ceperelenamartinvivaldi\/files\/2020\/06\/igualda-1024x1024.png 1024w, https:\/\/blogsaverroes.juntadeandalucia.es\/ceperelenamartinvivaldi\/files\/2020\/06\/igualda-100x100.png 100w, https:\/\/blogsaverroes.juntadeandalucia.es\/ceperelenamartinvivaldi\/files\/2020\/06\/igualda-160x160.png 160w, https:\/\/blogsaverroes.juntadeandalucia.es\/ceperelenamartinvivaldi\/files\/2020\/06\/igualda-320x320.png 320w, https:\/\/blogsaverroes.juntadeandalucia.es\/ceperelenamartinvivaldi\/files\/2020\/06\/igualda-24x24.png 24w, https:\/\/blogsaverroes.juntadeandalucia.es\/ceperelenamartinvivaldi\/files\/2020\/06\/igualda-36x36.png 36w, https:\/\/blogsaverroes.juntadeandalucia.es\/ceperelenamartinvivaldi\/files\/2020\/06\/igualda-48x48.png 48w, https:\/\/blogsaverroes.juntadeandalucia.es\/ceperelenamartinvivaldi\/files\/2020\/06\/igualda.png 1080w\" sizes=\"(max-width: 300px) 100vw, 300px\" \/><\/a><\/p>\n<p><strong>Dentro de los Planes y Programas<\/strong> promovidos desde la Consejer\u00eda de Educaci\u00f3n, Cultura y Deporte nuestro Ceper tiene vigentes para este curso:<\/p>\n<ul>\n<li><strong>Plan de Salud Laboral y P.R.L.<\/strong><\/li>\n<li><strong>Plan de igualdad de g\u00e9nero en educaci\u00f3n<\/strong><\/li>\n<\/ul>\n<p>&nbsp;<\/p>\n","protected":false},"excerpt":{"rendered":"<p>Dentro de los Planes y Programas promovidos desde la Consejer\u00eda de Educaci\u00f3n, Cultura y Deporte nuestro Ceper tiene vigentes para este curso: Plan de Salud Laboral y P.R.L. Plan de igualdad de g\u00e9nero en&#46;&#46;&#46;<\/p>\n","protected":false},"author":1,"featured_media":0,"parent":0,"menu_order":0,"comment_status":"open","ping_status":"closed","template":"page-templates\/child-menu.php","meta":{"ngg_post_thumbnail":0,"footnotes":"","_mc_calendar":[]},"aioseo_notices":[],"_links":{"self":[{"href":"https:\/\/blogsaverroes.juntadeandalucia.es\/ceperelenamartinvivaldi\/wp-json\/wp\/v2\/pages\/44"}],"collection":[{"href":"https:\/\/blogsaverroes.juntadeandalucia.es\/ceperelenamartinvivaldi\/wp-json\/wp\/v2\/pages"}],"about":[{"href":"https:\/\/blogsaverroes.juntadeandalucia.es\/ceperelenamartinvivaldi\/wp-json\/wp\/v2\/types\/page"}],"author":[{"embeddable":true,"href":"https:\/\/blogsaverroes.juntadeandalucia.es\/ceperelenamartinvivaldi\/wp-json\/wp\/v2\/users\/1"}],"replies":[{"embeddable":true,"href":"https:\/\/blogsaverroes.juntadeandalucia.es\/ceperelenamartinvivaldi\/wp-json\/wp\/v2\/comments?post=44"}],"version-history":[{"count":6,"href":"https:\/\/blogsaverroes.juntadeandalucia.es\/ceperelenamartinvivaldi\/wp-json\/wp\/v2\/pages\/44\/revisions"}],"predecessor-version":[{"id":2498,"href":"https:\/\/blogsaverroes.juntadeandalucia.es\/ceperelenamartinvivaldi\/wp-json\/wp\/v2\/pages\/44\/revisions\/2498"}],"wp:attachment":[{"href":"https:\/\/blogsaverroes.juntadeandalucia.es\/ceperelenamartinvivaldi\/wp-json\/wp\/v2\/media?parent=44"}],"curies":[{"name":"wp","href":"https:\/\/api.w.org\/{rel}","templated":true}]}}