{"id":2680,"date":"2020-04-22T11:15:37","date_gmt":"2020-04-22T11:15:37","guid":{"rendered":"https:\/\/blogsaverroes.juntadeandalucia.es\/ceperelperejil\/?page_id=2680"},"modified":"2023-09-01T09:21:51","modified_gmt":"2023-09-01T07:21:51","slug":"claustro","status":"publish","type":"page","link":"https:\/\/blogsaverroes.juntadeandalucia.es\/ceperelperejil\/claustro\/","title":{"rendered":"Claustro"},"content":{"rendered":"<p><span style=\"font-family: georgia, palatino, serif;font-size: 14pt\">El Claustro del <em><strong>C.E.PER. El Perejil<\/strong><\/em> lo conforman seis profesores\/as. Para el curso 2023\/24 estos profesores\/as son:<\/span><\/p>\n<ul>\n<li><span style=\"font-family: georgia, palatino, serif;font-size: 14pt\"><em>D. Jes\u00fas Dom\u00ednguez Borge- <strong>Director.<\/strong><\/em><\/span><\/li>\n<li><span style=\"font-family: georgia, palatino, serif;font-size: 14pt\"><em>D. Jos\u00e9 Luis Cejudo Rodr\u00edguez. &#8211; <strong>Jefe de Estudios.<\/strong><\/em><\/span><\/li>\n<li><span style=\"font-family: georgia, palatino, serif;font-size: 14pt\"><em>D\u00aa Ana M\u00aa Nieto Antonietty.<\/em><\/span><\/li>\n<li><span style=\"font-family: georgia, palatino, serif;font-size: 14pt\"><em>D\u00aa. M\u00aa Jes\u00fas G\u00f3mez Sol\u00eds.<\/em><\/span><\/li>\n<li><span style=\"font-family: georgia, palatino, serif;font-size: 14pt\"><em>D\u00aa. Isabel M\u00aa Ort\u00edz Garc\u00eda-Donas.<\/em><\/span><\/li>\n<li><span style=\"font-size: 14pt;font-family: georgia, palatino, serif\"><em>D. Rafael Alejandro Rubio Coronil.<\/em><\/span><\/li>\n<\/ul>\n","protected":false},"excerpt":{"rendered":"<p>El Claustro del C.E.PER. El Perejil lo conforman seis profesores\/as. Para el curso 2023\/24 estos profesores\/as son: D. Jes\u00fas Dom\u00ednguez Borge- Director. D. Jos\u00e9 Luis Cejudo Rodr\u00edguez. &#8211; Jefe de Estudios. D\u00aa Ana M\u00aa&#46;&#46;&#46;<\/p>\n","protected":false},"author":9788,"featured_media":0,"parent":0,"menu_order":0,"comment_status":"closed","ping_status":"closed","template":"","meta":{"ngg_post_thumbnail":0,"footnotes":"","_mc_calendar":[]},"aioseo_notices":[],"_links":{"self":[{"href":"https:\/\/blogsaverroes.juntadeandalucia.es\/ceperelperejil\/wp-json\/wp\/v2\/pages\/2680"}],"collection":[{"href":"https:\/\/blogsaverroes.juntadeandalucia.es\/ceperelperejil\/wp-json\/wp\/v2\/pages"}],"about":[{"href":"https:\/\/blogsaverroes.juntadeandalucia.es\/ceperelperejil\/wp-json\/wp\/v2\/types\/page"}],"author":[{"embeddable":true,"href":"https:\/\/blogsaverroes.juntadeandalucia.es\/ceperelperejil\/wp-json\/wp\/v2\/users\/9788"}],"replies":[{"embeddable":true,"href":"https:\/\/blogsaverroes.juntadeandalucia.es\/ceperelperejil\/wp-json\/wp\/v2\/comments?post=2680"}],"version-history":[{"count":10,"href":"https:\/\/blogsaverroes.juntadeandalucia.es\/ceperelperejil\/wp-json\/wp\/v2\/pages\/2680\/revisions"}],"predecessor-version":[{"id":3113,"href":"https:\/\/blogsaverroes.juntadeandalucia.es\/ceperelperejil\/wp-json\/wp\/v2\/pages\/2680\/revisions\/3113"}],"wp:attachment":[{"href":"https:\/\/blogsaverroes.juntadeandalucia.es\/ceperelperejil\/wp-json\/wp\/v2\/media?parent=2680"}],"curies":[{"name":"wp","href":"https:\/\/api.w.org\/{rel}","templated":true}]}}