{"id":2707,"date":"2020-04-22T11:35:55","date_gmt":"2020-04-22T11:35:55","guid":{"rendered":"https:\/\/blogsaverroes.juntadeandalucia.es\/ceperelperejil\/?page_id=2707"},"modified":"2020-12-29T17:28:38","modified_gmt":"2020-12-29T16:28:38","slug":"ambito-social","status":"publish","type":"page","link":"https:\/\/blogsaverroes.juntadeandalucia.es\/ceperelperejil\/ambito-social\/","title":{"rendered":"\u00c1mbito Social"},"content":{"rendered":"<div id=\"nodeDecoration\">\n<div id=\"headerContent\">\n<h1 id=\"nodeTitle\" style=\"text-align: justify\"><span style=\"font-family: tahoma, arial, helvetica, sans-serif\">Espa\u00f1a<\/span><\/h1>\n<\/div>\n<\/div>\n<div id=\"id58\" class=\"iDevice_wrapper FreeTextIdevice\" style=\"text-align: justify\">\n<div class=\"iDevice emphasis0\">\n<div id=\"ta58_239\" class=\"block iDevice_content\">\n<p><span style=\"font-family: tahoma, arial, helvetica, sans-serif\">Espa\u00f1a ocupa junto a Portugal la <strong>Pen\u00ednsula Ib\u00e9rica<\/strong>, que forma el extremo sur y oeste de Europa. Al oeste de la Pen\u00ednsula se encuentra el&nbsp;<strong>Oc\u00e9ano Atl\u00e1ntico<\/strong>, al norte el&nbsp;<strong>Mar Cant\u00e1brico<\/strong>, al este el&nbsp;<strong>Mediterr\u00e1neo<\/strong>. La Pen\u00ednsula est\u00e1 unida al resto de Europa por los&nbsp;<strong>Pirineos<\/strong>. Est\u00e1 separada de \u00c1frica solo por el&nbsp;<strong>Estrecho de Gibraltar<\/strong>.<\/span><\/p>\n<\/div>\n<\/div>\n<\/div>\n<div id=\"id59\" class=\"iDevice_wrapper FreeTextIdevice\" style=\"text-align: justify\">\n<div class=\"iDevice emphasis0\">\n<div id=\"ta59_239\" class=\"block iDevice_content\">\n<p><span style=\"font-family: tahoma, arial, helvetica, sans-serif\">El territorio espa\u00f1ol incluye tambi\u00e9n dos archipi\u00e9lagos.<\/span><\/p>\n<ul>\n<li><span style=\"font-family: tahoma, arial, helvetica, sans-serif\">En el Mediterr\u00e1neo est\u00e1n las&nbsp;<strong>Islas Baleares<\/strong>, que son&nbsp;<strong>Mallorca<\/strong>,&nbsp;<strong>Menorca<\/strong>,&nbsp;<strong>Ibiza<\/strong>,&nbsp;<strong>Formentera<\/strong>&nbsp;y algunas islas menores.<\/span><\/li>\n<li><span style=\"font-family: tahoma, arial, helvetica, sans-serif\">En la costa atl\u00e1ntica africana est\u00e1n las&nbsp;<strong>Islas Canarias<\/strong>:&nbsp;<strong>Tenerife<\/strong>,&nbsp;<strong>Gran Canaria<\/strong>,&nbsp;<strong>El Hierro<\/strong>,&nbsp;<strong>La Palma<\/strong>,&nbsp;<strong>La Gomera<\/strong>,&nbsp;<strong>Fuerteventura<\/strong>,&nbsp;<strong>Lanzarote<\/strong>&nbsp;y algunas islas menores. Son islas formadas por volcanes. Uno de ellos es la monta\u00f1a m\u00e1s alta de Espa\u00f1a, el&nbsp;<strong>Teide<\/strong>, que est\u00e1 en Tenerife.<\/span><\/li>\n<\/ul>\n<p><span style=\"font-family: tahoma, arial, helvetica, sans-serif\">Forma tambi\u00e9n parte de Espa\u00f1a el territorio de las dos ciudades aut\u00f3nomas situadas en la costa norte africana: <strong>Ceuta<\/strong>&nbsp;y&nbsp;<strong>Melilla<\/strong>.<\/span><\/p>\n<p><a href=\"https:\/\/blogsaverroes.juntadeandalucia.es\/ceperelperejil\/files\/2020\/12\/Captura3.png\"><img loading=\"lazy\" decoding=\"async\" class=\"aligncenter size-full wp-image-2993\" src=\"https:\/\/blogsaverroes.juntadeandalucia.es\/ceperelperejil\/files\/2020\/12\/Captura3.png\" alt=\"\" width=\"829\" height=\"180\" srcset=\"https:\/\/blogsaverroes.juntadeandalucia.es\/ceperelperejil\/files\/2020\/12\/Captura3.png 829w, https:\/\/blogsaverroes.juntadeandalucia.es\/ceperelperejil\/files\/2020\/12\/Captura3-300x65.png 300w, https:\/\/blogsaverroes.juntadeandalucia.es\/ceperelperejil\/files\/2020\/12\/Captura3-768x167.png 768w, https:\/\/blogsaverroes.juntadeandalucia.es\/ceperelperejil\/files\/2020\/12\/Captura3-24x5.png 24w, https:\/\/blogsaverroes.juntadeandalucia.es\/ceperelperejil\/files\/2020\/12\/Captura3-36x8.png 36w, https:\/\/blogsaverroes.juntadeandalucia.es\/ceperelperejil\/files\/2020\/12\/Captura3-48x10.png 48w\" sizes=\"(max-width: 829px) 100vw, 829px\" \/><\/a><\/p>\n<\/div>\n<\/div>\n<\/div>\n<div id=\"id60\" class=\"iDevice_wrapper activityIdevice em_iDevice\">\n<div id=\"id61\" class=\"iDevice_wrapper FreeTextIdevice\" style=\"text-align: justify\">\n<div class=\"iDevice emphasis0\">\n<div id=\"ta61_239\" class=\"block iDevice_content\">\n<p><span style=\"font-family: tahoma, arial, helvetica, sans-serif\">Salvo en su lado oeste, los bordes de la Meseta son monta\u00f1osos. Al noroeste encontramos los&nbsp;<strong>Montes de Le\u00f3n<\/strong>, un macizo poco elevado que conecta con el&nbsp;<strong>Macizo Galaico<\/strong>. Al norte est\u00e1 la&nbsp;<strong>Cordillera Cant\u00e1brica<\/strong>. Al este se encuentra el&nbsp;<strong>Sistema Ib\u00e9rico<\/strong>. Al sur,&nbsp;<strong>Sierra Morena<\/strong>.<\/span><\/p>\n<p><span style=\"font-family: tahoma, arial, helvetica, sans-serif\">La Meseta es atravesada por un sistema monta\u00f1oso, el&nbsp;<strong>Sistema Central<\/strong>, que la parte en dos mitades: la&nbsp;<strong>Submeseta Norte<\/strong>&nbsp;y la&nbsp;<strong>Submeseta Sur<\/strong>. La Submeseta Sur est\u00e1 adem\u00e1s dividida por unos macizos de poca altitud, los&nbsp;<strong>Montes de Toledo<\/strong>.<\/span><\/p>\n<\/div>\n<\/div>\n<\/div>\n<div id=\"id62\" class=\"iDevice_wrapper FreeTextIdevice\">\n<div class=\"iDevice emphasis0\">\n<div id=\"ta62_239\" class=\"block iDevice_content\">\n<p style=\"text-align: justify\"><span style=\"font-family: tahoma, arial, helvetica, sans-serif\">Fuera de la Meseta, en los bordes de la Pen\u00ednsula, encontramos otros sistemas monta\u00f1osos. Las monta\u00f1as m\u00e1s j\u00f3venes y altas se encuentran en los&nbsp;<strong>Pirineos<\/strong>&nbsp;y en los&nbsp;<strong>Sistemas B\u00e9ticos<\/strong>. M\u00e1s bajos son los&nbsp;<strong>Montes Vascos<\/strong>&nbsp;y la&nbsp;<strong>Cordillera Costera Catalana<\/strong>.<\/span><\/p>\n<p style=\"text-align: justify\"><span style=\"font-family: tahoma, arial, helvetica, sans-serif\">Entre los Pirineos y el Sistema Central encontramos una amplia llanura: la&nbsp;<strong>depresi\u00f3n del Ebro<\/strong>. Entre los Sistemas B\u00e9ticos y Sierra Morena est\u00e1 la&nbsp;<strong>depresi\u00f3n del Guadalquivir<\/strong>.<\/span><a href=\"https:\/\/blogsaverroes.juntadeandalucia.es\/ceperelperejil\/files\/2020\/12\/Captura4.png\"><img loading=\"lazy\" decoding=\"async\" class=\"aligncenter size-full wp-image-2994\" src=\"https:\/\/blogsaverroes.juntadeandalucia.es\/ceperelperejil\/files\/2020\/12\/Captura4.png\" alt=\"\" width=\"843\" height=\"193\" srcset=\"https:\/\/blogsaverroes.juntadeandalucia.es\/ceperelperejil\/files\/2020\/12\/Captura4.png 843w, https:\/\/blogsaverroes.juntadeandalucia.es\/ceperelperejil\/files\/2020\/12\/Captura4-300x69.png 300w, https:\/\/blogsaverroes.juntadeandalucia.es\/ceperelperejil\/files\/2020\/12\/Captura4-768x176.png 768w, https:\/\/blogsaverroes.juntadeandalucia.es\/ceperelperejil\/files\/2020\/12\/Captura4-24x5.png 24w, https:\/\/blogsaverroes.juntadeandalucia.es\/ceperelperejil\/files\/2020\/12\/Captura4-36x8.png 36w, https:\/\/blogsaverroes.juntadeandalucia.es\/ceperelperejil\/files\/2020\/12\/Captura4-48x11.png 48w\" sizes=\"(max-width: 843px) 100vw, 843px\" \/><\/a><\/p>\n<div id=\"id64\" class=\"iDevice_wrapper FreeTextIdevice\" style=\"text-align: justify\">\n<div class=\"iDevice emphasis0\">\n<div id=\"ta64_239\" class=\"block iDevice_content\">\n<p>Como la Meseta Central est\u00e1 inclinada al oeste y la mayor\u00eda de los sistemas monta\u00f1osos peninsulares est\u00e1n orientados m\u00e1s o menos de este a oeste, casi todos los r\u00edos grandes de Espa\u00f1a siguen esa direcci\u00f3n y desembocan en el&nbsp;<strong>Atl\u00e1ntico<\/strong>. De norte a sur tenemos el&nbsp;<strong>Mi\u00f1o<\/strong>, el&nbsp;<strong>Duero<\/strong>, el&nbsp;<strong>Tajo<\/strong>, el&nbsp;<strong>Guadiana<\/strong>&nbsp;y el&nbsp;<strong>Guadalquivir<\/strong>.<\/p>\n<p>En la&nbsp;<strong>costa cant\u00e1brica<\/strong>&nbsp;los r\u00edos son muy cortos, ya que la Cordillera Cant\u00e1brica est\u00e1 pegada al mar.<\/p>\n<p>En la&nbsp;<strong>costa mediterr\u00e1nea<\/strong>&nbsp;solo desemboca un gran r\u00edo, el&nbsp;<strong>Ebro<\/strong>. Otros r\u00edos importantes que desembocan en el Mediterr\u00e1neo son el&nbsp;<strong>J\u00facar<\/strong>&nbsp;y el&nbsp;<strong>Segura<\/strong>.<\/p>\n<\/div>\n<\/div>\n<\/div>\n<div id=\"id65\" class=\"iDevice_wrapper FreeTextIdevice\" style=\"text-align: justify\">\n<div class=\"iDevice emphasis0\">\n<div id=\"ta65_239\" class=\"block iDevice_content\">\n<p>Si recorremos la parte espa\u00f1ola de la Pen\u00ednsula en el sentido de las agujas del reloj, sus principales&nbsp;<strong>accidentes costeros<\/strong>&nbsp;son los siguientes: en el Mediterr\u00e1neo, el&nbsp;<strong>Cabo de Creus<\/strong>, el&nbsp;<strong>Delta del Ebro<\/strong>, el&nbsp;<strong>Cabo de la Nao<\/strong>, el&nbsp;<strong>Cabo de Palos<\/strong>&nbsp;y el&nbsp;<strong>Cabo de Gata<\/strong>; en el Atl\u00e1ntico, la&nbsp;<strong>Punta de Tarifa<\/strong>, el&nbsp;<strong>Golfo de C\u00e1diz<\/strong>&nbsp;y el&nbsp;<strong>Cabo Finisterre<\/strong>; en el Cant\u00e1brico, el cabo de&nbsp;<strong>Estaca de Bares<\/strong>&nbsp;y el&nbsp;<strong>Golfo de Vizcaya<\/strong>.<\/p>\n<\/div>\n<\/div>\n<\/div>\n<div id=\"id85\" class=\"iDevice_wrapper FreeTextIdevice\" style=\"text-align: justify\">\n<div class=\"iDevice emphasis0\">\n<div id=\"ta85_239\" class=\"block iDevice_content\"><a href=\"https:\/\/blogsaverroes.juntadeandalucia.es\/ceperelperejil\/files\/2020\/12\/Captura5.png\"><img loading=\"lazy\" decoding=\"async\" class=\"aligncenter size-full wp-image-2995\" src=\"https:\/\/blogsaverroes.juntadeandalucia.es\/ceperelperejil\/files\/2020\/12\/Captura5.png\" alt=\"\" width=\"588\" height=\"475\" srcset=\"https:\/\/blogsaverroes.juntadeandalucia.es\/ceperelperejil\/files\/2020\/12\/Captura5.png 588w, https:\/\/blogsaverroes.juntadeandalucia.es\/ceperelperejil\/files\/2020\/12\/Captura5-300x242.png 300w, https:\/\/blogsaverroes.juntadeandalucia.es\/ceperelperejil\/files\/2020\/12\/Captura5-24x19.png 24w, https:\/\/blogsaverroes.juntadeandalucia.es\/ceperelperejil\/files\/2020\/12\/Captura5-36x29.png 36w, https:\/\/blogsaverroes.juntadeandalucia.es\/ceperelperejil\/files\/2020\/12\/Captura5-48x39.png 48w\" sizes=\"(max-width: 588px) 100vw, 588px\" \/><\/a><\/div>\n<div>&nbsp;<\/div>\n<div>Centr\u00e9monos m\u00e1s en nuestra comunidad,&nbsp;<strong>Andaluc\u00eda<\/strong>.<\/div>\n<div class=\"block iDevice_content\"><a href=\"https:\/\/blogsaverroes.juntadeandalucia.es\/ceperelperejil\/files\/2020\/12\/Captura6.png\"><img loading=\"lazy\" decoding=\"async\" class=\"aligncenter size-full wp-image-2996\" src=\"https:\/\/blogsaverroes.juntadeandalucia.es\/ceperelperejil\/files\/2020\/12\/Captura6.png\" alt=\"\" width=\"833\" height=\"194\" srcset=\"https:\/\/blogsaverroes.juntadeandalucia.es\/ceperelperejil\/files\/2020\/12\/Captura6.png 833w, https:\/\/blogsaverroes.juntadeandalucia.es\/ceperelperejil\/files\/2020\/12\/Captura6-300x70.png 300w, https:\/\/blogsaverroes.juntadeandalucia.es\/ceperelperejil\/files\/2020\/12\/Captura6-768x179.png 768w, https:\/\/blogsaverroes.juntadeandalucia.es\/ceperelperejil\/files\/2020\/12\/Captura6-24x6.png 24w, https:\/\/blogsaverroes.juntadeandalucia.es\/ceperelperejil\/files\/2020\/12\/Captura6-36x8.png 36w, https:\/\/blogsaverroes.juntadeandalucia.es\/ceperelperejil\/files\/2020\/12\/Captura6-48x11.png 48w\" sizes=\"(max-width: 833px) 100vw, 833px\" \/><\/a><\/div>\n<\/div>\n<\/div>\n<div id=\"id66\" class=\"iDevice_wrapper FreeTextIdevice\" style=\"text-align: justify\">\n<div class=\"iDevice emphasis0\">\n<div id=\"ta66_239\" class=\"block iDevice_content\">\n<p><span style=\"font-family: tahoma, arial, helvetica, sans-serif\">Al norte se encuentra&nbsp;<strong>Sierra Morena<\/strong>, una sucesi\u00f3n de sierras bajas que forman el escal\u00f3n hacia la Meseta.<\/span><\/p>\n<p><span style=\"font-family: tahoma, arial, helvetica, sans-serif\">En el centro se encuentra la&nbsp;<strong>depresi\u00f3n del Guadalquivir<\/strong>. El r\u00edo Guadalquivir la atraviesa de este a oeste encajado contra Sierra Morena. Su principal afluente es el r\u00edo&nbsp;<strong>Genil<\/strong>, que se le une desde el sur. La Andaluc\u00eda atl\u00e1ntica tambi\u00e9n incluye una parte de la cuenca del&nbsp;<strong>Guadiana<\/strong>&nbsp;y varios r\u00edos menores, como el&nbsp;<strong>Tinto<\/strong>, el&nbsp;<strong>Odiel<\/strong>&nbsp;y el&nbsp;<strong>Guadalete<\/strong>.<\/span><\/p>\n<p><span style=\"font-family: tahoma, arial, helvetica, sans-serif\">Al sur y al este se encuentran los&nbsp;<strong>Sistemas B\u00e9ticos<\/strong>, una serie de conjuntos monta\u00f1osos entre los que hay sierras bajas, pero tambi\u00e9n altas monta\u00f1as. Destaca&nbsp;<strong>Sierra Nevada<\/strong>, donde est\u00e1 el pico m\u00e1s alto de la Pen\u00ednsula, el&nbsp;<strong>Mulhac\u00e9n<\/strong>. Como en esta parte las monta\u00f1as est\u00e1n muy cerca del mar, los r\u00edos mediterr\u00e1neos andaluces son cortos. Destacan el&nbsp;<strong>Guadalhorce<\/strong>&nbsp;y el&nbsp;<strong>Almanzora<\/strong>.<\/span><\/p>\n<\/div>\n<\/div>\n<\/div>\n<p style=\"text-align: justify\"><img decoding=\"async\" class=\"iDevice_icon\" src=\"http:\/\/agrega.juntadeandalucia.es\/repositorio\/02072018\/5a\/es-an_2018070212_9161933\/icon_casestudy.gif\" alt=\"\"><\/p>\n<div class=\"iDevice_inner\">\n<div class=\"iDevice_content_wrapper\">\n<div id=\"ta86_248\" class=\"block iDevice_content\" style=\"text-align: justify\">\n<p><span style=\"font-family: tahoma, arial, helvetica, sans-serif\"><strong>Localiza<\/strong>&nbsp;los&nbsp;<strong>accidentes geogr\u00e1ficos<\/strong>&nbsp;que hemos visto en este&nbsp;<strong>mapa f\u00edsico mudo de Espa\u00f1a<\/strong>.<\/span><\/p>\n<p><span style=\"font-family: tahoma, arial, helvetica, sans-serif\">Te recomiendo que lo vayas haciendo seg\u00fan el tipo de accidente geogr\u00e1fico. Por ejemplo, primero las unidades de relieve, luego los r\u00edos, luego los accidentes costeros&#8230;<\/span><\/p>\n<table border=\"0\">\n<tbody>\n<tr>\n<td align=\"center\"><img loading=\"lazy\" decoding=\"async\" title=\"espanafisicomudo_700\" src=\"http:\/\/agrega.juntadeandalucia.es\/repositorio\/02072018\/5a\/es-an_2018070212_9161933\/espanafisicomudo_700.jpg\" alt=\"Mapa f\u00edsico mudo de Espa\u00f1a\" width=\"700\" height=\"622\"><\/td>\n<\/tr>\n<\/tbody>\n<\/table>\n<\/div>\n<\/div>\n<\/div>\n<\/div>\n<\/div>\n<\/div>\n<\/div>\n","protected":false},"excerpt":{"rendered":"<p>Espa\u00f1a Espa\u00f1a ocupa junto a Portugal la Pen\u00ednsula Ib\u00e9rica, que forma el extremo sur y oeste de Europa. Al oeste de la Pen\u00ednsula se encuentra el&nbsp;Oc\u00e9ano Atl\u00e1ntico, al norte el&nbsp;Mar Cant\u00e1brico, al este el&nbsp;Mediterr\u00e1neo.&#46;&#46;&#46;<\/p>\n","protected":false},"author":9788,"featured_media":0,"parent":0,"menu_order":0,"comment_status":"closed","ping_status":"closed","template":"","meta":{"ngg_post_thumbnail":0,"footnotes":"","_mc_calendar":[]},"aioseo_notices":[],"_links":{"self":[{"href":"https:\/\/blogsaverroes.juntadeandalucia.es\/ceperelperejil\/wp-json\/wp\/v2\/pages\/2707"}],"collection":[{"href":"https:\/\/blogsaverroes.juntadeandalucia.es\/ceperelperejil\/wp-json\/wp\/v2\/pages"}],"about":[{"href":"https:\/\/blogsaverroes.juntadeandalucia.es\/ceperelperejil\/wp-json\/wp\/v2\/types\/page"}],"author":[{"embeddable":true,"href":"https:\/\/blogsaverroes.juntadeandalucia.es\/ceperelperejil\/wp-json\/wp\/v2\/users\/9788"}],"replies":[{"embeddable":true,"href":"https:\/\/blogsaverroes.juntadeandalucia.es\/ceperelperejil\/wp-json\/wp\/v2\/comments?post=2707"}],"version-history":[{"count":3,"href":"https:\/\/blogsaverroes.juntadeandalucia.es\/ceperelperejil\/wp-json\/wp\/v2\/pages\/2707\/revisions"}],"predecessor-version":[{"id":2997,"href":"https:\/\/blogsaverroes.juntadeandalucia.es\/ceperelperejil\/wp-json\/wp\/v2\/pages\/2707\/revisions\/2997"}],"wp:attachment":[{"href":"https:\/\/blogsaverroes.juntadeandalucia.es\/ceperelperejil\/wp-json\/wp\/v2\/media?parent=2707"}],"curies":[{"name":"wp","href":"https:\/\/api.w.org\/{rel}","templated":true}]}}