{"id":2708,"date":"2020-04-22T11:35:55","date_gmt":"2020-04-22T11:35:55","guid":{"rendered":"https:\/\/blogsaverroes.juntadeandalucia.es\/ceperelperejil\/?page_id=2708"},"modified":"2020-12-29T20:22:15","modified_gmt":"2020-12-29T19:22:15","slug":"ambito-linguistico","status":"publish","type":"page","link":"https:\/\/blogsaverroes.juntadeandalucia.es\/ceperelperejil\/ambito-linguistico\/","title":{"rendered":"\u00c1mbito Ling\u00fc\u00edstico"},"content":{"rendered":"<div id=\"nodeDecoration\">\n<div id=\"headerContent\">\n<h1 id=\"nodeTitle\">Lazarillo de Tormes<\/h1>\n<\/div>\n<\/div>\n<div id=\"id94\" class=\"iDevice_wrapper FreeTextIdevice\">\n<div class=\"iDevice emphasis0\">\n<div id=\"ta94_1\" class=\"block iDevice_content\">\n<p align=\"justify\">&nbsp;<\/p>\n<p><img loading=\"lazy\" decoding=\"async\" class=\"alignleft\" style=\"text-align: justify\" src=\"http:\/\/agrega.juntadeandalucia.es\/repositorio\/18092018\/4e\/es-an_2018091812_9122330\/uomovitruvio.png\" alt=\"\" width=\"240\" height=\"240\"><\/p>\n<p align=\"justify\">A principios del siglo XVI toda Europa se encuentra en una etapa de florecimiento art\u00edstico y cultural, en una \u00e9poca conocida con el nombre de <strong>Renacimiento<\/strong>. Nuestro pa\u00eds, tras el descubrimiento de Am\u00e9rica y con la pol\u00edtica europe\u00edsta de apertura de&nbsp;<strong>Carlos I<\/strong>, constituye el mayor imperio de Occidente.<\/p>\n<p align=\"justify\">Sin embargo, esto no quiere decir que toda la sociedad se viera beneficiada de esta situaci\u00f3n. En las ciudades m\u00e1s importantes se concentran focos de&nbsp;<strong>pobreza<\/strong>, en las altas (y no tan altas) jerarqu\u00edas eclesi\u00e1sticas abundan los&nbsp;<strong>cl\u00e9rigos corruptos<\/strong>&nbsp;y la nobleza se aferraba como pod\u00eda a sus&nbsp;<strong>antiguos privilegios<\/strong>.<\/p>\n<p align=\"justify\">Imagen&nbsp;<a href=\"http:\/\/commons.wikimedia.org\/wiki\/File:Da_Vinci_Vitruve_Luc_Viatour_colouradjusted_crop240.png\">en Wikimedia Commons<\/a>&nbsp;(CC)<\/p>\n<p align=\"justify\">No es de extra\u00f1ar que aparecieran escritores y pensadores preocupados por denunciar esta situaci\u00f3n. Este contexto se publica a mediados de siglo&nbsp;<em>&nbsp;Lazarillo de Tormes.<\/em><\/p>\n<p align=\"justify\"><img loading=\"lazy\" decoding=\"async\" class=\"alignleft\" src=\"http:\/\/agrega.juntadeandalucia.es\/repositorio\/18092018\/4e\/es-an_2018091812_9122330\/El_Lazarillo_de_Tormes_de_Goya.jpg\" alt=\"El Lazarillo de Tormes&nbsp;de Goya en Wikimedia Commons&nbsp;(CC)\" width=\"236\" height=\"300\">Las picard\u00edas de la lucha por la vida de un ni\u00f1o en la Castilla del siglo XVI, que comienza sirviendo a un ciego para, despu\u00e9s, desempe\u00f1ar varios oficios, desde aguador hasta pregonero, vertebran las andanzas del Lazarillo. Empecemos leyendo el siguiente fragmento:<\/p>\n<\/div>\n<div align=\"justify\"><span style=\"font-family: 'comic sans ms', sans-serif\"><em>\u00bfQui\u00e9n encontrar\u00e1 a aquel mi se\u00f1or que no piense, seg\u00fan el contento de s\u00ed lleva, haber anoche bien cenado y dormido en buena cama, y, aunque ahora es de ma\u00f1ana, no le cuenten por muy bien almorzado? \u00a1Grandes secretos son, Se\u00f1or, los que vos hac\u00e9is y las gentes ignoran! \u00bfA qui\u00e9n no enga\u00f1ar\u00e1 aquella buena disposici\u00f3n y razonable capa y sayo? [&#8230;] \u00a1Oh Se\u00f1or, y cu\u00e1ntos de aqu\u00e9stos deb\u00e9is Vos tener por el mundo derramados, que padecen por la negra que llaman honra, lo que por Vos no sufrir\u00e1n!<\/em><\/span><\/div>\n<\/div>\n<\/div>\n<div id=\"id94\" class=\"iDevice_wrapper FreeTextIdevice\">\n<div class=\"iDevice emphasis0\">\n<div align=\"right\"><em><span style=\"font-family: 'comic sans ms', sans-serif\">Lazarillo de Tormes (Tratado III)<\/span><\/em><\/div>\n<div align=\"right\">&nbsp;<\/div>\n<div align=\"right\">&nbsp;<\/div>\n<div style=\"text-align: left\" align=\"right\"><em style=\"text-align: left\">El Lazarillo de Tormes<\/em><span style=\"text-align: left\"> de Goya <\/span><a href=\"http:\/\/commons.wikimedia.org\/wiki\/File:El_Lazarillo_de_Tormes_de_Goya.jpg\">en Wikimedia Commons<\/a>&nbsp;(CC)<\/div>\n<\/div>\n<\/div>\n<div id=\"id95\" class=\"iDevice_wrapper FreeTextIdevice\">\n<div class=\"iDevice emphasis0\">\n<div id=\"ta95_1\" class=\"block iDevice_content\">&nbsp;<\/div>\n<\/div>\n<\/div>\n<div id=\"id96\" class=\"iDevice_wrapper FreeTextIdevice\">\n<div class=\"iDevice emphasis0\">\n<div id=\"ta96_1\" class=\"block iDevice_content\">\n<div align=\"justify\">&nbsp;<\/div>\n<div align=\"justify\">Con estas palabras L\u00e1zaro, el protagonista, se refiere a su tercer amo, un hidalgo escudero, personaje demasiado preocupado por las apariencias, pero que en realidad no tiene ni para comer. As\u00ed hab\u00eda sido su primer encuentro:<\/div>\n<div align=\"justify\">&nbsp;<\/div>\n<div align=\"justify\"><em style=\"font-family: 'comic sans ms', sans-serif\">\u2014Muchacho, \u00bfbuscas amo?<\/em><\/div>\n<div align=\"justify\"><em style=\"font-family: 'comic sans ms', sans-serif\">Yo le dije:<\/em><\/div>\n<div align=\"justify\"><em style=\"font-family: 'comic sans ms', sans-serif\">\u2014S\u00ed, se\u00f1or.<\/em><\/div>\n<div align=\"justify\"><em style=\"font-family: 'comic sans ms', sans-serif\">\u2014Pues vente tras m\u00ed \u2014me respondi\u00f3\u2014, que Dios te ha hecho merced en topar conmigo; alguna buena oraci\u00f3n rezaste hoy.<\/em><\/div>\n<div align=\"justify\"><em style=\"font-family: 'comic sans ms', sans-serif\">Y segu\u00edle, dando gracias a Dios por lo que le o\u00ed, y tambi\u00e9n que me parec\u00eda, seg\u00fan su h\u00e1bito y continente, ser el que yo hab\u00eda menester.<\/em><\/div>\n<div style=\"text-align: right\" align=\"justify\"><em style=\"font-family: 'comic sans ms', sans-serif\">Lazarillo de Tormes&nbsp;(Tratado III)<\/em><\/div>\n<div align=\"justify\">&nbsp;<\/div>\n<\/div>\n<\/div>\n<\/div>\n<div id=\"id98\" class=\"iDevice_wrapper FreeTextIdevice\">\n<div class=\"iDevice emphasis0\">\n<div id=\"ta98_1\" class=\"block iDevice_content\">\n<p>Pero pronto L\u00e1zaro acaba llev\u00e1ndose un desenga\u00f1o acerca de la aut\u00e9ntica condici\u00f3n de su nuevo amo.&nbsp;<em>La vida del Lazarillo de Tormes y de sus fortunas y adversidades<\/em>&nbsp;se publica por primera vez en 1554 y marca el inicio de un g\u00e9nero, la&nbsp;<strong>novela picaresca<\/strong>, en el que se incluyen obras con algunos puntos en com\u00fan:<\/p>\n<ul>\n<li>Son&nbsp;<strong>relatos autobiogr\u00e1ficos<\/strong>&nbsp;en los que el narrador justifica su situaci\u00f3n como resultado de su vida pasada.&nbsp;<\/li>\n<li>El protagonista est\u00e1 al servicio de&nbsp;<strong>varios amos<\/strong>&nbsp;y procede del m\u00e1s humilde nivel social.<\/li>\n<li>Como p\u00edcaro, el protagonista s\u00f3lo logra seguir adelante gracias a su&nbsp;<strong>ingenio<\/strong>. El p\u00edcaro es el&nbsp;<strong>antih\u00e9roe<\/strong>&nbsp;de la literatura idealista.<\/li>\n<\/ul>\n<p align=\"justify\">Pincha en la imagen de abajo y podr\u00e1s leer una informaci\u00f3n b\u00e1sica sobre esta obra, despu\u00e9s contesta las preguntas:<\/p>\n<p align=\"center\"><a href=\"http:\/\/www2.ups.edu\/faculty\/velez\/Span_402\/lazarobow.htm\" target=\"_blank\" rel=\"noopener noreferrer\"><img loading=\"lazy\" decoding=\"async\" src=\"http:\/\/agrega.juntadeandalucia.es\/repositorio\/18092018\/4e\/es-an_2018091812_9122330\/Lazarillo_de_Tormes.gif\" width=\"190\" height=\"300\" hspace=\"5\" vspace=\"5\"><\/a><\/p>\n<div align=\"center\"><a href=\"http:\/\/commons.wikimedia.org\/wiki\/File:Lazarillo_de_Tormes.gif\">Wikimedia Commons (CC)<\/a><\/div>\n<div align=\"center\">&nbsp;<\/div>\n<\/div>\n<\/div>\n<\/div>\n<div id=\"id99\" class=\"iDevice_wrapper TrueFalseIdevice em_iDevice\">\n<div class=\"iDevice emphasis1\">\n<p><img decoding=\"async\" class=\"iDevice_icon\" src=\"http:\/\/agrega.juntadeandalucia.es\/repositorio\/18092018\/4e\/es-an_2018091812_9122330\/icon_question.gif\" alt=\"\"><\/p>\n<div class=\"iDevice_inner\">\n<div class=\"iDevice_content_wrapper\">\n<div id=\"ta99_16\" class=\"block iDevice_content\">\n<div align=\"center\">&nbsp;<\/div>\n<div style=\"text-align: left\" align=\"center\">Indica si las siguientes afirmaciones sobre El Lazarillo son verdaderas o falsas.<\/div>\n<\/div>\n<div class=\"question\">\n<div id=\"taquestion0b99\" class=\"block iDevice_content\">\n<p><strong>a) El protagonista estuvo al servicio de varios amos.<\/strong><\/p>\n<\/div>\n<ul style=\"list-style-type: circle\">\n<li class=\"iDevice_answer js-required\"><label for=\"true0b99\">Verdadero<\/label>&nbsp;<\/li>\n<li class=\"iDevice_answer js-required\"><label for=\"false0b99\">Falso<\/label><\/li>\n<\/ul>\n<\/div>\n<div class=\"question\">\n<div id=\"taquestion1b99\" class=\"block iDevice_content\">\n<div id=\"ans12_291\">\n<div id=\"taans12_39\" class=\"block\"><strong>b) La obra est\u00e1 escrita en tercera persona.<\/strong><\/div>\n<\/div>\n<\/div>\n<ul style=\"list-style-type: circle\">\n<li class=\"iDevice_answer js-required\"><label for=\"true1b99\">Verdadero<\/label>&nbsp;<\/li>\n<li class=\"iDevice_answer js-required\"><label for=\"false1b99\">Falso<\/label><\/li>\n<\/ul>\n<\/div>\n<div class=\"question\">\n<div id=\"taquestion2b99\" class=\"block iDevice_content\">\n<div id=\"ans12_292\">\n<div id=\"taans12_41\" class=\"block\"><strong>c) L\u00e1zaro procede de un nivel social medio.<\/strong><\/div>\n<ul style=\"list-style-type: circle\">\n<li>&nbsp;<\/li>\n<li class=\"block\"><label for=\"true2b99\">Verdadero<\/label>&nbsp;<\/li>\n<\/ul>\n<\/div>\n<\/div>\n<p class=\"iDevice_answer js-required\"><label for=\"false2b99\">Falso<\/label><\/p>\n<\/div>\n<div class=\"question\">\n<div id=\"taquestion3b99\" class=\"block iDevice_content\">\n<p><strong>d) Uno de sus amos fue un cl\u00e9rigo.<\/strong><\/p>\n<\/div>\n<ul style=\"list-style-type: circle\">\n<li class=\"iDevice_answer js-required\"><label for=\"true3b99\">Verdadero<\/label>&nbsp;<\/li>\n<li class=\"iDevice_answer js-required\"><label for=\"false3b99\">Falso<\/label><\/li>\n<\/ul>\n<\/div>\n<div class=\"question\">\n<div id=\"taquestion4b99\" class=\"block iDevice_content\">\n<div id=\"ans12_294\">\n<div id=\"taans12_45\" class=\"block\"><strong>e) El relato est\u00e1 escrito en forma autobiogr\u00e1fica.<\/strong><\/div>\n<\/div>\n<\/div>\n<ul style=\"list-style-type: circle\">\n<li class=\"iDevice_answer js-required\"><label for=\"true4b99\">Verdadero<\/label>&nbsp;<\/li>\n<li class=\"iDevice_answer js-required\"><label for=\"false4b99\">Falso<\/label><\/li>\n<\/ul>\n<p>&nbsp;<\/p>\n<\/div>\n<\/div>\n<\/div>\n<\/div>\n<\/div>\n<div align=\"center\">&nbsp;<\/div>\n<div align=\"center\">&nbsp;<\/div>\n<div id=\"id100\" class=\"iDevice_wrapper FreeTextIdevice\">\n<div class=\"iDevice emphasis0\">\n<div id=\"ta100_1\" class=\"block iDevice_content\">\n<div align=\"center\"><strong><em><img loading=\"lazy\" decoding=\"async\" class=\"alignleft\" src=\"http:\/\/agrega.juntadeandalucia.es\/repositorio\/18092018\/4e\/es-an_2018091812_9122330\/Lazarillo_y_el_Ciego.jpg\" width=\"177\" height=\"172\">El Lazarillo<\/em>&nbsp;y el trabajo<\/strong><\/div>\n<div align=\"center\">&nbsp;<\/div>\n<div style=\"text-align: justify\" align=\"center\">&nbsp;<\/div>\n<div style=\"text-align: justify\" align=\"center\">En un fragmento de la pel\u00edcula <em>L\u00e1zaro de Tormes<\/em>, escuchamos al protagonista hablar de su deseo de conseguir \u00abun empleo de la Corona\u00bb (lo que hoy entender\u00edamos como un puesto de funcionario). En el siguiente enlace puedes verlo:<\/div>\n<div align=\"justify\">\n<p>&nbsp;<\/p>\n<p><a href=\"http:\/\/commons.wikimedia.org\/wiki\/File:Lazarillo_y_el_Ciego_Decretales_siglo_XIV.jpg\">Wikimedia Commons (CC)<\/a><\/p>\n<\/div>\n<\/div>\n<div id=\"ta100_1\" class=\"block iDevice_content\">\n<div align=\"justify\">\n<p>&nbsp;<\/p>\n[youtube https:\/\/www.youtube.com\/watch?v=O5dXSnILJno]\n<p>Aqu\u00ed tienes una trascripci\u00f3n del texto:<\/p>\n<\/div>\n<p><span style=\"font-family: 'comic sans ms', sans-serif\"><em>&#8230;Un amo que me ayudara a ser el d\u00eda de ma\u00f1ana un hombre de bien como esos que tienen empleos de la corona para poder vivir sin sobresaltos&#8230; Un empleo de la corona, pues aseguro a vuestras excelencias que desde ni\u00f1o ese fue mi honrado prop\u00f3sito en esta vida&#8230; Un empleo de la corona, pues s\u00f3lo los que lo tienen medran.<\/em><\/span><\/p>\n<div align=\"justify\">\n<p>&nbsp;<\/p>\n<p style=\"text-align: justify\">Esta escena demuestra la vigencia que mantiene esta obra: hoy en d\u00eda la vida est\u00e1 llena de gente que aspira a un trabajo \u00abpara toda la vida\u00bb sin importar demasiado que para conseguirlo se llegue a perder la dignidad.<\/p>\n<p style=\"text-align: justify\">El mundo laboral no siempre ha sido igual que ahora.&nbsp;<em>El Lazarillo<\/em>&nbsp;encierra un sentido cr\u00edtico en la galer\u00eda de personajes que desfilan por sus p\u00e1ginas, quienes tienen que subsistir, a veces con altas dosis de cinismo, a trav\u00e9s del propio ingenio, dando lugar a situaciones tan variopintas como las siguientes:<\/p>\n<ul style=\"text-align: justify\" type=\"square\">\n<li>El protagonista, L\u00e1zaro, determin\u00f3 desde ni\u00f1o \u00ab<strong>arrimarse a los buenos<\/strong>&nbsp;por ser uno de ellos\u00bb. Este deseo le conducir\u00e1 de amo en amo a lo largo de la historia.<\/li>\n<li>El&nbsp;<strong>escudero<\/strong>&nbsp;se negaba a trabajar por una simple cuesti\u00f3n de&nbsp;<strong>honor<\/strong>, ya que pertenec\u00eda a la nobleza. No dudaba incluso en utilizar a L\u00e1zaro para que fuera \u00e9l quien mendigara alimentos.<\/li>\n<li>El personaje del&nbsp;<strong>buldero<\/strong>, en realidad un&nbsp;<strong>estafador<\/strong>, se aprovechaba de las creencias religiosas y de la buena voluntad de las gentes.<\/li>\n<\/ul>\n<p>El final del propio L\u00e1zaro, que se desentiende de las andanzas de su mujer con el Arcipreste con tal de mantener la&nbsp;<strong>posici\u00f3n social<\/strong>&nbsp;que tanto le hab\u00eda costado lograr.<\/p>\n<\/div>\n<\/div>\n<div align=\"justify\">&nbsp;<\/div>\n<\/div>\n<div style=\"text-align: right\" align=\"justify\"><em>Jos\u00e9 Lu\u00eds Cejudo Rodr\u00edguez<\/em><\/div>\n<\/div>\n","protected":false},"excerpt":{"rendered":"<p>Lazarillo de Tormes &nbsp; A principios del siglo XVI toda Europa se encuentra en una etapa de florecimiento art\u00edstico y cultural, en una \u00e9poca conocida con el nombre de Renacimiento. Nuestro pa\u00eds, tras el&#46;&#46;&#46;<\/p>\n","protected":false},"author":9788,"featured_media":0,"parent":0,"menu_order":0,"comment_status":"closed","ping_status":"closed","template":"","meta":{"ngg_post_thumbnail":0,"footnotes":"","_mc_calendar":[]},"aioseo_notices":[],"_links":{"self":[{"href":"https:\/\/blogsaverroes.juntadeandalucia.es\/ceperelperejil\/wp-json\/wp\/v2\/pages\/2708"}],"collection":[{"href":"https:\/\/blogsaverroes.juntadeandalucia.es\/ceperelperejil\/wp-json\/wp\/v2\/pages"}],"about":[{"href":"https:\/\/blogsaverroes.juntadeandalucia.es\/ceperelperejil\/wp-json\/wp\/v2\/types\/page"}],"author":[{"embeddable":true,"href":"https:\/\/blogsaverroes.juntadeandalucia.es\/ceperelperejil\/wp-json\/wp\/v2\/users\/9788"}],"replies":[{"embeddable":true,"href":"https:\/\/blogsaverroes.juntadeandalucia.es\/ceperelperejil\/wp-json\/wp\/v2\/comments?post=2708"}],"version-history":[{"count":5,"href":"https:\/\/blogsaverroes.juntadeandalucia.es\/ceperelperejil\/wp-json\/wp\/v2\/pages\/2708\/revisions"}],"predecessor-version":[{"id":3003,"href":"https:\/\/blogsaverroes.juntadeandalucia.es\/ceperelperejil\/wp-json\/wp\/v2\/pages\/2708\/revisions\/3003"}],"wp:attachment":[{"href":"https:\/\/blogsaverroes.juntadeandalucia.es\/ceperelperejil\/wp-json\/wp\/v2\/media?parent=2708"}],"curies":[{"name":"wp","href":"https:\/\/api.w.org\/{rel}","templated":true}]}}