{"id":2814,"date":"2020-04-27T08:55:50","date_gmt":"2020-04-27T08:55:50","guid":{"rendered":"https:\/\/blogsaverroes.juntadeandalucia.es\/ceperelperejil\/?page_id=2814"},"modified":"2020-05-07T15:46:19","modified_gmt":"2020-05-07T15:46:19","slug":"centro","status":"publish","type":"page","link":"https:\/\/blogsaverroes.juntadeandalucia.es\/ceperelperejil\/centro\/","title":{"rendered":"Centro"},"content":{"rendered":"<p style=\"text-align: justify\"><span style=\"font-family: 'comic sans ms', sans-serif;font-size: 14pt\">Originariamente el <em>CEPER EL Perejil <\/em>se encontraba situado en la plaza del mismo nombre de la localidad de Alcal\u00e1 de Guada\u00edra, en un edificio, aunque antiguo, de uso propio. En junio de 2006 el centro fue trasladado al CEIP Manuel Alonso, a un edificio independiente, aunque no suficiente para el ejercicio de su funci\u00f3n educativa, ya que su construcci\u00f3n databa de 1952 (antiguas aulas Sevilla). El motivo de dicho traslado fue la demolici\u00f3n del edificio para la construcci\u00f3n de los aparcamientos de la Biblioteca P\u00fablica Editor Jos\u00e9 Manuel Lara. La demolici\u00f3n de dicho edificio no se realiz\u00f3 hasta el a\u00f1o 2009.<\/span><\/p>\n<p style=\"text-align: justify\"><span style=\"font-family: 'comic sans ms', sans-serif;font-size: 14pt\">En verano de 2017 las aulas que ocupaba el <em>CEPER El Perejil<\/em> fueron demolidas, por lo cual hubo que buscar una nueva ubicaci\u00f3n para la sede del centro. Desde el curso 2017\/18 la sede del <em>CEPER El Perejil<\/em> se ubica en una oficina de la Biblioteca P\u00fablica Municipal Editor Jos\u00e9 Manuel Lara cedida por el Ayuntamiento.<\/span><\/p>\n<p style=\"text-align: justify\"><span style=\"font-family: 'comic sans ms', sans-serif;font-size: 14pt\">El centro tiene diversas extensiones repartidas en distintas zonas de la localidad:<\/span><\/p>\n<p style=\"padding-left: 200px;text-align: justify\"><span style=\"font-family: 'times new roman', times, serif;font-size: 14pt\"><a href=\"https:\/\/blogsaverroes.juntadeandalucia.es\/ceperelperejil\/files\/2020\/04\/ubicaciones-1.jpg\"><img loading=\"lazy\" decoding=\"async\" class=\"size-medium wp-image-2826 alignnone\" src=\"https:\/\/blogsaverroes.juntadeandalucia.es\/ceperelperejil\/files\/2020\/04\/ubicaciones-1-300x224.jpg\" alt=\"\" width=\"300\" height=\"224\" srcset=\"https:\/\/blogsaverroes.juntadeandalucia.es\/ceperelperejil\/files\/2020\/04\/ubicaciones-1-300x224.jpg 300w, https:\/\/blogsaverroes.juntadeandalucia.es\/ceperelperejil\/files\/2020\/04\/ubicaciones-1-24x18.jpg 24w, https:\/\/blogsaverroes.juntadeandalucia.es\/ceperelperejil\/files\/2020\/04\/ubicaciones-1-36x27.jpg 36w, https:\/\/blogsaverroes.juntadeandalucia.es\/ceperelperejil\/files\/2020\/04\/ubicaciones-1-48x36.jpg 48w, https:\/\/blogsaverroes.juntadeandalucia.es\/ceperelperejil\/files\/2020\/04\/ubicaciones-1.jpg 440w\" sizes=\"(max-width: 300px) 100vw, 300px\" \/><\/a><\/span><\/p>\n<p style=\"text-align: justify\"><span style=\"font-family: 'comic sans ms', sans-serif;font-size: 14pt\">En el Centro se imparten clases en horario de ma\u00f1ana y tarde, y en distintas extensiones para facilitar la asistencia a la poblaci\u00f3n y ofrecer una cercan\u00eda mayor a sus domicilios.&nbsp;<\/span><\/p>\n<p>&nbsp;<\/p>\n","protected":false},"excerpt":{"rendered":"<p>Originariamente el CEPER EL Perejil se encontraba situado en la plaza del mismo nombre de la localidad de Alcal\u00e1 de Guada\u00edra, en un edificio, aunque antiguo, de uso propio. En junio de 2006 el&#46;&#46;&#46;<\/p>\n","protected":false},"author":9788,"featured_media":0,"parent":0,"menu_order":0,"comment_status":"closed","ping_status":"closed","template":"","meta":{"ngg_post_thumbnail":0,"footnotes":"","_mc_calendar":[]},"aioseo_notices":[],"_links":{"self":[{"href":"https:\/\/blogsaverroes.juntadeandalucia.es\/ceperelperejil\/wp-json\/wp\/v2\/pages\/2814"}],"collection":[{"href":"https:\/\/blogsaverroes.juntadeandalucia.es\/ceperelperejil\/wp-json\/wp\/v2\/pages"}],"about":[{"href":"https:\/\/blogsaverroes.juntadeandalucia.es\/ceperelperejil\/wp-json\/wp\/v2\/types\/page"}],"author":[{"embeddable":true,"href":"https:\/\/blogsaverroes.juntadeandalucia.es\/ceperelperejil\/wp-json\/wp\/v2\/users\/9788"}],"replies":[{"embeddable":true,"href":"https:\/\/blogsaverroes.juntadeandalucia.es\/ceperelperejil\/wp-json\/wp\/v2\/comments?post=2814"}],"version-history":[{"count":11,"href":"https:\/\/blogsaverroes.juntadeandalucia.es\/ceperelperejil\/wp-json\/wp\/v2\/pages\/2814\/revisions"}],"predecessor-version":[{"id":2927,"href":"https:\/\/blogsaverroes.juntadeandalucia.es\/ceperelperejil\/wp-json\/wp\/v2\/pages\/2814\/revisions\/2927"}],"wp:attachment":[{"href":"https:\/\/blogsaverroes.juntadeandalucia.es\/ceperelperejil\/wp-json\/wp\/v2\/media?parent=2814"}],"curies":[{"name":"wp","href":"https:\/\/api.w.org\/{rel}","templated":true}]}}