{"id":533,"date":"2023-03-23T19:26:24","date_gmt":"2023-03-23T18:26:24","guid":{"rendered":"https:\/\/blogsaverroes.juntadeandalucia.es\/ceperfuensanta\/?page_id=533"},"modified":"2023-09-15T11:21:59","modified_gmt":"2023-09-15T09:21:59","slug":"quienes-somos","status":"publish","type":"page","link":"https:\/\/blogsaverroes.juntadeandalucia.es\/ceperfuensanta\/quienes-somos\/","title":{"rendered":"Quienes somos"},"content":{"rendered":"<section class=\"elementor-section elementor-top-section elementor-element elementor-element-fe9e928 elementor-section-boxed elementor-section-height-default elementor-section-height-default\" data-id=\"fe9e928\">\n<div class=\"elementor-container elementor-column-gap-default\">\n<div class=\"elementor-row\">\n<div class=\"elementor-column elementor-col-100 elementor-top-column elementor-element elementor-element-ed52b3f\" data-id=\"ed52b3f\">\n<div class=\"elementor-column-wrap elementor-element-populated\">\n<div class=\"elementor-widget-wrap\">\n<div class=\"elementor-element elementor-element-4b8e85ed elementor-widget elementor-widget-text-editor\" data-id=\"4b8e85ed\">\n<div class=\"elementor-widget-container\">\n<div class=\"elementor-text-editor elementor-clearfix\">\n<p style=\"text-align: left\"><span style=\"font-size: 14pt\">&nbsp; &nbsp; &nbsp; <img loading=\"lazy\" decoding=\"async\" class=\"aligncenter wp-image-633 size-large\" src=\"https:\/\/blogsaverroes.juntadeandalucia.es\/ceperfuensanta\/files\/2023\/04\/CAPTURA-1-e1684340787754-1024x291.png\" alt=\"\" width=\"1024\" height=\"291\" srcset=\"https:\/\/blogsaverroes.juntadeandalucia.es\/ceperfuensanta\/files\/2023\/04\/CAPTURA-1-e1684340787754-1024x291.png 1024w, https:\/\/blogsaverroes.juntadeandalucia.es\/ceperfuensanta\/files\/2023\/04\/CAPTURA-1-e1684340787754-300x85.png 300w, https:\/\/blogsaverroes.juntadeandalucia.es\/ceperfuensanta\/files\/2023\/04\/CAPTURA-1-e1684340787754-768x218.png 768w, https:\/\/blogsaverroes.juntadeandalucia.es\/ceperfuensanta\/files\/2023\/04\/CAPTURA-1-e1684340787754.png 1319w\" sizes=\"(max-width: 1024px) 100vw, 1024px\" \/> <\/span><\/p>\n<p style=\"text-align: left\"><span style=\"font-size: 14pt\"><span style=\"font-size: 12pt;color: #000000\">&nbsp; &nbsp; &nbsp; El <strong>Centro de Educaci\u00f3n Permanente (CEPER) \u201cTATI SAIZ\u201d (Antes CEPER FUENSANTA)<\/strong>&nbsp;es un centro docente p\u00fablico cuya titularidad corresponde a la Junta de Andaluc\u00eda y est\u00e1 en funcionamiento desde 1983. Ser\u00e1 en el curso 2006\/2007 cuando se incluir\u00e1n para que formen parte de \u00e9l, las <strong>Secciones de Alcolea, Bujalance, El Carpio, Espejo, &#8220;La Candelaria&#8221; de Adamuz, &#8220;Mar\u00eda Bejarano&#8221; de Ca\u00f1ete de las Torres, Montoro, Pedro Abad, Villafranca de C\u00f3rdoba y Villa del R\u00edo.&nbsp;<\/strong><\/span><\/span><\/p>\n<p><span style=\"font-size: 14pt\">&nbsp; &nbsp; &nbsp;<span style=\"font-size: 12pt;color: #000000\"> Tiene como finalidad educativa general durante los pr\u00f3ximos cursos, mantener una oferta de Educaci\u00f3n Permanente que luche contra las desigualdades educativas de la poblaci\u00f3n y corregir los resultados del abandono y fracaso escolar del sistema ordinario. Adem\u00e1s, integrar a diversos colectivos (inmigrantes, personas alejadas del sistema educativo, trabajadores\/as que buscan la promoci\u00f3n laboral en sus empresas, personas adultas que se quieren incorporar a la universidad, etc.).<\/span>&nbsp; &nbsp;<\/span> &nbsp;<\/p>\n<\/div>\n<\/div>\n<\/div>\n<\/div>\n<\/div>\n<\/div>\n<\/div>\n<\/div>\n<\/section>\n<section class=\"elementor-section elementor-top-section elementor-element elementor-element-19c1c87 elementor-section-boxed elementor-section-height-default elementor-section-height-default\" data-id=\"19c1c87\">\n<div class=\"elementor-container elementor-column-gap-default\">\n<div class=\"elementor-row\">\n<div class=\"elementor-column elementor-col-100 elementor-top-column elementor-element elementor-element-e28e448\" data-id=\"e28e448\">\n<div class=\"elementor-column-wrap elementor-element-populated\">\n<div class=\"elementor-widget-wrap\">\n<div class=\"elementor-element elementor-element-b9375d9 elementor-widget elementor-widget-text-editor\" data-id=\"b9375d9\">\n<div class=\"elementor-widget-container\">\n<div class=\"elementor-text-editor elementor-clearfix\">\n<p>&nbsp; &nbsp; &nbsp; <span style=\"color: #000000;font-size: 12pt\">La Educaci\u00f3n Permanente est\u00e1 consiguiendo aumentar la tasa de titulados en Educaci\u00f3n Secundaria, el acceso a niveles educativos superiores de poblaci\u00f3n hasta ahora alejada de los mismos, la dinamizaci\u00f3n social y cultural de sus localidades, el aumento de poblaci\u00f3n mayor de 25 o 45 a\u00f1os que se titula en educaci\u00f3n superior, etc.<\/span><\/p>\n<p><span style=\"font-size: 14pt\">&nbsp; &nbsp; &nbsp; &nbsp;<span style=\"color: #000000;font-size: 12pt\">Y todas esas personas, sobre todo ahora en tiempos de crisis econ\u00f3mica, demandan un proceso de formaci\u00f3n que se convierta en un veh\u00edculo para la satisfacci\u00f3n de necesidades mediante el trabajo formativo que responda a:<\/span><\/span><\/p>\n<p><span style=\"font-size: 12pt;color: #000000\">\u2022 Necesidades laborales.<\/span><br \/>\n<span style=\"font-size: 12pt;color: #000000\">\u2022 Necesidades de promoci\u00f3n personal y social.<\/span><br \/>\n<span style=\"font-size: 12pt;color: #000000\">\u2022 Necesidades del desarrollo eficaz en el puesto de trabajo.<\/span><br \/>\n<span style=\"font-size: 12pt;color: #000000\">\u2022 Necesidades de ayudar a sus hijos en edad escolar, etc.<\/span><br \/>\n<span style=\"font-size: 12pt;color: #000000\">\u2022 Necesidad de adaptaci\u00f3n a la sociedad de la informaci\u00f3n y las comunicaciones\u2026&nbsp;<\/span><\/p>\n<\/div>\n<\/div>\n<\/div>\n<\/div>\n<\/div>\n<\/div>\n<\/div>\n<\/div>\n<\/section>\n<section class=\"elementor-section elementor-top-section elementor-element elementor-element-998c05d elementor-section-boxed elementor-section-height-default elementor-section-height-default\" data-id=\"998c05d\">\n<div class=\"elementor-container elementor-column-gap-default\">\n<div class=\"elementor-row\">\n<div class=\"elementor-column elementor-col-100 elementor-top-column elementor-element elementor-element-3574dc3\" data-id=\"3574dc3\">\n<div class=\"elementor-column-wrap elementor-element-populated\">\n<div class=\"elementor-widget-wrap\">\n<div class=\"elementor-element elementor-element-b9bffa2 elementor-widget elementor-widget-text-editor\" data-id=\"b9bffa2\">\n<div class=\"elementor-widget-container\">\n<div class=\"elementor-text-editor elementor-clearfix\">\n<p style=\"text-align: center\"><span style=\"color: #003366;font-size: 14pt\"><strong>\u201cSi planificas para un a\u00f1o,<\/strong><\/span><br \/>\n<span style=\"color: #003366;font-size: 14pt\"><strong>siembra trigo.<\/strong><\/span><br \/>\n<span style=\"color: #003366;font-size: 14pt\"><strong>Si planificas para una d\u00e9cada,<\/strong><\/span><br \/>\n<span style=\"color: #003366;font-size: 14pt\"><strong>planta \u00e1rboles.<\/strong><\/span><br \/>\n<span style=\"color: #003366;font-size: 14pt\"><strong>Si planificas para una vida,<\/strong><\/span><br \/>\n<span style=\"color: #003366;font-size: 14pt\"><strong>educa personas\u201d<\/strong><\/span><\/p>\n<p style=\"text-align: center\"><em>&nbsp; &nbsp; &nbsp; &nbsp; &nbsp; &nbsp; &nbsp; &nbsp; &nbsp; &nbsp; &nbsp; &nbsp; &nbsp; &nbsp; &nbsp; &nbsp; &nbsp; &nbsp; &nbsp; Kwan Tzu.<\/em><\/p>\n<\/div>\n<\/div>\n<\/div>\n<\/div>\n<\/div>\n<\/div>\n<\/div>\n<\/div>\n<\/section>\n","protected":false},"excerpt":{"rendered":"<p>&nbsp; &nbsp; &nbsp; &nbsp; &nbsp; &nbsp; El Centro de Educaci\u00f3n Permanente (CEPER) \u201cTATI SAIZ\u201d (Antes CEPER FUENSANTA)&nbsp;es un centro docente p\u00fablico cuya titularidad corresponde a la Junta de Andaluc\u00eda y est\u00e1 en funcionamiento desde&#46;&#46;&#46;<\/p>\n","protected":false},"author":14619,"featured_media":0,"parent":0,"menu_order":0,"comment_status":"closed","ping_status":"closed","template":"","meta":{"ngg_post_thumbnail":0,"footnotes":""},"aioseo_notices":[],"_links":{"self":[{"href":"https:\/\/blogsaverroes.juntadeandalucia.es\/ceperfuensanta\/wp-json\/wp\/v2\/pages\/533"}],"collection":[{"href":"https:\/\/blogsaverroes.juntadeandalucia.es\/ceperfuensanta\/wp-json\/wp\/v2\/pages"}],"about":[{"href":"https:\/\/blogsaverroes.juntadeandalucia.es\/ceperfuensanta\/wp-json\/wp\/v2\/types\/page"}],"author":[{"embeddable":true,"href":"https:\/\/blogsaverroes.juntadeandalucia.es\/ceperfuensanta\/wp-json\/wp\/v2\/users\/14619"}],"replies":[{"embeddable":true,"href":"https:\/\/blogsaverroes.juntadeandalucia.es\/ceperfuensanta\/wp-json\/wp\/v2\/comments?post=533"}],"version-history":[{"count":15,"href":"https:\/\/blogsaverroes.juntadeandalucia.es\/ceperfuensanta\/wp-json\/wp\/v2\/pages\/533\/revisions"}],"predecessor-version":[{"id":809,"href":"https:\/\/blogsaverroes.juntadeandalucia.es\/ceperfuensanta\/wp-json\/wp\/v2\/pages\/533\/revisions\/809"}],"wp:attachment":[{"href":"https:\/\/blogsaverroes.juntadeandalucia.es\/ceperfuensanta\/wp-json\/wp\/v2\/media?parent=533"}],"curies":[{"name":"wp","href":"https:\/\/api.w.org\/{rel}","templated":true}]}}