{"id":537,"date":"2023-03-23T19:27:55","date_gmt":"2023-03-23T18:27:55","guid":{"rendered":"https:\/\/blogsaverroes.juntadeandalucia.es\/ceperfuensanta\/?page_id=537"},"modified":"2023-05-17T19:19:38","modified_gmt":"2023-05-17T17:19:38","slug":"matriculacion","status":"publish","type":"page","link":"https:\/\/blogsaverroes.juntadeandalucia.es\/ceperfuensanta\/matriculacion\/","title":{"rendered":"Matriculaci\u00f3n"},"content":{"rendered":"<p id=\"yui_patched_v3_11_0_1_1650866903752_838\"><span style=\"color: #000000\">Para cursar planes educativos en modalidad&nbsp;<strong>presencial&nbsp;<\/strong>no es necesario solicitar admisi\u00f3n por lo que directamente podr\u00e1s presentar tu matricula para hasta tres planes educativos, por orden de preferencia, en un \u00fanico centro.<\/span><\/p>\n<p><span style=\"color: #000000\">Si en el centro no hubiera plazas suficientes para satisfacer toda la demanda, estas se adjudicar\u00e1n en funci\u00f3n de la menor renta anual per c\u00e1pita de la unidad familiar, y se asignar\u00e1n a aquellas personas que no hayan estado matriculadas en cursos anteriores.<\/span><\/p>\n<p id=\"yui_patched_v3_11_0_1_1650866903752_877\"><span style=\"color: #000000\">Finalmente, se formalizar\u00e1 la matr\u00edcula para, como m\u00e1ximo, dos de los planes educativos elegidos por curso escolar.<\/span><\/p>\n<h4><span style=\"color: #000000\"><strong>PLAZOS DE INSCRIPCI\u00d3N:<\/strong><\/span><\/h4>\n<ul>\n<li><span style=\"color: #000000\"><strong>ORDINARIO:&nbsp;Del 1 al 15 de junio.<\/strong>&nbsp;<\/span><\/li>\n<li><span style=\"color: #000000\"><strong>EXTRAORDINARIO:<\/strong><\/span>\n<ul>\n<li style=\"list-style-type: none\">\n<ul>\n<li style=\"list-style-type: none\">\n<ul>\n<li style=\"list-style-type: none\">\n<ul>\n<li style=\"list-style-type: none\">\n<ul>\n<li><span style=\"color: #000000\"><strong>Primera fase (del 1 al 15 de septiembre, ambos inclusive)<\/strong><\/span><\/li>\n<li><span style=\"color: #000000\"><strong>Segunda fase (a partir del 18 de septiembre)<\/strong><\/span><\/li>\n<\/ul>\n<\/li>\n<\/ul>\n<\/li>\n<\/ul>\n<\/li>\n<\/ul>\n<\/li>\n<\/ul>\n<\/li>\n<\/ul>\n<p><span style=\"color: #000000\"><strong>Plazo extraordinario de matr\u00edcula<\/strong><\/span><\/p>\n<div id=\"yui_patched_v3_11_0_1_1650866903752_975\" class=\"inner_cuerpo\">\n<p><span style=\"color: #000000\">Si tras el procedimiento ordinario de matr\u00edcula quedaran plazas vacantes, la direcci\u00f3n de los centros docentes p\u00fablicos formalizar\u00e1 las matr\u00edculas de aquellas personas interesadas que se encontraran en lista de espera.<\/span><\/p>\n<p><span style=\"color: #000000\">Finalmente, hasta agotar las plazas vacantes o, como muy tarde,&nbsp;<strong>el \u00faltimo d\u00eda lectivo del primer trimestre<\/strong>, se podr\u00e1n matricular todas aquellas personas interesadas, atendiendo al orden de llegada de su solicitud, siempre y cuando cumplan los requisitos de acceso.<\/span><\/p>\n<\/div>\n<p><span style=\"color: #000000\"><strong>REQUISITOS:<\/strong><\/span><\/p>\n<p><span style=\"color: #000000\">Para cursar estas ense\u00f1anzas en r\u00e9gimen de&nbsp;<strong>personas adultas<\/strong>&nbsp;debes ser&nbsp;<strong>mayor de 18 a\u00f1os<\/strong>&nbsp;o cumplirlos en el a\u00f1o natural en que comience el curso acad\u00e9mico, salvo el Plan para la preparaci\u00f3n de las pruebas de acceso a ciclos formativos de Grado Superior que debes ser&nbsp;<strong>mayor de 19 a\u00f1os<\/strong>.<\/span><\/p>\n<p><span style=\"color: #000000\">De manera&nbsp;<strong>excepcional<\/strong>, tambi\u00e9n puedes acceder a las ense\u00f1anzas de Educaci\u00f3n Permanente para personas adultas si eres mayor de 16 a\u00f1os, o los cumples en el a\u00f1o natural en que comienza el curso acad\u00e9mico, acreditando alguna de estas situaciones:<\/span><\/p>\n<ul>\n<li style=\"list-style-type: none\">\n<ul>\n<li style=\"list-style-type: none\">\n<ul style=\"list-style-type: square\">\n<li><span style=\"color: #000000\">Ser persona trabajadora por cuenta propia o ajena de manera que no puedas acudir al centro educativo de car\u00e1cter ordinario.<\/span><\/li>\n<li><span style=\"color: #000000\">Ser deportista de rendimiento en Andaluc\u00eda o de alto rendimiento o alto nivel.<\/span><\/li>\n<li><span style=\"color: #000000\">Encontrarte en situaci\u00f3n personal extraordinaria de enfermedad, discapacidad o cualquier otra situaci\u00f3n que te impida cursar las ense\u00f1anzas en r\u00e9gimen ordinario, quedando incluidas en est supuesto las v\u00edctimas de la violencia de g\u00e9nero y las v\u00edctimas de terrorismo, as\u00ed como sus hijos e hijas, y las personas que se encuentren en situaci\u00f3n de dificultad social extrema o riesgo de exclusi\u00f3n.<\/span><\/li>\n<li><span style=\"color: #000000\">Estar en situaci\u00f3n de internamiento en centros penitenciarios o de menores sujeta a medidas de privaci\u00f3n de libertad por sentencia judicial.<\/span><\/li>\n<\/ul>\n<\/li>\n<\/ul>\n<\/li>\n<\/ul>\n<p><span style=\"color: #000000\">Puedes <\/span><strong style=\"color: #000000\">descargar<\/strong><span style=\"color: #000000\">&nbsp;tu solicitud de matr\u00edcula y traerla rellena junto con tu DNI para matriculaci\u00f3n. Para ello haz clic en el siguiente enlace:<\/span><\/p>\n<h4 style=\"text-align: center\"><strong><a href=\"https:\/\/blogsaverroes.juntadeandalucia.es\/cepermadinatalixena\/files\/2021\/02\/anexo_V_matric_Planes.pdf\" target=\"_blank\" rel=\"noopener noreferrer\">IMPRESO SOLICITUD DE MATR\u00cdCULA<\/a><\/strong><\/h4>\n","protected":false},"excerpt":{"rendered":"<p>Para cursar planes educativos en modalidad&nbsp;presencial&nbsp;no es necesario solicitar admisi\u00f3n por lo que directamente podr\u00e1s presentar tu matricula para hasta tres planes educativos, por orden de preferencia, en un \u00fanico centro. Si en el&#46;&#46;&#46;<\/p>\n","protected":false},"author":14619,"featured_media":0,"parent":0,"menu_order":0,"comment_status":"closed","ping_status":"closed","template":"","meta":{"ngg_post_thumbnail":0,"footnotes":""},"aioseo_notices":[],"_links":{"self":[{"href":"https:\/\/blogsaverroes.juntadeandalucia.es\/ceperfuensanta\/wp-json\/wp\/v2\/pages\/537"}],"collection":[{"href":"https:\/\/blogsaverroes.juntadeandalucia.es\/ceperfuensanta\/wp-json\/wp\/v2\/pages"}],"about":[{"href":"https:\/\/blogsaverroes.juntadeandalucia.es\/ceperfuensanta\/wp-json\/wp\/v2\/types\/page"}],"author":[{"embeddable":true,"href":"https:\/\/blogsaverroes.juntadeandalucia.es\/ceperfuensanta\/wp-json\/wp\/v2\/users\/14619"}],"replies":[{"embeddable":true,"href":"https:\/\/blogsaverroes.juntadeandalucia.es\/ceperfuensanta\/wp-json\/wp\/v2\/comments?post=537"}],"version-history":[{"count":6,"href":"https:\/\/blogsaverroes.juntadeandalucia.es\/ceperfuensanta\/wp-json\/wp\/v2\/pages\/537\/revisions"}],"predecessor-version":[{"id":681,"href":"https:\/\/blogsaverroes.juntadeandalucia.es\/ceperfuensanta\/wp-json\/wp\/v2\/pages\/537\/revisions\/681"}],"wp:attachment":[{"href":"https:\/\/blogsaverroes.juntadeandalucia.es\/ceperfuensanta\/wp-json\/wp\/v2\/media?parent=537"}],"curies":[{"name":"wp","href":"https:\/\/api.w.org\/{rel}","templated":true}]}}