{"id":580,"date":"2023-03-23T19:45:09","date_gmt":"2023-03-23T18:45:09","guid":{"rendered":"https:\/\/blogsaverroes.juntadeandalucia.es\/ceperfuensanta\/?page_id=580"},"modified":"2023-05-18T19:09:21","modified_gmt":"2023-05-18T17:09:21","slug":"formacion-basica","status":"publish","type":"page","link":"https:\/\/blogsaverroes.juntadeandalucia.es\/ceperfuensanta\/formacion-basica\/","title":{"rendered":"Formaci\u00f3n B\u00e1sica"},"content":{"rendered":"<p><img loading=\"lazy\" decoding=\"async\" class=\"aligncenter wp-image-694\" src=\"https:\/\/blogsaverroes.juntadeandalucia.es\/ceperfuensanta\/files\/2023\/05\/FORMACION-B\u00e1sica.jpg\" alt=\"\" width=\"800\" height=\"211\" srcset=\"https:\/\/blogsaverroes.juntadeandalucia.es\/ceperfuensanta\/files\/2023\/05\/FORMACION-B\u00e1sica.jpg 870w, https:\/\/blogsaverroes.juntadeandalucia.es\/ceperfuensanta\/files\/2023\/05\/FORMACION-B\u00e1sica-300x79.jpg 300w, https:\/\/blogsaverroes.juntadeandalucia.es\/ceperfuensanta\/files\/2023\/05\/FORMACION-B\u00e1sica-768x203.jpg 768w\" sizes=\"(max-width: 800px) 100vw, 800px\" \/><\/p>\n<p><span style=\"color: #000000\">La&nbsp;<strong>Formaci\u00f3n B\u00e1sica<\/strong> est\u00e1 dise\u00f1ada para distintos grupos de personas que no son capaces de utilizar, con soltura, la lectura y escritura para resolver las situaciones que se le presentan en su vida cotidiana o para aquellas personas que carecen de conocimientos b\u00e1sicos para acceder a una titulaci\u00f3n.<\/span><\/p>\n<p><span style=\"color: #000000\">Este Plan educativo est\u00e1 organizado en dos niveles de un curso de duraci\u00f3n cada uno; Nivel I y Nivel II. Cada nivel contiene tres \u00e1mbitos de conocimiento y cada \u00e1mbito tres m\u00f3dulos, uno por trimestre. Puedes emplear de manera&nbsp; excepcional hasta&nbsp;<b>un m\u00e1ximo de tres a\u00f1os por nivel<\/b>&nbsp;si lo necesitaras.<\/span><\/p>\n<ul>\n<li><span style=\"color: #000000\">\u00c1mbito de Comunicaci\u00f3n.<\/span><\/li>\n<li><span style=\"color: #000000\">\u00c1mbito Cient\u00edfico-Tecnol\u00f3gico.<\/span><\/li>\n<li><span style=\"color: #000000\">\u00c1mbito Social.<\/span><\/li>\n<\/ul>\n<p><span style=\"color: #000000\">En la Formaci\u00f3n B\u00e1sica se promueve&nbsp; la adquisici\u00f3n de los conocimientos, las capacidades, las actitudes, as\u00ed como los objetivos generales y de las competencias b\u00e1sicas necesarias para acceder a la etapa de la Educaci\u00f3n Secundaria Obligatoria.&nbsp;<\/span><\/p>\n","protected":false},"excerpt":{"rendered":"<p>La&nbsp;Formaci\u00f3n B\u00e1sica est\u00e1 dise\u00f1ada para distintos grupos de personas que no son capaces de utilizar, con soltura, la lectura y escritura para resolver las situaciones que se le presentan en su vida cotidiana o&#46;&#46;&#46;<\/p>\n","protected":false},"author":14619,"featured_media":0,"parent":0,"menu_order":0,"comment_status":"closed","ping_status":"closed","template":"","meta":{"ngg_post_thumbnail":0,"footnotes":""},"aioseo_notices":[],"_links":{"self":[{"href":"https:\/\/blogsaverroes.juntadeandalucia.es\/ceperfuensanta\/wp-json\/wp\/v2\/pages\/580"}],"collection":[{"href":"https:\/\/blogsaverroes.juntadeandalucia.es\/ceperfuensanta\/wp-json\/wp\/v2\/pages"}],"about":[{"href":"https:\/\/blogsaverroes.juntadeandalucia.es\/ceperfuensanta\/wp-json\/wp\/v2\/types\/page"}],"author":[{"embeddable":true,"href":"https:\/\/blogsaverroes.juntadeandalucia.es\/ceperfuensanta\/wp-json\/wp\/v2\/users\/14619"}],"replies":[{"embeddable":true,"href":"https:\/\/blogsaverroes.juntadeandalucia.es\/ceperfuensanta\/wp-json\/wp\/v2\/comments?post=580"}],"version-history":[{"count":5,"href":"https:\/\/blogsaverroes.juntadeandalucia.es\/ceperfuensanta\/wp-json\/wp\/v2\/pages\/580\/revisions"}],"predecessor-version":[{"id":696,"href":"https:\/\/blogsaverroes.juntadeandalucia.es\/ceperfuensanta\/wp-json\/wp\/v2\/pages\/580\/revisions\/696"}],"wp:attachment":[{"href":"https:\/\/blogsaverroes.juntadeandalucia.es\/ceperfuensanta\/wp-json\/wp\/v2\/media?parent=580"}],"curies":[{"name":"wp","href":"https:\/\/api.w.org\/{rel}","templated":true}]}}