{"id":584,"date":"2023-03-23T19:48:43","date_gmt":"2023-03-23T18:48:43","guid":{"rendered":"https:\/\/blogsaverroes.juntadeandalucia.es\/ceperfuensanta\/?page_id=584"},"modified":"2023-05-17T19:46:56","modified_gmt":"2023-05-17T17:46:56","slug":"informatica","status":"publish","type":"page","link":"https:\/\/blogsaverroes.juntadeandalucia.es\/ceperfuensanta\/informatica\/","title":{"rendered":"Inform\u00e1tica"},"content":{"rendered":"<p><span style=\"color: #000000\">La presencia de las <strong>Tecnolog\u00edas de la Informaci\u00f3n y la Comunicaci\u00f3n (TIC)<\/strong> en todos los \u00e1mbitos de la vida es tan evidente que ya se habla de un nuevo tipo de sociedad caracterizada por la gran cantidad de informaci\u00f3n disponible en la red y por la facilidad de acceso a la misma. Las <strong>TIC<\/strong> impregnan nuestra vida cotidiana y su uso se est\u00e1 convirtiendo en requisito esencial para la inserci\u00f3n y promoci\u00f3n laboral, para la autonom\u00eda en el aprendizaje y para la pr\u00e1ctica de una ciudadan\u00eda activa.<\/span><\/p>\n<p><span style=\"color: #000000\">Sin embargo, es un hecho constatado que, mientras que las personas m\u00e1s j\u00f3venes se han socializado en un medio tecnol\u00f3gico y lo asumen como algo natural, las personas adultas, que se han desenvuelto toda su vida en un medio anal\u00f3gico y rodeadas de productos tangibles, necesitan aprender a utilizar las nuevas herramientas tecnol\u00f3gicas y conocer los nuevos lenguajes multimedia que han nacido a su amparo si queremos conseguir que participen activamente en la nueva sociedad de la informaci\u00f3n que est\u00e1 emergiendo.<\/span><\/p>\n<p><span style=\"color: #000000\">Por este motivo, la Consejer\u00eda de Educaci\u00f3n de la Junta de Andaluc\u00eda ha incluido en la oferta de ense\u00f1anzas&nbsp; dirigidas a este colectivo un plan educativo que tiene como objetivo favorecer el acceso de las personas adultas a las nuevas tecnolog\u00edas de manera que puedan utilizarlas en todos los \u00e1mbitos de su vida: personal, laboral, educativo\u2026 propiciando el acceso a la informaci\u00f3n que hay en la Red de una manera, constructiva, selectiva y cr\u00edtica, de forma que sean capaces de transformarla en conocimiento.&nbsp;<\/span><\/p>\n<p><img loading=\"lazy\" decoding=\"async\" class=\"aligncenter wp-image-698 size-full\" src=\"https:\/\/blogsaverroes.juntadeandalucia.es\/ceperfuensanta\/files\/2023\/05\/TIC.jpg\" alt=\"\" width=\"600\" height=\"348\" srcset=\"https:\/\/blogsaverroes.juntadeandalucia.es\/ceperfuensanta\/files\/2023\/05\/TIC.jpg 600w, https:\/\/blogsaverroes.juntadeandalucia.es\/ceperfuensanta\/files\/2023\/05\/TIC-300x174.jpg 300w\" sizes=\"(max-width: 600px) 100vw, 600px\" \/><\/p>\n","protected":false},"excerpt":{"rendered":"<p>La presencia de las Tecnolog\u00edas de la Informaci\u00f3n y la Comunicaci\u00f3n (TIC) en todos los \u00e1mbitos de la vida es tan evidente que ya se habla de un nuevo tipo de sociedad caracterizada por&#46;&#46;&#46;<\/p>\n","protected":false},"author":14619,"featured_media":0,"parent":0,"menu_order":0,"comment_status":"closed","ping_status":"closed","template":"","meta":{"ngg_post_thumbnail":0,"footnotes":""},"aioseo_notices":[],"_links":{"self":[{"href":"https:\/\/blogsaverroes.juntadeandalucia.es\/ceperfuensanta\/wp-json\/wp\/v2\/pages\/584"}],"collection":[{"href":"https:\/\/blogsaverroes.juntadeandalucia.es\/ceperfuensanta\/wp-json\/wp\/v2\/pages"}],"about":[{"href":"https:\/\/blogsaverroes.juntadeandalucia.es\/ceperfuensanta\/wp-json\/wp\/v2\/types\/page"}],"author":[{"embeddable":true,"href":"https:\/\/blogsaverroes.juntadeandalucia.es\/ceperfuensanta\/wp-json\/wp\/v2\/users\/14619"}],"replies":[{"embeddable":true,"href":"https:\/\/blogsaverroes.juntadeandalucia.es\/ceperfuensanta\/wp-json\/wp\/v2\/comments?post=584"}],"version-history":[{"count":3,"href":"https:\/\/blogsaverroes.juntadeandalucia.es\/ceperfuensanta\/wp-json\/wp\/v2\/pages\/584\/revisions"}],"predecessor-version":[{"id":699,"href":"https:\/\/blogsaverroes.juntadeandalucia.es\/ceperfuensanta\/wp-json\/wp\/v2\/pages\/584\/revisions\/699"}],"wp:attachment":[{"href":"https:\/\/blogsaverroes.juntadeandalucia.es\/ceperfuensanta\/wp-json\/wp\/v2\/media?parent=584"}],"curies":[{"name":"wp","href":"https:\/\/api.w.org\/{rel}","templated":true}]}}