{"id":586,"date":"2023-03-23T19:50:14","date_gmt":"2023-03-23T18:50:14","guid":{"rendered":"https:\/\/blogsaverroes.juntadeandalucia.es\/ceperfuensanta\/?page_id=586"},"modified":"2023-05-18T19:07:02","modified_gmt":"2023-05-18T17:07:02","slug":"uso-basico-idiomas-ingles","status":"publish","type":"page","link":"https:\/\/blogsaverroes.juntadeandalucia.es\/ceperfuensanta\/uso-basico-idiomas-ingles\/","title":{"rendered":"Uso b\u00e1sico idiomas (Ingl\u00e9s)"},"content":{"rendered":"<p data-adtags-visited=\"true\"><img loading=\"lazy\" decoding=\"async\" class=\"aligncenter wp-image-728\" src=\"https:\/\/blogsaverroes.juntadeandalucia.es\/ceperfuensanta\/files\/2023\/05\/Ingles-1.png\" alt=\"\" width=\"500\" height=\"359\" srcset=\"https:\/\/blogsaverroes.juntadeandalucia.es\/ceperfuensanta\/files\/2023\/05\/Ingles-1.png 654w, https:\/\/blogsaverroes.juntadeandalucia.es\/ceperfuensanta\/files\/2023\/05\/Ingles-1-300x216.png 300w\" sizes=\"(max-width: 500px) 100vw, 500px\" \/><\/p>\n<p data-adtags-visited=\"true\"><span style=\"color: #000000\">Se oferta el&nbsp;<strong>plan de uso b\u00e1sico de ingl\u00e9s,<\/strong>&nbsp;perteneciente a los planes educativos no formales para el fomento de la ciudadan\u00eda activa, en el cual se proporciona al alumnado un conocimiento b\u00e1sico del idioma. <\/span><\/p>\n<p data-adtags-visited=\"true\"><span style=\"color: #000000\">Para un mejor funcionamiento y aprovechamiento de las clases, clasificamos al alumnado en distintos niveles. En ocasiones y cuando los profesores lo consideren necesario, se har\u00e1n subdivisiones de grupos dentro de cada nivel.<\/span><\/p>\n<p data-adtags-visited=\"true\"><span style=\"color: #000000;font-size: 14pt\"><strong>\u00bfCu\u00e1les son los horarios?<\/strong><\/span><\/p>\n<p data-adtags-visited=\"true\"><span style=\"color: #000000\">Antes de matricularte debes asegurarte de que los horarios te vienen bien.&nbsp;<strong>Estos pueden variar de un curso a otro.<\/strong>&nbsp;Hay niveles que se imparten en horario de ma\u00f1ana y otros de tarde . Para conocer los horarios acude al centro dentro del horario de informaci\u00f3n y matriculaciones.<\/span><\/p>\n<p data-adtags-visited=\"true\"><span style=\"color: #000000;font-size: 14pt\"><strong>\u00bfObtendr\u00e9 un t\u00edtulo oficial al superar el curso?<\/strong><\/span><\/p>\n<p data-adtags-visited=\"true\"><span style=\"color: #000000\"><strong>No.<\/strong>&nbsp;Se trata de un plan educativo no formal, por tanto, no conduce a la obtenci\u00f3n de titulaci\u00f3n oficial, no obstante, al superar el curso con calificaci\u00f3n positiva podr\u00e1s solicitar en la direcci\u00f3n del centro un certificado de aprovechamiento o diploma, el cual carece de validez oficial o como m\u00e9rito a efectos de acceso o promoci\u00f3n a puestos de empleo p\u00fablico, pero puede servirte para incorporarlo a tu curriculum vitae. Adem\u00e1s, y si lo deseas, tendr\u00e1s la posibilidad de matricularte por tu cuenta como alumnado libre de la Escuela Oficial de Idiomas y presentarte a las pruebas libres de certificaci\u00f3n que se convocan en junio y septiembre.<\/span><\/p>\n<p data-adtags-visited=\"true\"><span style=\"color: #000000;font-size: 14pt\"><strong>\u00bfCu\u00e1nto dura el curso?<\/strong><\/span><\/p>\n<p data-adtags-visited=\"true\"><span style=\"color: #000000\">Tiene la duraci\u00f3n de un curso escolar. Las clases se rigen por el calendario escolar oficial fijado por la Delegaci\u00f3n Territorial de Educaci\u00f3n de C\u00f3rdoba al que se le a\u00f1aden los d\u00edas no lectivos designados por el Consejo Escolar Municipal y el pleno municipal de los respectivos municipios. El curso comienza a mediados de septiembre y termina en junio.<\/span><\/p>\n<p data-adtags-visited=\"true\"><span style=\"color: #000000;font-size: 14pt\"><strong>\u00bfCu\u00e1ntas clases tendr\u00e9 a la semana?<\/strong><\/span><\/p>\n<p data-adtags-visited=\"true\"><span style=\"color: #000000\">Dependiendo del nivel en el que te matricules tendr\u00e1s 1 o 2 clases semanales de entre 90 y 120 minutos.<\/span><\/p>\n<p data-adtags-visited=\"true\"><span style=\"color: #000000;font-size: 14pt\"><strong>\u00bfEs obligatoria la asistencia a clase?<\/strong><\/span><\/p>\n<p data-adtags-visited=\"true\"><span style=\"color: #000000\">El curso es totalmente presencial. No es obligatoria la asistencia pero no tendr\u00eda sentido matricularte si no vas a asistir a clase o si vas a asistir parcialmente. En las ense\u00f1anzas de idiomas es especialmente importante la presencialidad y se pierde f\u00e1cilmente el hilo si faltas a varias clases consecutivas.<\/span><\/p>\n<p data-adtags-visited=\"true\"><span style=\"color: #000000\">Si no dispones de tiempo puedes plantearte la matriculaci\u00f3n en la modalidad semipresencial que oferta la Escuela Oficial de Idiomas o en la modalidad a distancia que oferta el Instituto de Ense\u00f1anzas a Distancia de Andaluc\u00eda.<\/span><\/p>\n<p data-adtags-visited=\"true\"><span style=\"color: #000000;font-size: 14pt\"><strong>\u00bfQu\u00e9 precio tiene?<\/strong><\/span><\/p>\n<p data-adtags-visited=\"true\"><span style=\"color: #000000\">Todos los cursos son gratuitos. Se trata de un centro educativo p\u00fablico perteneciente a la Consejer\u00eda de Educaci\u00f3n. La matriculaci\u00f3n est\u00e1 exenta del pago de tasas acad\u00e9micas.<\/span><\/p>\n<p data-adtags-visited=\"true\"><span style=\"color: #000000;font-size: 14pt\"><strong>\u00bfQu\u00e9 metodolog\u00eda se emplea en las clases?<\/strong><\/span><\/p>\n<p data-adtags-visited=\"true\"><span style=\"color: #000000\">Se emplea una metodolog\u00eda actualizada basada en el enfoque comunicativo donde se trabajan las cuatro destrezas de la lengua: escuchar, hablar, leer y escribir. Las actividades orales son frecuentes tanto en grupo como en parejas. Se hace uso de materiales audiovisuales: libros de texto, hojas de trabajo, v\u00eddeos, pizarra, posters, flashcards, etc.<\/span><\/p>\n<p data-adtags-visited=\"true\"><span style=\"color: #000000;font-size: 14pt\"><strong>\u00bfQu\u00e9 materiales necesito?<\/strong><\/span><\/p>\n<p data-adtags-visited=\"true\"><span style=\"color: #000000\">Cada profesor har\u00e1 una sesi\u00f3n de presentaci\u00f3n al comienzo del curso donde explicar\u00e1 los materiales que se van a necesitar. En algunos niveles se usa libro de texto.<\/span><\/p>\n","protected":false},"excerpt":{"rendered":"<p>Se oferta el&nbsp;plan de uso b\u00e1sico de ingl\u00e9s,&nbsp;perteneciente a los planes educativos no formales para el fomento de la ciudadan\u00eda activa, en el cual se proporciona al alumnado un conocimiento b\u00e1sico del idioma. Para&#46;&#46;&#46;<\/p>\n","protected":false},"author":14619,"featured_media":0,"parent":0,"menu_order":0,"comment_status":"closed","ping_status":"closed","template":"","meta":{"ngg_post_thumbnail":0,"footnotes":""},"aioseo_notices":[],"_links":{"self":[{"href":"https:\/\/blogsaverroes.juntadeandalucia.es\/ceperfuensanta\/wp-json\/wp\/v2\/pages\/586"}],"collection":[{"href":"https:\/\/blogsaverroes.juntadeandalucia.es\/ceperfuensanta\/wp-json\/wp\/v2\/pages"}],"about":[{"href":"https:\/\/blogsaverroes.juntadeandalucia.es\/ceperfuensanta\/wp-json\/wp\/v2\/types\/page"}],"author":[{"embeddable":true,"href":"https:\/\/blogsaverroes.juntadeandalucia.es\/ceperfuensanta\/wp-json\/wp\/v2\/users\/14619"}],"replies":[{"embeddable":true,"href":"https:\/\/blogsaverroes.juntadeandalucia.es\/ceperfuensanta\/wp-json\/wp\/v2\/comments?post=586"}],"version-history":[{"count":17,"href":"https:\/\/blogsaverroes.juntadeandalucia.es\/ceperfuensanta\/wp-json\/wp\/v2\/pages\/586\/revisions"}],"predecessor-version":[{"id":733,"href":"https:\/\/blogsaverroes.juntadeandalucia.es\/ceperfuensanta\/wp-json\/wp\/v2\/pages\/586\/revisions\/733"}],"wp:attachment":[{"href":"https:\/\/blogsaverroes.juntadeandalucia.es\/ceperfuensanta\/wp-json\/wp\/v2\/media?parent=586"}],"curies":[{"name":"wp","href":"https:\/\/api.w.org\/{rel}","templated":true}]}}