{"id":590,"date":"2023-03-23T19:51:30","date_gmt":"2023-03-23T18:51:30","guid":{"rendered":"https:\/\/blogsaverroes.juntadeandalucia.es\/ceperfuensanta\/?page_id=590"},"modified":"2023-05-17T19:37:29","modified_gmt":"2023-05-17T17:37:29","slug":"pruebas-libres-e-s-o","status":"publish","type":"page","link":"https:\/\/blogsaverroes.juntadeandalucia.es\/ceperfuensanta\/pruebas-libres-e-s-o\/","title":{"rendered":"Pruebas libres E.S.O"},"content":{"rendered":"<p class=\"p1\"><span style=\"color: #000000;font-size: 14pt\"><strong>Te preparamos para superar la prueba para la obtenci\u00f3n del T\u00edtulo de Graduado en ESO para mayores de 18 a\u00f1os.<\/strong><\/span><\/p>\n<header class=\"portlet-topper\">\n<menu id=\"portlet-topper-toolbar_ABACO_WEB_WAR_abacoportlet_INSTANCE_hSW7\" class=\"portlet-topper-toolbar\" type=\"toolbar\"><\/menu>\n<\/header>\n<div class=\"portlet-content\">\n<div class=\" portlet-content-container\">\n<div class=\"portlet-body\">\n<div class=\"contenido_portlet \">\n<div class=\"portlet_web\">\n<div class=\"detalle web\">\n<div class=\"contenido_detalle\">\n<section class=\"cuerpo detalle_html\">\n<div class=\"inner_cuerpo\">\n<p><span style=\"color: #000000\">La regulaci\u00f3n de la&nbsp;<strong>Educaci\u00f3n Secundaria Obligatoria para personas adultas<\/strong>&nbsp;(Orden de 10 de agosto de 2007) incluye un curr\u00edculo estructurado en \u00e1mbitos de conocimiento. As\u00ed, las pruebas abarcar\u00e1n los niveles I y II en que est\u00e1 estructurada esta ense\u00f1anza en r\u00e9gimen de personas adultas.<\/span><\/p>\n<p><span style=\"color: #000000\">Desde la perspectiva de este curr\u00edculo, se consideran objetivos prioritarios la adquisici\u00f3n de competencias como la comprensi\u00f3n de textos escritos, la redacci\u00f3n de ideas, la relaci\u00f3n entre&nbsp; diferentes conceptos o la interpretaci\u00f3n de diferentes tipos de gr\u00e1ficos, entre otros.<\/span><\/p>\n<p><span style=\"color: #000000\"><strong><span style=\"font-size: 14pt\">M\u00c1S INFORMACI\u00d3N:<\/span><\/strong><\/span><\/p>\n<ul class=\"sublistado nivel0 nav\">\n<li class=\"item \">\n<div class=\"title\"><a href=\"http:\/\/www.juntadeandalucia.es\/educacion\/portals\/web\/educacion-permanente\/pruebas\/pruebas-obtencion-graduado-eso\">Informaci\u00f3n general sobre la prueba.<\/a><\/div>\n<\/li>\n<li class=\"item \">\n<div class=\"title\"><a href=\"http:\/\/www.juntadeandalucia.es\/educacion\/portals\/web\/educacion-permanente\/pruebas-obtencion-graduado-eso\/calendario\">Calendario.<\/a><\/div>\n<\/li>\n<li class=\"item \">\n<div class=\"title\"><a href=\"http:\/\/www.juntadeandalucia.es\/educacion\/portals\/web\/educacion-permanente\/pruebas-obtencion-graduado-eso\/tramitacion\">Inscripci\u00f3n.<\/a><\/div>\n<\/li>\n<li class=\"item \">\n<div class=\"title\"><a href=\"http:\/\/www.juntadeandalucia.es\/educacion\/portals\/web\/educacion-permanente\/pruebas-obtencion-graduado-eso\/desarrollo-pruebas\">Sobre las pruebas.<\/a><\/div>\n<\/li>\n<li class=\"item \">\n<div class=\"title\"><a href=\"http:\/\/www.juntadeandalucia.es\/educacion\/portals\/web\/educacion-permanente\/pruebas-obtencion-graduado-eso\/normativa\">Normativa.<\/a><\/div>\n<\/li>\n<li class=\"item \">\n<div class=\"title\"><a href=\"http:\/\/www.juntadeandalucia.es\/educacion\/portals\/web\/educacion-permanente\/pruebas-obtencion-graduado-eso\/estructura-pruebas\">Estructura de pruebas.<\/a><\/div>\n<\/li>\n<li class=\"item \">\n<div class=\"title\"><a href=\"http:\/\/www.juntadeandalucia.es\/educacion\/portals\/web\/educacion-permanente\/pruebas-obtencion-graduado-eso\/modelos\">Modelos convocatorias anteriores.<\/a><\/div>\n<\/li>\n<li class=\"item \">\n<div class=\"title\"><a href=\"http:\/\/www.juntadeandalucia.es\/educacion\/portals\/web\/educacion-permanente\/pruebas-obtencion-graduado-eso\/material-apoyo\">Materiales educativos.<\/a><\/div>\n<\/li>\n<li class=\"item \">\n<div class=\"title\"><a href=\"http:\/\/www.juntadeandalucia.es\/educacion\/portals\/web\/educacion-permanente\/pruebas-obtencion-graduado-eso\/faqs\">Preguntas frecuentes.<\/a><\/div>\n<\/li>\n<\/ul>\n<\/div>\n<p><img loading=\"lazy\" decoding=\"async\" class=\"alignnone size-medium wp-image-690 aligncenter\" src=\"https:\/\/blogsaverroes.juntadeandalucia.es\/ceperfuensanta\/files\/2023\/05\/ESO-300x168.jpg\" alt=\"\" width=\"300\" height=\"168\" srcset=\"https:\/\/blogsaverroes.juntadeandalucia.es\/ceperfuensanta\/files\/2023\/05\/ESO-300x168.jpg 300w, https:\/\/blogsaverroes.juntadeandalucia.es\/ceperfuensanta\/files\/2023\/05\/ESO-768x431.jpg 768w, https:\/\/blogsaverroes.juntadeandalucia.es\/ceperfuensanta\/files\/2023\/05\/ESO.jpg 820w\" sizes=\"(max-width: 300px) 100vw, 300px\" \/><\/p>\n<\/section>\n<\/div>\n<\/div>\n<\/div>\n<\/div>\n<\/div>\n<\/div>\n<\/div>\n","protected":false},"excerpt":{"rendered":"<p>Te preparamos para superar la prueba para la obtenci\u00f3n del T\u00edtulo de Graduado en ESO para mayores de 18 a\u00f1os. La regulaci\u00f3n de la&nbsp;Educaci\u00f3n Secundaria Obligatoria para personas adultas&nbsp;(Orden de 10 de agosto de&#46;&#46;&#46;<\/p>\n","protected":false},"author":14619,"featured_media":0,"parent":0,"menu_order":0,"comment_status":"closed","ping_status":"closed","template":"","meta":{"ngg_post_thumbnail":0,"footnotes":""},"aioseo_notices":[],"_links":{"self":[{"href":"https:\/\/blogsaverroes.juntadeandalucia.es\/ceperfuensanta\/wp-json\/wp\/v2\/pages\/590"}],"collection":[{"href":"https:\/\/blogsaverroes.juntadeandalucia.es\/ceperfuensanta\/wp-json\/wp\/v2\/pages"}],"about":[{"href":"https:\/\/blogsaverroes.juntadeandalucia.es\/ceperfuensanta\/wp-json\/wp\/v2\/types\/page"}],"author":[{"embeddable":true,"href":"https:\/\/blogsaverroes.juntadeandalucia.es\/ceperfuensanta\/wp-json\/wp\/v2\/users\/14619"}],"replies":[{"embeddable":true,"href":"https:\/\/blogsaverroes.juntadeandalucia.es\/ceperfuensanta\/wp-json\/wp\/v2\/comments?post=590"}],"version-history":[{"count":6,"href":"https:\/\/blogsaverroes.juntadeandalucia.es\/ceperfuensanta\/wp-json\/wp\/v2\/pages\/590\/revisions"}],"predecessor-version":[{"id":691,"href":"https:\/\/blogsaverroes.juntadeandalucia.es\/ceperfuensanta\/wp-json\/wp\/v2\/pages\/590\/revisions\/691"}],"wp:attachment":[{"href":"https:\/\/blogsaverroes.juntadeandalucia.es\/ceperfuensanta\/wp-json\/wp\/v2\/media?parent=590"}],"curies":[{"name":"wp","href":"https:\/\/api.w.org\/{rel}","templated":true}]}}