{"id":592,"date":"2023-03-23T19:52:03","date_gmt":"2023-03-23T18:52:03","guid":{"rendered":"https:\/\/blogsaverroes.juntadeandalucia.es\/ceperfuensanta\/?page_id=592"},"modified":"2023-05-18T18:48:47","modified_gmt":"2023-05-18T16:48:47","slug":"pruebas-libres-acceso-grado-superior","status":"publish","type":"page","link":"https:\/\/blogsaverroes.juntadeandalucia.es\/ceperfuensanta\/pruebas-libres-acceso-grado-superior\/","title":{"rendered":"Pruebas libres Acceso Grado Superior"},"content":{"rendered":"<p><span style=\"color: #000000\"><img loading=\"lazy\" decoding=\"async\" class=\"aligncenter wp-image-717\" src=\"https:\/\/blogsaverroes.juntadeandalucia.es\/ceperfuensanta\/files\/2023\/05\/Preubas-acceso-grado-superior.png\" alt=\"\" width=\"700\" height=\"404\" srcset=\"https:\/\/blogsaverroes.juntadeandalucia.es\/ceperfuensanta\/files\/2023\/05\/Preubas-acceso-grado-superior.png 817w, https:\/\/blogsaverroes.juntadeandalucia.es\/ceperfuensanta\/files\/2023\/05\/Preubas-acceso-grado-superior-300x173.png 300w, https:\/\/blogsaverroes.juntadeandalucia.es\/ceperfuensanta\/files\/2023\/05\/Preubas-acceso-grado-superior-768x443.png 768w\" sizes=\"(max-width: 700px) 100vw, 700px\" \/>Las<strong> pruebas de acceso a los ciclos formativos de formaci\u00f3n profesional<\/strong> est\u00e1n destinadas a todas aquellas personas que desean cursar un ciclo formativo y no poseen el requisito acad\u00e9mico necesario.<\/span><\/p>\n<p><span style=\"color: #000000\"><strong>Si desea acceder a un ciclo de grado superior<\/strong>&nbsp;y no poseo el t\u00edtulo de Bachiller ni&nbsp;<strong><a style=\"color: #000000\" href=\"http:\/\/www.juntadeandalucia.es\/educacion\/portals\/web\/formacion-profesional-andaluza\/quiero-formarme\/ensenanzas\/fp-grado-superior\/requisitos\">otra de las condiciones acad\u00e9micas de acceso<\/a><\/strong>, la superaci\u00f3n de la <strong>prueba de acceso a los ciclos formativos de grado superior<\/strong>&nbsp; permite continuar su formaci\u00f3n acreditando que posee la madurez en relaci\u00f3n con los objetivos de Bachillerato y sus capacidades referentes al campo profesional de que se trate.<\/span><\/p>\n<p><span style=\"color: #000000\"><strong>Este curso 2022\/2023 se llevar\u00e1 a cabo, una \u00fanica convocatoria de pruebas de acceso en el mes de abril y el plazo de solicitudes ser\u00e1 del 16 al 27 de enero de 2023.<\/strong><\/span><\/p>\n<p><span style=\"color: #000000\"><strong>M\u00c1S INFORMACI\u00d3N:&nbsp;<\/strong><\/span><\/p>\n<ul style=\"list-style-type: square\">\n<li><span style=\"color: #003366;font-size: 14pt\"><a style=\"color: #003366\" href=\"https:\/\/portals.ced.junta-andalucia.es\/educacion\/portals\/web\/formacion-profesional-andaluza\/quiero-formarme\/ensenanzas\/fp-grado-superior\/requisitos\">REQUISITOS<\/a><\/span><\/li>\n<li><span style=\"color: #003366;font-size: 14pt\"><a style=\"color: #003366\" href=\"https:\/\/www.juntadeandalucia.es\/educacion\/secretariavirtual\/consulta\/pac\/centros-disponibles\/2023\/1\/\">CENTROS SEDE (CURSO 2022\/2023)<\/a><\/span><\/li>\n<li><span style=\"color: #003366;font-size: 14pt\"><a style=\"color: #003366\" href=\"https:\/\/portals.ced.junta-andalucia.es\/educacion\/portals\/web\/formacion-profesional-andaluza\/quiero-formarme\/pruebas-y-procedimientos\/pruebas-acceso\/estructura\">ESTRUCTURA Y CONTENIDOS<\/a><\/span><\/li>\n<li><span style=\"color: #003366;font-size: 14pt\"><a style=\"color: #003366\" href=\"https:\/\/portals.ced.junta-andalucia.es\/educacion\/portals\/web\/formacion-profesional-andaluza\/quiero-formarme\/pruebas-y-procedimientos\/pruebas-acceso\/calendario\">CALENDARIO 2022\/2023<\/a><\/span><\/li>\n<li><span style=\"color: #003366;font-size: 14pt\"><a style=\"color: #003366\" href=\"https:\/\/portals.ced.junta-andalucia.es\/educacion\/portals\/web\/formacion-profesional-andaluza\/quiero-formarme\/pruebas-y-procedimientos\/pruebas-acceso\/exenciones\">EXENCIONES Y MATERIAS APROBADAS<\/a><\/span><\/li>\n<li><span style=\"color: #003366;font-size: 14pt\"><a style=\"color: #003366\" href=\"https:\/\/portals.ced.junta-andalucia.es\/educacion\/portals\/web\/formacion-profesional-andaluza\/quiero-formarme\/pruebas-y-procedimientos\/pruebas-acceso\/inscripcion\">PROCEDIMIENTO<\/a><\/span><\/li>\n<li><span style=\"color: #003366;font-size: 14pt\"><a style=\"color: #003366\" href=\"https:\/\/portals.ced.junta-andalucia.es\/educacion\/portals\/web\/formacion-profesional-andaluza\/video-tutorial-solicitudes\">VIDEO TUTORIAL SOLICITUDES<\/a><\/span><\/li>\n<li><span style=\"font-size: 14pt\"><a href=\"https:\/\/portals.ced.junta-andalucia.es\/educacion\/portals\/web\/formacion-profesional-andaluza\/quiero-formarme\/pruebas-y-procedimientos\/pruebas-acceso\/ejercicios_anteriores\"><span style=\"color: #003366\">EJERCICIOS DE A\u00d1OS ANTERIORES<\/span><\/a><\/span><\/li>\n<\/ul>\n<p>&nbsp;<\/p>\n","protected":false},"excerpt":{"rendered":"<p>Las pruebas de acceso a los ciclos formativos de formaci\u00f3n profesional est\u00e1n destinadas a todas aquellas personas que desean cursar un ciclo formativo y no poseen el requisito acad\u00e9mico necesario. Si desea acceder a&#46;&#46;&#46;<\/p>\n","protected":false},"author":14619,"featured_media":0,"parent":0,"menu_order":0,"comment_status":"closed","ping_status":"closed","template":"","meta":{"ngg_post_thumbnail":0,"footnotes":""},"aioseo_notices":[],"_links":{"self":[{"href":"https:\/\/blogsaverroes.juntadeandalucia.es\/ceperfuensanta\/wp-json\/wp\/v2\/pages\/592"}],"collection":[{"href":"https:\/\/blogsaverroes.juntadeandalucia.es\/ceperfuensanta\/wp-json\/wp\/v2\/pages"}],"about":[{"href":"https:\/\/blogsaverroes.juntadeandalucia.es\/ceperfuensanta\/wp-json\/wp\/v2\/types\/page"}],"author":[{"embeddable":true,"href":"https:\/\/blogsaverroes.juntadeandalucia.es\/ceperfuensanta\/wp-json\/wp\/v2\/users\/14619"}],"replies":[{"embeddable":true,"href":"https:\/\/blogsaverroes.juntadeandalucia.es\/ceperfuensanta\/wp-json\/wp\/v2\/comments?post=592"}],"version-history":[{"count":10,"href":"https:\/\/blogsaverroes.juntadeandalucia.es\/ceperfuensanta\/wp-json\/wp\/v2\/pages\/592\/revisions"}],"predecessor-version":[{"id":720,"href":"https:\/\/blogsaverroes.juntadeandalucia.es\/ceperfuensanta\/wp-json\/wp\/v2\/pages\/592\/revisions\/720"}],"wp:attachment":[{"href":"https:\/\/blogsaverroes.juntadeandalucia.es\/ceperfuensanta\/wp-json\/wp\/v2\/media?parent=592"}],"curies":[{"name":"wp","href":"https:\/\/api.w.org\/{rel}","templated":true}]}}