{"id":170,"date":"2015-03-17T07:55:32","date_gmt":"2015-03-17T07:55:32","guid":{"rendered":"http:\/\/blogsaverroes.juntadeandalucia.es\/pre\/ceip\/?page_id=170"},"modified":"2022-11-02T13:39:32","modified_gmt":"2022-11-02T13:39:32","slug":"guadix","status":"publish","type":"page","link":"https:\/\/blogsaverroes.juntadeandalucia.es\/ceperguamenze\/guadix\/","title":{"rendered":"CEPER Guamenze de Guadix"},"content":{"rendered":"<p>Llevamos desde los a\u00f1os ochenta dedicados a la educaci\u00f3n de personas adultas en la localidades de Guadix y su comarca. El propio nombre de nuestro centro quiere ser un acr\u00f3nimo que englobe su \u00e1mbito de actuaci\u00f3n: GUAdix, MENcal (Montes Orientales de Granada) y Marquesado del ZEnete: GUAMENZE.<\/p>\n<p>El profesorado perteneciente al Centro situado en Guadix atiende a las poblaciones de Guadix, Hern\u00e1n-Valle, Belerda, Paulenca y Gor.<\/p>\n","protected":false},"excerpt":{"rendered":"<p>Llevamos desde los a\u00f1os ochenta dedicados a la educaci\u00f3n de personas adultas en la localidades de Guadix y su comarca. El propio nombre de nuestro centro quiere ser un acr\u00f3nimo que englobe su \u00e1mbito&#46;&#46;&#46;<\/p>\n","protected":false},"author":1,"featured_media":0,"parent":0,"menu_order":0,"comment_status":"closed","ping_status":"open","template":"page-c.php","meta":{"ngg_post_thumbnail":0,"footnotes":"","_mc_calendar":[]},"aioseo_notices":[],"_links":{"self":[{"href":"https:\/\/blogsaverroes.juntadeandalucia.es\/ceperguamenze\/wp-json\/wp\/v2\/pages\/170"}],"collection":[{"href":"https:\/\/blogsaverroes.juntadeandalucia.es\/ceperguamenze\/wp-json\/wp\/v2\/pages"}],"about":[{"href":"https:\/\/blogsaverroes.juntadeandalucia.es\/ceperguamenze\/wp-json\/wp\/v2\/types\/page"}],"author":[{"embeddable":true,"href":"https:\/\/blogsaverroes.juntadeandalucia.es\/ceperguamenze\/wp-json\/wp\/v2\/users\/1"}],"replies":[{"embeddable":true,"href":"https:\/\/blogsaverroes.juntadeandalucia.es\/ceperguamenze\/wp-json\/wp\/v2\/comments?post=170"}],"version-history":[{"count":6,"href":"https:\/\/blogsaverroes.juntadeandalucia.es\/ceperguamenze\/wp-json\/wp\/v2\/pages\/170\/revisions"}],"predecessor-version":[{"id":3466,"href":"https:\/\/blogsaverroes.juntadeandalucia.es\/ceperguamenze\/wp-json\/wp\/v2\/pages\/170\/revisions\/3466"}],"wp:attachment":[{"href":"https:\/\/blogsaverroes.juntadeandalucia.es\/ceperguamenze\/wp-json\/wp\/v2\/media?parent=170"}],"curies":[{"name":"wp","href":"https:\/\/api.w.org\/{rel}","templated":true}]}}