{"id":172,"date":"2015-03-17T07:55:49","date_gmt":"2015-03-17T07:55:49","guid":{"rendered":"http:\/\/blogsaverroes.juntadeandalucia.es\/pre\/ceip\/?page_id=172"},"modified":"2021-02-24T17:45:31","modified_gmt":"2021-02-24T17:45:31","slug":"cogollos","status":"publish","type":"page","link":"https:\/\/blogsaverroes.juntadeandalucia.es\/ceperguamenze\/cogollos\/","title":{"rendered":"Cogollos"},"content":{"rendered":"<p>La Secci\u00f3n de Educaci\u00f3n Permanente (SEP) de Cogollos, Valle del Zalab\u00ed, J\u00e9rez del Marquesado y Albu\u00f1\u00e1n tiene una amplia oferta educativa en dichos pueblos.&nbsp;<\/p>\n<p>Para m\u00e1s informaci\u00f3n o contacto:<\/p>\n<p>titulodesecundaria@gmail.com<\/p>\n<p>Puedes encontrar m\u00e1s detalles en las p\u00e1ginas de Facebook de cada pueblo:<\/p>\n<p><a href=\"https:\/\/www.facebook.com\/profile.php?id=100011719624636\">Educaci\u00f3n de Adultos Cogollos<\/a><\/p>\n<p><a href=\"https:\/\/www.facebook.com\/adultos.j.delmarquesado\">Educaci\u00f3n de Adultos J\u00e9rez del Marquesado<\/a><\/p>\n<p><a href=\"https:\/\/www.facebook.com\/adultosvalledelzalabi.delzalabi.1\">Educaci\u00f3n de Adultos Valle del Zalab\u00ed<\/a><\/p>\n<p><a href=\"https:\/\/www.facebook.com\/profile.php?id=100011485483208\">Educaci\u00f3n de Adultos Albu\u00f1\u00e1n<\/a><\/p>\n<p>&nbsp;<\/p>\n","protected":false},"excerpt":{"rendered":"<p>La Secci\u00f3n de Educaci\u00f3n Permanente (SEP) de Cogollos, Valle del Zalab\u00ed, J\u00e9rez del Marquesado y Albu\u00f1\u00e1n tiene una amplia oferta educativa en dichos pueblos.&nbsp; Para m\u00e1s informaci\u00f3n o contacto: titulodesecundaria@gmail.com Puedes encontrar m\u00e1s detalles&#46;&#46;&#46;<\/p>\n","protected":false},"author":1,"featured_media":0,"parent":0,"menu_order":0,"comment_status":"closed","ping_status":"open","template":"page-c.php","meta":{"ngg_post_thumbnail":0,"footnotes":"","_mc_calendar":[]},"aioseo_notices":[],"_links":{"self":[{"href":"https:\/\/blogsaverroes.juntadeandalucia.es\/ceperguamenze\/wp-json\/wp\/v2\/pages\/172"}],"collection":[{"href":"https:\/\/blogsaverroes.juntadeandalucia.es\/ceperguamenze\/wp-json\/wp\/v2\/pages"}],"about":[{"href":"https:\/\/blogsaverroes.juntadeandalucia.es\/ceperguamenze\/wp-json\/wp\/v2\/types\/page"}],"author":[{"embeddable":true,"href":"https:\/\/blogsaverroes.juntadeandalucia.es\/ceperguamenze\/wp-json\/wp\/v2\/users\/1"}],"replies":[{"embeddable":true,"href":"https:\/\/blogsaverroes.juntadeandalucia.es\/ceperguamenze\/wp-json\/wp\/v2\/comments?post=172"}],"version-history":[{"count":5,"href":"https:\/\/blogsaverroes.juntadeandalucia.es\/ceperguamenze\/wp-json\/wp\/v2\/pages\/172\/revisions"}],"predecessor-version":[{"id":2735,"href":"https:\/\/blogsaverroes.juntadeandalucia.es\/ceperguamenze\/wp-json\/wp\/v2\/pages\/172\/revisions\/2735"}],"wp:attachment":[{"href":"https:\/\/blogsaverroes.juntadeandalucia.es\/ceperguamenze\/wp-json\/wp\/v2\/media?parent=172"}],"curies":[{"name":"wp","href":"https:\/\/api.w.org\/{rel}","templated":true}]}}