{"id":2856,"date":"2021-03-03T12:36:30","date_gmt":"2021-03-03T12:36:30","guid":{"rendered":"https:\/\/blogsaverroes.juntadeandalucia.es\/ceperguamenze\/?page_id=2856"},"modified":"2021-03-03T15:44:40","modified_gmt":"2021-03-03T15:44:40","slug":"planes-proyectos","status":"publish","type":"page","link":"https:\/\/blogsaverroes.juntadeandalucia.es\/ceperguamenze\/planes-proyectos\/","title":{"rendered":"Planes y proyectos educativos"},"content":{"rendered":"<p><img decoding=\"async\" src=\"https:\/\/www.grandespymes.com.ar\/wp-content\/uploads\/2019\/12\/1500x844_innovacion_empresarial.jpg\" alt=\"Plan de innovaci\u00f3n para empresas: un mapa de acci\u00f3n | Grandes Pymes\"><\/p>\n<p>En este apartado podr\u00e1s conocer los Planes, Proyectos y Programas en los que nuestro profesorado est\u00e1 trabajando. Para m\u00e1s informaci\u00f3n, contacta con nuestro centro.<\/p>\n","protected":false},"excerpt":{"rendered":"<p>En este apartado podr\u00e1s conocer los Planes, Proyectos y Programas en los que nuestro profesorado est\u00e1 trabajando. Para m\u00e1s informaci\u00f3n, contacta con nuestro centro.<\/p>\n","protected":false},"author":11510,"featured_media":0,"parent":0,"menu_order":0,"comment_status":"closed","ping_status":"closed","template":"page-c.php","meta":{"ngg_post_thumbnail":0,"footnotes":"","_mc_calendar":[]},"aioseo_notices":[],"_links":{"self":[{"href":"https:\/\/blogsaverroes.juntadeandalucia.es\/ceperguamenze\/wp-json\/wp\/v2\/pages\/2856"}],"collection":[{"href":"https:\/\/blogsaverroes.juntadeandalucia.es\/ceperguamenze\/wp-json\/wp\/v2\/pages"}],"about":[{"href":"https:\/\/blogsaverroes.juntadeandalucia.es\/ceperguamenze\/wp-json\/wp\/v2\/types\/page"}],"author":[{"embeddable":true,"href":"https:\/\/blogsaverroes.juntadeandalucia.es\/ceperguamenze\/wp-json\/wp\/v2\/users\/11510"}],"replies":[{"embeddable":true,"href":"https:\/\/blogsaverroes.juntadeandalucia.es\/ceperguamenze\/wp-json\/wp\/v2\/comments?post=2856"}],"version-history":[{"count":5,"href":"https:\/\/blogsaverroes.juntadeandalucia.es\/ceperguamenze\/wp-json\/wp\/v2\/pages\/2856\/revisions"}],"predecessor-version":[{"id":2898,"href":"https:\/\/blogsaverroes.juntadeandalucia.es\/ceperguamenze\/wp-json\/wp\/v2\/pages\/2856\/revisions\/2898"}],"wp:attachment":[{"href":"https:\/\/blogsaverroes.juntadeandalucia.es\/ceperguamenze\/wp-json\/wp\/v2\/media?parent=2856"}],"curies":[{"name":"wp","href":"https:\/\/api.w.org\/{rel}","templated":true}]}}