{"id":2876,"date":"2021-03-03T12:45:35","date_gmt":"2021-03-03T12:45:35","guid":{"rendered":"https:\/\/blogsaverroes.juntadeandalucia.es\/ceperguamenze\/?page_id=2876"},"modified":"2023-03-09T17:44:19","modified_gmt":"2023-03-09T17:44:19","slug":"plan-de-igualdad","status":"publish","type":"page","link":"https:\/\/blogsaverroes.juntadeandalucia.es\/ceperguamenze\/plan-de-igualdad\/","title":{"rendered":"Plan de Igualdad"},"content":{"rendered":"<p><strong>Rinc\u00f3n Violeta<\/strong><\/p>\n<p>Ac\u00e9rcate a nuestros centros y visita nuestros Rincones Violeta.<\/p>\n<p>En el CEPER Guamenze de Guadix y sus Secciones de toda la comarca, podr\u00e1s encontrar Rincones Violeta con la tem\u00e1tica: &#8220;Reflejos&#8221;.<\/p>\n<p>Se trata de un trabajo de reflexi\u00f3n personal, a la vez que investigaci\u00f3n sobre mujeres en la historia. Nuestro alumnado ha puesto a prueba sus competencias ling\u00fc\u00edsticas, digitales, discursivas y sociales para desarrollarlo. Tratamos con este proyecto de dar identidad a nuestros centros a la vez que ensalzamos el papel de la mujer en nuestra historia.<\/p>\n<p>No te lo pierdas, ac\u00e9rcate a tu centro de adultos de la comarca de Guadix m\u00e1s cercano y visita su rinc\u00f3n Violeta.<\/p>\n<p><a href=\"https:\/\/blogsaverroes.juntadeandalucia.es\/ceperguamenze\/files\/2023\/03\/WhatsApp-Image-2023-03-09-at-18.43.03.jpeg\"><img loading=\"lazy\" decoding=\"async\" class=\"aligncenter size-large wp-image-3823\" src=\"https:\/\/blogsaverroes.juntadeandalucia.es\/ceperguamenze\/files\/2023\/03\/WhatsApp-Image-2023-03-09-at-18.43.03-768x1024.jpeg\" alt=\"\" width=\"589\" height=\"785\" srcset=\"https:\/\/blogsaverroes.juntadeandalucia.es\/ceperguamenze\/files\/2023\/03\/WhatsApp-Image-2023-03-09-at-18.43.03-768x1024.jpeg 768w, https:\/\/blogsaverroes.juntadeandalucia.es\/ceperguamenze\/files\/2023\/03\/WhatsApp-Image-2023-03-09-at-18.43.03-225x300.jpeg 225w, https:\/\/blogsaverroes.juntadeandalucia.es\/ceperguamenze\/files\/2023\/03\/WhatsApp-Image-2023-03-09-at-18.43.03-1152x1536.jpeg 1152w, https:\/\/blogsaverroes.juntadeandalucia.es\/ceperguamenze\/files\/2023\/03\/WhatsApp-Image-2023-03-09-at-18.43.03.jpeg 1200w\" sizes=\"(max-width: 589px) 100vw, 589px\" \/><\/a><\/p>\n<p><a href=\"https:\/\/blogsaverroes.juntadeandalucia.es\/ceperguamenze\/files\/2023\/03\/WhatsApp-Image-2023-03-09-at-18.43.03-1.jpeg\"><img loading=\"lazy\" decoding=\"async\" class=\"aligncenter size-large wp-image-3824\" src=\"https:\/\/blogsaverroes.juntadeandalucia.es\/ceperguamenze\/files\/2023\/03\/WhatsApp-Image-2023-03-09-at-18.43.03-1-768x1024.jpeg\" alt=\"\" width=\"589\" height=\"785\" srcset=\"https:\/\/blogsaverroes.juntadeandalucia.es\/ceperguamenze\/files\/2023\/03\/WhatsApp-Image-2023-03-09-at-18.43.03-1-768x1024.jpeg 768w, https:\/\/blogsaverroes.juntadeandalucia.es\/ceperguamenze\/files\/2023\/03\/WhatsApp-Image-2023-03-09-at-18.43.03-1-225x300.jpeg 225w, https:\/\/blogsaverroes.juntadeandalucia.es\/ceperguamenze\/files\/2023\/03\/WhatsApp-Image-2023-03-09-at-18.43.03-1-1152x1536.jpeg 1152w, https:\/\/blogsaverroes.juntadeandalucia.es\/ceperguamenze\/files\/2023\/03\/WhatsApp-Image-2023-03-09-at-18.43.03-1.jpeg 1200w\" sizes=\"(max-width: 589px) 100vw, 589px\" \/><\/a><\/p>\n<p><a href=\"https:\/\/blogsaverroes.juntadeandalucia.es\/ceperguamenze\/files\/2023\/03\/WhatsApp-Image-2023-03-09-at-18.43.03-2.jpeg\"><img loading=\"lazy\" decoding=\"async\" class=\"aligncenter size-large wp-image-3825\" src=\"https:\/\/blogsaverroes.juntadeandalucia.es\/ceperguamenze\/files\/2023\/03\/WhatsApp-Image-2023-03-09-at-18.43.03-2-1024x768.jpeg\" alt=\"\" width=\"589\" height=\"442\" srcset=\"https:\/\/blogsaverroes.juntadeandalucia.es\/ceperguamenze\/files\/2023\/03\/WhatsApp-Image-2023-03-09-at-18.43.03-2-1024x768.jpeg 1024w, https:\/\/blogsaverroes.juntadeandalucia.es\/ceperguamenze\/files\/2023\/03\/WhatsApp-Image-2023-03-09-at-18.43.03-2-300x225.jpeg 300w, https:\/\/blogsaverroes.juntadeandalucia.es\/ceperguamenze\/files\/2023\/03\/WhatsApp-Image-2023-03-09-at-18.43.03-2-768x576.jpeg 768w, https:\/\/blogsaverroes.juntadeandalucia.es\/ceperguamenze\/files\/2023\/03\/WhatsApp-Image-2023-03-09-at-18.43.03-2-1536x1152.jpeg 1536w, https:\/\/blogsaverroes.juntadeandalucia.es\/ceperguamenze\/files\/2023\/03\/WhatsApp-Image-2023-03-09-at-18.43.03-2.jpeg 1600w\" sizes=\"(max-width: 589px) 100vw, 589px\" \/><\/a><\/p>\n<p>&nbsp;<\/p>\n<p><img loading=\"lazy\" decoding=\"async\" class=\"wp-image-2649 alignleft\" src=\"https:\/\/blogsaverroes.juntadeandalucia.es\/ceperguamenze\/files\/2021\/02\/pacto-300x240.jpg\" alt=\"\" width=\"103\" height=\"82\" srcset=\"https:\/\/blogsaverroes.juntadeandalucia.es\/ceperguamenze\/files\/2021\/02\/pacto-300x240.jpg 300w, https:\/\/blogsaverroes.juntadeandalucia.es\/ceperguamenze\/files\/2021\/02\/pacto.jpg 556w\" sizes=\"(max-width: 103px) 100vw, 103px\" \/><a href=\"https:\/\/blogsaverroes.juntadeandalucia.es\/ceperguamenze\/files\/2021\/02\/andal.jpg\"><img loading=\"lazy\" decoding=\"async\" class=\"wp-image-2652 alignleft\" src=\"https:\/\/blogsaverroes.juntadeandalucia.es\/ceperguamenze\/files\/2021\/02\/andal-300x207.jpg\" alt=\"\" width=\"142\" height=\"98\" srcset=\"https:\/\/blogsaverroes.juntadeandalucia.es\/ceperguamenze\/files\/2021\/02\/andal-300x207.jpg 300w, https:\/\/blogsaverroes.juntadeandalucia.es\/ceperguamenze\/files\/2021\/02\/andal-1024x706.jpg 1024w, https:\/\/blogsaverroes.juntadeandalucia.es\/ceperguamenze\/files\/2021\/02\/andal-768x529.jpg 768w, https:\/\/blogsaverroes.juntadeandalucia.es\/ceperguamenze\/files\/2021\/02\/andal.jpg 1280w\" sizes=\"(max-width: 142px) 100vw, 142px\" \/><\/a><\/p>\n<p>&nbsp;<\/p>\n<p>&nbsp;<\/p>\n<p><img loading=\"lazy\" decoding=\"async\" class=\" wp-image-2650 alignleft\" src=\"https:\/\/blogsaverroes.juntadeandalucia.es\/ceperguamenze\/files\/2021\/02\/ministerio-presidencia-300x60.jpg\" alt=\"\" width=\"230\" height=\"46\" srcset=\"https:\/\/blogsaverroes.juntadeandalucia.es\/ceperguamenze\/files\/2021\/02\/ministerio-presidencia-300x60.jpg 300w, https:\/\/blogsaverroes.juntadeandalucia.es\/ceperguamenze\/files\/2021\/02\/ministerio-presidencia-1024x206.jpg 1024w, https:\/\/blogsaverroes.juntadeandalucia.es\/ceperguamenze\/files\/2021\/02\/ministerio-presidencia-768x155.jpg 768w, https:\/\/blogsaverroes.juntadeandalucia.es\/ceperguamenze\/files\/2021\/02\/ministerio-presidencia.jpg 1280w\" sizes=\"(max-width: 230px) 100vw, 230px\" \/><\/p>\n","protected":false},"excerpt":{"rendered":"<p>Rinc\u00f3n Violeta Ac\u00e9rcate a nuestros centros y visita nuestros Rincones Violeta. En el CEPER Guamenze de Guadix y sus Secciones de toda la comarca, podr\u00e1s encontrar Rincones Violeta con la tem\u00e1tica: &#8220;Reflejos&#8221;. Se trata&#46;&#46;&#46;<\/p>\n","protected":false},"author":11510,"featured_media":0,"parent":0,"menu_order":0,"comment_status":"closed","ping_status":"closed","template":"page-c.php","meta":{"ngg_post_thumbnail":0,"footnotes":"","_mc_calendar":[]},"aioseo_notices":[],"_links":{"self":[{"href":"https:\/\/blogsaverroes.juntadeandalucia.es\/ceperguamenze\/wp-json\/wp\/v2\/pages\/2876"}],"collection":[{"href":"https:\/\/blogsaverroes.juntadeandalucia.es\/ceperguamenze\/wp-json\/wp\/v2\/pages"}],"about":[{"href":"https:\/\/blogsaverroes.juntadeandalucia.es\/ceperguamenze\/wp-json\/wp\/v2\/types\/page"}],"author":[{"embeddable":true,"href":"https:\/\/blogsaverroes.juntadeandalucia.es\/ceperguamenze\/wp-json\/wp\/v2\/users\/11510"}],"replies":[{"embeddable":true,"href":"https:\/\/blogsaverroes.juntadeandalucia.es\/ceperguamenze\/wp-json\/wp\/v2\/comments?post=2876"}],"version-history":[{"count":8,"href":"https:\/\/blogsaverroes.juntadeandalucia.es\/ceperguamenze\/wp-json\/wp\/v2\/pages\/2876\/revisions"}],"predecessor-version":[{"id":3826,"href":"https:\/\/blogsaverroes.juntadeandalucia.es\/ceperguamenze\/wp-json\/wp\/v2\/pages\/2876\/revisions\/3826"}],"wp:attachment":[{"href":"https:\/\/blogsaverroes.juntadeandalucia.es\/ceperguamenze\/wp-json\/wp\/v2\/media?parent=2876"}],"curies":[{"name":"wp","href":"https:\/\/api.w.org\/{rel}","templated":true}]}}