{"id":2884,"date":"2021-03-03T12:47:51","date_gmt":"2021-03-03T12:47:51","guid":{"rendered":"https:\/\/blogsaverroes.juntadeandalucia.es\/ceperguamenze\/?page_id=2884"},"modified":"2022-10-02T19:04:19","modified_gmt":"2022-10-02T19:04:19","slug":"transformacion-digital-educativa","status":"publish","type":"page","link":"https:\/\/blogsaverroes.juntadeandalucia.es\/ceperguamenze\/transformacion-digital-educativa\/","title":{"rendered":"Transformaci\u00f3n Digital Educativa"},"content":{"rendered":"<p><img loading=\"lazy\" decoding=\"async\" class=\"alignleft\" src=\"https:\/\/www.juntadeandalucia.es\/educacion\/portals\/delegate\/thumbnail\/png_abaco_album\/41d925c6-903d-468f-90aa-bfcd15ac4879\" width=\"435\" height=\"442\">La transformaci\u00f3n digital educativa es una de las principales respuestas a los retos planteados actualmente para facilitar la adquisici\u00f3n y desarrollo de competencias y habilidades de la ciudadan\u00eda. As\u00ed pues, mediante la&nbsp; #TDE se ponen las bases para el paso a una educaci\u00f3n m\u00e1s inclusiva y digital, acorde con las necesidades actuales y futuras, en la que son imprescindibles las voces de todas las personas que forman parte de la comunidad educativa y, de forma se\u00f1alada la del alumnado, protagonista de su propio aprendizaje.<\/p>\n<p>En el presente curso escolar el CEPER Guamenze de Guadix y secciones, cuenta con un equipo de profesionales comprometidos con la digitalizaci\u00f3n. Las l\u00edneas de actuaci\u00f3n del Plan de Actuaci\u00f3n Digital son las siguientes:<\/p>\n<ul>\n<li>Facilitar el uso de la Plataforma Moodle y&nbsp; Classroom<\/li>\n<li>Mejora del espacio web del centro.<\/li>\n<li>Mantener el equipo actualizado por si fuera imprescindible la formaci\u00f3n online.<\/li>\n<li>Estudiar la posibilidad de la matriculaci\u00f3n online.<\/li>\n<li>Crear gu\u00eda de normas de publicaci\u00f3n para la web del centro.<\/li>\n<li>Digitalizar y hacer accesibles documentos e impresos p\u00fablicos de utilidad para la Comunidad Educativa.<\/li>\n<li>Participar en el Programa de Innovaci\u00f3n Aula de Cine.<\/li>\n<li>Colaborar con la digitalizaci\u00f3n del alumnado.<\/li>\n<li>Fomentar la formaci\u00f3n del profesorado.<\/li>\n<li>Establecer un equipo de Transformaci\u00f3n Digital Educativa para promover las acciones anteriormente citadas.<\/li>\n<\/ul>\n","protected":false},"excerpt":{"rendered":"<p>La transformaci\u00f3n digital educativa es una de las principales respuestas a los retos planteados actualmente para facilitar la adquisici\u00f3n y desarrollo de competencias y habilidades de la ciudadan\u00eda. As\u00ed pues, mediante la&nbsp; #TDE se&#46;&#46;&#46;<\/p>\n","protected":false},"author":11510,"featured_media":0,"parent":0,"menu_order":0,"comment_status":"closed","ping_status":"closed","template":"page-c.php","meta":{"ngg_post_thumbnail":0,"footnotes":"","_mc_calendar":[]},"aioseo_notices":[],"_links":{"self":[{"href":"https:\/\/blogsaverroes.juntadeandalucia.es\/ceperguamenze\/wp-json\/wp\/v2\/pages\/2884"}],"collection":[{"href":"https:\/\/blogsaverroes.juntadeandalucia.es\/ceperguamenze\/wp-json\/wp\/v2\/pages"}],"about":[{"href":"https:\/\/blogsaverroes.juntadeandalucia.es\/ceperguamenze\/wp-json\/wp\/v2\/types\/page"}],"author":[{"embeddable":true,"href":"https:\/\/blogsaverroes.juntadeandalucia.es\/ceperguamenze\/wp-json\/wp\/v2\/users\/11510"}],"replies":[{"embeddable":true,"href":"https:\/\/blogsaverroes.juntadeandalucia.es\/ceperguamenze\/wp-json\/wp\/v2\/comments?post=2884"}],"version-history":[{"count":8,"href":"https:\/\/blogsaverroes.juntadeandalucia.es\/ceperguamenze\/wp-json\/wp\/v2\/pages\/2884\/revisions"}],"predecessor-version":[{"id":3329,"href":"https:\/\/blogsaverroes.juntadeandalucia.es\/ceperguamenze\/wp-json\/wp\/v2\/pages\/2884\/revisions\/3329"}],"wp:attachment":[{"href":"https:\/\/blogsaverroes.juntadeandalucia.es\/ceperguamenze\/wp-json\/wp\/v2\/media?parent=2884"}],"curies":[{"name":"wp","href":"https:\/\/api.w.org\/{rel}","templated":true}]}}