{"id":2891,"date":"2021-03-03T12:51:26","date_gmt":"2021-03-03T12:51:26","guid":{"rendered":"https:\/\/blogsaverroes.juntadeandalucia.es\/ceperguamenze\/?page_id=2891"},"modified":"2024-06-06T20:56:28","modified_gmt":"2024-06-06T20:56:28","slug":"erasmus","status":"publish","type":"page","link":"https:\/\/blogsaverroes.juntadeandalucia.es\/ceperguamenze\/erasmus\/","title":{"rendered":"Erasmus +"},"content":{"rendered":"<p><a href=\"https:\/\/view.genial.ly\/61fa4a3778a776001427f573\/interactive-content-info-horizontal-pizarra-animada\">INFOGRAF\u00cdA ERASMUS+ CEPER GUAMENZE<\/a><\/p>\n<p><iframe class=\"wp-embedded-content\" sandbox=\"allow-scripts\" security=\"restricted\" title=\"INFO ERASMUS+ CEPER GUAMENZE\" frameborder='0' width='1200' height='675' src='https:\/\/view.genially.com\/61fa4a3778a776001427f573#?secret=Pi5ipWsQoN' data-secret='Pi5ipWsQoN' scrolling='yes'><\/iframe><\/p>\n<p><b>Criterios de selecci\u00f3n de alumnado para participaci\u00f3n en nuestros proyectos Erasmus+:<\/b><\/p>\n<p><span style=\"font-weight: 400\">&nbsp;En primer lugar nuestro alumnado debe cumplir con los siguientes<\/span><b><i> requisitos<\/i><\/b><span style=\"font-weight: 400\">:<\/span><\/p>\n<ul>\n<li style=\"font-weight: 400\"><span style=\"font-weight: 400\">Encontrarse matriculado en el CEPER Guamenze en el curso en el que se desarrolla la movilidad incluyendo planes de ingl\u00e9s.<\/span><\/li>\n<li style=\"font-weight: 400\"><span style=\"font-weight: 400\">Haber completado el curso anterior un plan de ingl\u00e9s con una asistencia superior al 80%.<\/span><\/li>\n<li style=\"font-weight: 400\"><span style=\"font-weight: 400\">Comprometerse con el CEPER a mantener una actitud colaborativa, respetuosa con el medio ambiente, promotora de la igualdad entre hombres y mujeres, a desarrollar sus capacidades digitales y estar a disposici\u00f3n del centro para las tareas relacionadas con el proyecto durante todo el curso.<\/span><\/li>\n<li style=\"font-weight: 400\"><span style=\"font-weight: 400\">Dar su consentimiento para aparecer en fotos y videos de promoci\u00f3n de las actividades educativas.<\/span><\/li>\n<\/ul>\n<p><span style=\"font-weight: 400\">Los <\/span><b><i>criterios<\/i><\/b><span style=\"font-weight: 400\"> de selecci\u00f3n estar\u00e1n alineados con los propuestos por la Uni\u00f3n Europea y los objetivos espec\u00edficos de nuestros proyectos Erasmus+, as\u00ed, se baremar\u00e1 de forma positiva:<\/span><\/p>\n<ul>\n<li style=\"font-weight: 400\"><span style=\"font-weight: 400\">La inclusi\u00f3n de personas con menos oportunidades, de cualquier \u00edndole.<\/span><\/li>\n<li style=\"font-weight: 400\"><span style=\"font-weight: 400\">Las necesidades econ\u00f3micas.<\/span><\/li>\n<li style=\"font-weight: 400\"><span style=\"font-weight: 400\">La asistencia total a las clases.<\/span><\/li>\n<li style=\"font-weight: 400\"><span style=\"font-weight: 400\">La antig\u00fcedad en el centro.<\/span><\/li>\n<li style=\"font-weight: 400\"><span style=\"font-weight: 400\">La participaci\u00f3n en actividades en los cursos anteriores.<\/span><\/li>\n<li style=\"font-weight: 400\"><span style=\"font-weight: 400\">La carencia de experiencias internacionales.<\/span><\/li>\n<li style=\"font-weight: 400\"><span style=\"font-weight: 400\">La dependencia.<\/span><\/li>\n<li style=\"font-weight: 400\"><span style=\"font-weight: 400\">La edad, siendo prioritaria la participaci\u00f3n de personas m\u00e1s mayores.<\/span><\/li>\n<li style=\"font-weight: 400\"><span style=\"font-weight: 400\">La ausencia de estudios inferiores y\/o superiores.<\/span><\/li>\n<li style=\"font-weight: 400\"><span style=\"font-weight: 400\">La situaci\u00f3n de desempleo y falta de historia laboral.<\/span><\/li>\n<li style=\"font-weight: 400\"><span style=\"font-weight: 400\">El n\u00famero de cursos completados en estudios de ingl\u00e9s en nuestro centro.<\/span><\/li>\n<\/ul>\n<p><span style=\"font-weight: 400\">Asimismo, el CEPER Guamenze se reserva el derecho a aplicar el <\/span><b>criterio pedag\u00f3gico<\/b><span style=\"font-weight: 400\"> para el cumplimiento de la cl\u00e1usula perteneciente a la Gu\u00eda Erasmus: <\/span><i><span style=\"font-weight: 400\">&#8220;A la hora de seleccionar a los participantes, todos los proyectos deben aspirar a una mezcla equilibrada e inclusiva de perfiles de participantes y a una implicaci\u00f3n significativa de participantes con menos oportunidades, en consonancia con los objetivos de la acci\u00f3n.&#8221;<\/span><\/i><span style=\"font-weight: 400\">&nbsp;<\/span><\/p>\n<p><span style=\"font-weight: 400\">Quedar\u00e1n excluidas de participar aquellas personas que no cumplan con las normas b\u00e1sicas de convivencia y comportamiento, anulando tambi\u00e9n su participaci\u00f3n en ocasiones futuras.<\/span><\/p>\n<p style=\"text-align: center\"><span style=\"color: #ff6600\"><em>&#8220;Los proyectos Erasmus+ del CEPER Guamenze est\u00e1n cofinanciados por el<\/em><\/span><br \/>\n<span style=\"color: #ff6600\"><em>programa Erasmus+ de la Uni\u00f3n Europea. El contenido de esta p\u00e1gina web es responsabilidad exclusiva del CEPER Guamenze y ni la Comisi\u00f3n Europea, ni el Servicio Espa\u00f1ol para la Internacionalizaci\u00f3n de la Educaci\u00f3n (SEPIE) son responsables del uso que pueda hacerse de la informaci\u00f3n aqu\u00ed difundida.&#8221;<\/em><\/span><\/p>\n<p><a href=\"https:\/\/blogsaverroes.juntadeandalucia.es\/ceperguamenze\/files\/2021\/02\/cofinanciado.png\"><img loading=\"lazy\" decoding=\"async\" class=\"size-large wp-image-2647 aligncenter\" src=\"https:\/\/blogsaverroes.juntadeandalucia.es\/ceperguamenze\/files\/2021\/02\/cofinanciado-1024x249.png\" alt=\"\" width=\"589\" height=\"143\" srcset=\"https:\/\/blogsaverroes.juntadeandalucia.es\/ceperguamenze\/files\/2021\/02\/cofinanciado-1024x249.png 1024w, https:\/\/blogsaverroes.juntadeandalucia.es\/ceperguamenze\/files\/2021\/02\/cofinanciado-300x73.png 300w, https:\/\/blogsaverroes.juntadeandalucia.es\/ceperguamenze\/files\/2021\/02\/cofinanciado-768x187.png 768w, https:\/\/blogsaverroes.juntadeandalucia.es\/ceperguamenze\/files\/2021\/02\/cofinanciado-1536x373.png 1536w, https:\/\/blogsaverroes.juntadeandalucia.es\/ceperguamenze\/files\/2021\/02\/cofinanciado.png 1600w\" sizes=\"(max-width: 589px) 100vw, 589px\" \/><\/a><\/p>\n","protected":false},"excerpt":{"rendered":"<p>INFOGRAF\u00cdA ERASMUS+ CEPER GUAMENZE Criterios de selecci\u00f3n de alumnado para participaci\u00f3n en nuestros proyectos Erasmus+: &nbsp;En primer lugar nuestro alumnado debe cumplir con los siguientes requisitos: Encontrarse matriculado en el CEPER Guamenze en el&#46;&#46;&#46;<\/p>\n","protected":false},"author":11510,"featured_media":0,"parent":0,"menu_order":0,"comment_status":"closed","ping_status":"closed","template":"page-c.php","meta":{"ngg_post_thumbnail":0,"footnotes":"","_mc_calendar":[]},"aioseo_notices":[],"_links":{"self":[{"href":"https:\/\/blogsaverroes.juntadeandalucia.es\/ceperguamenze\/wp-json\/wp\/v2\/pages\/2891"}],"collection":[{"href":"https:\/\/blogsaverroes.juntadeandalucia.es\/ceperguamenze\/wp-json\/wp\/v2\/pages"}],"about":[{"href":"https:\/\/blogsaverroes.juntadeandalucia.es\/ceperguamenze\/wp-json\/wp\/v2\/types\/page"}],"author":[{"embeddable":true,"href":"https:\/\/blogsaverroes.juntadeandalucia.es\/ceperguamenze\/wp-json\/wp\/v2\/users\/11510"}],"replies":[{"embeddable":true,"href":"https:\/\/blogsaverroes.juntadeandalucia.es\/ceperguamenze\/wp-json\/wp\/v2\/comments?post=2891"}],"version-history":[{"count":10,"href":"https:\/\/blogsaverroes.juntadeandalucia.es\/ceperguamenze\/wp-json\/wp\/v2\/pages\/2891\/revisions"}],"predecessor-version":[{"id":5604,"href":"https:\/\/blogsaverroes.juntadeandalucia.es\/ceperguamenze\/wp-json\/wp\/v2\/pages\/2891\/revisions\/5604"}],"wp:attachment":[{"href":"https:\/\/blogsaverroes.juntadeandalucia.es\/ceperguamenze\/wp-json\/wp\/v2\/media?parent=2891"}],"curies":[{"name":"wp","href":"https:\/\/api.w.org\/{rel}","templated":true}]}}