{"id":3446,"date":"2022-10-28T10:50:31","date_gmt":"2022-10-28T10:50:31","guid":{"rendered":"https:\/\/blogsaverroes.juntadeandalucia.es\/ceperguamenze\/?page_id=3446"},"modified":"2022-10-28T10:50:31","modified_gmt":"2022-10-28T10:50:31","slug":"ambito-cientifico-tecnologico","status":"publish","type":"page","link":"https:\/\/blogsaverroes.juntadeandalucia.es\/ceperguamenze\/ambito-cientifico-tecnologico\/","title":{"rendered":"\u00c1mbito Cient\u00edfico Tecnol\u00f3gico"},"content":{"rendered":"","protected":false},"excerpt":{"rendered":"","protected":false},"author":11510,"featured_media":0,"parent":0,"menu_order":0,"comment_status":"closed","ping_status":"closed","template":"","meta":{"ngg_post_thumbnail":0,"footnotes":"","_mc_calendar":[]},"aioseo_notices":[],"_links":{"self":[{"href":"https:\/\/blogsaverroes.juntadeandalucia.es\/ceperguamenze\/wp-json\/wp\/v2\/pages\/3446"}],"collection":[{"href":"https:\/\/blogsaverroes.juntadeandalucia.es\/ceperguamenze\/wp-json\/wp\/v2\/pages"}],"about":[{"href":"https:\/\/blogsaverroes.juntadeandalucia.es\/ceperguamenze\/wp-json\/wp\/v2\/types\/page"}],"author":[{"embeddable":true,"href":"https:\/\/blogsaverroes.juntadeandalucia.es\/ceperguamenze\/wp-json\/wp\/v2\/users\/11510"}],"replies":[{"embeddable":true,"href":"https:\/\/blogsaverroes.juntadeandalucia.es\/ceperguamenze\/wp-json\/wp\/v2\/comments?post=3446"}],"version-history":[{"count":1,"href":"https:\/\/blogsaverroes.juntadeandalucia.es\/ceperguamenze\/wp-json\/wp\/v2\/pages\/3446\/revisions"}],"predecessor-version":[{"id":3447,"href":"https:\/\/blogsaverroes.juntadeandalucia.es\/ceperguamenze\/wp-json\/wp\/v2\/pages\/3446\/revisions\/3447"}],"wp:attachment":[{"href":"https:\/\/blogsaverroes.juntadeandalucia.es\/ceperguamenze\/wp-json\/wp\/v2\/media?parent=3446"}],"curies":[{"name":"wp","href":"https:\/\/api.w.org\/{rel}","templated":true}]}}