{"id":353,"date":"2015-03-18T10:22:24","date_gmt":"2015-03-18T10:22:24","guid":{"rendered":"http:\/\/blogsaverroes.juntadeandalucia.es\/pre\/ceip\/?page_id=353"},"modified":"2022-11-09T11:14:12","modified_gmt":"2022-11-09T11:14:12","slug":"materiales-recursos","status":"publish","type":"page","link":"https:\/\/blogsaverroes.juntadeandalucia.es\/ceperguamenze\/educacion-fisica\/materiales-recursos\/","title":{"rendered":"Sep Lanteira-Alquife"},"content":{"rendered":"<p>&nbsp;<\/p>\n<p>El Centro de Educaci\u00f3n Permanente <strong><em>Sep. Lanteira \u2013 Alquife,<\/em><\/strong> situado en dichas localidades, posee una serie de caracter\u00edsticas adaptadas a la ense\u00f1anza de las personas adultas. Este centro cuenta con una amplia oferta educativa para todos los gustos y necesidades. As\u00ed pues, cuenta adem\u00e1s con el protocolo de actuaci\u00f3n del Covid-19 tomando todas las medidas necesarias para una educaci\u00f3n segura.<\/p>\n<p>Entre otros <strong><em>planes educativos<\/em><\/strong> que lleva a cabo el centro cabe destacar:<\/p>\n<ul>\n<li>Preparaci\u00f3n de pruebas para la obtenci\u00f3n del T\u00edtulo de Graduado en Educaci\u00f3n Secundaria Obligatoria para mayores de 18 a\u00f1os (modalidad presencial y semipresencial)<\/li>\n<li>Nivel B\u00e1sico de ense\u00f1anza de idiomas (Ingl\u00e9s).<\/li>\n<li>Tecnolog\u00edas de la Informaci\u00f3n y la Comunicaci\u00f3n.<\/li>\n<li>Conocimiento y Conservaci\u00f3n del Patrimonio Cultural Andaluz y Medio Ambiente.<\/li>\n<li>H\u00e1bitos de Vida Saludable y Prevenci\u00f3n de Riesgos Laborales.<\/li>\n<\/ul>\n<p>&nbsp;<\/p>\n<p><a href=\"https:\/\/blogsaverroes.juntadeandalucia.es\/ceperguamenze\/files\/2021\/04\/lanteira-1.jpg\"><img loading=\"lazy\" decoding=\"async\" class=\"alignnone wp-image-2996\" src=\"https:\/\/blogsaverroes.juntadeandalucia.es\/ceperguamenze\/files\/2021\/04\/lanteira-1.jpg\" alt=\"\" width=\"396\" height=\"267\" srcset=\"https:\/\/blogsaverroes.juntadeandalucia.es\/ceperguamenze\/files\/2021\/04\/lanteira-1.jpg 883w, https:\/\/blogsaverroes.juntadeandalucia.es\/ceperguamenze\/files\/2021\/04\/lanteira-1-300x202.jpg 300w, https:\/\/blogsaverroes.juntadeandalucia.es\/ceperguamenze\/files\/2021\/04\/lanteira-1-768x518.jpg 768w\" sizes=\"(max-width: 396px) 100vw, 396px\" \/><\/a><a href=\"https:\/\/blogsaverroes.juntadeandalucia.es\/ceperguamenze\/files\/2021\/04\/lanteira2.jpg\"><img loading=\"lazy\" decoding=\"async\" class=\"alignnone size-full wp-image-2997\" src=\"https:\/\/blogsaverroes.juntadeandalucia.es\/ceperguamenze\/files\/2021\/04\/lanteira2.jpg\" alt=\"\" width=\"200\" height=\"267\"><\/a><\/p>\n<p>Para m\u00e1s informaci\u00f3n pueden <strong><em>contactar<\/em><\/strong> a trav\u00e9s de los siguientes medios:<\/p>\n<ul>\n<li>E-mail: 18500589edu@juntadeandalucia.es<\/li>\n<li>Tel\u00e9fono: 958699672<\/li>\n<li>Direcci\u00f3n: C\/ Lepanto s\/n (Alquife) \u2013 C\/Amargura s\/n (Lanteira)<\/li>\n<\/ul>\n<p>Localidades Lanteira, Alquife<\/p>\n","protected":false},"excerpt":{"rendered":"<p>&nbsp; El Centro de Educaci\u00f3n Permanente Sep. Lanteira \u2013 Alquife, situado en dichas localidades, posee una serie de caracter\u00edsticas adaptadas a la ense\u00f1anza de las personas adultas. Este centro cuenta con una amplia oferta&#46;&#46;&#46;<\/p>\n","protected":false},"author":1,"featured_media":0,"parent":176,"menu_order":0,"comment_status":"closed","ping_status":"open","template":"page-c.php","meta":{"ngg_post_thumbnail":0,"footnotes":"","_mc_calendar":[]},"aioseo_notices":[],"_links":{"self":[{"href":"https:\/\/blogsaverroes.juntadeandalucia.es\/ceperguamenze\/wp-json\/wp\/v2\/pages\/353"}],"collection":[{"href":"https:\/\/blogsaverroes.juntadeandalucia.es\/ceperguamenze\/wp-json\/wp\/v2\/pages"}],"about":[{"href":"https:\/\/blogsaverroes.juntadeandalucia.es\/ceperguamenze\/wp-json\/wp\/v2\/types\/page"}],"author":[{"embeddable":true,"href":"https:\/\/blogsaverroes.juntadeandalucia.es\/ceperguamenze\/wp-json\/wp\/v2\/users\/1"}],"replies":[{"embeddable":true,"href":"https:\/\/blogsaverroes.juntadeandalucia.es\/ceperguamenze\/wp-json\/wp\/v2\/comments?post=353"}],"version-history":[{"count":17,"href":"https:\/\/blogsaverroes.juntadeandalucia.es\/ceperguamenze\/wp-json\/wp\/v2\/pages\/353\/revisions"}],"predecessor-version":[{"id":3519,"href":"https:\/\/blogsaverroes.juntadeandalucia.es\/ceperguamenze\/wp-json\/wp\/v2\/pages\/353\/revisions\/3519"}],"up":[{"embeddable":true,"href":"https:\/\/blogsaverroes.juntadeandalucia.es\/ceperguamenze\/wp-json\/wp\/v2\/pages\/176"}],"wp:attachment":[{"href":"https:\/\/blogsaverroes.juntadeandalucia.es\/ceperguamenze\/wp-json\/wp\/v2\/media?parent=353"}],"curies":[{"name":"wp","href":"https:\/\/api.w.org\/{rel}","templated":true}]}}