{"id":357,"date":"2015-03-18T10:22:59","date_gmt":"2015-03-18T10:22:59","guid":{"rendered":"http:\/\/blogsaverroes.juntadeandalucia.es\/pre\/ceip\/?page_id=357"},"modified":"2022-11-09T11:18:55","modified_gmt":"2022-11-09T11:18:55","slug":"materiales-recursos","status":"publish","type":"page","link":"https:\/\/blogsaverroes.juntadeandalucia.es\/ceperguamenze\/cogollos\/materiales-recursos\/","title":{"rendered":"Sep Cogollos de Guadix"},"content":{"rendered":"<div dir=\"auto\">En mi secci\u00f3n cre\u00e9 hace a\u00f1os perfiles de Facebook por localidades &#8230;. en los siguientes enlaces podr\u00e1s ver multitud de fotos (talleres, cert\u00e1menes villancicos, efem\u00e9rides, etc. Etc etc) multitud de comentarios les llegan al alumnado de familiares procedentes de muchisimos lugares (Francia, Alemania,&#8230;.)<\/div>\n<div dir=\"auto\">\n<p>Tel\u00e9fono de contacto:<\/p>\n<div dir=\"auto\">958675629<\/div>\n<div dir=\"auto\">En horario de lunes a mi\u00e9rcoles de 18:00 a 20:00&nbsp;<\/div>\n<\/div>\n<div dir=\"auto\">Email de contacto: titulodesecundaria@gmail.com&nbsp;<\/div>\n<div dir=\"auto\">Direcci\u00f3n: Plaza de la Constituci\u00f3n, s\/n.<\/div>\n<div>&nbsp;<\/div>\n<div>POBLACIONES:&nbsp;<\/div>\n<div>&nbsp;<\/div>\n<div dir=\"auto\">-Valle Zalabi (Charches, Alcudia y Exfiliana)<\/div>\n<div dir=\"auto\"><a href=\"https:\/\/www.facebook.com\/adultosvalledelzalabi.delzalabi.1\" target=\"_blank\" rel=\"noopener noreferrer\">https:\/\/www.facebook.com\/adultosvalledelzalabi.delzalabi.1<\/a><\/div>\n<div dir=\"auto\">&nbsp;<\/div>\n<div dir=\"auto\">-Cogollos de Guadix&nbsp;<\/div>\n<div dir=\"auto\"><a href=\"https:\/\/www.facebook.com\/profile.php?id=100011719624636\" target=\"_blank\" rel=\"noopener noreferrer\">https:\/\/www.facebook.com\/profile.php?id=100011719624636<\/a><\/div>\n<div dir=\"auto\">&nbsp;<\/div>\n<div dir=\"auto\">-Jerez del Marquesado&nbsp;<\/div>\n<div dir=\"auto\"><a href=\"https:\/\/www.facebook.com\/adultos.j.delmarquesado\" target=\"_blank\" rel=\"noopener noreferrer\">https:\/\/www.facebook.com\/adultos.j.delmarquesado<\/a><\/div>\n<div dir=\"auto\">&nbsp;<\/div>\n<div dir=\"auto\">&nbsp;<\/div>\n<div dir=\"auto\">-Albu\u00f1\u00e1n<\/div>\n<div dir=\"auto\"><a href=\"https:\/\/www.facebook.com\/profile.php?id=100011485483208\" target=\"_blank\" rel=\"noopener noreferrer\">https:\/\/www.facebook.com\/profile.php?id=100011485483208<\/a><\/div>\n<div dir=\"auto\">\n<div dir=\"auto\">\n<div dir=\"auto\">&nbsp;<\/div>\n<\/div>\n<\/div>\n","protected":false},"excerpt":{"rendered":"<p>En mi secci\u00f3n cre\u00e9 hace a\u00f1os perfiles de Facebook por localidades &#8230;. en los siguientes enlaces podr\u00e1s ver multitud de fotos (talleres, cert\u00e1menes villancicos, efem\u00e9rides, etc. Etc etc) multitud de comentarios les llegan al&#46;&#46;&#46;<\/p>\n","protected":false},"author":1,"featured_media":0,"parent":172,"menu_order":0,"comment_status":"closed","ping_status":"open","template":"page-c.php","meta":{"ngg_post_thumbnail":0,"footnotes":"","_mc_calendar":[]},"aioseo_notices":[],"_links":{"self":[{"href":"https:\/\/blogsaverroes.juntadeandalucia.es\/ceperguamenze\/wp-json\/wp\/v2\/pages\/357"}],"collection":[{"href":"https:\/\/blogsaverroes.juntadeandalucia.es\/ceperguamenze\/wp-json\/wp\/v2\/pages"}],"about":[{"href":"https:\/\/blogsaverroes.juntadeandalucia.es\/ceperguamenze\/wp-json\/wp\/v2\/types\/page"}],"author":[{"embeddable":true,"href":"https:\/\/blogsaverroes.juntadeandalucia.es\/ceperguamenze\/wp-json\/wp\/v2\/users\/1"}],"replies":[{"embeddable":true,"href":"https:\/\/blogsaverroes.juntadeandalucia.es\/ceperguamenze\/wp-json\/wp\/v2\/comments?post=357"}],"version-history":[{"count":11,"href":"https:\/\/blogsaverroes.juntadeandalucia.es\/ceperguamenze\/wp-json\/wp\/v2\/pages\/357\/revisions"}],"predecessor-version":[{"id":3521,"href":"https:\/\/blogsaverroes.juntadeandalucia.es\/ceperguamenze\/wp-json\/wp\/v2\/pages\/357\/revisions\/3521"}],"up":[{"embeddable":true,"href":"https:\/\/blogsaverroes.juntadeandalucia.es\/ceperguamenze\/wp-json\/wp\/v2\/pages\/172"}],"wp:attachment":[{"href":"https:\/\/blogsaverroes.juntadeandalucia.es\/ceperguamenze\/wp-json\/wp\/v2\/media?parent=357"}],"curies":[{"name":"wp","href":"https:\/\/api.w.org\/{rel}","templated":true}]}}