{"id":361,"date":"2015-03-18T10:23:27","date_gmt":"2015-03-18T10:23:27","guid":{"rendered":"http:\/\/blogsaverroes.juntadeandalucia.es\/pre\/ceip\/?page_id=361"},"modified":"2022-11-09T11:25:59","modified_gmt":"2022-11-09T11:25:59","slug":"361-2","status":"publish","type":"page","link":"https:\/\/blogsaverroes.juntadeandalucia.es\/ceperguamenze\/alicun\/361-2\/","title":{"rendered":"Sep Alic\u00fan de Ortega"},"content":{"rendered":"<div class=\"iDevice_inner\">\n<div id=\"ta41_22_2\" class=\"block\">\n<div align=\"justify\">\n<p class=\"p1\"><span class=\"s1\">La secci\u00f3n de Educaci\u00f3n<\/span><img loading=\"lazy\" decoding=\"async\" class=\"alignright\" src=\"https:\/\/correo.juntadeandalucia.es\/?_task=mail&amp;_action=get&amp;_mbox=INBOX&amp;_uid=1466&amp;_token=OtFwCEKfAyBOnaGw3fraR2YL5ERENasq&amp;_part=1.2&amp;_embed=1&amp;_mimeclass=image\" width=\"448\" height=\"336\"><span class=\"s1\">&nbsp;Permanent<\/span>e de Alic\u00fan de Ortega, Dehesas de Guadix, Villanueva de las Torres y Gorafe pertenece al centro de Educaci\u00f3n permanente Guamenze. El grupo de municipios citado que compone esta secci\u00f3n tiene las siguientes caracter\u00edsticas comunes:<\/p>\n<ul class=\"ul1\">\n<li class=\"li3\"><span class=\"s1\">Una poblaci\u00f3n media no superior a 700 habitantes.<\/span><\/li>\n<li class=\"li3\"><span class=\"s1\">Una fuerte tasa de paro y desempleo.<\/span><\/li>\n<li class=\"li4\"><span class=\"s1\">Un nivel de envejecimiento de su poblaci\u00f3n bastante significativo. <\/span><\/li>\n<li class=\"li4\"><span class=\"s1\">Un bajo nivel de formaci\u00f3n de las personas adultas. <\/span><\/li>\n<li class=\"li5\"><span class=\"s1\">Una fuerte tasa de paro y desempleo. Su econom\u00eda est\u00e1 basada en la agricultura\/ganader\u00eda, experimentando esta \u00faltima una bajada considerable. <\/span><\/li>\n<li class=\"li4\"><span class=\"s1\">En buena medida sus fuentes de ingreso provienen de la percepci\u00f3n del Subsidio de Desempleo Agrario o del trabajo como temporeros: vendimia, recolecci\u00f3n de la aceituna\u2026<\/span><\/li>\n<\/ul>\n<p class=\"p1\"><span class=\"s3\">La S.E.P. est\u00e1 dotada de dos maestros para cubrir las demandas de los cuatro pueblos y de los distintos grupos que lo integran. <\/span><\/p>\n<p class=\"p1\"><span class=\"s3\">Adem\u00e1s de la dificultad a\u00f1adida que implica la gran diversidad en cada uno de los grupos, los docentes se ven obligados a realizar desplazamientos entre pueblos para poder atender la oferta educativa. <\/span><span class=\"s1\">Antiguamente la oferta educativa del Centro iba dirigida, sobre todo, a personas mayores que demandaban alfabetizaci\u00f3n y animaci\u00f3n sociocultural, esa tendencia ha cambiado por completo en los \u00faltimos a\u00f1os priorizando la preparaci\u00f3n para la obtenci\u00f3n del <\/span><span class=\"s4\"><b>t\u00edtulo de ESA<\/b><\/span><span class=\"s1\"> y la adquisici\u00f3n del idioma extranjero: <\/span><span class=\"s4\"><b>ingl\u00e9s<\/b><\/span><span class=\"s1\">. La importancia del Plan Uso B\u00e1sico de Lengua Extranjera; ingl\u00e9s, ha crecido debido a la buena aceptaci\u00f3n en a\u00f1os anteriores y el continuo aumento de alumno\/as matriculados. Actualmente la demanda en el t\u00edtulo de <\/span><span class=\"s4\"><b>grado medio<\/b><\/span><span class=\"s1\"> de Apoyo a personas en situaci\u00f3n de dependencia tambi\u00e9n ha aumentado.<\/span><\/p>\n<\/div>\n<p>Direcci\u00f3n: C\/ Nuestra Sra. del Carmen, s\/n.<\/p>\n<p>Email: 18500841.edu@juntadeandalucia.es<\/p>\n<p>Localidades: Villanueva de las Torres, Gorafe, Dehesas de Guadix y Alic\u00fan de Ortega<\/p>\n<\/div>\n<\/div>\n","protected":false},"excerpt":{"rendered":"<p>La secci\u00f3n de Educaci\u00f3n&nbsp;Permanente de Alic\u00fan de Ortega, Dehesas de Guadix, Villanueva de las Torres y Gorafe pertenece al centro de Educaci\u00f3n permanente Guamenze. El grupo de municipios citado que compone esta secci\u00f3n tiene&#46;&#46;&#46;<\/p>\n","protected":false},"author":1,"featured_media":0,"parent":153,"menu_order":0,"comment_status":"closed","ping_status":"open","template":"page-c.php","meta":{"ngg_post_thumbnail":0,"footnotes":"","_mc_calendar":[]},"aioseo_notices":[],"_links":{"self":[{"href":"https:\/\/blogsaverroes.juntadeandalucia.es\/ceperguamenze\/wp-json\/wp\/v2\/pages\/361"}],"collection":[{"href":"https:\/\/blogsaverroes.juntadeandalucia.es\/ceperguamenze\/wp-json\/wp\/v2\/pages"}],"about":[{"href":"https:\/\/blogsaverroes.juntadeandalucia.es\/ceperguamenze\/wp-json\/wp\/v2\/types\/page"}],"author":[{"embeddable":true,"href":"https:\/\/blogsaverroes.juntadeandalucia.es\/ceperguamenze\/wp-json\/wp\/v2\/users\/1"}],"replies":[{"embeddable":true,"href":"https:\/\/blogsaverroes.juntadeandalucia.es\/ceperguamenze\/wp-json\/wp\/v2\/comments?post=361"}],"version-history":[{"count":9,"href":"https:\/\/blogsaverroes.juntadeandalucia.es\/ceperguamenze\/wp-json\/wp\/v2\/pages\/361\/revisions"}],"predecessor-version":[{"id":3525,"href":"https:\/\/blogsaverroes.juntadeandalucia.es\/ceperguamenze\/wp-json\/wp\/v2\/pages\/361\/revisions\/3525"}],"up":[{"embeddable":true,"href":"https:\/\/blogsaverroes.juntadeandalucia.es\/ceperguamenze\/wp-json\/wp\/v2\/pages\/153"}],"wp:attachment":[{"href":"https:\/\/blogsaverroes.juntadeandalucia.es\/ceperguamenze\/wp-json\/wp\/v2\/media?parent=361"}],"curies":[{"name":"wp","href":"https:\/\/api.w.org\/{rel}","templated":true}]}}