{"id":3066,"date":"2021-12-03T12:04:23","date_gmt":"2021-12-03T12:04:23","guid":{"rendered":"https:\/\/blogsaverroes.juntadeandalucia.es\/ceperjosefinamolina\/?page_id=3066"},"modified":"2023-06-05T21:25:14","modified_gmt":"2023-06-05T21:25:14","slug":"contacto-ceper-y-secciones","status":"publish","type":"page","link":"https:\/\/blogsaverroes.juntadeandalucia.es\/ceperjosefinamolina\/contacto-ceper-y-secciones\/","title":{"rendered":"Contacto (C.E.PER. y Secciones)"},"content":{"rendered":"<h3 class=\"fittexted_for_content_h3\">Localizaci\u00f3n y entorno de nuestros centros:<\/h3>\n<p>Nuestra agrupaci\u00f3n est\u00e1 formada por un Centro de Educaci\u00f3n Permanente (CEPER Josefina Molina) ubicado en&nbsp; C\u00f3rdoba y dos Secciones de Educaci\u00f3n Permanente (SEPER Parque Figueroa y SEPER Paulo Freire) adscritas al centro. En este mapa se muestra la localizaci\u00f3n de cada uno de estos centros.&nbsp;<\/p>\n<div><span style=\"text-decoration: underline\"><strong>DATOS DE CONTACTO C.E.PER JOSEFINA MOLINA<\/strong><\/span><\/div>\n<div>&nbsp;<\/div>\n<div>&nbsp;<\/div>\n<div><iframe loading=\"lazy\" src=\"https:\/\/www.google.com\/maps\/embed?pb=!1m18!1m12!1m3!1d1244.2640716782817!2d-4.7764041026264366!3d37.900664363056684!2m3!1f0!2f0!3f0!3m2!1i1024!2i768!4f13.1!3m3!1m2!1s0x0%3A0x75d8d0810be1fa7f!2sCEPER%20%22Josefina%20Molina%22!5e1!3m2!1ses!2ses!4v1667299290768!5m2!1ses!2ses\" width=\"600\" height=\"450\"><\/iframe><\/div>\n<div>&nbsp;<\/div>\n<div>\n<div><b>NOMBRE<\/b>: Ceper Josefina Molina<\/div>\n<div><b>DIRECCI\u00d3N<\/b>: C\/ Jos\u00e9 Sanchez Guerra s\/n (dentro del IES Angel de Saavedra)<\/div>\n<div><b>TEL\u00c9FONO<\/b>: 671567061 &#8211; 957379654<\/div>\n<div><b>E-MAIL:<\/b> ceperjosefinamolina@gmail.com<\/div>\n<div><b>FACEBOOK<\/b>: Cep Josefina Molina<\/div>\n<div><strong>Twitter<\/strong>: @CeperJosefina<\/div>\n<div><strong>Instagram:<\/strong> @Cepjosefinamolina<\/div>\n<\/div>\n<div>&nbsp;<\/div>\n<div><strong>HORARIOS<\/strong><\/div>\n<div>\n<ul>\n<li>Oficina: los viernes de 10:00 a 13:00.<\/li>\n<li>Clases en diurno: viernes de 09:00 a 14:00<\/li>\n<li>Clases de tarde-nocturno: de&nbsp; lunes a jueves de 16:00 a 21:00, var\u00edan en funci\u00f3n de la ense\u00f1anza.<\/li>\n<\/ul>\n<\/div>\n<p>&nbsp;<\/p>\n<p><span style=\"text-decoration: underline\"><strong>DATOS DE CONTACTO S.E.P PARQUE FIGUEROA<\/strong><\/span><\/p>\n<p><iframe loading=\"lazy\" src=\"https:\/\/www.google.com\/maps\/embed?pb=!1m18!1m12!1m3!1d3148.746568903794!2d-4.805822824399188!3d37.889609071956734!2m3!1f0!2f0!3f0!3m2!1i1024!2i768!4f13.1!3m3!1m2!1s0xd6cdfa9ad9fa85f%3A0x4c8098ef8a340d57!2sSEPER%20Parque%20Figueroa!5e0!3m2!1ses!2ses!4v1685999660004!5m2!1ses!2ses\" width=\"600\" height=\"450\"><\/iframe><\/p>\n<div><b>NOMBRE<\/b>: SEPER PARQUE FIGUEROA<\/div>\n<div><b>DIRECCI\u00d3N<\/b>: C\/ CRUCERO BALEARES S\/N C.P 14011 C\u00d3RDOBA<\/div>\n<div><b>TEL\u00c9FONO<\/b>: 957379642 \u2013 671567634<\/div>\n<div><b>E-MAIL:<\/b>&nbsp;SEPPARQUEFIGUEROA@GMAIL.COM<\/div>\n<div><b>FACEBOOK<\/b>: SEP PARQUE FIGUEROA<\/div>\n<div>&nbsp;<\/div>\n<div>\n<div><strong>HORARIOS<\/strong><\/div>\n<div>\n<ul>\n<li>Oficina: los viernes de 10:00 a 13:00.<\/li>\n<li>Clases en diurno: viernes de 09:00 a 14:00<\/li>\n<li>Clases de tarde-nocturno: de lunes a jueves de 16:00 a 21:00, var\u00edan en funci\u00f3n de la ense\u00f1anza.<\/li>\n<\/ul>\n<\/div>\n<p>&nbsp;<\/p>\n<\/div>\n<div><span style=\"text-decoration: underline\"><strong>DATOS DE CONTACTO S.E.P PAULO FREIRE<\/strong><\/span><\/div>\n<div>&nbsp;<\/div>\n<div><iframe loading=\"lazy\" src=\"https:\/\/www.google.com\/maps\/embed?pb=!1m18!1m12!1m3!1d3148.6631860732755!2d-4.800304024399066!3d37.891558771956205!2m3!1f0!2f0!3f0!3m2!1i1024!2i768!4f13.1!3m3!1m2!1s0xd6cdf42bebebf67%3A0x2f1f7c7339e07f59!2sSEP%20Paulo%20Freire!5e0!3m2!1ses!2ses!4v1686000026147!5m2!1ses!2ses\" width=\"600\" height=\"450\"><\/iframe><\/div>\n<div>\n<div><b>NOMBRE<\/b>: SEP Paulo Freire<\/div>\n<div><b>DIRECCI\u00d3N<\/b>: Avenida Arroyo del Moro s\/n (dentro del IES Trassierra)<\/div>\n<div><b>TEL\u00c9FONO<\/b>: 671560646 \u2013 671567061<\/div>\n<div><b>E-MAIL:<\/b>&nbsp;seperpaulofreire@gmail.com<\/div>\n<div><b>FACEBOOK<\/b>: Sep Paulo Freire<\/div>\n<\/div>\n<div>&nbsp;<\/div>\n<div>\n<div><strong>HORARIOS<\/strong><\/div>\n<div>\n<ul>\n<li>Oficina: los viernes de 10:00 a 13:00.<\/li>\n<li>Clases en diurno: viernes de 10:00 a 13:00<\/li>\n<li>Clases de tarde-nocturno: de lunes a jueves de 16:00 a 21:00, var\u00edan en funci\u00f3n de la ense\u00f1anza.<\/li>\n<\/ul>\n<\/div>\n<\/div>\n","protected":false},"excerpt":{"rendered":"<p>Localizaci\u00f3n y entorno de nuestros centros: Nuestra agrupaci\u00f3n est\u00e1 formada por un Centro de Educaci\u00f3n Permanente (CEPER Josefina Molina) ubicado en&nbsp; C\u00f3rdoba y dos Secciones de Educaci\u00f3n Permanente (SEPER Parque Figueroa y SEPER Paulo&#46;&#46;&#46;<\/p>\n","protected":false},"author":6168,"featured_media":0,"parent":0,"menu_order":0,"comment_status":"closed","ping_status":"closed","template":"","meta":{"ngg_post_thumbnail":0,"footnotes":"","_mc_calendar":[]},"aioseo_notices":[],"_links":{"self":[{"href":"https:\/\/blogsaverroes.juntadeandalucia.es\/ceperjosefinamolina\/wp-json\/wp\/v2\/pages\/3066"}],"collection":[{"href":"https:\/\/blogsaverroes.juntadeandalucia.es\/ceperjosefinamolina\/wp-json\/wp\/v2\/pages"}],"about":[{"href":"https:\/\/blogsaverroes.juntadeandalucia.es\/ceperjosefinamolina\/wp-json\/wp\/v2\/types\/page"}],"author":[{"embeddable":true,"href":"https:\/\/blogsaverroes.juntadeandalucia.es\/ceperjosefinamolina\/wp-json\/wp\/v2\/users\/6168"}],"replies":[{"embeddable":true,"href":"https:\/\/blogsaverroes.juntadeandalucia.es\/ceperjosefinamolina\/wp-json\/wp\/v2\/comments?post=3066"}],"version-history":[{"count":3,"href":"https:\/\/blogsaverroes.juntadeandalucia.es\/ceperjosefinamolina\/wp-json\/wp\/v2\/pages\/3066\/revisions"}],"predecessor-version":[{"id":3863,"href":"https:\/\/blogsaverroes.juntadeandalucia.es\/ceperjosefinamolina\/wp-json\/wp\/v2\/pages\/3066\/revisions\/3863"}],"wp:attachment":[{"href":"https:\/\/blogsaverroes.juntadeandalucia.es\/ceperjosefinamolina\/wp-json\/wp\/v2\/media?parent=3066"}],"curies":[{"name":"wp","href":"https:\/\/api.w.org\/{rel}","templated":true}]}}