{"id":3204,"date":"2021-12-03T15:21:23","date_gmt":"2021-12-03T15:21:23","guid":{"rendered":"https:\/\/blogsaverroes.juntadeandalucia.es\/ceperjosefinamolina\/?page_id=3204"},"modified":"2022-06-01T08:53:41","modified_gmt":"2022-06-01T08:53:41","slug":"blogs","status":"publish","type":"page","link":"https:\/\/blogsaverroes.juntadeandalucia.es\/ceperjosefinamolina\/blogs\/","title":{"rendered":"Blogs"},"content":{"rendered":"<p>Blog de ingl\u00e9s para los planes educativos de Uso B\u00e1sico de Idiomas y TAE Idiomas ingl\u00e9s nivel b\u00e1sico:&nbsp;<\/p>\n<p><a href=\"http:\/\/mcarmenblogingles.blogspot.com\/search\/label\/Inicio\" target=\"_blank\" rel=\"noopener noreferrer\" data-saferedirecturl=\"https:\/\/www.google.com\/url?q=http:\/\/mcarmenblogingles.blogspot.com\/search\/label\/Inicio&amp;source=gmail&amp;ust=1654158475042000&amp;usg=AOvVaw0RBzKz0_oxMDWsL-UiVoSP\">Blog de la maestra M\u00aa Carmen Ruiz<\/a>&nbsp; &nbsp;<\/p>\n<p>(<a href=\"http:\/\/mcarmenblogingles.blogspot.com\/search\/label\/Inicio\" target=\"_blank\" rel=\"noopener noreferrer\" data-saferedirecturl=\"https:\/\/www.google.com\/url?q=http:\/\/mcarmenblogingles.blogspot.com\/search\/label\/Inicio&amp;source=gmail&amp;ust=1654158475042000&amp;usg=AOvVaw0RBzKz0_oxMDWsL-UiVoSP\">http:\/\/mcarmenblogingles.blogspot.com\/search\/label\/Inicio<\/a>)<\/p>\n","protected":false},"excerpt":{"rendered":"<p>Blog de ingl\u00e9s para los planes educativos de Uso B\u00e1sico de Idiomas y TAE Idiomas ingl\u00e9s nivel b\u00e1sico:&nbsp; Blog de la maestra M\u00aa Carmen Ruiz&nbsp; &nbsp; (http:\/\/mcarmenblogingles.blogspot.com\/search\/label\/Inicio)<\/p>\n","protected":false},"author":6168,"featured_media":0,"parent":0,"menu_order":0,"comment_status":"closed","ping_status":"closed","template":"","meta":{"ngg_post_thumbnail":0,"footnotes":"","_mc_calendar":[]},"aioseo_notices":[],"_links":{"self":[{"href":"https:\/\/blogsaverroes.juntadeandalucia.es\/ceperjosefinamolina\/wp-json\/wp\/v2\/pages\/3204"}],"collection":[{"href":"https:\/\/blogsaverroes.juntadeandalucia.es\/ceperjosefinamolina\/wp-json\/wp\/v2\/pages"}],"about":[{"href":"https:\/\/blogsaverroes.juntadeandalucia.es\/ceperjosefinamolina\/wp-json\/wp\/v2\/types\/page"}],"author":[{"embeddable":true,"href":"https:\/\/blogsaverroes.juntadeandalucia.es\/ceperjosefinamolina\/wp-json\/wp\/v2\/users\/6168"}],"replies":[{"embeddable":true,"href":"https:\/\/blogsaverroes.juntadeandalucia.es\/ceperjosefinamolina\/wp-json\/wp\/v2\/comments?post=3204"}],"version-history":[{"count":1,"href":"https:\/\/blogsaverroes.juntadeandalucia.es\/ceperjosefinamolina\/wp-json\/wp\/v2\/pages\/3204\/revisions"}],"predecessor-version":[{"id":3762,"href":"https:\/\/blogsaverroes.juntadeandalucia.es\/ceperjosefinamolina\/wp-json\/wp\/v2\/pages\/3204\/revisions\/3762"}],"wp:attachment":[{"href":"https:\/\/blogsaverroes.juntadeandalucia.es\/ceperjosefinamolina\/wp-json\/wp\/v2\/media?parent=3204"}],"curies":[{"name":"wp","href":"https:\/\/api.w.org\/{rel}","templated":true}]}}