{"id":2210,"date":"2024-05-17T10:47:00","date_gmt":"2024-05-17T08:47:00","guid":{"rendered":"https:\/\/blogsaverroes.juntadeandalucia.es\/ceperlapalma\/?page_id=2210"},"modified":"2024-05-17T11:04:40","modified_gmt":"2024-05-17T09:04:40","slug":"capacitacion-digital","status":"publish","type":"page","link":"https:\/\/blogsaverroes.juntadeandalucia.es\/ceperlapalma\/capacitacion-digital\/","title":{"rendered":"Capacitaci\u00f3n Digital"},"content":{"rendered":"<p>[et_pb_section fb_built=&#8221;1&#8243; _builder_version=&#8221;4.16&#8243; custom_padding=&#8221;0px||0px|&#8221; z_index_tablet=&#8221;500&#8243; box_shadow_horizontal_tablet=&#8221;0px&#8221; box_shadow_vertical_tablet=&#8221;0px&#8221; box_shadow_blur_tablet=&#8221;40px&#8221; box_shadow_spread_tablet=&#8221;0px&#8221; global_colors_info=&#8221;{}&#8221;][et_pb_row _builder_version=&#8221;4.16&#8243; background_size=&#8221;initial&#8221; background_position=&#8221;top_left&#8221; background_repeat=&#8221;repeat&#8221; global_colors_info=&#8221;{}&#8221;][et_pb_column type=&#8221;4_4&#8243; _builder_version=&#8221;4.16&#8243; custom_padding=&#8221;|||&#8221; global_colors_info=&#8221;{}&#8221; custom_padding__hover=&#8221;|||&#8221;][et_pb_image src=&#8221;https:\/\/blogsaverroes.juntadeandalucia.es\/ceperlapalma\/files\/2021\/11\/banner-int-c.jpg&#8221; title_text=&#8221;banner-int-c&#8221; admin_label=&#8221;Imagen de la portada&#8221; _builder_version=&#8221;4.16&#8243; vertical_offset_tablet=&#8221;0&#8243; horizontal_offset_tablet=&#8221;0&#8243; z_index_tablet=&#8221;500&#8243; box_shadow_horizontal_tablet=&#8221;0px&#8221; box_shadow_vertical_tablet=&#8221;0px&#8221; box_shadow_blur_tablet=&#8221;40px&#8221; box_shadow_spread_tablet=&#8221;0px&#8221; global_colors_info=&#8221;{}&#8221;][\/et_pb_image][\/et_pb_column][\/et_pb_row][et_pb_row column_structure=&#8221;3_5,2_5&#8243; _builder_version=&#8221;4.16&#8243; _module_preset=&#8221;default&#8221; global_colors_info=&#8221;{}&#8221;][et_pb_column type=&#8221;3_5&#8243; _builder_version=&#8221;4.16&#8243; _module_preset=&#8221;default&#8221; global_colors_info=&#8221;{}&#8221;][et_pb_text content_tablet=&#8221;&#8221; content_phone=&#8221;&#8221; content_last_edited=&#8221;on|desktop&#8221; admin_label=&#8221;Texto descriptivo&#8221; _builder_version=&#8221;4.24.2&#8243; width=&#8221;%221530%22&#8243; z_index_tablet=&#8221;500&#8243; text_text_shadow_horizontal_length_tablet=&#8221;0px&#8221; text_text_shadow_vertical_length_tablet=&#8221;0px&#8221; text_text_shadow_blur_strength_tablet=&#8221;1px&#8221; link_text_shadow_horizontal_length_tablet=&#8221;0px&#8221; link_text_shadow_vertical_length_tablet=&#8221;0px&#8221; link_text_shadow_blur_strength_tablet=&#8221;1px&#8221; ul_text_shadow_horizontal_length_tablet=&#8221;0px&#8221; ul_text_shadow_vertical_length_tablet=&#8221;0px&#8221; ul_text_shadow_blur_strength_tablet=&#8221;1px&#8221; ol_text_shadow_horizontal_length_tablet=&#8221;0px&#8221; ol_text_shadow_vertical_length_tablet=&#8221;0px&#8221; ol_text_shadow_blur_strength_tablet=&#8221;1px&#8221; quote_text_shadow_horizontal_length_tablet=&#8221;0px&#8221; quote_text_shadow_vertical_length_tablet=&#8221;0px&#8221; quote_text_shadow_blur_strength_tablet=&#8221;1px&#8221; header_text_shadow_horizontal_length_tablet=&#8221;0px&#8221; header_text_shadow_vertical_length_tablet=&#8221;0px&#8221; header_text_shadow_blur_strength_tablet=&#8221;1px&#8221; header_2_text_shadow_horizontal_length_tablet=&#8221;0px&#8221; header_2_text_shadow_vertical_length_tablet=&#8221;0px&#8221; header_2_text_shadow_blur_strength_tablet=&#8221;1px&#8221; header_3_text_shadow_horizontal_length_tablet=&#8221;0px&#8221; header_3_text_shadow_vertical_length_tablet=&#8221;0px&#8221; header_3_text_shadow_blur_strength_tablet=&#8221;1px&#8221; header_4_text_shadow_horizontal_length_tablet=&#8221;0px&#8221; header_4_text_shadow_vertical_length_tablet=&#8221;0px&#8221; header_4_text_shadow_blur_strength_tablet=&#8221;1px&#8221; header_5_text_shadow_horizontal_length_tablet=&#8221;0px&#8221; header_5_text_shadow_vertical_length_tablet=&#8221;0px&#8221; header_5_text_shadow_blur_strength_tablet=&#8221;1px&#8221; header_6_text_shadow_horizontal_length_tablet=&#8221;0px&#8221; header_6_text_shadow_vertical_length_tablet=&#8221;0px&#8221; header_6_text_shadow_blur_strength_tablet=&#8221;1px&#8221; box_shadow_horizontal_tablet=&#8221;0px&#8221; box_shadow_vertical_tablet=&#8221;0px&#8221; box_shadow_blur_tablet=&#8221;40px&#8221; box_shadow_spread_tablet=&#8221;0px&#8221; global_colors_info=&#8221;{}&#8221;]<\/p>\n<h3><img loading=\"lazy\" decoding=\"async\" class=\"wp-image-2222 alignnone size-full\" src=\"https:\/\/blogsaverroes.juntadeandalucia.es\/ceperlapalma\/files\/2024\/05\/logo-subvenciones.jpg\" alt=\"Financiado por la uni\u00f3n europea\" width=\"1530\" height=\"139\" srcset=\"https:\/\/blogsaverroes.juntadeandalucia.es\/ceperlapalma\/files\/2024\/05\/logo-subvenciones.jpg 1530w, https:\/\/blogsaverroes.juntadeandalucia.es\/ceperlapalma\/files\/2024\/05\/logo-subvenciones-1280x116.jpg 1280w, https:\/\/blogsaverroes.juntadeandalucia.es\/ceperlapalma\/files\/2024\/05\/logo-subvenciones-980x89.jpg 980w, https:\/\/blogsaverroes.juntadeandalucia.es\/ceperlapalma\/files\/2024\/05\/logo-subvenciones-480x44.jpg 480w\" sizes=\"(min-width: 0px) and (max-width: 480px) 480px, (min-width: 481px) and (max-width: 980px) 980px, (min-width: 981px) and (max-width: 1280px) 1280px, (min-width: 1281px) 1530px, 100vw\" \/><\/h3>\n<h3>Beneficios de una ciudadan\u00eda digital<\/h3>\n<ul>\n<li>La rapidez de los tr\u00e1mites burocr\u00e1ticos, llevados a cabo sin salir de casa.<\/li>\n<li>El f\u00e1cil acceso al aprendizaje a trav\u00e9s de la educaci\u00f3n a distancia.<\/li>\n<li>La contribuci\u00f3n a la conservaci\u00f3n del medioambiente, disminuyendo el consumo de papel y el uso del transporte.<\/li>\n<li>La sencillez y comodidad de las compras online.<\/li>\n<li>La mejora de la empleabilidad.<\/li>\n<\/ul>\n<h3 style=\"text-align: center\">Si quieres mejorar tu relaci\u00f3n con los entornos digitales,<br \/>\u00a1ahora tienes la oportunidad!<\/h3>\n<p>&nbsp;<\/p>\n<h3>CURSOS DE CAPACITACI\u00d3N DIGITAL<\/h3>\n<p>30 Horas que se impartir\u00e1n a partir de septiembre de 2023, en los Centros y Secciones de Educaci\u00f3n Permanente (CEPER \/ SEPER) de tu provincia pertenecientes a la Red de Centros de Capacitaci\u00f3n Digital.<\/p>\n<h3>\u00bfQui\u00e9n puede acceder?<\/h3>\n<p>Abierto a toda la poblaci\u00f3n adulta andaluza.<\/p>\n<h3>\u00bfQu\u00e9 voy a aprender?<\/h3>\n<ul>\n<li>A configurar un equipo inform\u00e1tico, aplicaciones y sus perif\u00e9ricos, etc.<\/li>\n<li>A gestionar herramientas de comunicaci\u00f3n como el correo electr\u00f3nico, videollamadas, redes sociales, compartir contenidos, etc.<\/li>\n<li>A instalar un certificado digital y las ventajas de su uso: Solicitar cita m\u00e9dica o prestaciones, gestionar impuestos, relaciones con la Administraci\u00f3n de forma telem\u00e1tica, etc.<\/li>\n<li>A proteger un equipo: Instalar antivirus, limitar accesos, proteger la privacidad y otras acciones similares.<\/li>\n<\/ul>\n<h3>\u00bfEl curso me costar\u00e1 algo?<\/h3>\n<p>El curso es totalmente gratuito.<\/p>\n<h3>Si lo realizo con aprovechamiento, \u00bfme dar\u00e1n alguna certificaci\u00f3n?<\/h3>\n<p>Adem\u00e1s del certificado de estudios cursados que emitir\u00e1 el centro donde realices el curso, podr\u00e1s acceder al programa ACREDITA de la Consejer\u00eda de Desarrollo Educativo y Formaci\u00f3n Profesional y obtener una acreditaci\u00f3n oficial de la competencia profesional adquirida.<\/p>\n<p>[\/et_pb_text][\/et_pb_column][et_pb_column type=&#8221;2_5&#8243; _builder_version=&#8221;4.16&#8243; _module_preset=&#8221;default&#8221; global_colors_info=&#8221;{}&#8221;][et_pb_sidebar _builder_version=&#8221;4.16&#8243; _module_preset=&#8221;default&#8221; global_colors_info=&#8221;{}&#8221;][\/et_pb_sidebar][et_pb_text _builder_version=&#8221;4.16&#8243; _module_preset=&#8221;default&#8221; global_colors_info=&#8221;{}&#8221;]<\/p>\n<h2>\u00daltimas actividades relacionadas<\/h2>\n<p>[\/et_pb_text][et_pb_blog fullwidth=&#8221;off&#8221; posts_number=&#8221;5&#8243; include_categories=&#8221;15&#8243; show_author=&#8221;off&#8221; show_date=&#8221;off&#8221; show_categories=&#8221;off&#8221; _builder_version=&#8221;4.24.2&#8243; _module_preset=&#8221;default&#8221; global_colors_info=&#8221;{}&#8221;][\/et_pb_blog][\/et_pb_column][\/et_pb_row][\/et_pb_section]<\/p>\n","protected":false},"excerpt":{"rendered":"<p>Beneficios de una ciudadan\u00eda digital La rapidez de los tr\u00e1mites burocr\u00e1ticos, llevados a cabo sin salir de casa. El f\u00e1cil acceso al aprendizaje a trav\u00e9s de la educaci\u00f3n a distancia. La contribuci\u00f3n a la conservaci\u00f3n del medioambiente, disminuyendo el consumo de papel y el uso del transporte. La sencillez y comodidad de las compras online. [&hellip;]<\/p>\n","protected":false},"author":3477,"featured_media":0,"parent":0,"menu_order":0,"comment_status":"closed","ping_status":"closed","template":"","meta":{"_et_pb_use_builder":"on","_et_pb_old_content":"","_et_gb_content_width":"","ngg_post_thumbnail":0,"footnotes":""},"aioseo_notices":[],"_links":{"self":[{"href":"https:\/\/blogsaverroes.juntadeandalucia.es\/ceperlapalma\/wp-json\/wp\/v2\/pages\/2210"}],"collection":[{"href":"https:\/\/blogsaverroes.juntadeandalucia.es\/ceperlapalma\/wp-json\/wp\/v2\/pages"}],"about":[{"href":"https:\/\/blogsaverroes.juntadeandalucia.es\/ceperlapalma\/wp-json\/wp\/v2\/types\/page"}],"author":[{"embeddable":true,"href":"https:\/\/blogsaverroes.juntadeandalucia.es\/ceperlapalma\/wp-json\/wp\/v2\/users\/3477"}],"replies":[{"embeddable":true,"href":"https:\/\/blogsaverroes.juntadeandalucia.es\/ceperlapalma\/wp-json\/wp\/v2\/comments?post=2210"}],"version-history":[{"count":6,"href":"https:\/\/blogsaverroes.juntadeandalucia.es\/ceperlapalma\/wp-json\/wp\/v2\/pages\/2210\/revisions"}],"predecessor-version":[{"id":2225,"href":"https:\/\/blogsaverroes.juntadeandalucia.es\/ceperlapalma\/wp-json\/wp\/v2\/pages\/2210\/revisions\/2225"}],"wp:attachment":[{"href":"https:\/\/blogsaverroes.juntadeandalucia.es\/ceperlapalma\/wp-json\/wp\/v2\/media?parent=2210"}],"curies":[{"name":"wp","href":"https:\/\/api.w.org\/{rel}","templated":true}]}}