{"id":792,"date":"2021-11-17T12:29:37","date_gmt":"2021-11-17T11:29:37","guid":{"rendered":"https:\/\/blogsaverroes.juntadeandalucia.es\/ceperlapalma\/?page_id=792"},"modified":"2021-12-20T14:09:25","modified_gmt":"2021-12-20T13:09:25","slug":"proyecto-aldea","status":"publish","type":"page","link":"https:\/\/blogsaverroes.juntadeandalucia.es\/ceperlapalma\/proyectos\/proyecto-aldea\/","title":{"rendered":"Proyecto Aldea"},"content":{"rendered":"<p>[et_pb_section fb_built=&#8221;1&#8243; _builder_version=&#8221;3.23.3&#8243; custom_padding=&#8221;0px||0px|&#8221; z_index_tablet=&#8221;500&#8243; box_shadow_horizontal_tablet=&#8221;0px&#8221; box_shadow_vertical_tablet=&#8221;0px&#8221; box_shadow_blur_tablet=&#8221;40px&#8221; box_shadow_spread_tablet=&#8221;0px&#8221;][et_pb_row _builder_version=&#8221;3.25&#8243; background_size=&#8221;initial&#8221; background_position=&#8221;top_left&#8221; background_repeat=&#8221;repeat&#8221;][et_pb_column type=&#8221;4_4&#8243; _builder_version=&#8221;3.0.47&#8243; custom_padding=&#8221;|||&#8221; custom_padding__hover=&#8221;|||&#8221;][et_pb_image src=&#8221;https:\/\/blogsaverroes.juntadeandalucia.es\/ceperlapalma\/files\/2021\/11\/banner-int-c.jpg&#8221; title_text=&#8221;banner-int-c&#8221; admin_label=&#8221;Imagen de la portada&#8221; _builder_version=&#8221;4.5.0&#8243; vertical_offset_tablet=&#8221;0&#8243; horizontal_offset_tablet=&#8221;0&#8243; z_index_tablet=&#8221;500&#8243; box_shadow_horizontal_tablet=&#8221;0px&#8221; box_shadow_vertical_tablet=&#8221;0px&#8221; box_shadow_blur_tablet=&#8221;40px&#8221; box_shadow_spread_tablet=&#8221;0px&#8221;][\/et_pb_image][\/et_pb_column][\/et_pb_row][et_pb_row column_structure=&#8221;3_5,2_5&#8243; _builder_version=&#8221;4.5.0&#8243; _module_preset=&#8221;default&#8221;][et_pb_column type=&#8221;3_5&#8243; _builder_version=&#8221;4.5.0&#8243; _module_preset=&#8221;default&#8221;][et_pb_text admin_label=&#8221;Texto descriptivo&#8221; _builder_version=&#8221;4.5.0&#8243; z_index_tablet=&#8221;500&#8243; text_text_shadow_horizontal_length_tablet=&#8221;0px&#8221; text_text_shadow_vertical_length_tablet=&#8221;0px&#8221; text_text_shadow_blur_strength_tablet=&#8221;1px&#8221; link_text_shadow_horizontal_length_tablet=&#8221;0px&#8221; link_text_shadow_vertical_length_tablet=&#8221;0px&#8221; link_text_shadow_blur_strength_tablet=&#8221;1px&#8221; ul_text_shadow_horizontal_length_tablet=&#8221;0px&#8221; ul_text_shadow_vertical_length_tablet=&#8221;0px&#8221; ul_text_shadow_blur_strength_tablet=&#8221;1px&#8221; ol_text_shadow_horizontal_length_tablet=&#8221;0px&#8221; ol_text_shadow_vertical_length_tablet=&#8221;0px&#8221; ol_text_shadow_blur_strength_tablet=&#8221;1px&#8221; quote_text_shadow_horizontal_length_tablet=&#8221;0px&#8221; quote_text_shadow_vertical_length_tablet=&#8221;0px&#8221; quote_text_shadow_blur_strength_tablet=&#8221;1px&#8221; header_text_shadow_horizontal_length_tablet=&#8221;0px&#8221; header_text_shadow_vertical_length_tablet=&#8221;0px&#8221; header_text_shadow_blur_strength_tablet=&#8221;1px&#8221; header_2_text_shadow_horizontal_length_tablet=&#8221;0px&#8221; header_2_text_shadow_vertical_length_tablet=&#8221;0px&#8221; header_2_text_shadow_blur_strength_tablet=&#8221;1px&#8221; header_3_text_shadow_horizontal_length_tablet=&#8221;0px&#8221; header_3_text_shadow_vertical_length_tablet=&#8221;0px&#8221; header_3_text_shadow_blur_strength_tablet=&#8221;1px&#8221; header_4_text_shadow_horizontal_length_tablet=&#8221;0px&#8221; header_4_text_shadow_vertical_length_tablet=&#8221;0px&#8221; header_4_text_shadow_blur_strength_tablet=&#8221;1px&#8221; header_5_text_shadow_horizontal_length_tablet=&#8221;0px&#8221; header_5_text_shadow_vertical_length_tablet=&#8221;0px&#8221; header_5_text_shadow_blur_strength_tablet=&#8221;1px&#8221; header_6_text_shadow_horizontal_length_tablet=&#8221;0px&#8221; header_6_text_shadow_vertical_length_tablet=&#8221;0px&#8221; header_6_text_shadow_blur_strength_tablet=&#8221;1px&#8221; box_shadow_horizontal_tablet=&#8221;0px&#8221; box_shadow_vertical_tablet=&#8221;0px&#8221; box_shadow_blur_tablet=&#8221;40px&#8221; box_shadow_spread_tablet=&#8221;0px&#8221;]<\/p>\n<p><img loading=\"lazy\" decoding=\"async\" class=\"wp-image-817 size-full aligncenter\" src=\"https:\/\/blogsaverroes.juntadeandalucia.es\/ceperlapalma\/files\/2021\/11\/aldea.png\" alt=\"Proyecto Aldea C.E.PER La Palma\" width=\"275\" height=\"183\"><\/p>\n<p>&nbsp;Aldea, Educaci\u00f3n Ambiental para la Comunidad Educativa se configura como una herramienta para favorecer el desarrollo de las competencias clave del alumnado, el intercambio de experiencias educativas, el trabajo en equipo, la creaci\u00f3n de redes profesionales, el trabajo por proyectos u otras metodolog\u00edas activas e innovadoras que propicien, en definitiva, un cambio en conductas ambientales con nuestro entorno y que incida en la pr\u00e1ctica educativa diaria.<\/p>\n<p>El Programa Educativo Aldea, Educaci\u00f3n Ambiental para la Comunidad Educativa se estructura en cuatro l\u00edneas de intervenci\u00f3n, incorporando diversos proyectos y actuaciones.<\/p>\n<h3>Proyecto Ecohuerto<\/h3>\n<p>El huerto escolar constituye un recurso educativo de primer orden para reforzar contenidos curriculares y para transmitir al alumnado la importancia de las t\u00e9cnicas productivas con la alimentaci\u00f3n, en relaci\u00f3n con los ciclos naturales y el respeto al medio ambiente. Sembrar y plantar verduras, hortalizas y \u00e1rboles frutales tiene valor en s\u00ed mismo y ayuda a comprender la multitud de ritmos que dominan la naturaleza, la dependencia que el ser humano tiene de ella y la asincron\u00eda, cada vez m\u00e1s pronunciada, que existe entre ambos.&nbsp;<\/p>\n<h3>Recapacicla, Educaci\u00f3n para la Circularidad<\/h3>\n<p>En cuanto a la l\u00ednea de intervenci\u00f3n \u201cRecapacicla, Educaci\u00f3n para la Circularidad\u201d, se pretende impulsar la sensibilizaci\u00f3n ecol\u00f3gica y la transmisi\u00f3n de actitudes de reutilizaci\u00f3n, reciclaje y la sensibilizaci\u00f3n en materia de residuos a toda la comunidad educativa. Es imprescindible asumir que separando los residuos de manera correcta y facilitando su reciclaje se est\u00e1 ayudando directamente a la mejora del medio ambiente a corto y a largo plazo. Aunque se est\u00e1n consiguiendo avances importantes en cuanto a la reutilizaci\u00f3n y reciclado de determinados residuos, la tasa de deposici\u00f3n de residuos en vertedero sigue siendo elevada, por lo que es necesario educar, al tiempo que posibilitar, en la valoraci\u00f3n de los residuos.<\/p>\n<p>&nbsp;El modelo de econom\u00eda circular al contrario de la econom\u00eda linear, hace un uso limitado de las materias primas y lleva la producci\u00f3n de residuos al m\u00ednimo. En este modelo la reutilizaci\u00f3n de productos y materias juegan un papel fundamental.<\/p>\n<p>[\/et_pb_text][et_pb_gallery gallery_ids=&#8221;795,801,798,796,799,797,804,800,806,803,802,807,808,805&#8243; posts_number=&#8221;8&#8243; show_title_and_caption=&#8221;off&#8221; _builder_version=&#8221;4.5.0&#8243; _module_preset=&#8221;default&#8221;][\/et_pb_gallery][\/et_pb_column][et_pb_column type=&#8221;2_5&#8243; _builder_version=&#8221;4.5.0&#8243; _module_preset=&#8221;default&#8221;][et_pb_sidebar _builder_version=&#8221;4.5.0&#8243; _module_preset=&#8221;default&#8221;][\/et_pb_sidebar][et_pb_text _builder_version=&#8221;4.5.0&#8243; _module_preset=&#8221;default&#8221;]<\/p>\n<h2>\u00daltimas actividades relacionadas<\/h2>\n<p>[\/et_pb_text][et_pb_blog fullwidth=&#8221;off&#8221; include_categories=&#8221;9&#8243; show_author=&#8221;off&#8221; show_date=&#8221;off&#8221; show_categories=&#8221;off&#8221; _builder_version=&#8221;4.5.0&#8243; _module_preset=&#8221;default&#8221; hover_enabled=&#8221;0&#8243;][\/et_pb_blog][\/et_pb_column][\/et_pb_row][\/et_pb_section]<\/p>\n","protected":false},"excerpt":{"rendered":"<p>&nbsp;Aldea, Educaci\u00f3n Ambiental para la Comunidad Educativa se configura como una herramienta para favorecer el desarrollo de las competencias clave del alumnado, el intercambio de experiencias educativas, el trabajo en equipo, la creaci\u00f3n de redes profesionales, el trabajo por proyectos u otras metodolog\u00edas activas e innovadoras que propicien, en definitiva, un cambio en conductas ambientales [&hellip;]<\/p>\n","protected":false},"author":3477,"featured_media":0,"parent":699,"menu_order":0,"comment_status":"closed","ping_status":"closed","template":"","meta":{"_et_pb_use_builder":"on","_et_pb_old_content":"","_et_gb_content_width":"","ngg_post_thumbnail":0,"footnotes":""},"aioseo_notices":[],"_links":{"self":[{"href":"https:\/\/blogsaverroes.juntadeandalucia.es\/ceperlapalma\/wp-json\/wp\/v2\/pages\/792"}],"collection":[{"href":"https:\/\/blogsaverroes.juntadeandalucia.es\/ceperlapalma\/wp-json\/wp\/v2\/pages"}],"about":[{"href":"https:\/\/blogsaverroes.juntadeandalucia.es\/ceperlapalma\/wp-json\/wp\/v2\/types\/page"}],"author":[{"embeddable":true,"href":"https:\/\/blogsaverroes.juntadeandalucia.es\/ceperlapalma\/wp-json\/wp\/v2\/users\/3477"}],"replies":[{"embeddable":true,"href":"https:\/\/blogsaverroes.juntadeandalucia.es\/ceperlapalma\/wp-json\/wp\/v2\/comments?post=792"}],"version-history":[{"count":9,"href":"https:\/\/blogsaverroes.juntadeandalucia.es\/ceperlapalma\/wp-json\/wp\/v2\/pages\/792\/revisions"}],"predecessor-version":[{"id":1381,"href":"https:\/\/blogsaverroes.juntadeandalucia.es\/ceperlapalma\/wp-json\/wp\/v2\/pages\/792\/revisions\/1381"}],"up":[{"embeddable":true,"href":"https:\/\/blogsaverroes.juntadeandalucia.es\/ceperlapalma\/wp-json\/wp\/v2\/pages\/699"}],"wp:attachment":[{"href":"https:\/\/blogsaverroes.juntadeandalucia.es\/ceperlapalma\/wp-json\/wp\/v2\/media?parent=792"}],"curies":[{"name":"wp","href":"https:\/\/api.w.org\/{rel}","templated":true}]}}