{"id":849,"date":"2021-11-17T13:21:37","date_gmt":"2021-11-17T12:21:37","guid":{"rendered":"https:\/\/blogsaverroes.juntadeandalucia.es\/ceperlapalma\/?page_id=849"},"modified":"2024-05-17T09:50:19","modified_gmt":"2024-05-17T07:50:19","slug":"escuela-espacio-de-paz","status":"publish","type":"page","link":"https:\/\/blogsaverroes.juntadeandalucia.es\/ceperlapalma\/proyectos\/escuela-espacio-de-paz\/","title":{"rendered":"Escuela Espacio de Paz"},"content":{"rendered":"<p>[et_pb_section fb_built=&#8221;1&#8243; _builder_version=&#8221;4.16&#8243; custom_padding=&#8221;0px||0px|&#8221; z_index_tablet=&#8221;500&#8243; box_shadow_horizontal_tablet=&#8221;0px&#8221; box_shadow_vertical_tablet=&#8221;0px&#8221; box_shadow_blur_tablet=&#8221;40px&#8221; box_shadow_spread_tablet=&#8221;0px&#8221; global_colors_info=&#8221;{}&#8221;][et_pb_row _builder_version=&#8221;4.16&#8243; background_size=&#8221;initial&#8221; background_position=&#8221;top_left&#8221; background_repeat=&#8221;repeat&#8221; global_colors_info=&#8221;{}&#8221;][et_pb_column type=&#8221;4_4&#8243; _builder_version=&#8221;4.16&#8243; custom_padding=&#8221;|||&#8221; global_colors_info=&#8221;{}&#8221; custom_padding__hover=&#8221;|||&#8221;][et_pb_image src=&#8221;https:\/\/blogsaverroes.juntadeandalucia.es\/ceperlapalma\/files\/2021\/11\/banner-int-c.jpg&#8221; title_text=&#8221;banner-int-c&#8221; admin_label=&#8221;Imagen de la portada&#8221; _builder_version=&#8221;4.16&#8243; vertical_offset_tablet=&#8221;0&#8243; horizontal_offset_tablet=&#8221;0&#8243; z_index_tablet=&#8221;500&#8243; box_shadow_horizontal_tablet=&#8221;0px&#8221; box_shadow_vertical_tablet=&#8221;0px&#8221; box_shadow_blur_tablet=&#8221;40px&#8221; box_shadow_spread_tablet=&#8221;0px&#8221; global_colors_info=&#8221;{}&#8221;][\/et_pb_image][\/et_pb_column][\/et_pb_row][et_pb_row column_structure=&#8221;3_5,2_5&#8243; _builder_version=&#8221;4.16&#8243; _module_preset=&#8221;default&#8221; global_colors_info=&#8221;{}&#8221;][et_pb_column type=&#8221;3_5&#8243; _builder_version=&#8221;4.16&#8243; _module_preset=&#8221;default&#8221; global_colors_info=&#8221;{}&#8221;][et_pb_text admin_label=&#8221;Texto descriptivo&#8221; _builder_version=&#8221;4.24.2&#8243; hover_enabled=&#8221;0&#8243; z_index_tablet=&#8221;500&#8243; text_text_shadow_horizontal_length_tablet=&#8221;0px&#8221; text_text_shadow_vertical_length_tablet=&#8221;0px&#8221; text_text_shadow_blur_strength_tablet=&#8221;1px&#8221; link_text_shadow_horizontal_length_tablet=&#8221;0px&#8221; link_text_shadow_vertical_length_tablet=&#8221;0px&#8221; link_text_shadow_blur_strength_tablet=&#8221;1px&#8221; ul_text_shadow_horizontal_length_tablet=&#8221;0px&#8221; ul_text_shadow_vertical_length_tablet=&#8221;0px&#8221; ul_text_shadow_blur_strength_tablet=&#8221;1px&#8221; ol_text_shadow_horizontal_length_tablet=&#8221;0px&#8221; ol_text_shadow_vertical_length_tablet=&#8221;0px&#8221; ol_text_shadow_blur_strength_tablet=&#8221;1px&#8221; quote_text_shadow_horizontal_length_tablet=&#8221;0px&#8221; quote_text_shadow_vertical_length_tablet=&#8221;0px&#8221; quote_text_shadow_blur_strength_tablet=&#8221;1px&#8221; header_text_shadow_horizontal_length_tablet=&#8221;0px&#8221; header_text_shadow_vertical_length_tablet=&#8221;0px&#8221; header_text_shadow_blur_strength_tablet=&#8221;1px&#8221; header_2_text_shadow_horizontal_length_tablet=&#8221;0px&#8221; header_2_text_shadow_vertical_length_tablet=&#8221;0px&#8221; header_2_text_shadow_blur_strength_tablet=&#8221;1px&#8221; header_3_text_shadow_horizontal_length_tablet=&#8221;0px&#8221; header_3_text_shadow_vertical_length_tablet=&#8221;0px&#8221; header_3_text_shadow_blur_strength_tablet=&#8221;1px&#8221; header_4_text_shadow_horizontal_length_tablet=&#8221;0px&#8221; header_4_text_shadow_vertical_length_tablet=&#8221;0px&#8221; header_4_text_shadow_blur_strength_tablet=&#8221;1px&#8221; header_5_text_shadow_horizontal_length_tablet=&#8221;0px&#8221; header_5_text_shadow_vertical_length_tablet=&#8221;0px&#8221; header_5_text_shadow_blur_strength_tablet=&#8221;1px&#8221; header_6_text_shadow_horizontal_length_tablet=&#8221;0px&#8221; header_6_text_shadow_vertical_length_tablet=&#8221;0px&#8221; header_6_text_shadow_blur_strength_tablet=&#8221;1px&#8221; box_shadow_horizontal_tablet=&#8221;0px&#8221; box_shadow_vertical_tablet=&#8221;0px&#8221; box_shadow_blur_tablet=&#8221;40px&#8221; box_shadow_spread_tablet=&#8221;0px&#8221; global_colors_info=&#8221;{}&#8221; sticky_enabled=&#8221;0&#8243;]<\/p>\n<p><img loading=\"lazy\" decoding=\"async\" class=\"wp-image-854 size-full aligncenter\" src=\"https:\/\/blogsaverroes.juntadeandalucia.es\/ceperlapalma\/files\/2021\/11\/PAZ.jpg\" alt=\"Escuela Espacio de Paz Intercentros \" width=\"265\" height=\"190\"><\/p>\n<p>La Red Andaluza \u00abEscuela: Espacio de Paz\u00bb es una red de centros interesados en compartir iniciativas, recursos y experiencias para la mejora de la convivencia escolar y la difusi\u00f3n de la Cultura de Paz, contrayendo un compromiso de profundizaci\u00f3n en aspectos concretos de su Plan de Convivencia. La normativa que regula el funcionamiento de la Red pone el acento en la cultura de la evaluaci\u00f3n, en la necesidad de visibilizar las buenas pr\u00e1cticas desarrolladas en los centros y en la voluntad de trabajar en red compartiendo propuestas, estrategias y recursos con toda la comunidad educativa.<\/p>\n<p>Adquirimos el compromiso de continuar trabajando la Educaci\u00f3n en Valores (E. en V.) en la Educaci\u00f3n Permanente. La experiencia nos aconseja que la E. en V. se trabaje en la Educaci\u00f3n de Personas Adultas como una parte importante, al igual que lo es tambi\u00e9n en otros niveles educativos.&nbsp;<\/p>\n<p>Uno de los aspectos que consideramos importante es animar la participaci\u00f3n de los diferentes protagonistas en la Formaci\u00f3n Permanente. Nuestra meta, el trabajo cooperativo y en equipo, a\u00fan a sabiendas de la dificultad que supone la coordinaci\u00f3n estando en diferentes barrios de la ciudad y con horarios que dificultan el encuentro en los que quepan el debate, la reflexi\u00f3n y la planificaci\u00f3n necesarias para el desarrollo del mismo. Esto lo consideramos un reto m\u00e1s que merece la pena.<\/p>\n<p>Entendemos que el proyecto es transversal a buena parte de las actividades que desarrolla el curriculum, desde la realidad personal, grupal hasta la social, como personas pertenecientes a una comunidad.&nbsp;<\/p>\n<p>Los retos a los que diariamente se enfrentan las personas que asisten a los Centros de Educaci\u00f3n Permanente propician la necesidad e incluso la urgencia de proponer el trabajo con instrumentos que favorezcan la reflexi\u00f3n, el empoderamiento, la autoconfianza, el apoyo mutuo, el respeto, la solidaridad, el trabajo cooperativo, en definitiva, todo aquello que conforma una educaci\u00f3n en valores, hoy cada vez m\u00e1s necesaria.<\/p>\n<h2>OBJETIVOS GENERALES:<\/h2>\n<ol>\n<li>Conocer y potenciar en la pr\u00e1ctica educativa los derechos humanos, favoreciendo una actitud cr\u00edtica, solidaria y comprometida.&lt;<\/li>\n<li>Favorecer el desarrollo de las propias capacidades y habilidades personales: el autoconocimiento, la reflexi\u00f3n personal y en grupo, la autoestima, estrategias de comunicaci\u00f3n, el respeto, la cooperaci\u00f3n, el trabajo en equipo, el bien com\u00fan.&nbsp;<\/li>\n<li>Propiciar el aprendizaje dentro de un clima democr\u00e1tico potenciando el respeto a las ideas y el di\u00e1logo.<\/li>\n<li>Sensibilizar a nuestro alumnado de los principales problemas medioambientales que afectan a nuestra vida en la Tierra y favorecer una actitud activa en&nbsp; el cuidado ambiental.<\/li>\n<li>Favorecer la adquisici\u00f3n de una actitud positiva y activa ante los principales retos que supone el cuidado de la naturaleza.<\/li>\n<li>Reivindicar el valor del conocimiento en la defensa de los derechos humanos.<\/li>\n<li>Reconocer el valor del trabajo asociativo para resolver problemas y trabajar por una sociedad m\u00e1s justa y democr\u00e1tica.<\/li>\n<li>Favorecer la convivencia, sin exclusiones, en el camino hacia una sociedad intercultural, basada en relaciones igualitarias de hombres, mujeres.&nbsp;<\/li>\n<li>Considerar que la acci\u00f3n local incide en lo global y viceversa, como posibilidad de ser una ciudadan\u00eda activa.&nbsp;<\/li>\n<li>&nbsp;Facilitar herramientas para una lectura activa y cr\u00edtica de la realidad que permita, en consonancia con el anterior objetivo, trabajar para transformar la realidad.<\/li>\n<\/ol>\n<h2>ACTIVIDADES<\/h2>\n<p><b>Nivel de Centro<\/b>, donde trabajaremos los valores que conducen a la consecuci\u00f3n de los objetivos propuestos. Se pretender\u00e1 que en cada grupo tutorizado por el profesorado participante se trabajen los valores expuestos mediante din\u00e1micas de grupo que fomenten la comunicaci\u00f3n, la participaci\u00f3n y la cooperaci\u00f3n.<\/p>\n<p>Abarcan los siguientes \u00e1mbitos:<\/p>\n<ul>\n<li><b>Personal<\/b>: Experimentaci\u00f3n o vivencia &#8211; Reflexi\u00f3n &#8211; Autoconocimiento, Comunicaci\u00f3n &#8211; Adquisici\u00f3n de nuevos valores \u2013 Reacomodaci\u00f3n.<\/li>\n<li><b>Grupal<\/b>: Trabajar las habilidades sociales, la resoluci\u00f3n de conflictos a trav\u00e9s de la negociaci\u00f3n, el respeto a las diferencias y el di\u00e1logo.<\/li>\n<li><b>Comunitario-social<\/b>: Surgen de la colaboraci\u00f3n y el trabajo conjunto con otras organizaciones e instituciones (ONGs, \u00c1rea de Medio-ambiente, Ateneo de M\u00e1laga, Jard\u00edn Bot\u00e1nico-Hist\u00f3rico de la Concepci\u00f3n, ASPA, Asociaci\u00f3n Dar er Salam etc., Bibliotecas Municipales, Escuela de Verdiales del Pto. de la Torre, \u00c1rea de Igualdad del Ayuntamiento, IES Y CEIPS de los diferentes barrios donde se ubican las secciones, CAC, Asociaci\u00f3n de Amigos del Pueblo Saharaui de M\u00e1laga, Asociaci\u00f3n Palmira de apoyo a los afectados por la guerra en Siria, Veterinarios Sin Fronteras, y otros.<\/li>\n<\/ul>\n<p>&nbsp;<\/p>\n<h3><b>4.1 ACTIVIDADES INTER-CENTROS<\/b><\/h3>\n<h4><b>PRIMER TRIMESTRE:&nbsp; REENCUENTRO EN IGUALDAD<\/b><\/h4>\n<p><b>ACTIVIDAD:<\/b> <b>D\u00cdA INTERNACIONAL CONTRA LA VIOLENCIA DE G\u00c9NERO<\/b><\/p>\n<p>Aprovechando el d\u00eda Internacional contra la Violencia de G\u00e9nero (25 de noviembre), asistencia al acto de apertura de la celebraci\u00f3n de tal efem\u00e9ride, siendo una actividad programada por el \u00e1rea de igualdad de los diferentes distritos<\/p>\n<p><b>OBJETIVO: <\/b>Promover la adquisici\u00f3n por el alumnado de los valores en los que se sustenta la convivencia democr\u00e1tica, la participaci\u00f3n, la no violencia y la igualdad entre hombres y mujeres.<\/p>\n<p><b>LUGAR:<\/b> Teatro Cervantes<\/p>\n<p><b>FECHA:<\/b>&nbsp; 3 de noviembre.&nbsp;<\/p>\n<h4><b>SEGUNDO TRIMESTRE: CONOCER PARA COMPRENDER<\/b><b>. INTERCULTURALIDAD<\/b><\/h4>\n<p><b>ACTIVIDAD:<\/b> <b>D\u00eda Internacional de la NO VIOLENCIA Y LA PAZ<\/b>. Acto para dar visibilidad y manifiesto al trabajo que realizan algunas de las distintas ONGs de la provincia.<\/p>\n<p><b>OBJETIVOS:&nbsp;<\/b><\/p>\n<p>&#8211; Conocer y potenciar en la pr\u00e1ctica educativa los derechos humanos, favoreciendo una actitud cr\u00edtica, solidaria y comprometida.<\/p>\n<p>-Propiciar la mayor participaci\u00f3n posible de alumnado de distintos grupos.<\/p>\n<p>-Favorecer la reflexi\u00f3n sobre los valores a trabajar en clase durante el trimestre.<\/p>\n<p>-Acercar los valores expuestos a la realidad del p\u00fablico asistente.<\/p>\n<p><b>LUGAR:<\/b> Plaza de la Merced.<\/p>\n<p><b>FECHA:<\/b> 28 de enero.<\/p>\n<p><b>ACTIVIDAD: CARAVANA POR LA PAZ. SOLIDARIDAD CON L@S REFUGIAD@S SAHARAUIS.<\/b><\/p>\n<p>Colaboramos con la Asociaci\u00f3n de Amistad con el pueblo saharaui en la recogida de alimentos para los campos de refugiados de Tindouf. En los grupos se presentar\u00e1 la documentaci\u00f3n apropiada para comprender la realidad de este pueblo refugiado y fomentar el an\u00e1lisis de esa realidad, la reflexi\u00f3n cr\u00edtica y la acci\u00f3n solidaria.<\/p>\n<h3><b>TERCER TRIMESTRE <\/b><b>CUIDO LA TIERRA. CUIDO LA VIDA<\/b><\/h3>\n<p><b>ACTIVIDAD: ENCUENTRO FINAL INTERCENTROS&nbsp;<\/b><\/p>\n<p>Con motivo del D\u00eda Internacional del Medio Ambiente (5 de junio), solicitaremos el jard\u00edn Bot\u00e1nico para la realizaci\u00f3n de una actividad medioambiental\/musical, en caso de no poder obtener este lugar se solicitar\u00e1 los jardines del Parque de M\u00e1laga Bienvenida. Recorrido por el entorno Exposici\u00f3n de cada secci\u00f3n de una actividad Concierto final.<\/p>\n<p><b>OBJETIVOS:<\/b><\/p>\n<p>-Sensibilizar a nuestro alumnado de los principales problemas medioambientales que afectan a nuestra vida en la Tierra y favorecer una actitud activa en el cuidado ambiental.<\/p>\n<p><span style=\"font-weight: 400\">-F<\/span><span style=\"font-weight: 400\">avorecer la reflexi\u00f3n sobre los momentos m\u00e1s destacados del curso.<\/span><\/p>\n<p><b>FECHA:<\/b><span style=\"font-weight: 400\"> junio<\/span><\/p>\n<p><b>LUGAR:<\/b><span style=\"font-weight: 400\"> Jard\u00edn Bot\u00e1nico-Hist\u00f3rico<\/span><\/p>\n<p><span style=\"font-weight: 400\">Si a la fecha de realizaci\u00f3n de dichas actividades no pudiese concretarse las mismas se modificar\u00e1n por algunas otras que puedan ser viables.&nbsp;<\/span><\/p>\n<p>[\/et_pb_text][\/et_pb_column][et_pb_column type=&#8221;2_5&#8243; _builder_version=&#8221;4.16&#8243; _module_preset=&#8221;default&#8221; global_colors_info=&#8221;{}&#8221;][et_pb_sidebar _builder_version=&#8221;4.16&#8243; _module_preset=&#8221;default&#8221; global_colors_info=&#8221;{}&#8221;][\/et_pb_sidebar][et_pb_text _builder_version=&#8221;4.16&#8243; _module_preset=&#8221;default&#8221; global_colors_info=&#8221;{}&#8221;]<\/p>\n<h2>\u00daltimas actividades relacionadas<\/h2>\n<p>[\/et_pb_text][et_pb_blog fullwidth=&#8221;off&#8221; include_categories=&#8221;11&#8243; show_author=&#8221;off&#8221; show_date=&#8221;off&#8221; show_categories=&#8221;off&#8221; _builder_version=&#8221;4.16&#8243; _module_preset=&#8221;default&#8221; global_colors_info=&#8221;{}&#8221;][\/et_pb_blog][\/et_pb_column][\/et_pb_row][\/et_pb_section]<\/p>\n","protected":false},"excerpt":{"rendered":"<p>La Red Andaluza \u00abEscuela: Espacio de Paz\u00bb es una red de centros interesados en compartir iniciativas, recursos y experiencias para la mejora de la convivencia escolar y la difusi\u00f3n de la Cultura de Paz, contrayendo un compromiso de profundizaci\u00f3n en aspectos concretos de su Plan de Convivencia. La normativa que regula el funcionamiento de la [&hellip;]<\/p>\n","protected":false},"author":3477,"featured_media":0,"parent":699,"menu_order":0,"comment_status":"closed","ping_status":"closed","template":"","meta":{"_et_pb_use_builder":"on","_et_pb_old_content":"","_et_gb_content_width":"","ngg_post_thumbnail":0,"footnotes":""},"aioseo_notices":[],"_links":{"self":[{"href":"https:\/\/blogsaverroes.juntadeandalucia.es\/ceperlapalma\/wp-json\/wp\/v2\/pages\/849"}],"collection":[{"href":"https:\/\/blogsaverroes.juntadeandalucia.es\/ceperlapalma\/wp-json\/wp\/v2\/pages"}],"about":[{"href":"https:\/\/blogsaverroes.juntadeandalucia.es\/ceperlapalma\/wp-json\/wp\/v2\/types\/page"}],"author":[{"embeddable":true,"href":"https:\/\/blogsaverroes.juntadeandalucia.es\/ceperlapalma\/wp-json\/wp\/v2\/users\/3477"}],"replies":[{"embeddable":true,"href":"https:\/\/blogsaverroes.juntadeandalucia.es\/ceperlapalma\/wp-json\/wp\/v2\/comments?post=849"}],"version-history":[{"count":6,"href":"https:\/\/blogsaverroes.juntadeandalucia.es\/ceperlapalma\/wp-json\/wp\/v2\/pages\/849\/revisions"}],"predecessor-version":[{"id":2178,"href":"https:\/\/blogsaverroes.juntadeandalucia.es\/ceperlapalma\/wp-json\/wp\/v2\/pages\/849\/revisions\/2178"}],"up":[{"embeddable":true,"href":"https:\/\/blogsaverroes.juntadeandalucia.es\/ceperlapalma\/wp-json\/wp\/v2\/pages\/699"}],"wp:attachment":[{"href":"https:\/\/blogsaverroes.juntadeandalucia.es\/ceperlapalma\/wp-json\/wp\/v2\/media?parent=849"}],"curies":[{"name":"wp","href":"https:\/\/api.w.org\/{rel}","templated":true}]}}