{"id":900,"date":"2021-11-17T14:02:38","date_gmt":"2021-11-17T13:02:38","guid":{"rendered":"https:\/\/blogsaverroes.juntadeandalucia.es\/ceperlapalma\/?page_id=900"},"modified":"2021-12-09T13:44:11","modified_gmt":"2021-12-09T12:44:11","slug":"transformacion-digital","status":"publish","type":"page","link":"https:\/\/blogsaverroes.juntadeandalucia.es\/ceperlapalma\/proyectos\/transformacion-digital\/","title":{"rendered":"Transformaci\u00f3n digital"},"content":{"rendered":"<p>[et_pb_section fb_built=&#8221;1&#8243; _builder_version=&#8221;3.23.3&#8243; custom_padding=&#8221;0px||0px|&#8221; z_index_tablet=&#8221;500&#8243; box_shadow_horizontal_tablet=&#8221;0px&#8221; box_shadow_vertical_tablet=&#8221;0px&#8221; box_shadow_blur_tablet=&#8221;40px&#8221; box_shadow_spread_tablet=&#8221;0px&#8221;][et_pb_row _builder_version=&#8221;3.25&#8243; background_size=&#8221;initial&#8221; background_position=&#8221;top_left&#8221; background_repeat=&#8221;repeat&#8221;][et_pb_column type=&#8221;4_4&#8243; _builder_version=&#8221;3.0.47&#8243; custom_padding=&#8221;|||&#8221; custom_padding__hover=&#8221;|||&#8221;][et_pb_image src=&#8221;https:\/\/blogsaverroes.juntadeandalucia.es\/ceperlapalma\/files\/2021\/11\/banner-int-c.jpg&#8221; title_text=&#8221;banner-int-c&#8221; admin_label=&#8221;Imagen de la portada&#8221; _builder_version=&#8221;4.5.0&#8243; vertical_offset_tablet=&#8221;0&#8243; horizontal_offset_tablet=&#8221;0&#8243; z_index_tablet=&#8221;500&#8243; box_shadow_horizontal_tablet=&#8221;0px&#8221; box_shadow_vertical_tablet=&#8221;0px&#8221; box_shadow_blur_tablet=&#8221;40px&#8221; box_shadow_spread_tablet=&#8221;0px&#8221;][\/et_pb_image][\/et_pb_column][\/et_pb_row][et_pb_row column_structure=&#8221;3_5,2_5&#8243; _builder_version=&#8221;4.5.0&#8243; _module_preset=&#8221;default&#8221;][et_pb_column type=&#8221;3_5&#8243; _builder_version=&#8221;4.5.0&#8243; _module_preset=&#8221;default&#8221;][et_pb_text admin_label=&#8221;Texto descriptivo&#8221; _builder_version=&#8221;4.5.0&#8243; hover_enabled=&#8221;0&#8243; z_index_tablet=&#8221;500&#8243; text_text_shadow_horizontal_length_tablet=&#8221;0px&#8221; text_text_shadow_vertical_length_tablet=&#8221;0px&#8221; text_text_shadow_blur_strength_tablet=&#8221;1px&#8221; link_text_shadow_horizontal_length_tablet=&#8221;0px&#8221; link_text_shadow_vertical_length_tablet=&#8221;0px&#8221; link_text_shadow_blur_strength_tablet=&#8221;1px&#8221; ul_text_shadow_horizontal_length_tablet=&#8221;0px&#8221; ul_text_shadow_vertical_length_tablet=&#8221;0px&#8221; ul_text_shadow_blur_strength_tablet=&#8221;1px&#8221; ol_text_shadow_horizontal_length_tablet=&#8221;0px&#8221; ol_text_shadow_vertical_length_tablet=&#8221;0px&#8221; ol_text_shadow_blur_strength_tablet=&#8221;1px&#8221; quote_text_shadow_horizontal_length_tablet=&#8221;0px&#8221; quote_text_shadow_vertical_length_tablet=&#8221;0px&#8221; quote_text_shadow_blur_strength_tablet=&#8221;1px&#8221; header_text_shadow_horizontal_length_tablet=&#8221;0px&#8221; header_text_shadow_vertical_length_tablet=&#8221;0px&#8221; header_text_shadow_blur_strength_tablet=&#8221;1px&#8221; header_2_text_shadow_horizontal_length_tablet=&#8221;0px&#8221; header_2_text_shadow_vertical_length_tablet=&#8221;0px&#8221; header_2_text_shadow_blur_strength_tablet=&#8221;1px&#8221; header_3_text_shadow_horizontal_length_tablet=&#8221;0px&#8221; header_3_text_shadow_vertical_length_tablet=&#8221;0px&#8221; header_3_text_shadow_blur_strength_tablet=&#8221;1px&#8221; header_4_text_shadow_horizontal_length_tablet=&#8221;0px&#8221; header_4_text_shadow_vertical_length_tablet=&#8221;0px&#8221; header_4_text_shadow_blur_strength_tablet=&#8221;1px&#8221; header_5_text_shadow_horizontal_length_tablet=&#8221;0px&#8221; header_5_text_shadow_vertical_length_tablet=&#8221;0px&#8221; header_5_text_shadow_blur_strength_tablet=&#8221;1px&#8221; header_6_text_shadow_horizontal_length_tablet=&#8221;0px&#8221; header_6_text_shadow_vertical_length_tablet=&#8221;0px&#8221; header_6_text_shadow_blur_strength_tablet=&#8221;1px&#8221; box_shadow_horizontal_tablet=&#8221;0px&#8221; box_shadow_vertical_tablet=&#8221;0px&#8221; box_shadow_blur_tablet=&#8221;40px&#8221; box_shadow_spread_tablet=&#8221;0px&#8221;]<\/p>\n<section class=\"cuerpo detalle_html\">\n<div class=\"inner_cuerpo\">\n<p><img loading=\"lazy\" decoding=\"async\" class=\"wp-image-906 size-full aligncenter\" src=\"https:\/\/blogsaverroes.juntadeandalucia.es\/ceperlapalma\/files\/2021\/11\/tde.png\" alt=\"Transformaci\u00f3n digital\" width=\"223\" height=\"226\"><\/p>\n<p>La transformaci\u00f3n digital educativa es una de las principales respuestas a los retos planteados actualmente, con repercusiones inmediatas en el \u00e1mbito escolar pero que lo trasciende, para facilitar la adquisici\u00f3n y desarrollo de competencias y habilidades a quienes formar\u00e1n la ciudadan\u00eda en un futuro inmediato.<\/p>\n<p>Este punto de partida implica adoptar nuevos planteamientos que mejoren los logros alcanzados con el Plan Escuela TIC 2.0 o el Programa para la digitalizaci\u00f3n de centros, #PRODIG,&nbsp; para avanzar hacia modelos m\u00e1s hol\u00edsticos y pr\u00f3ximos al entorno comunitario, tomando como referentes los Marcos Europeos para la Competencia Digital de centros educativos (DigCompOrg), del profesorado (DigCompEdu) y del alumnado y resto de sectores de la comunidad educativa (DigComp).<\/p>\n<p>Para ello se han puesto en marcha medidas que afectan a todos los centros que imparten ense\u00f1anzas no universitarias y de car\u00e1cter obligatorio, tales como el desarrollo de herramientas en S\u00e9neca para la autoevaluaci\u00f3n de los centros como organizaciones digitalmente competentes mediante la<strong>&nbsp;R\u00fabrica TDE<\/strong>&nbsp;(basada en el Marco DigCompOrg) y el formulario para obtener el&nbsp;<strong>Plan de Actuaci\u00f3n Digital (PAD)<\/strong>, del que a su vez se derivan el Plan de Formaci\u00f3n del Profesorado y el Plan de Contingencia. Asimismo est\u00e1 disponible el&nbsp;<strong>Test de Competencia Digital Docente<\/strong>, basado en el Marco DigCompEdu, que proporciona un Informe Individual y un Informe de Centro.<\/p>\n<p>A estas herramientas se suman actuaciones ya puestas en marcha de gran impacto, como el despliegue de la plataforma de Aula Virtual&nbsp;<strong>Moodle Centros<\/strong>&nbsp;con car\u00e1cter universal, el espacio web&nbsp;<strong>eAprendizaje<\/strong>, el servicio&nbsp;<strong>BlogsAverroes<\/strong>, que permite la creaci\u00f3n de blogs docentes y espacios de centros y la Plataforma MoocEdu que ofrece recursos para el desarrollo de la CD.<\/p>\n<p>La&nbsp;<strong>formaci\u00f3n del profesorado<\/strong>&nbsp;es un aspecto primordial en el proceso de transformaci\u00f3n digital educativa, que incluir\u00e1 a partir del&nbsp;&nbsp; curso 2020\/21 itinerarios formativos seg\u00fan el Marco DigCompEdu, haciendo hincapi\u00e9 en la modalidad de Formaci\u00f3n en Centro con caracter\u00edsticas h\u00edbridas (presencial y online) para facilitar su trasposici\u00f3n a este tipo de docencia, cada vez m\u00e1s importante, a la par que se incide en la importancia del Dise\u00f1o Universal para el Aprendizaje (DUA) y en el conocimiento y difusi\u00f3n de los Objetivos de Desarrollo Sostenible (ODS) desde una perspectiva de trabajo cooperativo en el que adquiera especial relevancia la competencia de&nbsp;<em>Aprender a aprender<\/em>.<\/p>\n<p>As\u00ed pues, mediante la&nbsp; #TDE se ponen las bases para el paso a una educaci\u00f3n m\u00e1s inclusiva y digital, acorde con las necesidades actuales y futuras, en la que son imprescindibles las voces de todas las personas que forman parte de la comunidad educativa y, de forma se\u00f1alada la del alumnado, protagonista de su propio aprendizaje.<\/p>\n<\/div>\n<\/section>\n<section class=\"section_widget_abaco enlaces links_relacionados_web\">\n<header><\/header>\n<\/section>\n<p>[\/et_pb_text][\/et_pb_column][et_pb_column type=&#8221;2_5&#8243; _builder_version=&#8221;4.5.0&#8243; _module_preset=&#8221;default&#8221;][et_pb_sidebar _builder_version=&#8221;4.5.0&#8243; _module_preset=&#8221;default&#8221;][\/et_pb_sidebar][et_pb_text _builder_version=&#8221;4.5.0&#8243; _module_preset=&#8221;default&#8221;]<\/p>\n<h2>\u00daltimas actividades relacionadas<\/h2>\n<p>[\/et_pb_text][et_pb_blog fullwidth=&#8221;off&#8221; include_categories=&#8221;7&#8243; show_author=&#8221;off&#8221; show_date=&#8221;off&#8221; show_categories=&#8221;off&#8221; _builder_version=&#8221;4.5.0&#8243; _module_preset=&#8221;default&#8221;][\/et_pb_blog][\/et_pb_column][\/et_pb_row][\/et_pb_section]<\/p>\n","protected":false},"excerpt":{"rendered":"<p>La transformaci\u00f3n digital educativa es una de las principales respuestas a los retos planteados actualmente, con repercusiones inmediatas en el \u00e1mbito escolar pero que lo trasciende, para facilitar la adquisici\u00f3n y desarrollo de competencias y habilidades a quienes formar\u00e1n la ciudadan\u00eda en un futuro inmediato. Este punto de partida implica adoptar nuevos planteamientos que mejoren [&hellip;]<\/p>\n","protected":false},"author":3477,"featured_media":0,"parent":699,"menu_order":0,"comment_status":"closed","ping_status":"closed","template":"","meta":{"_et_pb_use_builder":"on","_et_pb_old_content":"","_et_gb_content_width":"","ngg_post_thumbnail":0,"footnotes":""},"aioseo_notices":[],"_links":{"self":[{"href":"https:\/\/blogsaverroes.juntadeandalucia.es\/ceperlapalma\/wp-json\/wp\/v2\/pages\/900"}],"collection":[{"href":"https:\/\/blogsaverroes.juntadeandalucia.es\/ceperlapalma\/wp-json\/wp\/v2\/pages"}],"about":[{"href":"https:\/\/blogsaverroes.juntadeandalucia.es\/ceperlapalma\/wp-json\/wp\/v2\/types\/page"}],"author":[{"embeddable":true,"href":"https:\/\/blogsaverroes.juntadeandalucia.es\/ceperlapalma\/wp-json\/wp\/v2\/users\/3477"}],"replies":[{"embeddable":true,"href":"https:\/\/blogsaverroes.juntadeandalucia.es\/ceperlapalma\/wp-json\/wp\/v2\/comments?post=900"}],"version-history":[{"count":5,"href":"https:\/\/blogsaverroes.juntadeandalucia.es\/ceperlapalma\/wp-json\/wp\/v2\/pages\/900\/revisions"}],"predecessor-version":[{"id":1341,"href":"https:\/\/blogsaverroes.juntadeandalucia.es\/ceperlapalma\/wp-json\/wp\/v2\/pages\/900\/revisions\/1341"}],"up":[{"embeddable":true,"href":"https:\/\/blogsaverroes.juntadeandalucia.es\/ceperlapalma\/wp-json\/wp\/v2\/pages\/699"}],"wp:attachment":[{"href":"https:\/\/blogsaverroes.juntadeandalucia.es\/ceperlapalma\/wp-json\/wp\/v2\/media?parent=900"}],"curies":[{"name":"wp","href":"https:\/\/api.w.org\/{rel}","templated":true}]}}