{"id":393,"date":"2024-12-04T19:39:41","date_gmt":"2024-12-04T19:39:41","guid":{"rendered":"https:\/\/blogsaverroes.juntadeandalucia.es\/ceperlapastira\/?page_id=393"},"modified":"2024-12-18T19:53:05","modified_gmt":"2024-12-18T19:53:05","slug":"sep-ntra-sra-de-belen","status":"publish","type":"page","link":"https:\/\/blogsaverroes.juntadeandalucia.es\/ceperlapastira\/sep-ntra-sra-de-belen\/","title":{"rendered":"SEP NTRA. SRA. DE BEL\u00c9N"},"content":{"rendered":"<p>&nbsp; &nbsp; &nbsp; &nbsp; &nbsp; <img loading=\"lazy\" decoding=\"async\" class=\"alignnone wp-image-454\" src=\"https:\/\/blogsaverroes.juntadeandalucia.es\/ceperlapastira\/files\/2024\/12\/Noalejo.jpg\" alt=\"\" width=\"178\" height=\"133\">&nbsp; &nbsp; &nbsp; &nbsp; &nbsp; &nbsp;<img loading=\"lazy\" decoding=\"async\" class=\"alignnone wp-image-452\" src=\"https:\/\/blogsaverroes.juntadeandalucia.es\/ceperlapastira\/files\/2024\/12\/Escudo_de_Noalejo.svg_.png\" alt=\"\" width=\"101\" height=\"179\" srcset=\"https:\/\/blogsaverroes.juntadeandalucia.es\/ceperlapastira\/files\/2024\/12\/Escudo_de_Noalejo.svg_.png 300w, https:\/\/blogsaverroes.juntadeandalucia.es\/ceperlapastira\/files\/2024\/12\/Escudo_de_Noalejo.svg_-169x300.png 169w\" sizes=\"(max-width: 101px) 100vw, 101px\" \/>&nbsp; &nbsp; &nbsp; &nbsp; &nbsp; <img loading=\"lazy\" decoding=\"async\" class=\"alignnone wp-image-453\" src=\"https:\/\/blogsaverroes.juntadeandalucia.es\/ceperlapastira\/files\/2024\/12\/Hoya-Salobral.jpg\" alt=\"\" width=\"234\" height=\"123\" srcset=\"https:\/\/blogsaverroes.juntadeandalucia.es\/ceperlapastira\/files\/2024\/12\/Hoya-Salobral.jpg 310w, https:\/\/blogsaverroes.juntadeandalucia.es\/ceperlapastira\/files\/2024\/12\/Hoya-Salobral-300x158.jpg 300w\" sizes=\"(max-width: 234px) 100vw, 234px\" \/><\/p>\n<p>El municipio cuenta con dos n\u00facleos de poblaci\u00f3n: Noalejo y Hoya del Salobral. \u00c9ste se encuentra ubicado en la Comarca de Sierra M\u00e1gina en la &nbsp;zona de la Sierra Sur de Ja\u00e9n, en el eje de comunicaci\u00f3n Bail\u00e9n-Motril,(N-323), distando de la capital entre 50 y 80 Kms. respectivamente.<br \/>\nLos niveles de renta suelen ser bajos, sustent\u00e1ndose la mayor\u00eda de las familias de los subsidios (PER, desempleo&#8230;) y de los trabajos temporeros: campa\u00f1as agr\u00edcolas de la uva, saliendo a Castilla la Mancha y a Francia y de la aceituna en la misma localidad, en la provincia o en provincias lim\u00edtrofes; y de contratos eventuales.<br \/>\nExiste una baja cualificaci\u00f3n profesional de los miembros adultos de este municipio (peones, braceros, obreros&#8230;). En este aspecto la situaci\u00f3n dela mujer es peor, si cabe, puesto que la gran mayor\u00eda no tiene una cualificaci\u00f3n, dedic\u00e1ndose a cuidar de su familia y de sus mayores teniendo como \u00fanica posibilidad de acceso laboral el PER y las campa\u00f1as agr\u00edcolas temporeras.<\/p>\n","protected":false},"excerpt":{"rendered":"<p>&nbsp; &nbsp; &nbsp; &nbsp; &nbsp; &nbsp; &nbsp; &nbsp; &nbsp; &nbsp; &nbsp;&nbsp; &nbsp; &nbsp; &nbsp; &nbsp; El municipio cuenta con dos n\u00facleos de poblaci\u00f3n: Noalejo y Hoya del Salobral. \u00c9ste se encuentra ubicado en la&#46;&#46;&#46;<\/p>\n","protected":false},"author":11889,"featured_media":0,"parent":0,"menu_order":0,"comment_status":"closed","ping_status":"closed","template":"","meta":{"ngg_post_thumbnail":0,"footnotes":""},"aioseo_notices":[],"_links":{"self":[{"href":"https:\/\/blogsaverroes.juntadeandalucia.es\/ceperlapastira\/wp-json\/wp\/v2\/pages\/393"}],"collection":[{"href":"https:\/\/blogsaverroes.juntadeandalucia.es\/ceperlapastira\/wp-json\/wp\/v2\/pages"}],"about":[{"href":"https:\/\/blogsaverroes.juntadeandalucia.es\/ceperlapastira\/wp-json\/wp\/v2\/types\/page"}],"author":[{"embeddable":true,"href":"https:\/\/blogsaverroes.juntadeandalucia.es\/ceperlapastira\/wp-json\/wp\/v2\/users\/11889"}],"replies":[{"embeddable":true,"href":"https:\/\/blogsaverroes.juntadeandalucia.es\/ceperlapastira\/wp-json\/wp\/v2\/comments?post=393"}],"version-history":[{"count":3,"href":"https:\/\/blogsaverroes.juntadeandalucia.es\/ceperlapastira\/wp-json\/wp\/v2\/pages\/393\/revisions"}],"predecessor-version":[{"id":456,"href":"https:\/\/blogsaverroes.juntadeandalucia.es\/ceperlapastira\/wp-json\/wp\/v2\/pages\/393\/revisions\/456"}],"wp:attachment":[{"href":"https:\/\/blogsaverroes.juntadeandalucia.es\/ceperlapastira\/wp-json\/wp\/v2\/media?parent=393"}],"curies":[{"name":"wp","href":"https:\/\/api.w.org\/{rel}","templated":true}]}}