{"id":295,"date":"2020-01-23T11:42:26","date_gmt":"2020-01-23T10:42:26","guid":{"rendered":"http:\/\/blogsaverroes.juntadeandalucia.es\/pre\/nuevoiesv2\/?page_id=295"},"modified":"2022-06-16T22:21:00","modified_gmt":"2022-06-16T20:21:00","slug":"nuestra-historia","status":"publish","type":"page","link":"https:\/\/blogsaverroes.juntadeandalucia.es\/ceperlosmontesysecciones\/nuestra-historia\/","title":{"rendered":"Nuestra Historia"},"content":{"rendered":"<p>[et_pb_section fb_built=&#8221;1&#8243; _builder_version=&#8221;3.22&#8243; global_colors_info=&#8221;{}&#8221;][et_pb_row _builder_version=&#8221;3.25&#8243; background_size=&#8221;initial&#8221; background_position=&#8221;top_left&#8221; background_repeat=&#8221;repeat&#8221; global_colors_info=&#8221;{}&#8221;][et_pb_column type=&#8221;4_4&#8243; _builder_version=&#8221;3.25&#8243; custom_padding=&#8221;|||&#8221; global_colors_info=&#8221;{}&#8221; custom_padding__hover=&#8221;|||&#8221;][et_pb_gallery gallery_ids=&#8221;688,689,690&#8243; _builder_version=&#8221;4.14.5&#8243; _module_preset=&#8221;default&#8221; global_colors_info=&#8221;{}&#8221;][\/et_pb_gallery][et_pb_text _builder_version=&#8221;3.27.4&#8243; background_size=&#8221;initial&#8221; background_position=&#8221;top_left&#8221; background_repeat=&#8221;repeat&#8221; global_colors_info=&#8221;{}&#8221;]El Centro de Educaci\u00f3n Permanente &#8220;Los Montes&#8221; y sus Secciones tiene como objetivo dar una segunda oportunidad educativa a todas esas personas que, por diferentes motivos, no pudieron disfrutarla en su momento.<\/p>\n<p>Es la v\u00eda m\u00e1s adecuada para obtener un t\u00edtulo oficial (idiomas, secundaria&#8230;.) acceder a otros estudios (universidad, cursos de acreditaci\u00f3n de competencias\u2026.) o simplemente saciar la necesidad de adquirir nuevos conocimientos.<\/p>\n<p>Entre todos conseguiremos alcanzar nuestros objetivos.<\/p>\n<p><b>\u00a1Ven y participa!<\/b><\/p>\n<p>&nbsp;<br \/>\n[\/et_pb_text][\/et_pb_column][\/et_pb_row][\/et_pb_section]<\/p>\n","protected":false},"excerpt":{"rendered":"<p>El Centro de Educaci\u00f3n Permanente &#8220;Los Montes&#8221; y sus Secciones tiene como objetivo dar una segunda oportunidad educativa a todas esas personas que, por diferentes motivos, no pudieron disfrutarla en su momento. Es la v\u00eda m\u00e1s adecuada para obtener un t\u00edtulo oficial (idiomas, secundaria&#8230;.) acceder a otros estudios (universidad, cursos de acreditaci\u00f3n de competencias\u2026.) o [&hellip;]<\/p>\n","protected":false},"author":8200,"featured_media":0,"parent":0,"menu_order":0,"comment_status":"closed","ping_status":"closed","template":"","meta":{"_et_pb_use_builder":"on","_et_pb_old_content":"<p>El Centro de Educaci\u00f3n Permanente \"Los Montes\" y sus Secciones tiene como objetivo dar una segunda oportunidad educativa a todas esas personas que, por diferentes motivos, no pudieron disfrutarla en su momento.<\/p><p>Es la v\u00eda m\u00e1s adecuada para obtener un t\u00edtulo oficial (idiomas, secundaria....) acceder a otros estudios (universidad, cursos de acreditaci\u00f3n de competencias\u2026.) o simplemente saciar la necesidad de adquirir nuevos conocimientos.<\/p><p>Entre todos conseguiremos alcanzar nuestros objetivos.<\/p><p><b>\u00a1Ven y participa!<\/b><\/p><p>\u00a0<\/p>","_et_gb_content_width":"","ngg_post_thumbnail":0,"footnotes":""},"aioseo_notices":[],"_links":{"self":[{"href":"https:\/\/blogsaverroes.juntadeandalucia.es\/ceperlosmontesysecciones\/wp-json\/wp\/v2\/pages\/295"}],"collection":[{"href":"https:\/\/blogsaverroes.juntadeandalucia.es\/ceperlosmontesysecciones\/wp-json\/wp\/v2\/pages"}],"about":[{"href":"https:\/\/blogsaverroes.juntadeandalucia.es\/ceperlosmontesysecciones\/wp-json\/wp\/v2\/types\/page"}],"author":[{"embeddable":true,"href":"https:\/\/blogsaverroes.juntadeandalucia.es\/ceperlosmontesysecciones\/wp-json\/wp\/v2\/users\/8200"}],"replies":[{"embeddable":true,"href":"https:\/\/blogsaverroes.juntadeandalucia.es\/ceperlosmontesysecciones\/wp-json\/wp\/v2\/comments?post=295"}],"version-history":[{"count":6,"href":"https:\/\/blogsaverroes.juntadeandalucia.es\/ceperlosmontesysecciones\/wp-json\/wp\/v2\/pages\/295\/revisions"}],"predecessor-version":[{"id":694,"href":"https:\/\/blogsaverroes.juntadeandalucia.es\/ceperlosmontesysecciones\/wp-json\/wp\/v2\/pages\/295\/revisions\/694"}],"wp:attachment":[{"href":"https:\/\/blogsaverroes.juntadeandalucia.es\/ceperlosmontesysecciones\/wp-json\/wp\/v2\/media?parent=295"}],"curies":[{"name":"wp","href":"https:\/\/api.w.org\/{rel}","templated":true}]}}