{"id":503,"date":"2021-07-16T20:26:18","date_gmt":"2021-07-16T18:26:18","guid":{"rendered":"https:\/\/blogsaverroes.juntadeandalucia.es\/ceperlosmontesysecciones\/?page_id=503"},"modified":"2022-06-16T22:04:14","modified_gmt":"2022-06-16T20:04:14","slug":"tae-eoi","status":"publish","type":"page","link":"https:\/\/blogsaverroes.juntadeandalucia.es\/ceperlosmontesysecciones\/tae-eoi\/","title":{"rendered":"Tutor\u00eda de Apoyo al Estudio Nivel B\u00e1sico de Idiomas"},"content":{"rendered":"<p>[et_pb_section fb_built=&#8221;1&#8243; _builder_version=&#8221;3.22&#8243; global_colors_info=&#8221;{}&#8221;][et_pb_row _builder_version=&#8221;3.25&#8243; background_size=&#8221;initial&#8221; background_position=&#8221;top_left&#8221; background_repeat=&#8221;repeat&#8221; global_colors_info=&#8221;{}&#8221;][et_pb_column type=&#8221;4_4&#8243; _builder_version=&#8221;3.25&#8243; custom_padding=&#8221;|||&#8221; global_colors_info=&#8221;{}&#8221; custom_padding__hover=&#8221;|||&#8221;][et_pb_image _builder_version=&#8221;4.14.5&#8243; _module_preset=&#8221;default&#8221; hover_enabled=&#8221;0&#8243; sticky_enabled=&#8221;0&#8243;][\/et_pb_image][et_pb_text _builder_version=&#8221;4.14.5&#8243; background_size=&#8221;initial&#8221; background_position=&#8221;top_left&#8221; background_repeat=&#8221;repeat&#8221; hover_enabled=&#8221;0&#8243; global_colors_info=&#8221;{}&#8221; sticky_enabled=&#8221;0&#8243;]<\/p>\n<p style=\"text-align: justify\">Se trata de una modalidad semipresencial para obtener el T\u00edtulo de Educaci\u00f3n Secundaria Obligatoria, que combina clases presenciales de asistencia obligatoria con otras de manera telem\u00e1tica.<br \/>Esta modalidad tiene doble matr\u00edcula, una en un Centro o Secci\u00f3n de Educaci\u00f3n Permanente perteneciente al CEPER \u201cLos Montes\u201d y otra en el IES Pedro Antonio de Alarc\u00f3n de Guadix.<br \/>En las aulas del CEPER y sus Secciones ser\u00e1s atendido por los maestros y maestras del mismo (Tutores\/as TAE) y el profesorado del IES te atender\u00e1 de manera telem\u00e1tica.<\/p>\n<p>[\/et_pb_text][\/et_pb_column][\/et_pb_row][\/et_pb_section]<\/p>\n","protected":false},"excerpt":{"rendered":"<p>Se trata de una modalidad semipresencial para obtener el T\u00edtulo de Educaci\u00f3n Secundaria Obligatoria, que combina clases presenciales de asistencia obligatoria con otras de manera telem\u00e1tica.Esta modalidad tiene doble matr\u00edcula, una en un Centro o Secci\u00f3n de Educaci\u00f3n Permanente perteneciente al CEPER \u201cLos Montes\u201d y otra en el IES Pedro Antonio de Alarc\u00f3n de Guadix.En [&hellip;]<\/p>\n","protected":false},"author":8200,"featured_media":0,"parent":0,"menu_order":0,"comment_status":"closed","ping_status":"closed","template":"","meta":{"_et_pb_use_builder":"on","_et_pb_old_content":"<p style=\"text-align: justify;\">Se trata de una modalidad semipresencial para obtener el T\u00edtulo de Educaci\u00f3n Secundaria Obligatoria, que combina clases presenciales de asistencia obligatoria con otras de manera telem\u00e1tica.<br>Esta modalidad tiene doble matr\u00edcula, una en un Centro o Secci\u00f3n de Educaci\u00f3n Permanente perteneciente al CEPER \u201cLos Montes\u201d y otra en el IES Pedro Antonio de Alarc\u00f3n de Guadix.<br>En las aulas del CEPER y sus Secciones ser\u00e1s atendido por los maestros y maestras del mismo (Tutores\/as TAE) y el profesorado del IES te atender\u00e1 de manera telem\u00e1tica.<\/p>","_et_gb_content_width":"","ngg_post_thumbnail":0,"footnotes":""},"aioseo_notices":[],"_links":{"self":[{"href":"https:\/\/blogsaverroes.juntadeandalucia.es\/ceperlosmontesysecciones\/wp-json\/wp\/v2\/pages\/503"}],"collection":[{"href":"https:\/\/blogsaverroes.juntadeandalucia.es\/ceperlosmontesysecciones\/wp-json\/wp\/v2\/pages"}],"about":[{"href":"https:\/\/blogsaverroes.juntadeandalucia.es\/ceperlosmontesysecciones\/wp-json\/wp\/v2\/types\/page"}],"author":[{"embeddable":true,"href":"https:\/\/blogsaverroes.juntadeandalucia.es\/ceperlosmontesysecciones\/wp-json\/wp\/v2\/users\/8200"}],"replies":[{"embeddable":true,"href":"https:\/\/blogsaverroes.juntadeandalucia.es\/ceperlosmontesysecciones\/wp-json\/wp\/v2\/comments?post=503"}],"version-history":[{"count":4,"href":"https:\/\/blogsaverroes.juntadeandalucia.es\/ceperlosmontesysecciones\/wp-json\/wp\/v2\/pages\/503\/revisions"}],"predecessor-version":[{"id":681,"href":"https:\/\/blogsaverroes.juntadeandalucia.es\/ceperlosmontesysecciones\/wp-json\/wp\/v2\/pages\/503\/revisions\/681"}],"wp:attachment":[{"href":"https:\/\/blogsaverroes.juntadeandalucia.es\/ceperlosmontesysecciones\/wp-json\/wp\/v2\/media?parent=503"}],"curies":[{"name":"wp","href":"https:\/\/api.w.org\/{rel}","templated":true}]}}